{"id":25050,"date":"2024-10-23T16:19:28","date_gmt":"2024-10-23T21:19:28","guid":{"rendered":"https:\/\/2021.allxposible.com\/tour\/?page_id=25050"},"modified":"2024-10-23T16:26:37","modified_gmt":"2024-10-23T21:26:37","slug":"celebra-el-dia-mundial-del-corazon-con-tu-mejor-aliado-el-ciclismo","status":"publish","type":"page","link":"https:\/\/2021.allxposible.com\/tour\/celebra-el-dia-mundial-del-corazon-con-tu-mejor-aliado-el-ciclismo\/","title":{"rendered":"Celebra el d\u00eda mundial del coraz\u00f3n con tu mejor aliado, el ciclismo"},"content":{"rendered":"\t\t<div data-elementor-type=\"wp-page\" data-elementor-id=\"25050\" class=\"elementor elementor-25050\" data-elementor-post-type=\"page\">\n\t\t\t\t<div data-dce-background-overlay-color=\"rgba(5, 34, 47, 0.78)\" data-dce-background-image-url=\"https:\/\/2021.allxposible.com\/tour\/wp-content\/uploads\/2024\/10\/imagen_2024-10-23_162247078.png\" class=\"elementor-element elementor-element-e4b6dfd e-con-full e-flex e-con e-parent\" data-id=\"e4b6dfd\" data-element_type=\"container\" data-settings=\"{&quot;background_background&quot;:&quot;classic&quot;}\">\n\t\t<div class=\"elementor-element elementor-element-e72b92f e-con-full e-flex e-con e-child\" data-id=\"e72b92f\" data-element_type=\"container\">\n\t\t\t\t<div class=\"elementor-element elementor-element-228dbc4 elementor-widget elementor-widget-zapedah-title\" data-id=\"228dbc4\" data-element_type=\"widget\" data-widget_type=\"zapedah-title.default\">\n\t\t\t\t<div class=\"elementor-widget-container\">\n\t\t\t<h2 class=\"content-title\">Cada pedaleo es un progreso hacia un coraz\u00f3n saludable, celebra el d\u00eda mundial del coraz\u00f3n con tu mejor aliado, el ciclismo <\/h2>\t\t<\/div>\n\t\t\t\t<\/div>\n\t\t\t\t<\/div>\n\t\t\t\t<\/div>\n\t\t<div class=\"elementor-element elementor-element-88758be e-con-full e-flex e-con e-parent\" data-id=\"88758be\" data-element_type=\"container\">\n\t\t\t\t<div class=\"elementor-element elementor-element-676fcd6 elementor-widget elementor-widget-text-editor\" data-id=\"676fcd6\" data-element_type=\"widget\" data-widget_type=\"text-editor.default\">\n\t\t\t\t<div class=\"elementor-widget-container\">\n\t\t\t\t\t\t\t<p><span style=\"font-weight: 400;\">Hola amante de la velocidad en dos ruedas, \u00a1El 29 de septiembre celebramos el <\/span><b>d\u00eda mundial del coraz\u00f3n<\/b><span style=\"font-weight: 400;\">, una fecha clave para recordar la importancia de cuidar tu motor principal: el coraz\u00f3n! \u00bfSab\u00edas que el ciclismo es una de las mejores formas de mantener tu coraz\u00f3n fuerte y saludable?\u00a0<\/span><\/p><p><img fetchpriority=\"high\" decoding=\"async\" class=\"aligncenter wp-image-25052 size-full\" src=\"https:\/\/2021.allxposible.com\/tour\/wp-content\/uploads\/2024\/10\/2-6.jpg\" alt=\"\" width=\"512\" height=\"341\" srcset=\"https:\/\/2021.allxposible.com\/tour\/wp-content\/uploads\/2024\/10\/2-6.jpg 512w, https:\/\/2021.allxposible.com\/tour\/wp-content\/uploads\/2024\/10\/2-6-300x200.jpg 300w\" sizes=\"(max-width: 512px) 100vw, 512px\" \/><\/p><p><span style=\"font-weight: 400;\">Hoy te contamos c\u00f3mo puede convertirse en tu aliado n\u00famero uno para mejorar tu capacidad cardiovascular y te damos algunos consejos para integrar esta actividad en tu vida diaria. \u00a1Prep\u00e1rate para pedalear hacia un coraz\u00f3n m\u00e1s fuerte y feliz!\u00a0<\/span><\/p><h3><b>Beneficios del ciclismo para tu coraz\u00f3n\u00a0<\/b><\/h3><p><span style=\"font-weight: 400;\">El ciclismo no solo es una actividad divertida, sino que tambi\u00e9n ofrece incre\u00edbles ventajas para tu salud cardiovascular:<\/span><\/p><ul><li><b>Mejora la circulaci\u00f3n sangu\u00ednea : <\/b><span style=\"font-weight: 400;\">Pedalear regularmente ayuda a aumentar el flujo sangu\u00edneo, lo que mejora la circulaci\u00f3n y mantiene tus arterias saludables.<\/span><\/li><li><b>Fortalece el m\u00fasculo card\u00edaco: <\/b>Al igual que cualquier otro m\u00fasculo, tu coraz\u00f3n se fortalece con el ejercicio. El ciclismo hace que tu coraz\u00f3n trabaje de manera m\u00e1s eficiente, lo que reduce el riesgo de enfermedades cardiovasculares.<\/li><li><b>Reduce la presi\u00f3n arterial: <\/b>El ciclismo es un excelente ejercicio aer\u00f3bico que puede ayudar a reducir la presi\u00f3n arterial, disminuyendo el riesgo de hipertensi\u00f3n y otros problemas relacionados.<\/li><li><b>Controla el colesterol: <\/b><span style=\"font-weight: 400;\">Esta actividad f\u00edsica favorece el equilibrio entre el colesterol bueno (HDL) y el malo (LDL), lo que protege tus arterias de posibles bloqueos.<\/span><\/li><li><b>Ayuda a controlar el peso: <\/b><span style=\"font-weight: 400;\">Mantener un peso saludable es crucial para el bienestar cardiovascular. El ciclismo quema calor\u00edas, lo que te ayuda a mantener un peso adecuado y a reducir el estr\u00e9s en tu coraz\u00f3n.<\/span><\/li><\/ul><h3><b>Consejos para integrarlo en tu rutina diaria\u00a0<\/b><\/h3><p><span style=\"font-weight: 400;\">Incorporar el ciclismo en tu vida no tiene por qu\u00e9 ser complicado. Aqu\u00ed te dejamos algunos consejos pr\u00e1cticos para empezar:<\/span><\/p><ul><li><b>Comienza poco a poco: <\/b><span style=\"font-weight: 400;\">No necesitas convertirte en profesional de la noche a la ma\u00f1ana. Empieza con paseos cortos de 20-30 minutos y ve aumentando la duraci\u00f3n y la intensidad gradualmente.<\/span><\/li><li><b>Convierte el ciclismo en un h\u00e1bito diario: <\/b>Intenta usar la bicicleta como medio de transporte para ir al trabajo o simplemente dar un paseo. Cuanto m\u00e1s lo hagas, m\u00e1s f\u00e1cil se convertir\u00e1 en parte de tu rutina.<\/li><\/ul><p>\u00a0<\/p><p><img decoding=\"async\" class=\"aligncenter wp-image-25053 size-full\" src=\"https:\/\/2021.allxposible.com\/tour\/wp-content\/uploads\/2024\/10\/2-7.jpg\" alt=\"\" width=\"512\" height=\"341\" srcset=\"https:\/\/2021.allxposible.com\/tour\/wp-content\/uploads\/2024\/10\/2-7.jpg 512w, https:\/\/2021.allxposible.com\/tour\/wp-content\/uploads\/2024\/10\/2-7-300x200.jpg 300w\" sizes=\"(max-width: 512px) 100vw, 512px\" loading=\"lazy\" \/><\/p><ul><li><b>Involucra a la familia y amigos: <\/b><span style=\"font-weight: 400;\">El ciclismo es una excelente actividad para compartir con tus seres queridos. Planifica salidas en grupo o \u00fanete a un grupo de ciclistas para hacer el ejercicio m\u00e1s divertido y social. Nuestra comunidad de Tour Colsubsidio puede ser la mejor opci\u00f3n.<\/span><\/li><li><b>Mant\u00e9n un ritmo constante: <\/b><span style=\"font-weight: 400;\">No te apresures. Pedalear a un ritmo moderado y constante es lo mejor para tu coraz\u00f3n. Escucha m\u00fasica o un p\u00f3dcast que te mantenga motivado y disfruta del paseo.<\/span><\/li><li><b>Hidr\u00e1tate y cuida tu nutrici\u00f3n: <\/b><span style=\"font-weight: 400;\">Mant\u00e9n una buena hidrataci\u00f3n y una dieta equilibrada para apoyar tu salud cardiovascular mientras pedaleas. Un snack saludable antes de tu paseo puede darte la energ\u00eda que necesitas.<\/span><\/li><\/ul><p>\u00a0<\/p><p><span style=\"font-weight: 400;\">\u00bfQu\u00e9 mejor manera de cuidar tu coraz\u00f3n que compartiendo la pasi\u00f3n por el ciclismo con otros? Te invitamos nuestra <\/span><b>comunidad de Tour Colsubsidio<\/b><span style=\"font-weight: 400;\"> y para que hagas parte de un grupo que comparte tus mismos intereses. Podr\u00e1s conectar con otros ciclistas, recibir consejos y participar en eventos que te mantendr\u00e1n motivado para cada camino que te espera.<\/span><\/p><p><span style=\"font-weight: 400;\">Esta es una se\u00f1al para que con el d\u00eda mundial del Coraz\u00f3n, des el primer paso para fortalecerte y mejorar tu salud.\u00a0<\/span><\/p><h3><span style=\"font-weight: 400;\">#D\u00edamundialdelcorazon #Beneficios #Salud #Tour #Comunidad #Colsubsidio #Ejercicio #Pedalear #Cuidar<\/span><\/h3>\t\t\t\t\t\t<\/div>\n\t\t\t\t<\/div>\n\t\t\t\t<\/div>\n\t\t\t\t<\/div>\n\t\t","protected":false},"excerpt":{"rendered":"<p>Cada pedaleo es un progreso hacia un coraz\u00f3n saludable, celebra el d\u00eda mundial del coraz\u00f3n con tu mejor aliado, el ciclismo Hola amante de la velocidad en dos ruedas, \u00a1El 29 de septiembre celebramos el d\u00eda mundial del coraz\u00f3n, una fecha clave para recordar la importancia de cuidar tu motor principal: el coraz\u00f3n! \u00bfSab\u00edas que el ciclismo es una de &hellip;<\/p>\n","protected":false},"author":5359,"featured_media":24213,"parent":0,"menu_order":0,"comment_status":"closed","ping_status":"closed","template":"blank-builder.php","meta":{"_acf_changed":false,"_monsterinsights_skip_tracking":false,"_monsterinsights_sitenote_active":false,"_monsterinsights_sitenote_note":"","_monsterinsights_sitenote_category":0,"footnotes":""},"class_list":["post-25050","page","type-page","status-publish","has-post-thumbnail","hentry"],"acf":[],"aioseo_notices":[],"_links":{"self":[{"href":"https:\/\/2021.allxposible.com\/tour\/wp-json\/wp\/v2\/pages\/25050","targetHints":{"allow":["GET"]}}],"collection":[{"href":"https:\/\/2021.allxposible.com\/tour\/wp-json\/wp\/v2\/pages"}],"about":[{"href":"https:\/\/2021.allxposible.com\/tour\/wp-json\/wp\/v2\/types\/page"}],"author":[{"embeddable":true,"href":"https:\/\/2021.allxposible.com\/tour\/wp-json\/wp\/v2\/users\/5359"}],"replies":[{"embeddable":true,"href":"https:\/\/2021.allxposible.com\/tour\/wp-json\/wp\/v2\/comments?post=25050"}],"version-history":[{"count":0,"href":"https:\/\/2021.allxposible.com\/tour\/wp-json\/wp\/v2\/pages\/25050\/revisions"}],"wp:featuredmedia":[{"embeddable":true,"href":"https:\/\/2021.allxposible.com\/tour\/wp-json\/wp\/v2\/media\/24213"}],"wp:attachment":[{"href":"https:\/\/2021.allxposible.com\/tour\/wp-json\/wp\/v2\/media?parent=25050"}],"curies":[{"name":"wp","href":"https:\/\/api.w.org\/{rel}","templated":true}]}}