{"id":25027,"date":"2024-10-23T14:39:35","date_gmt":"2024-10-23T19:39:35","guid":{"rendered":"https:\/\/2021.allxposible.com\/tour\/?page_id=25027"},"modified":"2024-10-23T14:45:17","modified_gmt":"2024-10-23T19:45:17","slug":"ciclismo-sostenibilidad-mejores-aliados","status":"publish","type":"page","link":"https:\/\/2021.allxposible.com\/tour\/ciclismo-sostenibilidad-mejores-aliados\/","title":{"rendered":"Ciclismo y sostenibilidad, los mejores aliados que puedes encontrar"},"content":{"rendered":"\t\t<div data-elementor-type=\"wp-page\" data-elementor-id=\"25027\" class=\"elementor elementor-25027\" data-elementor-post-type=\"page\">\n\t\t\t\t<div data-dce-background-overlay-color=\"rgba(5, 34, 47, 0.78)\" data-dce-background-image-url=\"https:\/\/2021.allxposible.com\/tour\/wp-content\/uploads\/2024\/10\/green-leaf-human-hand-bicycle-leaf-ecology-concept-no-car-day-scaled.jpg\" class=\"elementor-element elementor-element-e4b6dfd e-con-full e-flex e-con e-parent\" data-id=\"e4b6dfd\" data-element_type=\"container\" data-settings=\"{&quot;background_background&quot;:&quot;classic&quot;}\">\n\t\t<div class=\"elementor-element elementor-element-e72b92f e-con-full e-flex e-con e-child\" data-id=\"e72b92f\" data-element_type=\"container\">\n\t\t\t\t<div class=\"elementor-element elementor-element-228dbc4 elementor-widget elementor-widget-zapedah-title\" data-id=\"228dbc4\" data-element_type=\"widget\" data-widget_type=\"zapedah-title.default\">\n\t\t\t\t<div class=\"elementor-widget-container\">\n\t\t\t<h2 class=\"content-title\">Ciclismo y sostenibilidad, los mejores aliados que puedes encontrar<\/h2>\t\t<\/div>\n\t\t\t\t<\/div>\n\t\t\t\t<\/div>\n\t\t\t\t<\/div>\n\t\t<div class=\"elementor-element elementor-element-88758be e-con-full e-flex e-con e-parent\" data-id=\"88758be\" data-element_type=\"container\">\n\t\t\t\t<div class=\"elementor-element elementor-element-676fcd6 elementor-widget elementor-widget-text-editor\" data-id=\"676fcd6\" data-element_type=\"widget\" data-widget_type=\"text-editor.default\">\n\t\t\t\t<div class=\"elementor-widget-container\">\n\t\t\t\t\t\t\t<p><span style=\"font-weight: 400;\">\u00a1Hola, compa\u00f1ero de dos ruedas! Imagina un mundo donde cada pedalada es un acto de revoluci\u00f3n energ\u00e9tica. Uno donde moverse no solo te lleva a tu destino, sino que tambi\u00e9n contribuye a un planeta m\u00e1s limpio y a un futuro m\u00e1s brillante. En esta noticia, te invitamos a conocer c\u00f3mo una bicicleta, con solo la fuerza de tus piernas, puede transformar la forma en que entendemos la energ\u00eda y la movilidad.\u00a0<\/span><\/p><p><b>\u00a1Acomp\u00e1\u00f1anos en este viaje hacia la eficiencia energ\u00e9tica de este medio de transporte!<\/b><\/p><p><span style=\"font-weight: 400;\">Este deporte va m\u00e1s all\u00e1 de ser una actividad recreativa o un medio para mantenerse en forma, se ha convertido en un s\u00edmbolo de eficiencia energ\u00e9tica y sostenibilidad en un mundo cada vez m\u00e1s preocupado por el cambio clim\u00e1tico y el agotamiento de recursos naturales.<\/span><\/p><p><b>Ciclismo: La eficiencia en movimiento<\/b><\/p><p><span style=\"font-weight: 400;\">Es uno de los medios de transporte m\u00e1s eficientes. Al considerar la cantidad de energ\u00eda que un ciclista necesita para moverse en comparaci\u00f3n con otros medios de transporte, la bicicleta sale ganando por mucho.\u00a0<\/span><\/p><p><span style=\"font-weight: 400;\">\u00bfSab\u00edas que un ciclista promedio puede recorrer alrededor de 30 a 50 kil\u00f3metros con la energ\u00eda equivalente a una barra de granola? Esto se debe a que el esfuerzo para mover una bicicleta es m\u00ednima en comparaci\u00f3n con el combustible requerido para propulsar un autom\u00f3vil o incluso una motocicleta.<\/span><\/p><p><img fetchpriority=\"high\" decoding=\"async\" class=\"aligncenter wp-image-25028 size-full\" src=\"https:\/\/2021.allxposible.com\/tour\/wp-content\/uploads\/2024\/10\/2-3.jpg\" alt=\"\" width=\"512\" height=\"342\" srcset=\"https:\/\/2021.allxposible.com\/tour\/wp-content\/uploads\/2024\/10\/2-3.jpg 512w, https:\/\/2021.allxposible.com\/tour\/wp-content\/uploads\/2024\/10\/2-3-300x200.jpg 300w\" sizes=\"(max-width: 512px) 100vw, 512px\" \/><\/p><p><b>Comparaciones con otros medios de transporte<\/b><\/p><ol><li style=\"font-weight: 400;\" aria-level=\"1\"><b>Autom\u00f3viles<\/b><span style=\"font-weight: 400;\">: Un autom\u00f3vil convencional utiliza una cantidad significativa de energ\u00eda, no solo para moverse, sino tambi\u00e9n para transportar su propio peso (generalmente m\u00e1s de una tonelada) adem\u00e1s del conductor. Los autos el\u00e9ctricos han mejorado significativamente, pero todav\u00eda requieren una infraestructura compleja y una fuente externa para funcionar. En comparaci\u00f3n, las bicicletas utilizan la energ\u00eda humana, que es renovable y no produce emisiones contaminantes.<\/span><\/li><li style=\"font-weight: 400;\" aria-level=\"1\"><b>Motocicletas y scooters<\/b><span style=\"font-weight: 400;\">: Aunque son m\u00e1s eficientes que los autom\u00f3viles, las motocicletas y scooters siguen dependiendo de combustibles f\u00f3siles, a pesar de ser m\u00e1s ligeros que los coches, estos veh\u00edculos no se acercan a la eficiencia energ\u00e9tica del ciclismo. Las bicicletas el\u00e9ctricas, por otro lado, ofrecen una alternativa interesante, combinando el pedalear con un poco de ayuda el\u00e9ctrica para trayectos m\u00e1s largos o terrenos dif\u00edciles.<\/span><\/li><li style=\"font-weight: 400;\" aria-level=\"1\"><b>Transporte p\u00fablico<\/b><span style=\"font-weight: 400;\">: El transporte p\u00fablico es una opci\u00f3n eficiente y sostenible cuando se considera el transporte de muchas personas a la vez. Sin embargo, el ciclismo ofrece una flexibilidad que el transporte p\u00fablico no puede igualar. Adem\u00e1s, en distancias cortas y medias, una bicicleta puede ser m\u00e1s r\u00e1pida, especialmente en \u00e1reas urbanas congestionadas.<\/span><\/li><\/ol><p><b>Beneficios adicionales del ciclismo<\/b><\/p><p><span style=\"font-weight: 400;\">Su eficiencia no es su \u00fanico atractivo, tambi\u00e9n es beneficioso para la salud, tanto f\u00edsica como mental y puede mejorar significativamente la calidad de vida. Adem\u00e1s, las bicicletas requieren menos espacio para estacionar y no contribuyen al tr\u00e1fico urbano, lo que ayuda a reducir la congesti\u00f3n en las ciudades.<\/span><\/p><p><b>El futuro se visualiza sobre dos ruedas<\/b><\/p><p><span style=\"font-weight: 400;\">A medida que las ciudades contin\u00faan creciendo y la necesidad de soluciones de transporte sostenible se vuelve m\u00e1s urgente, el ciclismo se presenta como una alternativa viable y poderosa.<\/span><\/p><p><span style=\"font-weight: 400;\"><img decoding=\"async\" class=\"aligncenter wp-image-25029 size-full\" src=\"https:\/\/2021.allxposible.com\/tour\/wp-content\/uploads\/2024\/10\/unnamed.jpg\" alt=\"\" width=\"512\" height=\"341\" srcset=\"https:\/\/2021.allxposible.com\/tour\/wp-content\/uploads\/2024\/10\/unnamed.jpg 512w, https:\/\/2021.allxposible.com\/tour\/wp-content\/uploads\/2024\/10\/unnamed-300x200.jpg 300w\" sizes=\"(max-width: 512px) 100vw, 512px\" loading=\"lazy\" \/>\u00a0<\/span><\/p><p><span style=\"font-weight: 400;\">Si bien no todos los trayectos pueden realizarse en bicicleta, cada vez m\u00e1s puedes optar por pedalear en lugar de conducir, estar\u00e1s tomando una decisi\u00f3n que beneficia tanto a tu entorno como a ti mismo. As\u00ed que la pr\u00f3xima vez que te subas a tu bicicleta, recuerda: no solo est\u00e1s viajando, est\u00e1s impulsando un futuro m\u00e1s verde.<\/span><\/p><p><span style=\"font-weight: 400;\">Al final del d\u00eda, elegir la bicicleta no es solo una decisi\u00f3n personal, sino una contribuci\u00f3n directa al planeta.\u00a0<\/span><\/p><p><span style=\"font-weight: 400;\">Ahora que conoces su impacto positivo, \u00bfPor qu\u00e9 no hacerlo una parte regular de tu rutina diaria? Ya sea para tus desplazamientos al trabajo, para hacer ejercicio o simplemente para disfrutar de un paseo al aire libre. \u00danete a nuestra comunidad Tour Colsubsidio para que conozcas a m\u00e1s apasionados del ciclismo como t\u00fa y puedan contribuir juntos al medio ambiente.\u00a0<\/span><\/p><p><b>\u00a1Haz la prueba y siente la diferencia! Tu salud y el planeta te lo agradecer\u00e1n.<\/b><\/p><p>\u00a0<\/p><p><span style=\"font-weight: 400;\">#Planeta #Mundo #MedioAmbiente #Verde #Sostenible #Ciclismo #Deporte #Saludable #Eficiente #Eficiencia #energ\u00e9ica #Ejercicio #Salud #Transporte<\/span><\/p>\t\t\t\t\t\t<\/div>\n\t\t\t\t<\/div>\n\t\t\t\t<\/div>\n\t\t\t\t<\/div>\n\t\t","protected":false},"excerpt":{"rendered":"<p>Ciclismo y sostenibilidad, los mejores aliados que puedes encontrar \u00a1Hola, compa\u00f1ero de dos ruedas! Imagina un mundo donde cada pedalada es un acto de revoluci\u00f3n energ\u00e9tica. Uno donde moverse no solo te lleva a tu destino, sino que tambi\u00e9n contribuye a un planeta m\u00e1s limpio y a un futuro m\u00e1s brillante. En esta noticia, te invitamos a conocer c\u00f3mo una &hellip;<\/p>\n","protected":false},"author":5359,"featured_media":24213,"parent":0,"menu_order":0,"comment_status":"closed","ping_status":"closed","template":"blank-builder.php","meta":{"_acf_changed":false,"_monsterinsights_skip_tracking":false,"_monsterinsights_sitenote_active":false,"_monsterinsights_sitenote_note":"","_monsterinsights_sitenote_category":0,"footnotes":""},"class_list":["post-25027","page","type-page","status-publish","has-post-thumbnail","hentry"],"acf":[],"aioseo_notices":[],"_links":{"self":[{"href":"https:\/\/2021.allxposible.com\/tour\/wp-json\/wp\/v2\/pages\/25027","targetHints":{"allow":["GET"]}}],"collection":[{"href":"https:\/\/2021.allxposible.com\/tour\/wp-json\/wp\/v2\/pages"}],"about":[{"href":"https:\/\/2021.allxposible.com\/tour\/wp-json\/wp\/v2\/types\/page"}],"author":[{"embeddable":true,"href":"https:\/\/2021.allxposible.com\/tour\/wp-json\/wp\/v2\/users\/5359"}],"replies":[{"embeddable":true,"href":"https:\/\/2021.allxposible.com\/tour\/wp-json\/wp\/v2\/comments?post=25027"}],"version-history":[{"count":0,"href":"https:\/\/2021.allxposible.com\/tour\/wp-json\/wp\/v2\/pages\/25027\/revisions"}],"wp:featuredmedia":[{"embeddable":true,"href":"https:\/\/2021.allxposible.com\/tour\/wp-json\/wp\/v2\/media\/24213"}],"wp:attachment":[{"href":"https:\/\/2021.allxposible.com\/tour\/wp-json\/wp\/v2\/media?parent=25027"}],"curies":[{"name":"wp","href":"https:\/\/api.w.org\/{rel}","templated":true}]}}