{"id":24207,"date":"2024-09-09T06:20:43","date_gmt":"2024-09-09T11:20:43","guid":{"rendered":"https:\/\/2021.allxposible.com\/tour\/?page_id=24207"},"modified":"2024-09-09T06:26:10","modified_gmt":"2024-09-09T11:26:10","slug":"diviertete-en-grande-con-una-carrera-de-obstaculos-en-bicicleta","status":"publish","type":"page","link":"https:\/\/2021.allxposible.com\/tour\/diviertete-en-grande-con-una-carrera-de-obstaculos-en-bicicleta\/","title":{"rendered":"\u00a1Divi\u00e9rtete en grande con una carrera de obst\u00e1culos en bicicleta!"},"content":{"rendered":"\t\t<div data-elementor-type=\"wp-page\" data-elementor-id=\"24207\" class=\"elementor elementor-24207\" data-elementor-post-type=\"page\">\n\t\t\t\t<div data-dce-background-overlay-color=\"rgba(5, 34, 47, 0.78)\" data-dce-background-image-url=\"https:\/\/2021.allxposible.com\/tour\/wp-content\/uploads\/2024\/09\/portrait-indigenous-children-integrated-into-modern-life-scaled.jpg\" class=\"elementor-element elementor-element-e4b6dfd e-con-full e-flex e-con e-parent\" data-id=\"e4b6dfd\" data-element_type=\"container\" data-settings=\"{&quot;background_background&quot;:&quot;classic&quot;}\">\n\t\t<div class=\"elementor-element elementor-element-e72b92f e-con-full e-flex e-con e-child\" data-id=\"e72b92f\" data-element_type=\"container\">\n\t\t\t\t<div class=\"elementor-element elementor-element-228dbc4 elementor-widget elementor-widget-zapedah-title\" data-id=\"228dbc4\" data-element_type=\"widget\" data-widget_type=\"zapedah-title.default\">\n\t\t\t\t<div class=\"elementor-widget-container\">\n\t\t\t<h2 class=\"content-title\">\u00a1Divi\u00e9rtete en grande con una carrera de obst\u00e1culos en bicicleta! <\/h2>\t\t<\/div>\n\t\t\t\t<\/div>\n\t\t\t\t<\/div>\n\t\t\t\t<\/div>\n\t\t<div class=\"elementor-element elementor-element-88758be e-con-full e-flex e-con e-parent\" data-id=\"88758be\" data-element_type=\"container\">\n\t\t\t\t<div class=\"elementor-element elementor-element-676fcd6 elementor-widget elementor-widget-text-editor\" data-id=\"676fcd6\" data-element_type=\"widget\" data-widget_type=\"text-editor.default\">\n\t\t\t\t<div class=\"elementor-widget-container\">\n\t\t\t\t\t\t\t<p>\u00a1Hola, peque\u00f1o ciclista principiante! \ud83d\udeb4\u200d\u2640\ufe0f\u2728 \u00bfListo para una aventura superdivertida? Hoy vamos a aprender c\u00f3mo hacer una carrera de obst\u00e1culos en bicicleta para que puedas disfrutar al m\u00e1ximo con tu familia y amigos.<\/p><p><b>\u00a0\u00a1Ser\u00e1 como tener tu propio parque de diversiones!<\/b> \ud83c\udfa2\ud83c\udfe1<\/p><h4><img fetchpriority=\"high\" decoding=\"async\" class=\"aligncenter wp-image-24212 size-full\" src=\"https:\/\/2021.allxposible.com\/tour\/wp-content\/uploads\/2024\/09\/mapache.gif\" alt=\"\" width=\"498\" height=\"311\" \/><\/h4><h4><b>1: \u00a1Encuentra el lugar perfecto! \ud83c\udfde\ufe0f<\/b><\/h4><p>Primero, necesitas un lugar seguro donde puedas hacer la carrera. Puede ser tu jard\u00edn, un parque, o una calle tranquila donde no pasen muchos carros. \u00a1Aseg\u00farate de que haya suficiente espacio para montar tu bici sin problemas!<\/p><h4><b>2: Re\u00fane materiales divertidos \ud83c\udfa8\ud83c\udf88<\/b><\/h4><p>Ahora es el momento de ponerte creativo. Para hacer los obst\u00e1culos, puedes usar cosas que encuentres en casa, como conos, cajas, cuerdas, globos, o hasta pelotas. \u00a1Todo lo que sea seguro y divertido funciona! \ud83c\udf1f<\/p><h4><b>3: Dise\u00f1a tu carrera \ud83d\uddfa\ufe0f<\/b><\/h4><p>Piensa en los diferentes obst\u00e1culos que puedes crear. Aqu\u00ed tienes algunas ideas:<\/p><ul><li aria-level=\"1\"><b>Slalom<\/b>: Coloca conos o botellas en fila y pedalea entre ellos haciendo zigzag. \ud83d\udeb4\u200d\u2642\ufe0f\ud83c\udfc1<\/li><li aria-level=\"1\"><b>Puente elevado<\/b>: Usa una tabla plana para hacer un puente peque\u00f1o y pedalea despacio para cruzarlo. \ud83c\udf09<\/li><li aria-level=\"1\"><b>Cuerda baja<\/b>: Ata una cuerda baja entre dos sillas y ag\u00e1chate mientras pedaleas para pasar por debajo. \ud83c\udfaf<\/li><li aria-level=\"1\"><b>Globos en el aire<\/b>: Coloca globos a lo largo de la ruta y trata de tocarlos con la mano sin perder el equilibrio. \ud83c\udf88\u270b<\/li><li aria-level=\"1\"><b>Salto de cajas<\/b>: Coloca un par de cajas y pedalea r\u00e1pido para saltar por encima (\u00a1Con mucho cuidado!). \ud83c\udfc6<\/li><\/ul><h4><b>4: Marca la l\u00ednea de salida y meta \ud83c\udfc1<\/b><\/h4><p>No te olvides de se\u00f1alar bien d\u00f3nde empieza y termina la carrera. Puedes usar una cuerda, una l\u00ednea de tiza, o lo que tengas a mano. \u00a1Aqu\u00ed es donde comenzar\u00e1 y terminar\u00e1 la emoci\u00f3n! \ud83d\udea9<\/p><h4><b>5: \u00a1Hora de la carrera! \ud83d\udeb4\u200d\u2642\ufe0f\ud83c\udf89<\/b><\/h4><p>Invita a tus amigos o a tu familia para participar. Todos se pueden hacer en la l\u00ednea de salida, y cuando cuentes hasta tres, \u00a1La carrera comienza! \ud83d\udd52 Si quieres, puedes hacer varias rondas y ver qui\u00e9n completa la carrera en el menor tiempo posible.\u00a0<\/p><p><b>\u00a1La diversi\u00f3n est\u00e1 garantizada!<\/b><\/p><h4><b>Paso 6: Celebra con estilo \ud83c\udf89\ud83c\udfc5<\/b><\/h4><p>Al final de la carrera, todos son ganadores. Puedes hacer medallas de papel, o simplemente disfrutar de un refresco y un descanso despu\u00e9s de tanto pedalear. \u00a1La idea es divertirse juntos!<\/p><p>Crear una carrera de obst\u00e1culos en bicicleta es una forma genial de pasar tiempo con tus seres queridos, hacer ejercicio y, sobre todo, \u00a1Divirti\u00e9ndose! As\u00ed que agarra tu casco, prep\u00e1rate para la aventura y recuerda siempre ser seguro mientras juegas.<\/p><p>\u00bfCu\u00e1l ser\u00e1 tu primer obst\u00e1culo? Cu\u00e9ntanos en los comentarios\u00a0 \u00a1An\u00edmate a crear tu propia carrera y comparte la diversi\u00f3n! \ud83c\udf89\ud83d\udeb4\u200d\u2640\ufe0f Te invitamos a que seas parte de la comunidad de Aventureros Colsubsidio donde la diversi\u00f3n nunca ser\u00e1 suficiente.\u00a0<\/p><p><strong>\u00a1Te esperamos y <\/strong><b>a rodar!\ud83c\udf1f\ud83d\udeb4\u200d\u2642\ufe0f<\/b><\/p><p>#Carrera #Obstaculos #Diversi\u00f3n #Bicicletas #Amigos #Familia #Aventureros #Colsubsidio #Juego\u00a0<\/p>\t\t\t\t\t\t<\/div>\n\t\t\t\t<\/div>\n\t\t\t\t<\/div>\n\t\t\t\t<\/div>\n\t\t","protected":false},"excerpt":{"rendered":"<p>\u00a1Divi\u00e9rtete en grande con una carrera de obst\u00e1culos en bicicleta! \u00a1Hola, peque\u00f1o ciclista principiante! \ud83d\udeb4\u200d\u2640\ufe0f\u2728 \u00bfListo para una aventura superdivertida? Hoy vamos a aprender c\u00f3mo hacer una carrera de obst\u00e1culos en bicicleta para que puedas disfrutar al m\u00e1ximo con tu familia y amigos. \u00a0\u00a1Ser\u00e1 como tener tu propio parque de diversiones! \ud83c\udfa2\ud83c\udfe1 1: \u00a1Encuentra el lugar perfecto! \ud83c\udfde\ufe0f Primero, necesitas &hellip;<\/p>\n","protected":false},"author":5359,"featured_media":24213,"parent":0,"menu_order":0,"comment_status":"closed","ping_status":"closed","template":"blank-builder.php","meta":{"_acf_changed":false,"_monsterinsights_skip_tracking":false,"_monsterinsights_sitenote_active":false,"_monsterinsights_sitenote_note":"","_monsterinsights_sitenote_category":0,"footnotes":""},"class_list":["post-24207","page","type-page","status-publish","has-post-thumbnail","hentry"],"acf":[],"aioseo_notices":[],"_links":{"self":[{"href":"https:\/\/2021.allxposible.com\/tour\/wp-json\/wp\/v2\/pages\/24207","targetHints":{"allow":["GET"]}}],"collection":[{"href":"https:\/\/2021.allxposible.com\/tour\/wp-json\/wp\/v2\/pages"}],"about":[{"href":"https:\/\/2021.allxposible.com\/tour\/wp-json\/wp\/v2\/types\/page"}],"author":[{"embeddable":true,"href":"https:\/\/2021.allxposible.com\/tour\/wp-json\/wp\/v2\/users\/5359"}],"replies":[{"embeddable":true,"href":"https:\/\/2021.allxposible.com\/tour\/wp-json\/wp\/v2\/comments?post=24207"}],"version-history":[{"count":0,"href":"https:\/\/2021.allxposible.com\/tour\/wp-json\/wp\/v2\/pages\/24207\/revisions"}],"wp:featuredmedia":[{"embeddable":true,"href":"https:\/\/2021.allxposible.com\/tour\/wp-json\/wp\/v2\/media\/24213"}],"wp:attachment":[{"href":"https:\/\/2021.allxposible.com\/tour\/wp-json\/wp\/v2\/media?parent=24207"}],"curies":[{"name":"wp","href":"https:\/\/api.w.org\/{rel}","templated":true}]}}