{"id":24178,"date":"2024-09-05T12:12:13","date_gmt":"2024-09-05T17:12:13","guid":{"rendered":"https:\/\/2021.allxposible.com\/tour\/?page_id=24178"},"modified":"2024-09-09T06:25:40","modified_gmt":"2024-09-09T11:25:40","slug":"conoce-los-ciclistas-mas-influyentes-de-la-historia","status":"publish","type":"page","link":"https:\/\/2021.allxposible.com\/tour\/conoce-los-ciclistas-mas-influyentes-de-la-historia\/","title":{"rendered":"Conoce los ciclistas m\u00e1s influyentes de la historia"},"content":{"rendered":"\t\t<div data-elementor-type=\"wp-page\" data-elementor-id=\"24178\" class=\"elementor elementor-24178\" data-elementor-post-type=\"page\">\n\t\t\t\t<div data-dce-background-overlay-color=\"rgba(5, 34, 47, 0.78)\" data-dce-background-image-url=\"https:\/\/2021.allxposible.com\/tour\/wp-content\/uploads\/2024\/09\/merckxz_5.jpg\" class=\"elementor-element elementor-element-e4b6dfd e-con-full e-flex e-con e-parent\" data-id=\"e4b6dfd\" data-element_type=\"container\" data-settings=\"{&quot;background_background&quot;:&quot;classic&quot;}\">\n\t\t<div class=\"elementor-element elementor-element-e72b92f e-con-full e-flex e-con e-child\" data-id=\"e72b92f\" data-element_type=\"container\">\n\t\t\t\t<div class=\"elementor-element elementor-element-228dbc4 elementor-widget elementor-widget-zapedah-title\" data-id=\"228dbc4\" data-element_type=\"widget\" data-widget_type=\"zapedah-title.default\">\n\t\t\t\t<div class=\"elementor-widget-container\">\n\t\t\t<h2 class=\"content-title\">Conoce los ciclistas m\u00e1s influyentes de la historia <\/h2>\t\t<\/div>\n\t\t\t\t<\/div>\n\t\t\t\t<\/div>\n\t\t\t\t<\/div>\n\t\t<div class=\"elementor-element elementor-element-88758be e-con-full e-flex e-con e-parent\" data-id=\"88758be\" data-element_type=\"container\">\n\t\t\t\t<div class=\"elementor-element elementor-element-676fcd6 elementor-widget elementor-widget-text-editor\" data-id=\"676fcd6\" data-element_type=\"widget\" data-widget_type=\"text-editor.default\">\n\t\t\t\t<div class=\"elementor-widget-container\">\n\t\t\t\t\t\t\t<p>Saludos, amante de la velocidad, \u00bfSab\u00edas que el ciclismo es un deporte que ha dejado una huella imborrable en la historia? No solo por las incre\u00edbles haza\u00f1as sobre dos ruedas, sino tambi\u00e9n por los ciclistas que han inspirado a generaciones enteras. Desde carreras \u00e9picas hasta actitudes valientes y perseverantes, ellos han dejado un legado que trasciende m\u00e1s all\u00e1 de las competencias. \u00a1Acomp\u00e1\u00f1anos a descubrir qui\u00e9nes son los ciclistas m\u00e1s influyentes de la historia y c\u00f3mo han cambiado el mundo del ciclismo para siempre!\u00a0<\/p><h3><b>Eddy Merckx: &#8220;El Can\u00edbal&#8221;\u00a0<\/b><\/h3><p>Eddy Merckx es, sin duda, uno de los ciclistas m\u00e1s ic\u00f3nicos y dominantes de todos los tiempos. Apodado &#8220;El Can\u00edbal&#8221; por su insaciable deseo de ganar, Merckx acumul\u00f3 m\u00e1s de 500 victorias a lo largo de su carrera, incluyendo cinco Tours de Francia, cinco Giros de Italia, y tres Campeonatos del Mundo. Su dominio en todas las disciplinas del ciclismo y su esp\u00edritu competitivo inspiraron a una generaci\u00f3n de ciclistas a seguir sus pasos.<\/p><p><b>Influencias:<\/b> Merckx no solo inspir\u00f3 a otros ciclistas a alcanzar la grandeza, sino que tambi\u00e9n elev\u00f3 el ciclismo a un nuevo nivel de popularidad a nivel global. Su nombre es sin\u00f3nimo de excelencia en el deporte, y su legado contin\u00faa siendo una referencia para los ciclistas modernos.<\/p><h3><b>Lance Armstrong: Una historia de resiliencia\u00a0<\/b><\/h3><p>Lance Armstrong es un nombre que evoca tanto admiraci\u00f3n como controversia. Gan\u00f3 siete Tours de Francia consecutivos despu\u00e9s de vencer al c\u00e1ncer, lo que lo convirti\u00f3 en un s\u00edmbolo de lucha y resiliencia. Aunque su carrera fue empa\u00f1ada por el esc\u00e1ndalo de dopaje, no se puede negar el impacto que tuvo en el mundo del ciclismo.<\/p><p><b>Influencias:<\/b> A pesar de la controversia, Armstrong inspir\u00f3 a millones de personas a superar adversidades, especialmente a aquellos que luchan contra enfermedades graves. Su fundaci\u00f3n Livestrong contin\u00faa apoyando a personas con c\u00e1ncer, demostrando que su influencia trasciende m\u00e1s all\u00e1 del ciclismo.<\/p><p><img fetchpriority=\"high\" decoding=\"async\" class=\"aligncenter wp-image-24180 size-full\" src=\"https:\/\/2021.allxposible.com\/tour\/wp-content\/uploads\/2024\/09\/Captura-de-pantalla-2024-09-05-120818.png\" alt=\"\" width=\"423\" height=\"258\" srcset=\"https:\/\/2021.allxposible.com\/tour\/wp-content\/uploads\/2024\/09\/Captura-de-pantalla-2024-09-05-120818.png 423w, https:\/\/2021.allxposible.com\/tour\/wp-content\/uploads\/2024\/09\/Captura-de-pantalla-2024-09-05-120818-300x183.png 300w\" sizes=\"(max-width: 423px) 100vw, 423px\" \/><\/p><h3><b>Marianne Vos: La reina del ciclismo \ud83d\udeb4\u200d\u2640\ufe0f\ud83d\udc51<\/b><\/h3><p>Marianne Vos es una de las ciclistas m\u00e1s vers\u00e1tiles y exitosas de la historia. Ha dominado casi todas las disciplinas del ciclismo, desde el de ruta hasta el ciclocross y la pista. Con m\u00faltiples t\u00edtulos mundiales y medallas ol\u00edmpicas, Vos ha demostrado ser un verdadero \u00edcono mundial.<\/p><p><b>Influencias:<\/b> Ha sido un modelo a seguir para ciclistas femeninas de todo el mundo, demostrando que las mujeres pueden competir y dominar al m\u00e1s alto nivel. Su \u00e9xito ha contribuido significativamente a la visibilidad y el crecimiento de este deporte en el lado femenino.<\/p><h3><b>Fausto Coppi: El Campe\u00f3n Tr\u00e1gico\u00a0<\/b><\/h3><p>Fausto Coppi, se destaca como &#8220;Il Campionissimo&#8221; (El Campeon\u00edsimo), fue uno de los primeros grandes h\u00e9roes del ciclismo. Gan\u00f3 cinco Giros de Italia y dos Tours de Francia, y su rivalidad con Gino Bartali es una de las m\u00e1s legendarias del deporte. Coppi fue un pionero en la forma en que el ciclismo se percib\u00eda, tanto en Italia como en el mundo.<\/p><p><b>Influencias:<\/b> Coppi inspir\u00f3 a una generaci\u00f3n de ciclistas y fan\u00e1ticos, no solo por sus victorias, sino tambi\u00e9n por su tr\u00e1gica vida personal. Su historia de gloria y dolor ha dejado una marca indeleble en el ciclismo y sigue siendo un icono cultural en Italia.<\/p><h3><b>Miguel Indur\u00e1in: El Gigante de Navarra\u00a0<\/b><\/h3><p>Miguel Indur\u00e1in, el &#8220;Gigante de Navarra,&#8221; es otro de los grandes nombres en la historia del ciclismo. Fue el primer ciclista en ganar cinco Tours de Francia consecutivos, y su estilo calmado, pero implacable en las carreras le gan\u00f3 el respeto y la admiraci\u00f3n de todos.<\/p><p><b>Influencias:<\/b> Es un ejemplo de c\u00f3mo la disciplina y la constancia pueden llevar a logros extraordinarios. Su carrera inspir\u00f3 a una nueva ola de ciclistas espa\u00f1oles y estableci\u00f3 un est\u00e1ndar de excelencia en el ciclismo.<\/p><h3><b>Chris Froome: El rey de las subidas \ud83c\udfd4<\/b><\/h3><p>Es conocido por su capacidad para escalar las monta\u00f1as m\u00e1s dif\u00edciles con una determinaci\u00f3n implacable. Ha ganado cuatro Tours de Francia y es uno de los ciclistas m\u00e1s exitosos de la era moderna. Su enfoque anal\u00edtico y su habilidad para dominar en las subidas lo han hecho destacar en el pelot\u00f3n.<\/p><p><b>Influencias:<\/b> Es un claro ejemplo de fuerza, demostrando que la preparaci\u00f3n y la mentalidad estrat\u00e9gica son clave para el \u00e9xito. Ha fortalecido la popularidad del ciclismo en el Reino Unido y ha influido en la formaci\u00f3n de nuevos talentos en el deporte.<\/p><p><img decoding=\"async\" class=\"aligncenter wp-image-24181 size-full\" src=\"https:\/\/2021.allxposible.com\/tour\/wp-content\/uploads\/2024\/09\/Captura-de-pantalla-2024-09-05-120917.png\" alt=\"\" width=\"403\" height=\"268\" srcset=\"https:\/\/2021.allxposible.com\/tour\/wp-content\/uploads\/2024\/09\/Captura-de-pantalla-2024-09-05-120917.png 403w, https:\/\/2021.allxposible.com\/tour\/wp-content\/uploads\/2024\/09\/Captura-de-pantalla-2024-09-05-120917-300x200.png 300w\" sizes=\"(max-width: 403px) 100vw, 403px\" loading=\"lazy\" \/><\/p><p>Ellos no solo han dejado una marca en el mundo del ciclismo, sino que tambi\u00e9n han inspirado a millones de personas a seguir sus sue\u00f1os, a luchar contra las adversidades y a encontrar la grandeza en cada pedalada. Sus historias contin\u00faan siendo una fuente de motivaci\u00f3n para apasionados de todas las edades y niveles.<\/p><p>\u00bfCu\u00e1l de estas figuras fue la que m\u00e1s te llamo la atenci\u00f3n? \u00bfConoces a otras? Te leemos en los comentarios. Si te gustar\u00eda aprender y conocer cada vez m\u00e1s temas relacionados con esta gran disciplina, puedes hacer parte de la comunidad de Tour Colsubsidio para que est\u00e9s al tanto de datos que aportar\u00e1n en tu crecimiento como ciclista.\u00a0<\/p><p>#Figuras #Ciclistas #Comunidad #Tour #Colsubsidio #Crecimiento #Competencias #Logros #Motivaci\u00f3n #Historias<\/p>\t\t\t\t\t\t<\/div>\n\t\t\t\t<\/div>\n\t\t\t\t<\/div>\n\t\t\t\t<\/div>\n\t\t","protected":false},"excerpt":{"rendered":"<p>Conoce los ciclistas m\u00e1s influyentes de la historia Saludos, amante de la velocidad, \u00bfSab\u00edas que el ciclismo es un deporte que ha dejado una huella imborrable en la historia? No solo por las incre\u00edbles haza\u00f1as sobre dos ruedas, sino tambi\u00e9n por los ciclistas que han inspirado a generaciones enteras. Desde carreras \u00e9picas hasta actitudes valientes y perseverantes, ellos han dejado &hellip;<\/p>\n","protected":false},"author":5359,"featured_media":24182,"parent":0,"menu_order":0,"comment_status":"closed","ping_status":"closed","template":"blank-builder.php","meta":{"_acf_changed":false,"_monsterinsights_skip_tracking":false,"_monsterinsights_sitenote_active":false,"_monsterinsights_sitenote_note":"","_monsterinsights_sitenote_category":0,"footnotes":""},"class_list":["post-24178","page","type-page","status-publish","has-post-thumbnail","hentry"],"acf":[],"aioseo_notices":[],"_links":{"self":[{"href":"https:\/\/2021.allxposible.com\/tour\/wp-json\/wp\/v2\/pages\/24178","targetHints":{"allow":["GET"]}}],"collection":[{"href":"https:\/\/2021.allxposible.com\/tour\/wp-json\/wp\/v2\/pages"}],"about":[{"href":"https:\/\/2021.allxposible.com\/tour\/wp-json\/wp\/v2\/types\/page"}],"author":[{"embeddable":true,"href":"https:\/\/2021.allxposible.com\/tour\/wp-json\/wp\/v2\/users\/5359"}],"replies":[{"embeddable":true,"href":"https:\/\/2021.allxposible.com\/tour\/wp-json\/wp\/v2\/comments?post=24178"}],"version-history":[{"count":0,"href":"https:\/\/2021.allxposible.com\/tour\/wp-json\/wp\/v2\/pages\/24178\/revisions"}],"wp:featuredmedia":[{"embeddable":true,"href":"https:\/\/2021.allxposible.com\/tour\/wp-json\/wp\/v2\/media\/24182"}],"wp:attachment":[{"href":"https:\/\/2021.allxposible.com\/tour\/wp-json\/wp\/v2\/media?parent=24178"}],"curies":[{"name":"wp","href":"https:\/\/api.w.org\/{rel}","templated":true}]}}