{"id":24166,"date":"2024-09-03T09:00:38","date_gmt":"2024-09-03T14:00:38","guid":{"rendered":"https:\/\/2021.allxposible.com\/tour\/?page_id=24166"},"modified":"2024-09-09T06:26:31","modified_gmt":"2024-09-09T11:26:31","slug":"desenmascarando-los-mitos-y-realidades-mas-populares-del-ciclismo","status":"publish","type":"page","link":"https:\/\/2021.allxposible.com\/tour\/desenmascarando-los-mitos-y-realidades-mas-populares-del-ciclismo\/","title":{"rendered":"Desenmascarando los mitos y realidades m\u00e1s populares del ciclismo"},"content":{"rendered":"\t\t<div data-elementor-type=\"wp-page\" data-elementor-id=\"24166\" class=\"elementor elementor-24166\" data-elementor-post-type=\"page\">\n\t\t\t\t<div data-dce-background-overlay-color=\"rgba(5, 34, 47, 0.78)\" data-dce-background-image-url=\"https:\/\/2021.allxposible.com\/tour\/wp-content\/uploads\/2024\/09\/young-sporty-woman-riding-bicycle-park-scaled.jpg\" class=\"elementor-element elementor-element-e4b6dfd e-con-full e-flex e-con e-parent\" data-id=\"e4b6dfd\" data-element_type=\"container\" data-settings=\"{&quot;background_background&quot;:&quot;classic&quot;}\">\n\t\t<div class=\"elementor-element elementor-element-e72b92f e-con-full e-flex e-con e-child\" data-id=\"e72b92f\" data-element_type=\"container\">\n\t\t\t\t<div class=\"elementor-element elementor-element-228dbc4 elementor-widget elementor-widget-zapedah-title\" data-id=\"228dbc4\" data-element_type=\"widget\" data-widget_type=\"zapedah-title.default\">\n\t\t\t\t<div class=\"elementor-widget-container\">\n\t\t\t<h2 class=\"content-title\">Desenmascarando los mitos y realidades m\u00e1s populares del ciclismo<\/h2>\t\t<\/div>\n\t\t\t\t<\/div>\n\t\t\t\t<\/div>\n\t\t\t\t<\/div>\n\t\t<div class=\"elementor-element elementor-element-88758be e-con-full e-flex e-con e-parent\" data-id=\"88758be\" data-element_type=\"container\">\n\t\t\t\t<div class=\"elementor-element elementor-element-676fcd6 elementor-widget elementor-widget-text-editor\" data-id=\"676fcd6\" data-element_type=\"widget\" data-widget_type=\"text-editor.default\">\n\t\t\t\t<div class=\"elementor-widget-container\">\n\t\t\t\t\t\t\t<p>\u00bfC\u00f3mo vas? Ciclista de coraz\u00f3n, esperamos que todo bien. Sabemos que esta es una de las actividades m\u00e1s populares y saludables en todo el mundo. Sin embargo, como cualquier otro deporte, est\u00e1 rodeado de mitos que pueden confundirte, sobre todo si est\u00e1s empezando o incluso te pueden llegar a desmotivar. Hoy vamos a desmentir algunos de esos mitos y a revelar las realidades detr\u00e1s de ellos.<\/p><p><b>\u00a0\u00a1Prep\u00e1rate para descubrir la verdad y animarte a pedalear con m\u00e1s confianza!\u00a0<\/b><\/p><h3><b>Mito 1: \u201cEl ciclismo es solo para los j\u00f3venes\u201d\u00a0<\/b><\/h3><p><b>Realidad:<\/b> \u00a1El ciclismo es para todos! No importa la edad que tengas, siempre puedes disfrutar de un paseo en bicicleta. De hecho, es una excelente manera de mantenerse activo a cualquier edad. Pedalear fortalece los m\u00fasculos, mejora la salud cardiovascular, y es una actividad de bajo impacto, lo que significa que es suave para las articulaciones.<\/p><p><b>Tip:<\/b> Si est\u00e1s empezando, elige rutas planas y distancias cortas para ir aumentando tu resistencia poco a poco. \u00a1Nunca es tarde para disfrutarlo!<\/p><p><img fetchpriority=\"high\" decoding=\"async\" class=\"aligncenter wp-image-24168 size-full\" src=\"https:\/\/2021.allxposible.com\/tour\/wp-content\/uploads\/2024\/09\/Captura-de-pantalla-2024-09-03-090227.png\" alt=\"\" width=\"438\" height=\"291\" srcset=\"https:\/\/2021.allxposible.com\/tour\/wp-content\/uploads\/2024\/09\/Captura-de-pantalla-2024-09-03-090227.png 438w, https:\/\/2021.allxposible.com\/tour\/wp-content\/uploads\/2024\/09\/Captura-de-pantalla-2024-09-03-090227-300x199.png 300w\" sizes=\"(max-width: 438px) 100vw, 438px\" \/><\/p><h3><b>Mito 2: \u201cEl ciclismo te hace perder masa muscular\u201d\u00a0<\/b><\/h3><p><b>Realidad:<\/b> Aunque es cierto que el ciclismo se enfoca principalmente en la resistencia cardiovascular, tambi\u00e9n trabaja los m\u00fasculos, especialmente en las piernas, gl\u00fateos y core. Dependiendo de la intensidad y la frecuencia, puede ayudarte a tonificar y fortalecer estos m\u00fasculos, no a perderlos.<\/p><p><b>Tip:<\/b> Combina el ciclismo con ejercicios de fuerza para un equilibrio perfecto entre resistencia y musculatura.<\/p><h3><b>Mito 3: \u201cNecesitas una bicicleta cara para ser buen ciclista\u201d\u00a0<\/b><\/h3><p><b>Realidad:<\/b> La calidad de la bicicleta no determina lo buen ciclista que eres. Es cierto que una bicicleta de mayor gama puede ofrecerte m\u00e1s comodidad y rendimiento, pero lo m\u00e1s importante es tener una bicicleta que sea segura y adecuada para ti. Con una bicicleta bien ajustada y en buen estado, puedes disfrutar de este deporte sin gastar una fortuna.<\/p><p><b>Tip:<\/b> Lo m\u00e1s importante es que te sientas c\u00f3modo en tu bicicleta. Haz un ajuste adecuado del sill\u00edn, manubrio y pedal para evitar lesiones y mejorar tu rendimiento.<\/p><h3><b>Mito 4: \u201cEl ciclismo solo es efectivo en largas distancias\u201d\u00a0<\/b><\/h3><p><b>Realidad:<\/b> No necesitas pedalear cientos de kil\u00f3metros para obtener beneficios del ciclismo. Incluso trayectos cortos, como ir al trabajo o hacer tus vueltas, puede mejorar tu salud cardiovascular, ayudar a controlar el peso, y reducir el estr\u00e9s.\u00a0<\/p><p><b>\u00a1Cr\u00e9enos, cada kil\u00f3metro cuenta!<\/b><\/p><p><b>Tip:<\/b> Incorpora el ciclismo en tu rutina diaria, ya sea para desplazarte o simplemente para disfrutar de un paseo. \u00a1El movimiento es lo que importa!<\/p><h3><b>Mito 5: \u201cEl ciclismo es peligroso\u201d\u00a0<\/b><\/h3><p><b>Realidad:<\/b> Como cualquier actividad, el ciclismo tiene riesgos, pero estos pueden minimizarse siguiendo las normas de seguridad, usando equipo adecuado (como casco y luces), y eligiendo rutas seguras. No es peligroso si se realiza con precauci\u00f3n y responsabilidad.<\/p><p><b>Tip:<\/b> Familiar\u00edzate con las reglas de tr\u00e1fico para ciclistas y siempre mant\u00e9n una actitud defensiva en la carretera. \u00a1La seguridad es lo primero!<\/p><h3><b>Mito 6: \u201cEl ciclismo es aburrido\u201d\u00a0<\/b><\/h3><p><b>Realidad:<\/b> \u00a1Nada m\u00e1s lejos de la verdad! El ciclismo puede ser una de las actividades m\u00e1s emocionantes y vers\u00e1tiles. Puedes disfrutar de paseos solitarios para relajarte, unirte a grupos de ciclismo para socializar, o participar en eventos y competencias para desafiarte a ti mismo. La variedad de rutas y paisajes tambi\u00e9n hace que cada paseo sea \u00fanico.<\/p><p><b>Tip:<\/b> Explora nuevas rutas, prueba diferentes tipos de ciclismo (como el de monta\u00f1a o el urbano), y \u00fasalo como una oportunidad para descubrir lugares nuevos. \u00a1Nunca te aburrir\u00e1s!<\/p><p><img decoding=\"async\" class=\"aligncenter wp-image-24169 size-full\" src=\"https:\/\/2021.allxposible.com\/tour\/wp-content\/uploads\/2024\/09\/Captura-de-pantalla-2024-09-03-090257.png\" alt=\"\" width=\"433\" height=\"288\" srcset=\"https:\/\/2021.allxposible.com\/tour\/wp-content\/uploads\/2024\/09\/Captura-de-pantalla-2024-09-03-090257.png 433w, https:\/\/2021.allxposible.com\/tour\/wp-content\/uploads\/2024\/09\/Captura-de-pantalla-2024-09-03-090257-300x200.png 300w\" sizes=\"(max-width: 433px) 100vw, 433px\" loading=\"lazy\" \/><\/p><p>Desmentir estos mitos es el primer paso para disfrutar este incre\u00edble deporte sin prejuicios ni temores. Ahora que conoces las realidades, es el momento de aprovechar todos los beneficios que ofrece. Es una manera incre\u00edble de mantenerse en forma, disfrutar del aire libre, y conectar con la comunidad. \u00bfYa haces parte de la de Tour Colsubsidio? Si tu respuesta es no, \u00bfQu\u00e9 est\u00e1s esperando? All\u00ed encuentras amantes de la bici como t\u00fa con los que podr\u00e1s realizar actividades donde conocer\u00e1s nuevas rutas.\u00a0<\/p><p>As\u00ed que, \u00bfqu\u00e9 esperas? Ajusta tu casco, sube a tu bicicleta y sal a disfrutar del camino, sabiendo que est\u00e1s haciendo lo mejor para tu cuerpo y mente.\u00a0<\/p><p>#Mitos #Verdades #Bicicletas #Deporte #Desmintiendo #Comunidad #Tour #Colsubsidio #Rutas\u00a0<\/p>\t\t\t\t\t\t<\/div>\n\t\t\t\t<\/div>\n\t\t\t\t<\/div>\n\t\t\t\t<\/div>\n\t\t","protected":false},"excerpt":{"rendered":"<p>Desenmascarando los mitos y realidades m\u00e1s populares del ciclismo \u00bfC\u00f3mo vas? Ciclista de coraz\u00f3n, esperamos que todo bien. Sabemos que esta es una de las actividades m\u00e1s populares y saludables en todo el mundo. Sin embargo, como cualquier otro deporte, est\u00e1 rodeado de mitos que pueden confundirte, sobre todo si est\u00e1s empezando o incluso te pueden llegar a desmotivar. Hoy &hellip;<\/p>\n","protected":false},"author":5359,"featured_media":24170,"parent":0,"menu_order":0,"comment_status":"closed","ping_status":"closed","template":"","meta":{"_acf_changed":false,"_monsterinsights_skip_tracking":false,"_monsterinsights_sitenote_active":false,"_monsterinsights_sitenote_note":"","_monsterinsights_sitenote_category":0,"footnotes":""},"class_list":["post-24166","page","type-page","status-publish","has-post-thumbnail","hentry"],"acf":[],"aioseo_notices":[],"_links":{"self":[{"href":"https:\/\/2021.allxposible.com\/tour\/wp-json\/wp\/v2\/pages\/24166","targetHints":{"allow":["GET"]}}],"collection":[{"href":"https:\/\/2021.allxposible.com\/tour\/wp-json\/wp\/v2\/pages"}],"about":[{"href":"https:\/\/2021.allxposible.com\/tour\/wp-json\/wp\/v2\/types\/page"}],"author":[{"embeddable":true,"href":"https:\/\/2021.allxposible.com\/tour\/wp-json\/wp\/v2\/users\/5359"}],"replies":[{"embeddable":true,"href":"https:\/\/2021.allxposible.com\/tour\/wp-json\/wp\/v2\/comments?post=24166"}],"version-history":[{"count":0,"href":"https:\/\/2021.allxposible.com\/tour\/wp-json\/wp\/v2\/pages\/24166\/revisions"}],"wp:featuredmedia":[{"embeddable":true,"href":"https:\/\/2021.allxposible.com\/tour\/wp-json\/wp\/v2\/media\/24170"}],"wp:attachment":[{"href":"https:\/\/2021.allxposible.com\/tour\/wp-json\/wp\/v2\/media?parent=24166"}],"curies":[{"name":"wp","href":"https:\/\/api.w.org\/{rel}","templated":true}]}}