{"id":23978,"date":"2024-08-21T09:38:51","date_gmt":"2024-08-21T14:38:51","guid":{"rendered":"https:\/\/2021.allxposible.com\/tour\/?page_id=23978"},"modified":"2024-08-21T09:52:12","modified_gmt":"2024-08-21T14:52:12","slug":"ciclismo-familia-actividades-todas-las-edades","status":"publish","type":"page","link":"https:\/\/2021.allxposible.com\/tour\/ciclismo-familia-actividades-todas-las-edades\/","title":{"rendered":"Ciclismo y familia: Actividades para todas las edades"},"content":{"rendered":"\t\t<div data-elementor-type=\"wp-page\" data-elementor-id=\"23978\" class=\"elementor elementor-23978\" data-elementor-post-type=\"page\">\n\t\t\t\t<div data-dce-background-overlay-color=\"rgba(5, 34, 47, 0.78)\" data-dce-background-image-url=\"https:\/\/2021.allxposible.com\/tour\/wp-content\/uploads\/2024\/08\/family-bicycles-holding-hands-scaled.jpg\" class=\"elementor-element elementor-element-e4b6dfd e-con-full e-flex e-con e-parent\" data-id=\"e4b6dfd\" data-element_type=\"container\" data-settings=\"{&quot;background_background&quot;:&quot;classic&quot;}\">\n\t\t<div class=\"elementor-element elementor-element-e72b92f e-con-full e-flex e-con e-child\" data-id=\"e72b92f\" data-element_type=\"container\">\n\t\t\t\t<div class=\"elementor-element elementor-element-228dbc4 elementor-widget elementor-widget-zapedah-title\" data-id=\"228dbc4\" data-element_type=\"widget\" data-widget_type=\"zapedah-title.default\">\n\t\t\t\t<div class=\"elementor-widget-container\">\n\t\t\t<h2 class=\"content-title\">Ciclismo y familia: Actividades para todas las edades<\/h2>\t\t<\/div>\n\t\t\t\t<\/div>\n\t\t\t\t<\/div>\n\t\t\t\t<\/div>\n\t\t<div class=\"elementor-element elementor-element-88758be e-con-full e-flex e-con e-parent\" data-id=\"88758be\" data-element_type=\"container\">\n\t\t\t\t<div class=\"elementor-element elementor-element-676fcd6 elementor-widget elementor-widget-text-editor\" data-id=\"676fcd6\" data-element_type=\"widget\" data-widget_type=\"text-editor.default\">\n\t\t\t\t<div class=\"elementor-widget-container\">\n\t\t\t\t\t\t\t<p>\u00a1Hola ciclista de coraz\u00f3n! Este es un deporte maravilloso que no solo promueve la salud y el bienestar, sino que tambi\u00e9n fortalece los lazos familiares. Desde los m\u00e1s peque\u00f1os hasta los abuelos, todos pueden disfrutar de la magia de montar en bicicleta juntos. Existen diversas actividades de ciclismo que puedes hacer en familia, adaptadas para todas las edades y niveles de habilidad.<\/p><h3><b>1. Paseos recreativos en el parque<\/b><\/h3><h4><b>Para los m\u00e1s peque\u00f1os (2-5 a\u00f1os)<\/b><\/h4><p>Los paseos en bicicleta por el parque son ideales para los m\u00e1s peque\u00f1os que est\u00e1n aprendiendo a pedalear. Con bicicletas de equilibrio o con rueditas de entrenamiento, los ni\u00f1os pueden disfrutar de un entorno seguro y controlado. Los puedes acompa\u00f1ar caminando o en bicicleta, creando un ambiente de apoyo y diversi\u00f3n.<\/p><p><b>Consejos:<\/b><\/p><ul><li aria-level=\"1\">Elige parques con senderos amplios y lisos.<\/li><li aria-level=\"1\">Lleva un p\u00edcnic para disfrutar despu\u00e9s del paseo.<\/li><li aria-level=\"1\">No olvides los cascos y la protecci\u00f3n solar.<img fetchpriority=\"high\" decoding=\"async\" class=\"aligncenter wp-image-23989 size-full\" src=\"https:\/\/2021.allxposible.com\/tour\/wp-content\/uploads\/2024\/08\/Captura-de-pantalla-2024-08-21-093518.png\" alt=\"\" width=\"647\" height=\"429\" srcset=\"https:\/\/2021.allxposible.com\/tour\/wp-content\/uploads\/2024\/08\/Captura-de-pantalla-2024-08-21-093518.png 647w, https:\/\/2021.allxposible.com\/tour\/wp-content\/uploads\/2024\/08\/Captura-de-pantalla-2024-08-21-093518-300x199.png 300w\" sizes=\"(max-width: 647px) 100vw, 647px\" \/><\/li><\/ul><h3><b>2. Rutas cicl\u00edsticas familiares<\/b><\/h3><h4><b>Para ni\u00f1os y adolescentes (6-15 a\u00f1os)<\/b><\/h4><p>Las rutas cicl\u00edsticas familiares son perfectas para los ni\u00f1os mayores y adolescentes que quieren diversi\u00f3n. Busca ciclov\u00edas o rutas locales que ofrezcan paisajes hermosos.<\/p><p><b>Consejos:<\/b><\/p><ul><li aria-level=\"1\">Planifica rutas que no sean demasiado largas para evitar el cansancio.<\/li><li aria-level=\"1\">Lleva agua y snacks saludables.<\/li><li aria-level=\"1\">Haz paradas frecuentes para conocer lugares y descansar.<\/li><\/ul><h3><b>3. Carreras y juegos en bicicleta<\/b><\/h3><h4><b>Para toda la familia<\/b><\/h4><p>Organiza peque\u00f1as carreras o juegos en bicicleta en tu barrio o en un \u00e1rea segura. Los juegos pueden incluir competencias de obst\u00e1culos, relevos o simplemente carreras amistosas.<\/p><p><b>Consejos:<\/b><\/p><ul><li aria-level=\"1\">Establece reglas claras para mantener la seguridad.<\/li><li aria-level=\"1\">Premia la participaci\u00f3n con peque\u00f1os incentivos.<\/li><li aria-level=\"1\">Fomenta el esp\u00edritu deportivo y la diversi\u00f3n.<\/li><\/ul><h3><b>4. Cicloturismo familiar<\/b><\/h3><p>El cicloturismo es una excelente manera de conocer nuevas \u00e1reas y disfrutar de la naturaleza. Planifica una salida de un d\u00eda o incluso un fin de semana de cicloturismo, adaptado a las capacidades de la familia.<\/p><p><b>Consejos:<\/b><\/p><ul><li aria-level=\"1\">Investiga rutas que sean adecuadas para el nivel de habilidad de todos los miembros.<\/li><li aria-level=\"1\">Empaca equipo esencial, como kits de reparaci\u00f3n, comida, agua y ropa adecuada.<\/li><li aria-level=\"1\">Considera alquilar bicicletas el\u00e9ctricas para los miembros que necesiten un poco de ayuda adicional.<\/li><\/ul><h3><b>6. Taller de mantenimiento de bicicletas<\/b><\/h3><h4><b>Para ni\u00f1os mayores y adultos<\/b><\/h4><p>Organiza un taller en casa para ense\u00f1arles c\u00f3mo mantener y reparar sus bicicletas. Esta actividad no solo es educativa, sino que tambi\u00e9n fomenta el trabajo en equipo y el cuidado de los equipos.<\/p><p><b>Consejos:<\/b><\/p><ul><li aria-level=\"1\">Comienza con tareas sencillas, como inflar las llantas y ajustar los frenos.<\/li><li aria-level=\"1\">Usa tutoriales en l\u00ednea para guiar las lecciones.<\/li><li aria-level=\"1\">Fomenta la independencia y la confianza en sus habilidades mec\u00e1nicas.<\/li><\/ul><p>Esta no solo es una actividad vers\u00e1til y accesible que puede ser disfrutada por personas de todas las edades. Ya sea a trav\u00e9s de paseos tranquilos en el parque, emocionantes rutas cicl\u00edsticas, o aventuras de cicloturismo, hay muchas maneras de incorporar el ciclismo en la vida familiar. \u00bfQu\u00e9 est\u00e1s esperando para unirte a la comunidad de Tour Colsubsidio? Si deseas volverte un pro para todo lo que tenga que ver con el ciclismo, esta es la se\u00f1al que estabas buscando. Con estas actividades no solo promueves la salud f\u00edsica, sino que tambi\u00e9n creas recuerdos duraderos y fortaleces los lazos entre los miembros de la familia.\u00a0<\/p><p>\u00a1As\u00ed que sube a la bicicleta y comienza a pedalear con tu familia hoy mismo!<\/p><p>\u00a0<\/p><p>#Actividades #Familia #Ni\u00f1os #Adultos #Adolesentes #Tour #Colsubsidio #Comunidad #Rutas #Parque #Recuerdos<\/p>\t\t\t\t\t\t<\/div>\n\t\t\t\t<\/div>\n\t\t\t\t<\/div>\n\t\t\t\t<\/div>\n\t\t","protected":false},"excerpt":{"rendered":"<p>Ciclismo y familia: Actividades para todas las edades \u00a1Hola ciclista de coraz\u00f3n! Este es un deporte maravilloso que no solo promueve la salud y el bienestar, sino que tambi\u00e9n fortalece los lazos familiares. Desde los m\u00e1s peque\u00f1os hasta los abuelos, todos pueden disfrutar de la magia de montar en bicicleta juntos. Existen diversas actividades de ciclismo que puedes hacer en &hellip;<\/p>\n","protected":false},"author":5359,"featured_media":23990,"parent":0,"menu_order":0,"comment_status":"closed","ping_status":"closed","template":"blank-builder.php","meta":{"_acf_changed":false,"_monsterinsights_skip_tracking":false,"_monsterinsights_sitenote_active":false,"_monsterinsights_sitenote_note":"","_monsterinsights_sitenote_category":0,"footnotes":""},"class_list":["post-23978","page","type-page","status-publish","has-post-thumbnail","hentry"],"acf":[],"aioseo_notices":[],"_links":{"self":[{"href":"https:\/\/2021.allxposible.com\/tour\/wp-json\/wp\/v2\/pages\/23978","targetHints":{"allow":["GET"]}}],"collection":[{"href":"https:\/\/2021.allxposible.com\/tour\/wp-json\/wp\/v2\/pages"}],"about":[{"href":"https:\/\/2021.allxposible.com\/tour\/wp-json\/wp\/v2\/types\/page"}],"author":[{"embeddable":true,"href":"https:\/\/2021.allxposible.com\/tour\/wp-json\/wp\/v2\/users\/5359"}],"replies":[{"embeddable":true,"href":"https:\/\/2021.allxposible.com\/tour\/wp-json\/wp\/v2\/comments?post=23978"}],"version-history":[{"count":0,"href":"https:\/\/2021.allxposible.com\/tour\/wp-json\/wp\/v2\/pages\/23978\/revisions"}],"wp:featuredmedia":[{"embeddable":true,"href":"https:\/\/2021.allxposible.com\/tour\/wp-json\/wp\/v2\/media\/23990"}],"wp:attachment":[{"href":"https:\/\/2021.allxposible.com\/tour\/wp-json\/wp\/v2\/media?parent=23978"}],"curies":[{"name":"wp","href":"https:\/\/api.w.org\/{rel}","templated":true}]}}