{"id":23977,"date":"2024-08-21T09:33:30","date_gmt":"2024-08-21T14:33:30","guid":{"rendered":"https:\/\/2021.allxposible.com\/tour\/?page_id=23977"},"modified":"2024-08-21T09:50:28","modified_gmt":"2024-08-21T14:50:28","slug":"ciclismo-diferentes-culturas-mundo","status":"publish","type":"page","link":"https:\/\/2021.allxposible.com\/tour\/ciclismo-diferentes-culturas-mundo\/","title":{"rendered":"Ciclismo en diferentes culturas alrededor del mundo"},"content":{"rendered":"\t\t<div data-elementor-type=\"wp-page\" data-elementor-id=\"23977\" class=\"elementor elementor-23977\" data-elementor-post-type=\"page\">\n\t\t\t\t<div data-dce-background-overlay-color=\"rgba(5, 34, 47, 0.78)\" data-dce-background-image-url=\"https:\/\/2021.allxposible.com\/tour\/wp-content\/uploads\/2024\/08\/medium-shot-family-cycling-outdoors-scaled.jpg\" class=\"elementor-element elementor-element-e4b6dfd e-con-full e-flex e-con e-parent\" data-id=\"e4b6dfd\" data-element_type=\"container\" data-settings=\"{&quot;background_background&quot;:&quot;classic&quot;}\">\n\t\t<div class=\"elementor-element elementor-element-e72b92f e-con-full e-flex e-con e-child\" data-id=\"e72b92f\" data-element_type=\"container\">\n\t\t\t\t<div class=\"elementor-element elementor-element-228dbc4 elementor-widget elementor-widget-zapedah-title\" data-id=\"228dbc4\" data-element_type=\"widget\" data-widget_type=\"zapedah-title.default\">\n\t\t\t\t<div class=\"elementor-widget-container\">\n\t\t\t<h2 class=\"content-title\">Ciclismo en diferentes culturas alrededor del mundo<\/h2>\t\t<\/div>\n\t\t\t\t<\/div>\n\t\t\t\t<\/div>\n\t\t\t\t<\/div>\n\t\t<div class=\"elementor-element elementor-element-88758be e-con-full e-flex e-con e-parent\" data-id=\"88758be\" data-element_type=\"container\">\n\t\t\t\t<div class=\"elementor-element elementor-element-676fcd6 elementor-widget elementor-widget-text-editor\" data-id=\"676fcd6\" data-element_type=\"widget\" data-widget_type=\"text-editor.default\">\n\t\t\t\t<div class=\"elementor-widget-container\">\n\t\t\t\t\t\t\t<p>\u00a1Hola, amante de las bicis! \u00bfSab\u00edas que el ciclismo es un deporte que trasciende fronteras y une a personas de diversas culturas? Desde las bulliciosas calles de \u00c1msterdam hasta las tranquilas carreteras de Jap\u00f3n, el ciclismo se practica de maneras \u00fanicas que reflejan las particularidades de cada cultura. En este blog, ver\u00e1s c\u00f3mo el ciclismo se vive en diferentes partes del mundo y c\u00f3mo, a pesar de las diferencias culturales, esta actividad apasiona a millones de personas.<\/p><h3><b>El ciclismo en Europa<\/b><\/h3><h4><b>Pa\u00edses Bajos: El para\u00edso del ciclismo urbano<\/b><\/h4><p>En los Pa\u00edses Bajos, el ciclismo es mucho m\u00e1s que un deporte; es un estilo de vida. Con m\u00e1s bicicletas que personas, el pa\u00eds ha creado una infraestructura impresionante para los ciclistas, con carriles seguros para bici y estacionamientos para bicicletas en todas partes. La bicicleta es el principal medio de transporte para personas de todas las edades, y se ha convertido en un s\u00edmbolo de sostenibilidad y bienestar.<\/p><h4><b>Francia: La cuna del Tour de Francia<\/b><\/h4><p>Francia es famosa por su amor al ciclismo de carretera, en gran parte gracias al Tour de Francia. Las etapas monta\u00f1osas de los Alpes y los Pirineos son escenarios ic\u00f3nicos donde los ciclistas desaf\u00edan sus l\u00edmites. El ciclismo en Francia combina la pasi\u00f3n por el deporte con la apreciaci\u00f3n por los paisajes pintorescos y la rica cultura del pa\u00eds.<\/p><h3><b>Asia: Innovaci\u00f3n y tradici\u00f3n<\/b><\/h3><h4><b>China: De medio de transporte a deporte \u00e9lite<\/b><\/h4><p>En China, la bicicleta ha sido tradicionalmente el principal medio de transporte. Sin embargo, en los \u00faltimos a\u00f1os, ha habido un auge en el ciclismo como deporte de competici\u00f3n y recreativo. Las ciudades est\u00e1n invirtiendo en infraestructuras ciclistas modernas, y el ciclismo de monta\u00f1a est\u00e1 ganando popularidad en las regiones rurales y monta\u00f1osas.<\/p><h4><b>Jap\u00f3n: Disciplina y respeto en el ciclismo<\/b><\/h4><p>Jap\u00f3n combina su amor por la tecnolog\u00eda y la disciplina en la pr\u00e1ctica del ciclismo. Las ciudades japonesas son conocidas por sus ciclov\u00edas seguras y bien mantenidas. El Keirin, una forma de ciclismo de pista que comenz\u00f3 en Jap\u00f3n, es ahora un deporte ol\u00edmpico. Los japoneses valoran el respeto y la cortes\u00eda en la carretera, lo que hace que sea una experiencia ordenada y segura.<img fetchpriority=\"high\" decoding=\"async\" class=\"aligncenter wp-image-23983 size-full\" src=\"https:\/\/2021.allxposible.com\/tour\/wp-content\/uploads\/2024\/08\/Captura-de-pantalla-2024-08-21-092506.png\" alt=\"\" width=\"529\" height=\"353\" srcset=\"https:\/\/2021.allxposible.com\/tour\/wp-content\/uploads\/2024\/08\/Captura-de-pantalla-2024-08-21-092506.png 529w, https:\/\/2021.allxposible.com\/tour\/wp-content\/uploads\/2024\/08\/Captura-de-pantalla-2024-08-21-092506-300x200.png 300w\" sizes=\"(max-width: 529px) 100vw, 529px\" \/><\/p><h3><b>Am\u00e9rica: Diversidad en la pr\u00e1ctica\u00a0<\/b><\/h3><h4><b>Estados Unidos: Deporte y estilo de vida<\/b><\/h4><p>En Estados Unidos, el ciclismo se practica de m\u00faltiples maneras, desde el ciclismo urbano en ciudades como Portland y San Francisco, hasta el ciclismo de monta\u00f1a en Colorado y Utah. Los eventos de ciclismo masivo, como los tours de bicicleta por Nueva York y Los \u00c1ngeles, muestran c\u00f3mo esta puede ser una actividad deportiva como un estilo de vida.<img decoding=\"async\" class=\"aligncenter wp-image-23984 size-full\" src=\"https:\/\/2021.allxposible.com\/tour\/wp-content\/uploads\/2024\/08\/Captura-de-pantalla-2024-08-21-092620.png\" alt=\"\" width=\"485\" height=\"314\" srcset=\"https:\/\/2021.allxposible.com\/tour\/wp-content\/uploads\/2024\/08\/Captura-de-pantalla-2024-08-21-092620.png 485w, https:\/\/2021.allxposible.com\/tour\/wp-content\/uploads\/2024\/08\/Captura-de-pantalla-2024-08-21-092620-300x194.png 300w\" sizes=\"(max-width: 485px) 100vw, 485px\" loading=\"lazy\" \/><\/p><h4><b>Colombia: La tierra de los escarabajos<\/b><\/h4><p>Colombia es conocida por producir algunos de los mejores ciclistas de monta\u00f1a del mundo, apodados &#8220;escarabajos&#8221;. Las carreteras de monta\u00f1a y los climas variados ofrecen el terreno perfecto para entrenar a campeones. En Colombia es una pasi\u00f3n nacional, con eventos y competencias que atraen a miles de espectadores.<\/p><h3><b>\u00c1frica: Un deporte en crecimiento<\/b><\/h3><h4><b>Sud\u00e1frica: Exploraci\u00f3n y competencia<\/b><\/h4><p>En Sud\u00e1frica, el ciclismo est\u00e1 creciendo tanto como deporte de competici\u00f3n como actividad recreativa. La Cape Town Cycle Tour es una de las carreras m\u00e1s grandes del mundo, y el pa\u00eds cuenta con numerosos senderos y parques para el ciclismo de monta\u00f1a. Es visto como una forma de explorar el hermoso paisaje sudafricano y promover un estilo de vida activo.<\/p><p>Esta es una pasi\u00f3n universal que une a personas de todas las culturas y rincones del mundo. A pesar de las diferencias en la manera en que se practica, el amor por el ciclismo y la b\u00fasqueda de la libertad y la aventura sobre dos ruedas son constantes. Ya sea en las ciudades modernas de Europa, los paisajes monta\u00f1osos de Am\u00e9rica o las rutas rurales de Asia y \u00c1frica, sigue siendo una fuerza que une a las personas y celebra la diversidad cultural. Si no te has unido a la comunidad de Tour Colsubsidio \u00bfQu\u00e9 est\u00e1s esperando? All\u00ed encontrar\u00e1s a personas que comparten esta misma pasi\u00f3n al igual que t\u00fa y podr\u00e1s crear lazos significativos que te ayudar\u00e1n a crecer en este maravilloso deporte.\u00a0<\/p><p>#Cultura #Bicicletas #Deporte #Ciclismo #Paises #Rutas #Tour #Comunidad #Colsubsidio #Pasi\u00f3n<\/p><p>r\u00a0<\/p>\t\t\t\t\t\t<\/div>\n\t\t\t\t<\/div>\n\t\t\t\t<\/div>\n\t\t\t\t<\/div>\n\t\t","protected":false},"excerpt":{"rendered":"<p>Ciclismo en diferentes culturas alrededor del mundo \u00a1Hola, amante de las bicis! \u00bfSab\u00edas que el ciclismo es un deporte que trasciende fronteras y une a personas de diversas culturas? Desde las bulliciosas calles de \u00c1msterdam hasta las tranquilas carreteras de Jap\u00f3n, el ciclismo se practica de maneras \u00fanicas que reflejan las particularidades de cada cultura. En este blog, ver\u00e1s c\u00f3mo &hellip;<\/p>\n","protected":false},"author":5359,"featured_media":23985,"parent":0,"menu_order":0,"comment_status":"closed","ping_status":"closed","template":"blank-builder.php","meta":{"_acf_changed":false,"_monsterinsights_skip_tracking":false,"_monsterinsights_sitenote_active":false,"_monsterinsights_sitenote_note":"","_monsterinsights_sitenote_category":0,"footnotes":""},"class_list":["post-23977","page","type-page","status-publish","has-post-thumbnail","hentry"],"acf":[],"aioseo_notices":[],"_links":{"self":[{"href":"https:\/\/2021.allxposible.com\/tour\/wp-json\/wp\/v2\/pages\/23977","targetHints":{"allow":["GET"]}}],"collection":[{"href":"https:\/\/2021.allxposible.com\/tour\/wp-json\/wp\/v2\/pages"}],"about":[{"href":"https:\/\/2021.allxposible.com\/tour\/wp-json\/wp\/v2\/types\/page"}],"author":[{"embeddable":true,"href":"https:\/\/2021.allxposible.com\/tour\/wp-json\/wp\/v2\/users\/5359"}],"replies":[{"embeddable":true,"href":"https:\/\/2021.allxposible.com\/tour\/wp-json\/wp\/v2\/comments?post=23977"}],"version-history":[{"count":0,"href":"https:\/\/2021.allxposible.com\/tour\/wp-json\/wp\/v2\/pages\/23977\/revisions"}],"wp:featuredmedia":[{"embeddable":true,"href":"https:\/\/2021.allxposible.com\/tour\/wp-json\/wp\/v2\/media\/23985"}],"wp:attachment":[{"href":"https:\/\/2021.allxposible.com\/tour\/wp-json\/wp\/v2\/media?parent=23977"}],"curies":[{"name":"wp","href":"https:\/\/api.w.org\/{rel}","templated":true}]}}