{"id":23958,"date":"2024-08-16T14:47:09","date_gmt":"2024-08-16T19:47:09","guid":{"rendered":"https:\/\/2021.allxposible.com\/tour\/?page_id=23958"},"modified":"2024-08-21T09:48:36","modified_gmt":"2024-08-21T14:48:36","slug":"tour-francia-historia-curiosidades","status":"publish","type":"page","link":"https:\/\/2021.allxposible.com\/tour\/tour-francia-historia-curiosidades\/","title":{"rendered":"El Tour de Francia: Historia y curiosidades"},"content":{"rendered":"\t\t<div data-elementor-type=\"wp-page\" data-elementor-id=\"23958\" class=\"elementor elementor-23958\" data-elementor-post-type=\"page\">\n\t\t\t\t<div data-dce-background-overlay-color=\"rgba(5, 34, 47, 0.78)\" data-dce-background-image-url=\"https:\/\/2021.allxposible.com\/tour\/wp-content\/uploads\/2024\/08\/professional-cyclists-compete-front-historic-arc-de-triomphe-tour-de-france-surrounded-by-cheering-crowds-vibrant-city-life-scaled.jpg\" class=\"elementor-element elementor-element-e4b6dfd e-con-full e-flex e-con e-parent\" data-id=\"e4b6dfd\" data-element_type=\"container\" data-settings=\"{&quot;background_background&quot;:&quot;classic&quot;}\">\n\t\t<div class=\"elementor-element elementor-element-e72b92f e-con-full e-flex e-con e-child\" data-id=\"e72b92f\" data-element_type=\"container\">\n\t\t\t\t<div class=\"elementor-element elementor-element-228dbc4 elementor-widget elementor-widget-zapedah-title\" data-id=\"228dbc4\" data-element_type=\"widget\" data-widget_type=\"zapedah-title.default\">\n\t\t\t\t<div class=\"elementor-widget-container\">\n\t\t\t<h2 class=\"content-title\">El Tour de Francia: Historia y curiosidades<\/h2>\t\t<\/div>\n\t\t\t\t<\/div>\n\t\t\t\t<\/div>\n\t\t\t\t<\/div>\n\t\t<div class=\"elementor-element elementor-element-88758be e-con-full e-flex e-con e-parent\" data-id=\"88758be\" data-element_type=\"container\">\n\t\t\t\t<div class=\"elementor-element elementor-element-676fcd6 elementor-widget elementor-widget-text-editor\" data-id=\"676fcd6\" data-element_type=\"widget\" data-widget_type=\"text-editor.default\">\n\t\t\t\t<div class=\"elementor-widget-container\">\n\t\t\t\t\t\t\t<p>\u00a1Hola ciclista historiador! El Tour de Francia es mucho m\u00e1s que una carrera de bicicletas; es un evento hist\u00f3rico y cultural que captura la pasi\u00f3n de millones de personas en todo el mundo. Desde sus inicios, en 1903, ha sido s\u00edmbolo de la resistencia humana, la estrategia y la belleza del paisaje franc\u00e9s. En este blog hablaremos de la fascinante historia del Tour de Francia y revelaremos cinco curiosidades que quiz\u00e1s no conoc\u00edas sobre esta ic\u00f3nica competencia.<\/p><h3><img fetchpriority=\"high\" decoding=\"async\" class=\"aligncenter wp-image-23964 size-large\" src=\"https:\/\/2021.allxposible.com\/tour\/wp-content\/uploads\/2024\/08\/explore-how-tour-de-france-motivates-amateur-c-generative-ai-1024x683.jpg\" alt=\"\" width=\"1024\" height=\"683\" srcset=\"https:\/\/2021.allxposible.com\/tour\/wp-content\/uploads\/2024\/08\/explore-how-tour-de-france-motivates-amateur-c-generative-ai-1024x683.jpg 1024w, https:\/\/2021.allxposible.com\/tour\/wp-content\/uploads\/2024\/08\/explore-how-tour-de-france-motivates-amateur-c-generative-ai-300x200.jpg 300w, https:\/\/2021.allxposible.com\/tour\/wp-content\/uploads\/2024\/08\/explore-how-tour-de-france-motivates-amateur-c-generative-ai-768x512.jpg 768w, https:\/\/2021.allxposible.com\/tour\/wp-content\/uploads\/2024\/08\/explore-how-tour-de-france-motivates-amateur-c-generative-ai-1536x1024.jpg 1536w, https:\/\/2021.allxposible.com\/tour\/wp-content\/uploads\/2024\/08\/explore-how-tour-de-france-motivates-amateur-c-generative-ai-2048x1365.jpg 2048w\" sizes=\"(max-width: 1024px) 100vw, 1024px\" \/><\/h3><h3><b>Historia del T<\/b><b>our de Francia<\/b><\/h3><p>El Tour de Francia fue concebido como una estrategia de marketing por el peri\u00f3dico deportivo franc\u00e9s L&#8217;Auto, que buscaba aumentar sus ventas. Henri Desgrange, editor de L&#8217;Auto, y el periodista G\u00e9o Lef\u00e8vre idearon la primera edici\u00f3n en 1903. El evento fue un \u00e9xito inmediato, atrayendo tanto a ciclistas profesionales como a amateurs, y ayud\u00f3 a aumentar significativamente la circulaci\u00f3n del peri\u00f3dico.<\/p><p>La carrera original cubr\u00eda una distancia de 2,428 kil\u00f3metros, dividida en seis etapas extremadamente largas. A lo largo de los a\u00f1os, el Tour ha evolucionado, introduciendo m\u00e1s etapas, distancias m\u00e1s cortas y una variedad de terrenos, desde las llanuras hasta las monta\u00f1as m\u00e1s desafiantes de los Alpes y los Pirineos.<\/p><h3><b>Este es un top 5 de curiosidades\u00a0<\/b><\/h3><h4><b>1. El Color del maillot amarillo<\/b><\/h4><p>El famoso maillot amarillo (jersey amarillo) se introdujo en 1919 para distinguir al l\u00edder de la carrera. El color amarillo fue elegido porque coincid\u00eda con el color de las p\u00e1ginas del peri\u00f3dico L&#8217;Auto, el patrocinador original del Tour.<\/p><h4><b>2. El primer ganador<\/b><\/h4><p>El primer ganador del Tour de Francia fue Maurice Garin, un ciclista italo-franc\u00e9s, quien complet\u00f3 la carrera de 1903 en 94 horas, 33 minutos y 14 segundos. Garin tambi\u00e9n es conocido por haber ganado la edici\u00f3n de 1904, aunque posteriormente fue descalificado por irregularidades.<\/p><h4><b>3. El tour durante las guerras mundiales<\/b><\/h4><p>El Tour de Francia ha sido cancelado en dos ocasiones, durante las dos Guerras Mundiales. La carrera no se celebr\u00f3 de 1915 a 1918 ni de 1940 a 1946, lo que refleja la tensionante historia de Europa en esos periodos.<\/p><h4><b>4. Los ascensos \u00e9picos<\/b><\/h4><p>El Tour de Francia es conocido por sus etapas de monta\u00f1a, que a menudo determinan al ganador de la carrera. El Col du Tourmalet, uno de los puertos de monta\u00f1a m\u00e1s famosos, ha sido incluido en el recorrido del Tour m\u00e1s de 80 veces desde su debut en 1910.<\/p><h4><b>5. El p\u00fablico del tour<\/b><\/h4><p>El Tour de Francia atrae a m\u00e1s de 12 millones de espectadores que se alinean a lo largo de las carreteras para animar a los ciclistas. Es uno de los eventos deportivos m\u00e1s vistos del mundo, con una audiencia televisiva global de aproximadamente 3.5 mil millones de personas en m\u00e1s de 190 pa\u00edses.<\/p><p>El Tour de Francia no es solo una prueba de resistencia f\u00edsica, sino tambi\u00e9n un espect\u00e1culo de estrategia y t\u00e1ctica. Los equipos trabajan juntos para proteger a su l\u00edder, controlar el ritmo de la carrera y planificar ataques en momentos cruciales. La competencia no solo se hace en las carreteras, sino tambi\u00e9n en las mentes de los ciclistas y los directores de equipo.<\/p><p>Adem\u00e1s, ofrece una ventana a la diversidad geogr\u00e1fica y cultural de Francia. Los espectadores pueden disfrutar de vistas impresionantes de campos de lavanda, castillos medievales y las escarpadas monta\u00f1as. Cada etapa es una celebraci\u00f3n de la rica historia y el patrimonio de Francia.<\/p><p>Es un evento que ha trascendido en el deporte para convertirse en una celebraci\u00f3n cultural global. Su rica historia, llena de an\u00e9cdotas y curiosidades, refleja la pasi\u00f3n y el esfuerzo de generaciones de ciclistas. Mientras recorren los kil\u00f3metros de las carreteras francesas, no solo ves una carrera, sino una tradici\u00f3n que conecta el pasado con el presente y que seguramente continuar\u00e1 fascinando en el futuro. \u00bfQu\u00e9 opinas de esta gran historia? Te leemos en los comentarios, tambi\u00e9n eres bienvenido de hacer parte de nuestra incre\u00edble comunidad de Tour Colsubsidio donde todos compartimos esta gran pasi\u00f3n por el ciclismo.\u00a0<\/p><p>#TourdeFrancia #Ciclismo #Historia #Datos #Curiosos #Tour #Comunidad #Colsubsidio #Pasi\u00f3n #Ciclista #Carrera<\/p>\t\t\t\t\t\t<\/div>\n\t\t\t\t<\/div>\n\t\t\t\t<\/div>\n\t\t\t\t<\/div>\n\t\t","protected":false},"excerpt":{"rendered":"<p>El Tour de Francia: Historia y curiosidades \u00a1Hola ciclista historiador! El Tour de Francia es mucho m\u00e1s que una carrera de bicicletas; es un evento hist\u00f3rico y cultural que captura la pasi\u00f3n de millones de personas en todo el mundo. Desde sus inicios, en 1903, ha sido s\u00edmbolo de la resistencia humana, la estrategia y la belleza del paisaje franc\u00e9s. &hellip;<\/p>\n","protected":false},"author":5359,"featured_media":23960,"parent":0,"menu_order":0,"comment_status":"closed","ping_status":"closed","template":"blank-builder.php","meta":{"_acf_changed":false,"_monsterinsights_skip_tracking":false,"_monsterinsights_sitenote_active":false,"_monsterinsights_sitenote_note":"","_monsterinsights_sitenote_category":0,"footnotes":""},"class_list":["post-23958","page","type-page","status-publish","has-post-thumbnail","hentry"],"acf":[],"aioseo_notices":[],"_links":{"self":[{"href":"https:\/\/2021.allxposible.com\/tour\/wp-json\/wp\/v2\/pages\/23958","targetHints":{"allow":["GET"]}}],"collection":[{"href":"https:\/\/2021.allxposible.com\/tour\/wp-json\/wp\/v2\/pages"}],"about":[{"href":"https:\/\/2021.allxposible.com\/tour\/wp-json\/wp\/v2\/types\/page"}],"author":[{"embeddable":true,"href":"https:\/\/2021.allxposible.com\/tour\/wp-json\/wp\/v2\/users\/5359"}],"replies":[{"embeddable":true,"href":"https:\/\/2021.allxposible.com\/tour\/wp-json\/wp\/v2\/comments?post=23958"}],"version-history":[{"count":0,"href":"https:\/\/2021.allxposible.com\/tour\/wp-json\/wp\/v2\/pages\/23958\/revisions"}],"wp:featuredmedia":[{"embeddable":true,"href":"https:\/\/2021.allxposible.com\/tour\/wp-json\/wp\/v2\/media\/23960"}],"wp:attachment":[{"href":"https:\/\/2021.allxposible.com\/tour\/wp-json\/wp\/v2\/media?parent=23958"}],"curies":[{"name":"wp","href":"https:\/\/api.w.org\/{rel}","templated":true}]}}