{"id":23769,"date":"2024-07-22T09:00:30","date_gmt":"2024-07-22T14:00:30","guid":{"rendered":"https:\/\/2021.allxposible.com\/tour\/?page_id=23769"},"modified":"2024-07-22T11:20:13","modified_gmt":"2024-07-22T16:20:13","slug":"celebra-el-dia-mundial-del-cerebro","status":"publish","type":"page","link":"https:\/\/2021.allxposible.com\/tour\/celebra-el-dia-mundial-del-cerebro\/","title":{"rendered":"\u00a1Celebra el d\u00eda mundial del cerebro!"},"content":{"rendered":"\t\t<div data-elementor-type=\"wp-page\" data-elementor-id=\"23769\" class=\"elementor elementor-23769\" data-elementor-post-type=\"page\">\n\t\t\t\t<div data-dce-background-overlay-color=\"rgba(5, 34, 47, 0.78)\" data-dce-background-image-url=\"https:\/\/2021.allxposible.com\/tour\/wp-content\/uploads\/2024\/07\/dia-cerebro-web.webp\" class=\"elementor-element elementor-element-e4b6dfd e-con-full e-flex e-con e-parent\" data-id=\"e4b6dfd\" data-element_type=\"container\" data-settings=\"{&quot;background_background&quot;:&quot;classic&quot;}\">\n\t\t<div class=\"elementor-element elementor-element-e72b92f e-con-full e-flex e-con e-child\" data-id=\"e72b92f\" data-element_type=\"container\">\n\t\t\t\t<div class=\"elementor-element elementor-element-228dbc4 elementor-widget elementor-widget-zapedah-title\" data-id=\"228dbc4\" data-element_type=\"widget\" data-widget_type=\"zapedah-title.default\">\n\t\t\t\t<div class=\"elementor-widget-container\">\n\t\t\t<h2 class=\"content-title\">\u00a1Celebra el d\u00eda mundial del cerebro! Descubre los beneficios del ciclismo para tu mente<\/h2>\t\t<\/div>\n\t\t\t\t<\/div>\n\t\t\t\t<\/div>\n\t\t\t\t<\/div>\n\t\t<div class=\"elementor-element elementor-element-88758be e-con-full e-flex e-con e-parent\" data-id=\"88758be\" data-element_type=\"container\">\n\t\t\t\t<div class=\"elementor-element elementor-element-676fcd6 elementor-widget elementor-widget-text-editor\" data-id=\"676fcd6\" data-element_type=\"widget\" data-widget_type=\"text-editor.default\">\n\t\t\t\t<div class=\"elementor-widget-container\">\n\t\t\t\t\t\t\t<p><span style=\"font-weight: 400;\">\u00a1Hola lector apasionado por el bienestar mental y f\u00edsico! \u00bfY por qu\u00e9 no? Fan\u00e1tico de las bicis. Hoy es una fecha especial: este 22 de julio, es el d\u00eda mundial del cerebro. \u00bfQu\u00e9 mejor manera de celebrarlo que sabiendo c\u00f3mo el ciclismo puede potenciar nuestro \u00f3rgano m\u00e1s preciado?<\/span><\/p><h3><b>Beneficios del ciclismo para el cerebro<\/b><\/h3><p><span style=\"font-weight: 400;\">El ciclismo no solo es una actividad f\u00edsica, placentera y beneficiosa para el cuerpo, sino que tambi\u00e9n tiene un impacto profundamente positivo en tu salud cerebral. Aqu\u00ed te contamos algunas razones por las cuales deber\u00edas considerar pedalear m\u00e1s a menudo:<\/span><\/p><h4><b>1. Estimulaci\u00f3n cognitiva:<\/b><\/h4><p><span style=\"font-weight: 400;\">Pedalear implica coordinaci\u00f3n, equilibrio y atenci\u00f3n constante al entorno. Estos elementos desaf\u00edan y estimulan diversas \u00e1reas del cerebro, promoviendo la neuroplasticidad, que es la capacidad del cerebro para reorganizarse y adaptarse.<\/span><\/p><h4><b>2. Reducci\u00f3n del estr\u00e9s y mejora del estado de \u00e1nimo:<\/b><\/h4><p><span style=\"font-weight: 400;\">El ciclismo es una excelente manera de liberar endorfinas, las famosas hormonas de la felicidad. Al reducir el estr\u00e9s y mejorar nuestro estado de \u00e1nimo, el cerebro funciona de manera m\u00e1s eficiente y positiva.<\/span><\/p><h4><b>3. Incremento del flujo sangu\u00edneo cerebral:<\/b><\/h4><p><span style=\"font-weight: 400;\">Durante el ciclismo, el coraz\u00f3n bombea m\u00e1s sangre hacia todo el cuerpo, incluyendo el cerebro. Este aumento en el flujo sangu\u00edneo trae consigo m\u00e1s ox\u00edgeno y nutrientes a las c\u00e9lulas cerebrales, mejorando su funcionamiento.<\/span><\/p><p><img decoding=\"async\" class=\"aligncenter  wp-image-23772\" src=\"https:\/\/2021.allxposible.com\/tour\/wp-content\/uploads\/2024\/07\/dia-cerebro-1.gif\" alt=\"\" width=\"217\" height=\"183\" loading=\"lazy\" \/><\/p><h4><b>4. Mejora de la memoria y la concentraci\u00f3n:<\/b><\/h4><p><span style=\"font-weight: 400;\">Diversos estudios han demostrado que el ejercicio aer\u00f3bico regular, como el ciclismo, puede fortalecer la memoria y aumentar la capacidad de concentraci\u00f3n. Esto se debe a la producci\u00f3n de prote\u00ednas que promueven el crecimiento de las c\u00e9lulas nerviosas en el hipocampo, una regi\u00f3n clave para la memoria.<\/span><\/p><h4><b>5. Promoci\u00f3n del sue\u00f1o de calidad:<\/b><\/h4><p><span style=\"font-weight: 400;\">El ciclismo regular est\u00e1 asociado con patrones de sue\u00f1o m\u00e1s saludables y profundos. Un buen descanso es crucial para la funci\u00f3n cognitiva \u00f3ptima y el procesamiento de la informaci\u00f3n.<\/span><\/p><p><img fetchpriority=\"high\" decoding=\"async\" class=\"aligncenter size-full wp-image-23774\" src=\"https:\/\/2021.allxposible.com\/tour\/wp-content\/uploads\/2024\/07\/dia-cerebro-2.webp\" alt=\"\" width=\"580\" height=\"387\" srcset=\"https:\/\/2021.allxposible.com\/tour\/wp-content\/uploads\/2024\/07\/dia-cerebro-2.webp 580w, https:\/\/2021.allxposible.com\/tour\/wp-content\/uploads\/2024\/07\/dia-cerebro-2-300x200.webp 300w\" sizes=\"(max-width: 580px) 100vw, 580px\" \/><\/p><p><span style=\"font-weight: 400;\">Como puedes ver, este deporte va mucho m\u00e1s all\u00e1 de ser solo un ejercicio cardiovascular; es una poderosa herramienta para mantener tu cerebro en forma. Desde trabajar la memoria y la concentraci\u00f3n hasta reducir el estr\u00e9s y mejorar nuestro estado de \u00e1nimo, los beneficios son invaluables. En la comunidad de Tour Colsubsidio puedes encontrar un grupo de personas que comparten la misma pasi\u00f3n por las bicis que t\u00fa, y que mejor manera de disfrutarlo que compartiendo momentos inolvidables en las rutas que tenemos para ti. \u00a1Te esperamos!<\/span><\/p><p><span style=\"font-weight: 400;\">Este d\u00eda mundial del cerebro, considera subirte a tu bicicleta y disfrutar de los muchos regalos que esta actividad puede ofrecer a tu mente y a tu cuerpo. \u00a1Tu cerebro te lo agradecer\u00e1!<\/span><\/p><p><span style=\"font-weight: 400;\">#Bienestar #Beneficios #Crebro #Ciclismo #Tour #Comunidad #Bicicletas #Mente #Cuerpo #Rutas<\/span><\/p>\t\t\t\t\t\t<\/div>\n\t\t\t\t<\/div>\n\t\t\t\t<\/div>\n\t\t\t\t<\/div>\n\t\t","protected":false},"excerpt":{"rendered":"<p>Pedaleando hacia momentos inolvidables: C\u00f3mo planificar un viaje de cicloturismo Hola amigo ciclista, si est\u00e1s pensando en viajar con tu bici estas en el lugar correcto. El cicloturismo es una forma \u00fanica y emocionante de viajar, ofreciendo la oportunidad de explorar nuevos lugares desde una perspectiva \u00edntima y personal. Sin embargo, para que tu viaje sea un \u00e9xito, es crucial &hellip;<\/p>\n","protected":false},"author":5374,"featured_media":23771,"parent":0,"menu_order":0,"comment_status":"closed","ping_status":"closed","template":"blank-builder.php","meta":{"_acf_changed":false,"_monsterinsights_skip_tracking":false,"_monsterinsights_sitenote_active":false,"_monsterinsights_sitenote_note":"","_monsterinsights_sitenote_category":0,"footnotes":""},"class_list":["post-23769","page","type-page","status-publish","has-post-thumbnail","hentry"],"acf":[],"aioseo_notices":[],"_links":{"self":[{"href":"https:\/\/2021.allxposible.com\/tour\/wp-json\/wp\/v2\/pages\/23769","targetHints":{"allow":["GET"]}}],"collection":[{"href":"https:\/\/2021.allxposible.com\/tour\/wp-json\/wp\/v2\/pages"}],"about":[{"href":"https:\/\/2021.allxposible.com\/tour\/wp-json\/wp\/v2\/types\/page"}],"author":[{"embeddable":true,"href":"https:\/\/2021.allxposible.com\/tour\/wp-json\/wp\/v2\/users\/5374"}],"replies":[{"embeddable":true,"href":"https:\/\/2021.allxposible.com\/tour\/wp-json\/wp\/v2\/comments?post=23769"}],"version-history":[{"count":0,"href":"https:\/\/2021.allxposible.com\/tour\/wp-json\/wp\/v2\/pages\/23769\/revisions"}],"wp:featuredmedia":[{"embeddable":true,"href":"https:\/\/2021.allxposible.com\/tour\/wp-json\/wp\/v2\/media\/23771"}],"wp:attachment":[{"href":"https:\/\/2021.allxposible.com\/tour\/wp-json\/wp\/v2\/media?parent=23769"}],"curies":[{"name":"wp","href":"https:\/\/api.w.org\/{rel}","templated":true}]}}