{"id":22855,"date":"2024-06-01T09:00:54","date_gmt":"2024-06-01T14:00:54","guid":{"rendered":"https:\/\/2021.allxposible.com\/tour\/?page_id=22855"},"modified":"2024-06-04T16:22:31","modified_gmt":"2024-06-04T21:22:31","slug":"ciclismo-para-todos-consejos-para-la-inclusion-de-personas-con-discapacidad-que-quieran-montar-en-bici","status":"publish","type":"page","link":"https:\/\/2021.allxposible.com\/tour\/ciclismo-para-todos-consejos-para-la-inclusion-de-personas-con-discapacidad-que-quieran-montar-en-bici\/","title":{"rendered":"Ciclismo para todos: Consejos para la inclusi\u00f3n de personas con discapacidad que quieran montar en bici"},"content":{"rendered":"\t\t<div data-elementor-type=\"wp-page\" data-elementor-id=\"22855\" class=\"elementor elementor-22855\" data-elementor-post-type=\"page\">\n\t\t\t\t<div data-dce-background-overlay-color=\"rgba(5, 34, 47, 0.78)\" data-dce-background-image-url=\"https:\/\/2021.allxposible.com\/tour\/wp-content\/uploads\/2024\/06\/ciclismo-para-todos-web.webp\" class=\"elementor-element elementor-element-fee87a9 e-con-full e-flex e-con e-parent\" data-id=\"fee87a9\" data-element_type=\"container\" data-settings=\"{&quot;background_background&quot;:&quot;classic&quot;}\">\n\t\t<div class=\"elementor-element elementor-element-333102b e-con-full e-flex e-con e-child\" data-id=\"333102b\" data-element_type=\"container\">\n\t\t\t\t<div class=\"elementor-element elementor-element-4c30730 elementor-widget elementor-widget-zapedah-title\" data-id=\"4c30730\" data-element_type=\"widget\" data-widget_type=\"zapedah-title.default\">\n\t\t\t\t<div class=\"elementor-widget-container\">\n\t\t\t<h2 class=\"content-title\">Ciclismo para todos: Consejos para la inclusi\u00f3n de personas con discapacidad que quieran montar en bici<\/h2>\t\t<\/div>\n\t\t\t\t<\/div>\n\t\t\t\t<\/div>\n\t\t\t\t<\/div>\n\t\t<div class=\"elementor-element elementor-element-98b5c81 e-flex e-con-boxed e-con e-parent\" data-id=\"98b5c81\" data-element_type=\"container\">\n\t\t\t\t\t<div class=\"e-con-inner\">\n\t\t\t\t<div class=\"elementor-element elementor-element-6964a55 elementor-widget elementor-widget-text-editor\" data-id=\"6964a55\" data-element_type=\"widget\" data-widget_type=\"text-editor.default\">\n\t\t\t\t<div class=\"elementor-widget-container\">\n\t\t\t\t\t\t\t<p><span style=\"font-weight: 400;\">\u00a1Hey t\u00fa, ciclista de coraz\u00f3n!, que nada te impida hacer lo que amas. Bienvenido a este blog, hoy vamos a adentrarnos en c\u00f3mo el ciclismo puede ser una actividad accesible y gratificante para personas como t\u00fa, que tal vez se les complique realizar ciertas actividades, \u00a1Pero tranquilo que no es algo imposible! Descubre estos consejos \u00fatiles e importantes si deseas disfrutar del ciclismo sin importar tus capacidades f\u00edsicas.<\/span><\/p><p><span style=\"font-weight: 400;\">El ciclismo es un deporte que puede ser disfrutado por personas de todas las condiciones, incluidas aquellas con discapacidades f\u00edsicas o cognitivas. Con la tecnolog\u00eda y las adaptaciones adecuadas, se vuelve accesible para una amplia todas las personas, ofreciendo beneficios f\u00edsicos, mentales y emocionales.<\/span><\/p><p><img fetchpriority=\"high\" decoding=\"async\" class=\"aligncenter size-full wp-image-22858\" src=\"https:\/\/2021.allxposible.com\/tour\/wp-content\/uploads\/2024\/06\/ciclismo-para-todos-1.webp\" alt=\"\" width=\"580\" height=\"384\" srcset=\"https:\/\/2021.allxposible.com\/tour\/wp-content\/uploads\/2024\/06\/ciclismo-para-todos-1.webp 580w, https:\/\/2021.allxposible.com\/tour\/wp-content\/uploads\/2024\/06\/ciclismo-para-todos-1-300x199.webp 300w\" sizes=\"(max-width: 580px) 100vw, 580px\" \/><\/p><p><span style=\"color: #000000;\"><b>Estos son alguno de los consejos que te van a resultar muy \u00fatiles:<\/b><\/span><\/p><ol><li style=\"font-weight: 400;\" aria-level=\"1\"><span style=\"font-weight: 400;\">Encuentra la bicicleta adecuada: Investiga sobre bicicletas adaptadas, como handbikes o con pedales especiales, que se ajusten a tus necesidades y capacidades.<\/span><\/li><li style=\"font-weight: 400;\" aria-level=\"1\"><span style=\"font-weight: 400;\">Consulta con profesionales: Busca asesoramiento de especialistas en adaptaciones para personas con discapacidad, quienes pueden ayudarte a encontrar la mejor soluci\u00f3n para tu situaci\u00f3n particular.<\/span><\/li><li style=\"font-weight: 400;\" aria-level=\"1\"><span style=\"font-weight: 400;\">Aprende t\u00e9cnicas de manejo: Practica el equilibrio, la coordinaci\u00f3n y la seguridad en tu bicicleta adaptada antes de salir a la carretera o a senderos m\u00e1s desafiantes.<\/span><\/li><li style=\"font-weight: 400;\" aria-level=\"1\"><span style=\"font-weight: 400;\">Utiliza equipamiento de seguridad: No olvides usar casco y cualquier otro equipo de protecci\u00f3n necesario para tu tipo de ciclismo y nivel de habilidad.<\/span><\/li><li style=\"font-weight: 400;\" aria-level=\"1\"><span style=\"font-weight: 400;\">Comienza con rutas simples: Empieza con rutas cortas y sencillas para familiarizarte con tu bicicleta y ganar confianza antes de entrar en terrenos m\u00e1s dif\u00edciles.<\/span><\/li><li style=\"font-weight: 400;\" aria-level=\"1\"><span style=\"font-weight: 400;\">Escucha a tu cuerpo: Presta atenci\u00f3n a las se\u00f1ales de tu cuerpo y no te fuerces m\u00e1s all\u00e1 de tus l\u00edmites. Es importante cuidar tu salud y bienestar mientras practicas ciclismo.<\/span><\/li><li style=\"font-weight: 400;\" aria-level=\"1\"><span style=\"font-weight: 400;\">\u00danete a comunidades inclusivas: Busca grupos o clubes de ciclismo que promuevan la inclusi\u00f3n y brinden apoyo y compa\u00f1erismo a personas con discapacidad. Puedes unirte a la comunidad de Tour Colsubsidio, donde te recibiremos con los brazos abiertos para que seas un integrante m\u00e1s de esta gran familia.<\/span><\/li><li style=\"font-weight: 400;\" aria-level=\"1\"><span style=\"font-weight: 400;\">Celebra tus logros: Reconoce y celebra cada logro, ya sea grande o peque\u00f1o. Cada pedalada es un paso m\u00e1s hacia una vida activa y gratificante.<\/span><\/li><\/ol><p><span style=\"font-weight: 400;\">El ciclismo es una actividad que puede ofrecer una sensaci\u00f3n de libertad, empoderamiento y conexi\u00f3n con la naturaleza para personas con cualquier tipo de condici\u00f3n. \u00a1No esperes m\u00e1s! Esta es la se\u00f1al que necesitabas para que no te frenes a hacer lo que te gusta, la comunidad de Tour Colsubsidio puede ser una gran oportunidad para que demuestres tus capacidades. No olvides que con la adecuada preparaci\u00f3n, equipamiento y apoyo, el ciclismo puede convertirse en una parte integral de tu vida.\u00a0<\/span><\/p><p><span style=\"font-weight: 400;\">\u00a1As\u00ed que ponte en marcha y \u00fanete al emocionante viaje hacia la inclusi\u00f3n en el mundo del ciclismo!<\/span><\/p><p><span style=\"font-weight: 400;\">#Comunidad #Tour #Colsubsidio #Ciclismo #Inclusivo #Bicicletas #Discapacidad #Viajes #Aprendizajes #Libertad<\/span><\/p>\t\t\t\t\t\t<\/div>\n\t\t\t\t<\/div>\n\t\t\t\t\t<\/div>\n\t\t\t\t<\/div>\n\t\t<div data-dce-background-overlay-color=\"rgba(5, 34, 47, 0.78)\" data-dce-background-image-url=\"https:\/\/colsucomunidadestour.allxposible.com\/wp-content\/uploads\/2022\/08\/Fondo-firmafooternovedades-1200.jpg\" class=\"elementor-element elementor-element-9b99def e-flex e-con-boxed e-con e-parent\" data-id=\"9b99def\" data-element_type=\"container\" data-settings=\"{&quot;background_background&quot;:&quot;classic&quot;}\">\n\t\t\t\t\t<div class=\"e-con-inner\">\n\t\t<div class=\"elementor-element elementor-element-e00e468 e-con-full e-flex e-con e-child\" data-id=\"e00e468\" data-element_type=\"container\">\n\t\t\t\t<div class=\"elementor-element elementor-element-ae9f1ba elementor-widget elementor-widget-zapedah-title\" data-id=\"ae9f1ba\" data-element_type=\"widget\" data-widget_type=\"zapedah-title.default\">\n\t\t\t\t<div class=\"elementor-widget-container\">\n\t\t\t<h2 class=\"content-title\">\u00a1Te invitamos a  <b>unirte<\/b> a nuestra comunidad hoy!<span>.<\/span>\n\n\n<\/h2>\t\t<\/div>\n\t\t\t\t<\/div>\n\t\t\t\t<div class=\"elementor-element elementor-element-8937cd8 elementor-widget elementor-widget-text-editor\" data-id=\"8937cd8\" data-element_type=\"widget\" data-widget_type=\"text-editor.default\">\n\t\t\t\t<div class=\"elementor-widget-container\">\n\t\t\t\t\t\t\t<p><span style=\"font-weight: 400;\">No te pierdas toda la informaci\u00f3n sobre la actualidad del ciclismo nacional, internacional y nuestro contenido exclusivo.<\/span><\/p>\t\t\t\t\t\t<\/div>\n\t\t\t\t<\/div>\n\t\t\t\t<div class=\"elementor-element elementor-element-89c0c15 elementor-widget elementor-widget-zapedah-button\" data-id=\"89c0c15\" data-element_type=\"widget\" data-widget_type=\"zapedah-button.default\">\n\t\t\t\t<div class=\"elementor-widget-container\">\n\t\t\t\t\t\r\n\t\t\t<a class=\"content-btn\" href=\"#\">\r\n\r\n\t\t\t\t\r\n\t\t\t\tReg\u00edstrate aqu\u00ed\t\t\t<\/a>\r\n\r\n\t\t\r\n\t\t\t<\/div>\n\t\t\t\t<\/div>\n\t\t\t\t<\/div>\n\t\t\t\t\t<\/div>\n\t\t\t\t<\/div>\n\t\t\t\t<\/div>\n\t\t","protected":false},"excerpt":{"rendered":"<p>Ciclismo para todos: Consejos para la inclusi\u00f3n de personas con discapacidad que quieran montar en bici \u00a1Hey t\u00fa, ciclista de coraz\u00f3n!, que nada te impida hacer lo que amas. Bienvenido a este blog, hoy vamos a adentrarnos en c\u00f3mo el ciclismo puede ser una actividad accesible y gratificante para personas como t\u00fa, que tal vez se les complique realizar ciertas &hellip;<\/p>\n","protected":false},"author":5374,"featured_media":22857,"parent":0,"menu_order":0,"comment_status":"closed","ping_status":"closed","template":"blank-builder.php","meta":{"_acf_changed":false,"_monsterinsights_skip_tracking":false,"_monsterinsights_sitenote_active":false,"_monsterinsights_sitenote_note":"","_monsterinsights_sitenote_category":0,"footnotes":""},"class_list":["post-22855","page","type-page","status-publish","has-post-thumbnail","hentry"],"acf":[],"aioseo_notices":[],"_links":{"self":[{"href":"https:\/\/2021.allxposible.com\/tour\/wp-json\/wp\/v2\/pages\/22855","targetHints":{"allow":["GET"]}}],"collection":[{"href":"https:\/\/2021.allxposible.com\/tour\/wp-json\/wp\/v2\/pages"}],"about":[{"href":"https:\/\/2021.allxposible.com\/tour\/wp-json\/wp\/v2\/types\/page"}],"author":[{"embeddable":true,"href":"https:\/\/2021.allxposible.com\/tour\/wp-json\/wp\/v2\/users\/5374"}],"replies":[{"embeddable":true,"href":"https:\/\/2021.allxposible.com\/tour\/wp-json\/wp\/v2\/comments?post=22855"}],"version-history":[{"count":0,"href":"https:\/\/2021.allxposible.com\/tour\/wp-json\/wp\/v2\/pages\/22855\/revisions"}],"wp:featuredmedia":[{"embeddable":true,"href":"https:\/\/2021.allxposible.com\/tour\/wp-json\/wp\/v2\/media\/22857"}],"wp:attachment":[{"href":"https:\/\/2021.allxposible.com\/tour\/wp-json\/wp\/v2\/media?parent=22855"}],"curies":[{"name":"wp","href":"https:\/\/api.w.org\/{rel}","templated":true}]}}