{"id":22630,"date":"2024-05-28T08:12:32","date_gmt":"2024-05-28T13:12:32","guid":{"rendered":"https:\/\/2021.allxposible.com\/tour\/?page_id=22630"},"modified":"2024-05-28T15:26:48","modified_gmt":"2024-05-28T20:26:48","slug":"viaje-en-el-tiempo-de-las-bicicletas","status":"publish","type":"page","link":"https:\/\/2021.allxposible.com\/tour\/viaje-en-el-tiempo-de-las-bicicletas\/","title":{"rendered":"Viaje en el tiempo de las bicicletas"},"content":{"rendered":"\t\t<div data-elementor-type=\"wp-page\" data-elementor-id=\"22630\" class=\"elementor elementor-22630\" data-elementor-post-type=\"page\">\n\t\t\t\t\t\t<section data-dce-background-overlay-color=\"rgba(5, 34, 47, 0.78)\" data-dce-background-image-url=\"https:\/\/2021.allxposible.com\/tour\/wp-content\/uploads\/2024\/05\/viaje-en-el-tiempo-web.webp\" class=\"elementor-section elementor-top-section elementor-element elementor-element-04f82bb elementor-section-full_width elementor-section-height-default elementor-section-height-default\" data-id=\"04f82bb\" data-element_type=\"section\" data-settings=\"{&quot;background_background&quot;:&quot;classic&quot;}\">\n\t\t\t\t\t\t\t<div class=\"elementor-background-overlay\"><\/div>\n\t\t\t\t\t\t\t<div class=\"elementor-container elementor-column-gap-extended\">\n\t\t\t\t\t<div class=\"elementor-column elementor-col-100 elementor-top-column elementor-element elementor-element-0eeea5c\" data-id=\"0eeea5c\" data-element_type=\"column\">\n\t\t\t<div class=\"elementor-widget-wrap elementor-element-populated\">\n\t\t\t\t\t\t<div class=\"elementor-element elementor-element-691654c elementor-widget elementor-widget-zapedah-title\" data-id=\"691654c\" data-element_type=\"widget\" data-widget_type=\"zapedah-title.default\">\n\t\t\t\t<div class=\"elementor-widget-container\">\n\t\t\t<h1 class=\"content-title\">Pedaleando a trav\u00e9s de la historia, las bicicletas como m\u00e1quinas del tiempo\n<\/h1>\t\t<\/div>\n\t\t\t\t<\/div>\n\t\t\t\t\t<\/div>\n\t\t<\/div>\n\t\t\t\t\t<\/div>\n\t\t<\/section>\n\t\t<div class=\"elementor-element elementor-element-14cf721 e-flex e-con-boxed e-con e-parent\" data-id=\"14cf721\" data-element_type=\"container\">\n\t\t\t\t\t<div class=\"e-con-inner\">\n\t\t\t\t<div class=\"elementor-element elementor-element-3aa4af3 elementor-widget elementor-widget-text-editor\" data-id=\"3aa4af3\" data-element_type=\"widget\" data-widget_type=\"text-editor.default\">\n\t\t\t\t<div class=\"elementor-widget-container\">\n\t\t\t\t\t\t\t<p><span style=\"font-weight: 400;\">\u00bfAlguna vez te has preguntado c\u00f3mo comenz\u00f3 la fascinante historia de las bicicletas y c\u00f3mo han evolucionado a lo largo del tiempo? \u00a1Prep\u00e1rate para adentrarte en un viaje en el tiempo y descubrir la incre\u00edble evoluci\u00f3n de este maravilloso invento que ha cambiado la forma en que nos desplazamos y disfrutamos del mundo!<\/span><\/p><h2><b>Los Primeros pasos: La bicicleta de madera<\/b><\/h2><p><span style=\"font-weight: 400;\">La historia de las bicicletas empieza en el siglo XIX, cuando los inventores comenzaron a experimentar con dise\u00f1os primitivos de bicicletas. La primera &#8220;bicicleta&#8221; conocida como &#8220;Laufmaschine&#8221; o &#8220;m\u00e1quina de correr&#8221;, fue inventada por el bar\u00f3n Karl Drais en 1817. Este ingenioso invento de madera ten\u00eda dos ruedas alineadas, pero carec\u00eda de pedales y se impulsaba empujando con los pies en el suelo.<\/span><\/p><p><img fetchpriority=\"high\" decoding=\"async\" class=\"aligncenter wp-image-22632\" src=\"https:\/\/2021.allxposible.com\/tour\/wp-content\/uploads\/2024\/05\/viaje-en-el-tiempo-web-1024x683.webp\" alt=\"\" width=\"580\" height=\"387\" srcset=\"https:\/\/2021.allxposible.com\/tour\/wp-content\/uploads\/2024\/05\/viaje-en-el-tiempo-web-1024x683.webp 1024w, https:\/\/2021.allxposible.com\/tour\/wp-content\/uploads\/2024\/05\/viaje-en-el-tiempo-web-300x200.webp 300w, https:\/\/2021.allxposible.com\/tour\/wp-content\/uploads\/2024\/05\/viaje-en-el-tiempo-web-768x512.webp 768w, https:\/\/2021.allxposible.com\/tour\/wp-content\/uploads\/2024\/05\/viaje-en-el-tiempo-web.webp 1152w\" sizes=\"(max-width: 580px) 100vw, 580px\" \/><\/p><h2><b>La era de los pedales: La bicicleta de seguridad<\/b><\/h2><p><span style=\"font-weight: 400;\">Con el paso del tiempo, los dise\u00f1os de las bicicletas comenzaron a evolucionar y en la d\u00e9cada de 1860, se introdujo la &#8220;bicicleta de seguridad&#8221;, que incorporaba pedales y una cadena que permit\u00eda una conducci\u00f3n m\u00e1s c\u00f3moda y eficiente. Este dise\u00f1o revolucionario sent\u00f3 las bases para las bicicletas modernas que conocemos hoy en d\u00eda.<\/span><\/p><h2><b>Innovaciones y avances tecnol\u00f3gicos<\/b><\/h2><p><span style=\"font-weight: 400;\">A lo largo del siglo XX, la tecnolog\u00eda y la ingenier\u00eda jugaron un papel crucial en la evoluci\u00f3n de las bicicletas. Se introdujeron nuevos materiales como el acero, el aluminio y la fibra de carbono, lo que permiti\u00f3 fabricar bicicletas m\u00e1s ligeras, duraderas y aerodin\u00e1micas. Adem\u00e1s, se desarrollaron diferentes tipos de bicicletas adaptadas a distintas actividades y terrenos, como bicicletas de monta\u00f1a, de carretera, de ciudad y de paseo.<\/span><\/p><h2><b>La bicicleta en el siglo XXI: Sostenibilidad y dise\u00f1o<\/b><\/h2><p><span style=\"font-weight: 400;\">En el siglo XXI, la bicicleta ha experimentado un renacimiento debido a su sostenibilidad, saludables y beneficios para el medio ambiente. Las bicicletas el\u00e9ctricas y los sistemas de bicicletas compartidas han ganado popularidad, ofreciendo alternativas m\u00e1s accesibles y ecol\u00f3gicas para moverse por la ciudad.<\/span><\/p><p><img decoding=\"async\" class=\"aligncenter size-full wp-image-22633\" src=\"https:\/\/2021.allxposible.com\/tour\/wp-content\/uploads\/2024\/05\/viaje-en-el-tiempo-1.webp\" alt=\"\" width=\"580\" height=\"387\" srcset=\"https:\/\/2021.allxposible.com\/tour\/wp-content\/uploads\/2024\/05\/viaje-en-el-tiempo-1.webp 580w, https:\/\/2021.allxposible.com\/tour\/wp-content\/uploads\/2024\/05\/viaje-en-el-tiempo-1-300x200.webp 300w\" sizes=\"(max-width: 580px) 100vw, 580px\" loading=\"lazy\" \/><\/p><p><span style=\"font-weight: 400;\">La historia de las bicicletas es un testimonio de la innovaci\u00f3n humana y la b\u00fasqueda constante de formas m\u00e1s eficientes, sostenibles y divertidas de desplazarse.\u00a0<\/span><\/p><p><span style=\"font-weight: 400;\">En la comunidad de Tour Colsubsidio nos interesa aprender cada vez m\u00e1s y que te mantengas informado con temas interesantes de este maravilloso deporte, desde sus humildes comienzos como una m\u00e1quina de madera hasta los dise\u00f1os avanzados y tecnol\u00f3gicos de hoy en d\u00eda, las bicicletas han dejado una marca indeleble en nuestra historia y contin\u00faan siendo un s\u00edmbolo de libertad, aventura y movimiento.\u00a0<\/span><\/p><p><span style=\"font-weight: 400;\">As\u00ed que la pr\u00f3xima vez que te subas a tu bicicleta, recuerda que eres parte de una tradici\u00f3n milenaria y sigue disfrutando del maravilloso viaje sobre dos ruedas. Cu\u00e9ntanos en los comentarios cu\u00e1l de estas fases te llamo m\u00e1s la atenci\u00f3n. \u00a1Feliz pedaleo!<\/span><\/p><p>\u00a0<\/p><p><span style=\"font-weight: 400;\">#Historia #Tour #Colsubsidio #Comunidad #Avances #Ciclismo #Evoluci\u00f3n #Sistemas #Movimiento<\/span><\/p>\t\t\t\t\t\t<\/div>\n\t\t\t\t<\/div>\n\t\t\t\t\t<\/div>\n\t\t\t\t<\/div>\n\t\t\t\t<section data-dce-background-overlay-color=\"rgba(5, 34, 47, 0.78)\" data-dce-background-image-url=\"https:\/\/colsucomunidadestour.allxposible.com\/wp-content\/uploads\/2022\/08\/Fondo-firmafooternovedades-1200.jpg\" class=\"elementor-section elementor-top-section elementor-element elementor-element-b4b20fd elementor-section-content-middle elementor-section-boxed elementor-section-height-default elementor-section-height-default\" data-id=\"b4b20fd\" data-element_type=\"section\" data-settings=\"{&quot;background_background&quot;:&quot;classic&quot;}\">\n\t\t\t\t\t\t\t<div class=\"elementor-background-overlay\"><\/div>\n\t\t\t\t\t\t\t<div class=\"elementor-container elementor-column-gap-extended\">\n\t\t\t\t\t<div class=\"elementor-column elementor-col-100 elementor-top-column elementor-element elementor-element-f28b0ce\" data-id=\"f28b0ce\" data-element_type=\"column\">\n\t\t\t<div class=\"elementor-widget-wrap elementor-element-populated\">\n\t\t\t\t\t\t<div class=\"elementor-element elementor-element-0c66729 elementor-widget elementor-widget-zapedah-title\" data-id=\"0c66729\" data-element_type=\"widget\" data-widget_type=\"zapedah-title.default\">\n\t\t\t\t<div class=\"elementor-widget-container\">\n\t\t\t<h2 class=\"content-title\">\u00a1Te invitamos a  <b>unirte<\/b> a nuestra comunidad hoy!<span>.<\/span>\n\n\n<\/h2>\t\t<\/div>\n\t\t\t\t<\/div>\n\t\t\t\t<div class=\"elementor-element elementor-element-4c107f6 elementor-widget elementor-widget-text-editor\" data-id=\"4c107f6\" data-element_type=\"widget\" data-widget_type=\"text-editor.default\">\n\t\t\t\t<div class=\"elementor-widget-container\">\n\t\t\t\t\t\t\t<p><span style=\"font-weight: 400;\">No te pierdas toda la informaci\u00f3n sobre la actualidad del ciclismo nacional, internacional y nuestro contenido exclusivo.<\/span><\/p>\t\t\t\t\t\t<\/div>\n\t\t\t\t<\/div>\n\t\t\t\t<div class=\"elementor-element elementor-element-0771788 elementor-widget elementor-widget-zapedah-button\" data-id=\"0771788\" data-element_type=\"widget\" data-widget_type=\"zapedah-button.default\">\n\t\t\t\t<div class=\"elementor-widget-container\">\n\t\t\t\t\t\r\n\t\t\t<a class=\"content-btn\" href=\"#\">\r\n\r\n\t\t\t\t\r\n\t\t\t\tReg\u00edstrate aqu\u00ed\t\t\t<\/a>\r\n\r\n\t\t\r\n\t\t\t<\/div>\n\t\t\t\t<\/div>\n\t\t\t\t\t<\/div>\n\t\t<\/div>\n\t\t\t\t\t<\/div>\n\t\t<\/section>\n\t\t\t\t<\/div>\n\t\t","protected":false},"excerpt":{"rendered":"<p>Pedaleando a trav\u00e9s de la historia, las bicicletas como m\u00e1quinas del tiempo \u00bfAlguna vez te has preguntado c\u00f3mo comenz\u00f3 la fascinante historia de las bicicletas y c\u00f3mo han evolucionado a lo largo del tiempo? \u00a1Prep\u00e1rate para adentrarte en un viaje en el tiempo y descubrir la incre\u00edble evoluci\u00f3n de este maravilloso invento que ha cambiado la forma en que nos &hellip;<\/p>\n","protected":false},"author":5374,"featured_media":22632,"parent":0,"menu_order":0,"comment_status":"closed","ping_status":"closed","template":"blank-builder.php","meta":{"_acf_changed":false,"_monsterinsights_skip_tracking":false,"_monsterinsights_sitenote_active":false,"_monsterinsights_sitenote_note":"","_monsterinsights_sitenote_category":0,"footnotes":""},"class_list":["post-22630","page","type-page","status-publish","has-post-thumbnail","hentry"],"acf":[],"aioseo_notices":[],"_links":{"self":[{"href":"https:\/\/2021.allxposible.com\/tour\/wp-json\/wp\/v2\/pages\/22630","targetHints":{"allow":["GET"]}}],"collection":[{"href":"https:\/\/2021.allxposible.com\/tour\/wp-json\/wp\/v2\/pages"}],"about":[{"href":"https:\/\/2021.allxposible.com\/tour\/wp-json\/wp\/v2\/types\/page"}],"author":[{"embeddable":true,"href":"https:\/\/2021.allxposible.com\/tour\/wp-json\/wp\/v2\/users\/5374"}],"replies":[{"embeddable":true,"href":"https:\/\/2021.allxposible.com\/tour\/wp-json\/wp\/v2\/comments?post=22630"}],"version-history":[{"count":0,"href":"https:\/\/2021.allxposible.com\/tour\/wp-json\/wp\/v2\/pages\/22630\/revisions"}],"wp:featuredmedia":[{"embeddable":true,"href":"https:\/\/2021.allxposible.com\/tour\/wp-json\/wp\/v2\/media\/22632"}],"wp:attachment":[{"href":"https:\/\/2021.allxposible.com\/tour\/wp-json\/wp\/v2\/media?parent=22630"}],"curies":[{"name":"wp","href":"https:\/\/api.w.org\/{rel}","templated":true}]}}