{"id":22097,"date":"2024-05-14T10:34:21","date_gmt":"2024-05-14T15:34:21","guid":{"rendered":"https:\/\/2021.allxposible.com\/tour\/?page_id=22097"},"modified":"2024-05-22T11:29:04","modified_gmt":"2024-05-22T16:29:04","slug":"celebrando-a-las-madres-y-pioneras-del-ciclismo","status":"publish","type":"page","link":"https:\/\/2021.allxposible.com\/tour\/celebrando-a-las-madres-y-pioneras-del-ciclismo\/","title":{"rendered":"Celebrando a las madres y pioneras del ciclismo"},"content":{"rendered":"\t\t<div data-elementor-type=\"wp-page\" data-elementor-id=\"22097\" class=\"elementor elementor-22097\" data-elementor-post-type=\"page\">\n\t\t\t\t\t\t<section data-dce-background-overlay-color=\"rgba(5, 34, 47, 0.78)\" data-dce-background-image-url=\"https:\/\/2021.allxposible.com\/tour\/wp-content\/uploads\/2024\/05\/pioneras-del-ciclismo-web.webp\" class=\"elementor-section elementor-top-section elementor-element elementor-element-8a6384a elementor-section-full_width elementor-section-height-default elementor-section-height-default\" data-id=\"8a6384a\" data-element_type=\"section\" data-settings=\"{&quot;background_background&quot;:&quot;classic&quot;}\">\n\t\t\t\t\t\t\t<div class=\"elementor-background-overlay\"><\/div>\n\t\t\t\t\t\t\t<div class=\"elementor-container elementor-column-gap-extended\">\n\t\t\t\t\t<div class=\"elementor-column elementor-col-100 elementor-top-column elementor-element elementor-element-9c7ba51\" data-id=\"9c7ba51\" data-element_type=\"column\">\n\t\t\t<div class=\"elementor-widget-wrap elementor-element-populated\">\n\t\t\t\t\t\t<div class=\"elementor-element elementor-element-5679f91 elementor-widget elementor-widget-zapedah-title\" data-id=\"5679f91\" data-element_type=\"widget\" data-widget_type=\"zapedah-title.default\">\n\t\t\t\t<div class=\"elementor-widget-container\">\n\t\t\t<h2 class=\"content-title\">Celebrando a las madres y pioneras del ciclismo\n<\/h2>\t\t<\/div>\n\t\t\t\t<\/div>\n\t\t\t\t\t<\/div>\n\t\t<\/div>\n\t\t\t\t\t<\/div>\n\t\t<\/section>\n\t\t<div class=\"elementor-element elementor-element-98b5c81 e-flex e-con-boxed e-con e-parent\" data-id=\"98b5c81\" data-element_type=\"container\">\n\t\t\t\t\t<div class=\"e-con-inner\">\n\t\t\t\t<div class=\"elementor-element elementor-element-9e6d6d6 elementor-widget elementor-widget-text-editor\" data-id=\"9e6d6d6\" data-element_type=\"widget\" data-widget_type=\"text-editor.default\">\n\t\t\t\t<div class=\"elementor-widget-container\">\n\t\t\t\t\t\t\t<p><span style=\"font-weight: 400;\">\u00a1Feliz d\u00eda de las madres! Este 12 de mayo es un d\u00eda muy especial en el calendario, ya que se celebra el D\u00eda de las Madres. En esta ocasi\u00f3n tan significativa, queremos rendir homenaje no solo a todas las madres incre\u00edbles que han sido una fuente inagotable de amor y apoyo, sino tambi\u00e9n a las mujeres valientes y talentosas que han dejado su huella en el mundo del ciclismo. Acomp\u00e1\u00f1anos en este viaje emocionante mientras destacamos a algunas de las figuras femeninas m\u00e1s grandes en las grandes vueltas y cl\u00e1sicas en el mundo del ciclismo.\u00a0<\/span><\/p><h2><b>Lizzie Deignan<\/b><\/h2><p><span style=\"font-weight: 400;\">Es una ciclista profesional brit\u00e1nica. Deignan es conocida por su habilidad en las carreras y su capacidad para destacarse en terrenos monta\u00f1osos. Ha competido para varios equipos a lo largo de su carrera, incluyendo el Boels-Dolmans Cycling Team y el Trek-Segafredo. Entre sus logros se encuentran la medalla de oro en el Campeonato Mundial de Ciclismo en Ruta de 2015, m\u00faltiples victorias en la Women&#8217;s WorldTour y t\u00edtulos nacionales brit\u00e1nicos. Fue una <\/span><span style=\"font-weight: 400;\">de las primeras mujeres en abrazar el ciclismo de la mano con la maternidad.<\/span><\/p><p><img fetchpriority=\"high\" decoding=\"async\" class=\"aligncenter size-full wp-image-22100\" src=\"https:\/\/2021.allxposible.com\/tour\/wp-content\/uploads\/2024\/05\/pioneras-del-ciclismo-1.webp\" alt=\"\" width=\"580\" height=\"387\" srcset=\"https:\/\/2021.allxposible.com\/tour\/wp-content\/uploads\/2024\/05\/pioneras-del-ciclismo-1.webp 580w, https:\/\/2021.allxposible.com\/tour\/wp-content\/uploads\/2024\/05\/pioneras-del-ciclismo-1-300x200.webp 300w\" sizes=\"(max-width: 580px) 100vw, 580px\" \/><\/p><h2><b>Marta Bastianelli\u00a0<\/b><\/h2><p><span style=\"font-weight: 400;\">Nacida en Velletri, Italia. Es conocida por sus habilidades en carreras de un d\u00eda y sprints finales. Debut\u00f3 como profesional en 2006 y ha competido para equipos como Safi-Pasta Zara Manhattan, Team Virtu Cycling y Ale Cipollini. Su victoria m\u00e1s destacada fue en el Campeonato Mundial de Ciclismo en Ruta de 2007, donde gan\u00f3 la medalla de oro en la carrera de ruta \u00e9lite. A lo largo de su carrera, ha acumulado m\u00faltiples victorias en carreras cl\u00e1sicas y etapas de prestigio, as\u00ed como en campeonatos nacionales italianos. Es conocida por su versatilidad y carisma en el ciclismo femenino.<\/span><\/p><h2><b>Kristin Armstrong<\/b><\/h2><p><span style=\"font-weight: 400;\">Armstrong es una ciclista estadounidense retirada, reconocida por sus logros en la contrarreloj. Ha ganado tres medallas de oro ol\u00edmpicas consecutivas en la contrarreloj femenina en los Juegos Ol\u00edmpicos de 2008, 2012 y 2016. <\/span><span style=\"font-weight: 400;\">Kristin Armstrong es tambi\u00e9n madre y ha demostrado que es posible equilibrar la crianza de sus hijos con una exitosa carrera deportiva.<\/span><\/p><p><span style=\"font-weight: 400;\">En este D\u00eda de las Madres, queremos celebrar y honrar a todas las madres maravillosas que nos han inspirado y apoyado a lo largo de nuestras vidas. Te invitamos a que hagas parte de la comunidad de Tour en Colsubsidio donde encontrar\u00e1s mujeres guerreras que se apoyan entre todas, cada una de ellas comparten la misma pasi\u00f3n por las bicis igual que t\u00fa. Las mujeres pioneras del ciclismo que han roto barreras, desafiado expectativas y demostrado que las mujeres pueden ser tan fuertes, r\u00e1pidas y talentosas como los hombres en el mundo del deporte. Estas incre\u00edbles mujeres son un ejemplo de determinaci\u00f3n, pasi\u00f3n y excelencia que nos inspira a todos a perseguir nuestros sue\u00f1os y a pedalear hacia un futuro m\u00e1s igualitario y empoderado.\u00a0<\/span><\/p><p><span style=\"font-weight: 400;\">\u00a1Feliz D\u00eda de las Madres y feliz pedaleo a todas!<\/span><\/p><p><span style=\"font-weight: 400;\">#Tour #Madres #Mujeres #Comunidad #Bicicletas #Colsubsidio #Inspiraci\u00f3n #Fuerza #Empoderamiento<\/span><\/p>\t\t\t\t\t\t<\/div>\n\t\t\t\t<\/div>\n\t\t\t\t\t<\/div>\n\t\t\t\t<\/div>\n\t\t\t\t<section data-dce-background-overlay-color=\"rgba(5, 34, 47, 0.78)\" data-dce-background-image-url=\"https:\/\/colsucomunidadestour.allxposible.com\/wp-content\/uploads\/2022\/08\/Fondo-firmafooternovedades-1200.jpg\" class=\"elementor-section elementor-top-section elementor-element elementor-element-6e4a9de elementor-section-content-middle elementor-section-boxed elementor-section-height-default elementor-section-height-default\" data-id=\"6e4a9de\" data-element_type=\"section\" data-settings=\"{&quot;background_background&quot;:&quot;classic&quot;}\">\n\t\t\t\t\t\t\t<div class=\"elementor-background-overlay\"><\/div>\n\t\t\t\t\t\t\t<div class=\"elementor-container elementor-column-gap-extended\">\n\t\t\t\t\t<div class=\"elementor-column elementor-col-100 elementor-top-column elementor-element elementor-element-20d363a\" data-id=\"20d363a\" data-element_type=\"column\">\n\t\t\t<div class=\"elementor-widget-wrap elementor-element-populated\">\n\t\t\t\t\t\t<div class=\"elementor-element elementor-element-f84f611 elementor-widget elementor-widget-zapedah-title\" data-id=\"f84f611\" data-element_type=\"widget\" data-widget_type=\"zapedah-title.default\">\n\t\t\t\t<div class=\"elementor-widget-container\">\n\t\t\t<h2 class=\"content-title\">\u00a1Te invitamos a  <b>unirte<\/b> a nuestra comunidad hoy!<span>.<\/span>\n\n\n<\/h2>\t\t<\/div>\n\t\t\t\t<\/div>\n\t\t\t\t<div class=\"elementor-element elementor-element-8b50bca elementor-widget elementor-widget-text-editor\" data-id=\"8b50bca\" data-element_type=\"widget\" data-widget_type=\"text-editor.default\">\n\t\t\t\t<div class=\"elementor-widget-container\">\n\t\t\t\t\t\t\t<p><span style=\"font-weight: 400;\">No te pierdas toda la informaci\u00f3n sobre la actualidad del ciclismo nacional, internacional y nuestro contenido exclusivo.<\/span><\/p>\t\t\t\t\t\t<\/div>\n\t\t\t\t<\/div>\n\t\t\t\t<div class=\"elementor-element elementor-element-65965a2 elementor-widget elementor-widget-zapedah-button\" data-id=\"65965a2\" data-element_type=\"widget\" data-widget_type=\"zapedah-button.default\">\n\t\t\t\t<div class=\"elementor-widget-container\">\n\t\t\t\t\t\r\n\t\t\t<a class=\"content-btn\" href=\"#\">\r\n\r\n\t\t\t\t\r\n\t\t\t\tReg\u00edstrate aqu\u00ed\t\t\t<\/a>\r\n\r\n\t\t\r\n\t\t\t<\/div>\n\t\t\t\t<\/div>\n\t\t\t\t\t<\/div>\n\t\t<\/div>\n\t\t\t\t\t<\/div>\n\t\t<\/section>\n\t\t\t\t<\/div>\n\t\t","protected":false},"excerpt":{"rendered":"<p>Celebrando a las madres y pioneras del ciclismo \u00a1Feliz d\u00eda de las madres! Este 12 de mayo es un d\u00eda muy especial en el calendario, ya que se celebra el D\u00eda de las Madres. En esta ocasi\u00f3n tan significativa, queremos rendir homenaje no solo a todas las madres incre\u00edbles que han sido una fuente inagotable de amor y apoyo, sino &hellip;<\/p>\n","protected":false},"author":5374,"featured_media":22099,"parent":0,"menu_order":0,"comment_status":"closed","ping_status":"closed","template":"blank-builder.php","meta":{"_acf_changed":false,"_monsterinsights_skip_tracking":false,"_monsterinsights_sitenote_active":false,"_monsterinsights_sitenote_note":"","_monsterinsights_sitenote_category":0,"footnotes":""},"class_list":["post-22097","page","type-page","status-publish","has-post-thumbnail","hentry"],"acf":[],"aioseo_notices":[],"_links":{"self":[{"href":"https:\/\/2021.allxposible.com\/tour\/wp-json\/wp\/v2\/pages\/22097","targetHints":{"allow":["GET"]}}],"collection":[{"href":"https:\/\/2021.allxposible.com\/tour\/wp-json\/wp\/v2\/pages"}],"about":[{"href":"https:\/\/2021.allxposible.com\/tour\/wp-json\/wp\/v2\/types\/page"}],"author":[{"embeddable":true,"href":"https:\/\/2021.allxposible.com\/tour\/wp-json\/wp\/v2\/users\/5374"}],"replies":[{"embeddable":true,"href":"https:\/\/2021.allxposible.com\/tour\/wp-json\/wp\/v2\/comments?post=22097"}],"version-history":[{"count":0,"href":"https:\/\/2021.allxposible.com\/tour\/wp-json\/wp\/v2\/pages\/22097\/revisions"}],"wp:featuredmedia":[{"embeddable":true,"href":"https:\/\/2021.allxposible.com\/tour\/wp-json\/wp\/v2\/media\/22099"}],"wp:attachment":[{"href":"https:\/\/2021.allxposible.com\/tour\/wp-json\/wp\/v2\/media?parent=22097"}],"curies":[{"name":"wp","href":"https:\/\/api.w.org\/{rel}","templated":true}]}}