{"id":21963,"date":"2024-05-09T10:15:03","date_gmt":"2024-05-09T15:15:03","guid":{"rendered":"https:\/\/2021.allxposible.com\/tour\/?page_id=21963"},"modified":"2024-05-22T11:49:46","modified_gmt":"2024-05-22T16:49:46","slug":"metodos-de-seguridad-en-el-ciclismo-disfruta-de-la-ruta-con-confianza","status":"publish","type":"page","link":"https:\/\/2021.allxposible.com\/tour\/metodos-de-seguridad-en-el-ciclismo-disfruta-de-la-ruta-con-confianza\/","title":{"rendered":"M\u00e9todos de seguridad en el ciclismo, disfruta de la ruta con confianza"},"content":{"rendered":"\t\t<div data-elementor-type=\"wp-page\" data-elementor-id=\"21963\" class=\"elementor elementor-21963\" data-elementor-post-type=\"page\">\n\t\t\t\t\t\t<section data-dce-background-overlay-color=\"rgba(5, 34, 47, 0.78)\" data-dce-background-image-url=\"https:\/\/2021.allxposible.com\/tour\/wp-content\/uploads\/2024\/05\/metodos-de-seguridad-en-el-ciclismo-web.webp\" class=\"elementor-section elementor-top-section elementor-element elementor-element-8a6384a elementor-section-full_width elementor-section-height-default elementor-section-height-default\" data-id=\"8a6384a\" data-element_type=\"section\" data-settings=\"{&quot;background_background&quot;:&quot;classic&quot;}\">\n\t\t\t\t\t\t\t<div class=\"elementor-background-overlay\"><\/div>\n\t\t\t\t\t\t\t<div class=\"elementor-container elementor-column-gap-extended\">\n\t\t\t\t\t<div class=\"elementor-column elementor-col-100 elementor-top-column elementor-element elementor-element-9c7ba51\" data-id=\"9c7ba51\" data-element_type=\"column\">\n\t\t\t<div class=\"elementor-widget-wrap elementor-element-populated\">\n\t\t\t\t\t\t<div class=\"elementor-element elementor-element-5679f91 elementor-widget elementor-widget-zapedah-title\" data-id=\"5679f91\" data-element_type=\"widget\" data-widget_type=\"zapedah-title.default\">\n\t\t\t\t<div class=\"elementor-widget-container\">\n\t\t\t<h2 class=\"content-title\">Pedaleando con precauci\u00f3n, conoce las principales lesiones y tratamientos m\u00e1s comunes en el mundo del ciclismo\n<\/h2>\t\t<\/div>\n\t\t\t\t<\/div>\n\t\t\t\t\t<\/div>\n\t\t<\/div>\n\t\t\t\t\t<\/div>\n\t\t<\/section>\n\t\t<div class=\"elementor-element elementor-element-98b5c81 e-flex e-con-boxed e-con e-parent\" data-id=\"98b5c81\" data-element_type=\"container\">\n\t\t\t\t\t<div class=\"e-con-inner\">\n\t\t\t\t<div class=\"elementor-element elementor-element-9e6d6d6 elementor-widget elementor-widget-text-editor\" data-id=\"9e6d6d6\" data-element_type=\"widget\" data-widget_type=\"text-editor.default\">\n\t\t\t\t<div class=\"elementor-widget-container\">\n\t\t\t\t\t\t\t<p><span style=\"font-weight: 400;\">\u00a1Nunca dejes la seguridad a un lado! El ciclismo es m\u00e1s que un simple deporte; es una pasi\u00f3n, una forma de explorar el mundo y, para muchos, un estilo de vida. Pero como cualquier actividad al aire libre, el ciclismo viene con sus propios riesgos. \u00a1Pero no te preocupes! Aqu\u00ed te presentamos algunos m\u00e9todos de seguridad esenciales para prevenir accidentes y garantizar una excelente convivencia en la carretera.<\/span><\/p><h3><b>Equipo de protecci\u00f3n<\/b><\/h3><p><span style=\"font-weight: 400;\">\u00a1No hay nada m\u00e1s importante que tu seguridad! Usa siempre un casco adecuado que se ajuste a ti y que cumpla con las normativas de seguridad. Adem\u00e1s, considera usar guantes, gafas y ropa reflectiva para aumentar tu visibilidad.<\/span><\/p><p><img fetchpriority=\"high\" decoding=\"async\" class=\"aligncenter size-full wp-image-21966\" src=\"https:\/\/2021.allxposible.com\/tour\/wp-content\/uploads\/2024\/05\/metodos-de-seguridad-en-el-ciclismo-1.webp\" alt=\"\" width=\"580\" height=\"387\" srcset=\"https:\/\/2021.allxposible.com\/tour\/wp-content\/uploads\/2024\/05\/metodos-de-seguridad-en-el-ciclismo-1.webp 580w, https:\/\/2021.allxposible.com\/tour\/wp-content\/uploads\/2024\/05\/metodos-de-seguridad-en-el-ciclismo-1-300x200.webp 300w\" sizes=\"(max-width: 580px) 100vw, 580px\" \/><\/p><h3><b>Conocimiento de las normas de tr\u00e1nsito<\/b><\/h3><p><span style=\"font-weight: 400;\">Estar familiarizado con las reglas y se\u00f1ales de tr\u00e1nsito te ayudar\u00e1 a prever situaciones y reaccionar de manera adecuada. Recuerda, \u00a1Eres parte del tr\u00e1fico!<\/span><\/p><h3><b>Mantenimiento de la bicicleta<\/b><\/h3><p><span style=\"font-weight: 400;\">Un mantenimiento regular de tu bici es muy importante. Revisa frenos, luces, neum\u00e1ticos y la cadena antes de cada viaje. Una bicicleta en buen estado es m\u00e1s segura y eficiente.<\/span><\/p><h3><b>Comunicaci\u00f3n con otros usuarios<\/b><\/h3><p><span style=\"font-weight: 400;\">Usa se\u00f1ales manuales para indicar giros y detenciones. Esto ayuda a los conductores y otros ciclistas a anticipar tus movimientos, mejorando la seguridad para todos. En nuestra comunidad de Tour Colsubsidio puedes crear lazos amantes del ciclismo, as\u00ed como t\u00fa.\u00a0<\/span><\/p><p><img decoding=\"async\" class=\"aligncenter size-full wp-image-21967\" src=\"https:\/\/2021.allxposible.com\/tour\/wp-content\/uploads\/2024\/05\/metodos-de-seguridad-en-el-ciclismo-2.webp\" alt=\"\" width=\"580\" height=\"387\" srcset=\"https:\/\/2021.allxposible.com\/tour\/wp-content\/uploads\/2024\/05\/metodos-de-seguridad-en-el-ciclismo-2.webp 580w, https:\/\/2021.allxposible.com\/tour\/wp-content\/uploads\/2024\/05\/metodos-de-seguridad-en-el-ciclismo-2-300x200.webp 300w\" sizes=\"(max-width: 580px) 100vw, 580px\" loading=\"lazy\" \/><\/p><h3><b>Planificaci\u00f3n de la ruta<\/b><\/h3><p><span style=\"font-weight: 400;\">Antes de salir, planifica tu ruta y familiar\u00edzate con el terreno. Conoce las condiciones del camino, la presencia de carriles para bicicletas y zonas de descanso. \u00a1No est\u00e1 de m\u00e1s que revises tambi\u00e9n como va a estar el clima!<\/span><\/p><h3><b>Atenci\u00f3n y precauci\u00f3n constante<\/b><\/h3><p><span style=\"font-weight: 400;\">Mantente alerta en todo momento. Las distracciones pueden ser peligrosas, as\u00ed que evita el uso de dispositivos electr\u00f3nicos mientras montas.<\/span><\/p><h3><b>Educaci\u00f3n continua<\/b><\/h3><p><span style=\"font-weight: 400;\">Considera tomar cursos de seguridad vial y t\u00e9cnicas de ciclismo. La formaci\u00f3n adicional puede ofrecerte habilidades y conocimientos valiosos para manejar diferentes situaciones en la carretera.<\/span><\/p><p><span style=\"font-weight: 400;\">El ciclismo es una actividad gratificante que ofrece muchos beneficios para la salud y el bienestar. Te invitamos a unirte a la comunidad de Tour en Colsubsidio donde cada vez m\u00e1s puedes aprender de informaci\u00f3n valiosa y conocer amantes de este deporte como t\u00fa, crea lazos significativos para que disfrutes cada vez m\u00e1s de las rodadas. Sin embargo, es fundamental que lo practiques de una manera segura y responsable. Siguiendo estos m\u00e9todos de seguridad que te presentamos anteriormente, puedes disfrutar de tu pasi\u00f3n por el ciclismo mientras te mantienes protegido y fomentas una convivencia amigable en la carretera.<\/span><\/p><p><span style=\"font-weight: 400;\">\u00a1S\u00fabete a tu bicicleta, sigue estos consejos y disfruta de la ruta relajado!<\/span><\/p><p><span style=\"font-weight: 400;\">\u00a0#Tour #Comunidad #Colsubsidio #Seguridad #Metodos #Rodadas #Beneficios #Cuidados #Deporte\u00a0<\/span><\/p>\t\t\t\t\t\t<\/div>\n\t\t\t\t<\/div>\n\t\t\t\t\t<\/div>\n\t\t\t\t<\/div>\n\t\t\t\t<section data-dce-background-overlay-color=\"rgba(5, 34, 47, 0.78)\" data-dce-background-image-url=\"https:\/\/colsucomunidadestour.allxposible.com\/wp-content\/uploads\/2022\/08\/Fondo-firmafooternovedades-1200.jpg\" class=\"elementor-section elementor-top-section elementor-element elementor-element-6e4a9de elementor-section-content-middle elementor-section-boxed elementor-section-height-default elementor-section-height-default\" data-id=\"6e4a9de\" data-element_type=\"section\" data-settings=\"{&quot;background_background&quot;:&quot;classic&quot;}\">\n\t\t\t\t\t\t\t<div class=\"elementor-background-overlay\"><\/div>\n\t\t\t\t\t\t\t<div class=\"elementor-container elementor-column-gap-extended\">\n\t\t\t\t\t<div class=\"elementor-column elementor-col-100 elementor-top-column elementor-element elementor-element-20d363a\" data-id=\"20d363a\" data-element_type=\"column\">\n\t\t\t<div class=\"elementor-widget-wrap elementor-element-populated\">\n\t\t\t\t\t\t<div class=\"elementor-element elementor-element-f84f611 elementor-widget elementor-widget-zapedah-title\" data-id=\"f84f611\" data-element_type=\"widget\" data-widget_type=\"zapedah-title.default\">\n\t\t\t\t<div class=\"elementor-widget-container\">\n\t\t\t<h2 class=\"content-title\">\u00a1Te invitamos a  <b>unirte<\/b> a nuestra comunidad hoy!<span>.<\/span>\n\n\n<\/h2>\t\t<\/div>\n\t\t\t\t<\/div>\n\t\t\t\t<div class=\"elementor-element elementor-element-8b50bca elementor-widget elementor-widget-text-editor\" data-id=\"8b50bca\" data-element_type=\"widget\" data-widget_type=\"text-editor.default\">\n\t\t\t\t<div class=\"elementor-widget-container\">\n\t\t\t\t\t\t\t<p><span style=\"font-weight: 400;\">No te pierdas toda la informaci\u00f3n sobre la actualidad del ciclismo nacional, internacional y nuestro contenido exclusivo.<\/span><\/p>\t\t\t\t\t\t<\/div>\n\t\t\t\t<\/div>\n\t\t\t\t<div class=\"elementor-element elementor-element-65965a2 elementor-widget elementor-widget-zapedah-button\" data-id=\"65965a2\" data-element_type=\"widget\" data-widget_type=\"zapedah-button.default\">\n\t\t\t\t<div class=\"elementor-widget-container\">\n\t\t\t\t\t\r\n\t\t\t<a class=\"content-btn\" href=\"#\">\r\n\r\n\t\t\t\t\r\n\t\t\t\tReg\u00edstrate aqu\u00ed\t\t\t<\/a>\r\n\r\n\t\t\r\n\t\t\t<\/div>\n\t\t\t\t<\/div>\n\t\t\t\t\t<\/div>\n\t\t<\/div>\n\t\t\t\t\t<\/div>\n\t\t<\/section>\n\t\t\t\t<\/div>\n\t\t","protected":false},"excerpt":{"rendered":"<p>Pedaleando con precauci\u00f3n, conoce las principales lesiones y tratamientos m\u00e1s comunes en el mundo del ciclismo \u00a1Nunca dejes la seguridad a un lado! El ciclismo es m\u00e1s que un simple deporte; es una pasi\u00f3n, una forma de explorar el mundo y, para muchos, un estilo de vida. Pero como cualquier actividad al aire libre, el ciclismo viene con sus propios &hellip;<\/p>\n","protected":false},"author":5374,"featured_media":21964,"parent":0,"menu_order":0,"comment_status":"closed","ping_status":"closed","template":"blank-builder.php","meta":{"_acf_changed":false,"_monsterinsights_skip_tracking":false,"_monsterinsights_sitenote_active":false,"_monsterinsights_sitenote_note":"","_monsterinsights_sitenote_category":0,"footnotes":""},"class_list":["post-21963","page","type-page","status-publish","has-post-thumbnail","hentry"],"acf":[],"aioseo_notices":[],"_links":{"self":[{"href":"https:\/\/2021.allxposible.com\/tour\/wp-json\/wp\/v2\/pages\/21963","targetHints":{"allow":["GET"]}}],"collection":[{"href":"https:\/\/2021.allxposible.com\/tour\/wp-json\/wp\/v2\/pages"}],"about":[{"href":"https:\/\/2021.allxposible.com\/tour\/wp-json\/wp\/v2\/types\/page"}],"author":[{"embeddable":true,"href":"https:\/\/2021.allxposible.com\/tour\/wp-json\/wp\/v2\/users\/5374"}],"replies":[{"embeddable":true,"href":"https:\/\/2021.allxposible.com\/tour\/wp-json\/wp\/v2\/comments?post=21963"}],"version-history":[{"count":0,"href":"https:\/\/2021.allxposible.com\/tour\/wp-json\/wp\/v2\/pages\/21963\/revisions"}],"wp:featuredmedia":[{"embeddable":true,"href":"https:\/\/2021.allxposible.com\/tour\/wp-json\/wp\/v2\/media\/21964"}],"wp:attachment":[{"href":"https:\/\/2021.allxposible.com\/tour\/wp-json\/wp\/v2\/media?parent=21963"}],"curies":[{"name":"wp","href":"https:\/\/api.w.org\/{rel}","templated":true}]}}