{"id":21946,"date":"2024-05-06T09:52:05","date_gmt":"2024-05-06T14:52:05","guid":{"rendered":"https:\/\/2021.allxposible.com\/tour\/?page_id=21946"},"modified":"2024-05-22T11:46:30","modified_gmt":"2024-05-22T16:46:30","slug":"la-importancia-del-uso-de-la-bici-en-tu-dia-a-dia","status":"publish","type":"page","link":"https:\/\/2021.allxposible.com\/tour\/la-importancia-del-uso-de-la-bici-en-tu-dia-a-dia\/","title":{"rendered":"La importancia del uso de la bici en tu d\u00eda a d\u00eda"},"content":{"rendered":"\t\t<div data-elementor-type=\"wp-page\" data-elementor-id=\"21946\" class=\"elementor elementor-21946\" data-elementor-post-type=\"page\">\n\t\t\t\t\t\t<section data-dce-background-overlay-color=\"rgba(5, 34, 47, 0.78)\" data-dce-background-image-url=\"https:\/\/2021.allxposible.com\/tour\/wp-content\/uploads\/2024\/05\/la-importancia-del-uso-de-la-bici-web.webp\" class=\"elementor-section elementor-top-section elementor-element elementor-element-8a6384a elementor-section-full_width elementor-section-height-default elementor-section-height-default\" data-id=\"8a6384a\" data-element_type=\"section\" data-settings=\"{&quot;background_background&quot;:&quot;classic&quot;}\">\n\t\t\t\t\t\t\t<div class=\"elementor-background-overlay\"><\/div>\n\t\t\t\t\t\t\t<div class=\"elementor-container elementor-column-gap-extended\">\n\t\t\t\t\t<div class=\"elementor-column elementor-col-100 elementor-top-column elementor-element elementor-element-9c7ba51\" data-id=\"9c7ba51\" data-element_type=\"column\">\n\t\t\t<div class=\"elementor-widget-wrap elementor-element-populated\">\n\t\t\t\t\t\t<div class=\"elementor-element elementor-element-5679f91 elementor-widget elementor-widget-zapedah-title\" data-id=\"5679f91\" data-element_type=\"widget\" data-widget_type=\"zapedah-title.default\">\n\t\t\t\t<div class=\"elementor-widget-container\">\n\t\t\t<h2 class=\"content-title\">Pedaleando con precauci\u00f3n, conoce las principales lesiones y tratamientos m\u00e1s comunes en el mundo del ciclismo\n<\/h2>\t\t<\/div>\n\t\t\t\t<\/div>\n\t\t\t\t\t<\/div>\n\t\t<\/div>\n\t\t\t\t\t<\/div>\n\t\t<\/section>\n\t\t<div class=\"elementor-element elementor-element-98b5c81 e-flex e-con-boxed e-con e-parent\" data-id=\"98b5c81\" data-element_type=\"container\">\n\t\t\t\t\t<div class=\"e-con-inner\">\n\t\t\t\t<div class=\"elementor-element elementor-element-9e6d6d6 elementor-widget elementor-widget-text-editor\" data-id=\"9e6d6d6\" data-element_type=\"widget\" data-widget_type=\"text-editor.default\">\n\t\t\t\t<div class=\"elementor-widget-container\">\n\t\t\t\t\t\t\t<p><span style=\"font-weight: 400;\">Apasionados del ciclismo, para nadie es un secreto que vivimos en la era de la tecnolog\u00eda y la urbanizaci\u00f3n acelerada, cada vez m\u00e1s las personas pasan por estilos de vida sedentarios que pueden llevar a problemas de salud a largo plazo. Pero te vamos a dar un consejo, una forma efectiva y sostenible de combatir este problema es incorporar el uso de la bici en tu rutina diaria. En este blog, te diremos las razones por las cuales incorporarla en tu d\u00eda a d\u00eda puede ser una excelente adici\u00f3n a tu vida y los beneficios que trae.<\/span><\/p><p><span style=\"font-weight: 400;\">No te puedes perder de estos privilegios:<\/span><\/p><h2><b>Mejora la salud cardiovascular<\/b><\/h2><p><span style=\"font-weight: 400;\">Este es un excelente ejercicio cardiovascular que ayuda a fortalecer el coraz\u00f3n, mejorar la circulaci\u00f3n sangu\u00ednea y reducir el riesgo de enfermedades card\u00edacas.<\/span><\/p><h2><b>Control del peso<\/b><\/h2><p><span style=\"font-weight: 400;\">El ciclismo regularmente puede ayudarte a quemar calor\u00edas y mantener un peso saludable, lo que puede reducir el riesgo de obesidad y enfermedades relacionadas.<\/span><\/p><h2><b>Fortalecimiento muscular<\/b><\/h2><p><span style=\"font-weight: 400;\">Pedaleando, trabajas varios grupos musculares, incluyendo los cu\u00e1driceps, gl\u00fateos, pantorrillas y m\u00fasculos de la parte superior del cuerpo, lo que resulta en un cuerpo m\u00e1s tonificado y fuerte.<\/span><\/p><p><span style=\"font-weight: 400;\">No solo trae beneficios para tu salud, sino tambi\u00e9n ambientales, tales como:<\/span><\/p><h2><b>Reducci\u00f3n de la contaminaci\u00f3n<\/b><\/h2><p><span style=\"font-weight: 400;\">El uso de la bicicleta como medio de transporte reduce la dependencia de los veh\u00edculos motorizados, lo que a su vez disminuye la contaminaci\u00f3n del aire y la emisi\u00f3n de gases de efecto invernadero.<\/span><\/p><p><img fetchpriority=\"high\" decoding=\"async\" class=\"aligncenter size-full wp-image-21948\" src=\"https:\/\/2021.allxposible.com\/tour\/wp-content\/uploads\/2024\/05\/la-importancia-del-uso-de-la-bici-1.webp\" alt=\"\" width=\"580\" height=\"387\" srcset=\"https:\/\/2021.allxposible.com\/tour\/wp-content\/uploads\/2024\/05\/la-importancia-del-uso-de-la-bici-1.webp 580w, https:\/\/2021.allxposible.com\/tour\/wp-content\/uploads\/2024\/05\/la-importancia-del-uso-de-la-bici-1-300x200.webp 300w\" sizes=\"(max-width: 580px) 100vw, 580px\" \/><\/p><h2><b>Sostenibilidad<\/b><\/h2><p><span style=\"font-weight: 400;\">La bicicleta es un medio de transporte sostenible que no requiere combustibles f\u00f3siles para funcionar, contribuyendo as\u00ed a la conservaci\u00f3n del medio ambiente y la lucha contra el cambio clim\u00e1tico.<\/span><\/p><p><span style=\"font-weight: 400;\">Todav\u00eda hay m\u00e1s, tambi\u00e9n es amigable con tu bolsillo. Te brindar\u00e1:\u00a0<\/span><\/p><h2><b>Ahorro de dinero<\/b><\/h2><p><span style=\"font-weight: 400;\">Montar en bicicleta es una alternativa econ\u00f3mica al uso de veh\u00edculos motorizados, ahorr\u00e1ndote dinero en combustible, mantenimiento y estacionamientos costosos.<\/span><\/p><p><img decoding=\"async\" class=\"aligncenter size-full wp-image-21949\" src=\"https:\/\/2021.allxposible.com\/tour\/wp-content\/uploads\/2024\/05\/la-importancia-del-uso-de-la-bici-2.webp\" alt=\"\" width=\"580\" height=\"326\" srcset=\"https:\/\/2021.allxposible.com\/tour\/wp-content\/uploads\/2024\/05\/la-importancia-del-uso-de-la-bici-2.webp 580w, https:\/\/2021.allxposible.com\/tour\/wp-content\/uploads\/2024\/05\/la-importancia-del-uso-de-la-bici-2-300x169.webp 300w\" sizes=\"(max-width: 580px) 100vw, 580px\" loading=\"lazy\" \/><\/p><h3><b>Reducci\u00f3n del tr\u00e1fico<\/b><\/h3><p><span style=\"font-weight: 400;\">El uso de la bicicleta ayuda a reducir el tr\u00e1fico en las carreteras y las congestiones, esto te puede ahorrar mucho tiempo y podr\u00e1s llegar a tu destino de manera m\u00e1s eficiente.<\/span><\/p><p><span style=\"font-weight: 400;\">Incorporar el uso de la bicicleta en tu rutina diaria no solo es beneficioso para tu salud, sino tambi\u00e9n para el medio ambiente y tu bolsillo. En Tour Colsubsidio hay una comunidad amante a este deporte, as\u00ed que te invitamos a que te unas para que puedas conocer y crear lazos para fortalecer esa pasi\u00f3n. Montar en bicicleta es una forma divertida, sostenible y econ\u00f3mica de desplazarse que puede tener un impacto positivo en tu vida y en la comunidad en general. As\u00ed que la pr\u00f3xima vez que tengas que ir a trabajar, a la tienda o simplemente dar un paseo, considera la opci\u00f3n de hacerlo en bicicleta. \u00a1Tu cuerpo y el planeta te lo agradecer\u00e1n!<\/span><\/p><p><span style=\"font-weight: 400;\">#Tour #Bicicletas #Beneficios #Deporte #Salud #Ambiente #Comunidad #Ahorro #Rutina <\/span><\/p>\t\t\t\t\t\t<\/div>\n\t\t\t\t<\/div>\n\t\t\t\t\t<\/div>\n\t\t\t\t<\/div>\n\t\t\t\t<section data-dce-background-overlay-color=\"rgba(5, 34, 47, 0.78)\" data-dce-background-image-url=\"https:\/\/colsucomunidadestour.allxposible.com\/wp-content\/uploads\/2022\/08\/Fondo-firmafooternovedades-1200.jpg\" class=\"elementor-section elementor-top-section elementor-element elementor-element-6e4a9de elementor-section-content-middle elementor-section-boxed elementor-section-height-default elementor-section-height-default\" data-id=\"6e4a9de\" data-element_type=\"section\" data-settings=\"{&quot;background_background&quot;:&quot;classic&quot;}\">\n\t\t\t\t\t\t\t<div class=\"elementor-background-overlay\"><\/div>\n\t\t\t\t\t\t\t<div class=\"elementor-container elementor-column-gap-extended\">\n\t\t\t\t\t<div class=\"elementor-column elementor-col-100 elementor-top-column elementor-element elementor-element-20d363a\" data-id=\"20d363a\" data-element_type=\"column\">\n\t\t\t<div class=\"elementor-widget-wrap elementor-element-populated\">\n\t\t\t\t\t\t<div class=\"elementor-element elementor-element-f84f611 elementor-widget elementor-widget-zapedah-title\" data-id=\"f84f611\" data-element_type=\"widget\" data-widget_type=\"zapedah-title.default\">\n\t\t\t\t<div class=\"elementor-widget-container\">\n\t\t\t<h2 class=\"content-title\">\u00a1Te invitamos a  <b>unirte<\/b> a nuestra comunidad hoy!<span>.<\/span>\n\n\n<\/h2>\t\t<\/div>\n\t\t\t\t<\/div>\n\t\t\t\t<div class=\"elementor-element elementor-element-8b50bca elementor-widget elementor-widget-text-editor\" data-id=\"8b50bca\" data-element_type=\"widget\" data-widget_type=\"text-editor.default\">\n\t\t\t\t<div class=\"elementor-widget-container\">\n\t\t\t\t\t\t\t<p><span style=\"font-weight: 400;\">No te pierdas toda la informaci\u00f3n sobre la actualidad del ciclismo nacional, internacional y nuestro contenido exclusivo.<\/span><\/p>\t\t\t\t\t\t<\/div>\n\t\t\t\t<\/div>\n\t\t\t\t<div class=\"elementor-element elementor-element-65965a2 elementor-widget elementor-widget-zapedah-button\" data-id=\"65965a2\" data-element_type=\"widget\" data-widget_type=\"zapedah-button.default\">\n\t\t\t\t<div class=\"elementor-widget-container\">\n\t\t\t\t\t\r\n\t\t\t<a class=\"content-btn\" href=\"#\">\r\n\r\n\t\t\t\t\r\n\t\t\t\tReg\u00edstrate aqu\u00ed\t\t\t<\/a>\r\n\r\n\t\t\r\n\t\t\t<\/div>\n\t\t\t\t<\/div>\n\t\t\t\t\t<\/div>\n\t\t<\/div>\n\t\t\t\t\t<\/div>\n\t\t<\/section>\n\t\t\t\t<\/div>\n\t\t","protected":false},"excerpt":{"rendered":"<p>Pedaleando con precauci\u00f3n, conoce las principales lesiones y tratamientos m\u00e1s comunes en el mundo del ciclismo Apasionados del ciclismo, para nadie es un secreto que vivimos en la era de la tecnolog\u00eda y la urbanizaci\u00f3n acelerada, cada vez m\u00e1s las personas pasan por estilos de vida sedentarios que pueden llevar a problemas de salud a largo plazo. Pero te vamos &hellip;<\/p>\n","protected":false},"author":5374,"featured_media":21947,"parent":0,"menu_order":0,"comment_status":"closed","ping_status":"closed","template":"blank-builder.php","meta":{"_acf_changed":false,"_monsterinsights_skip_tracking":false,"_monsterinsights_sitenote_active":false,"_monsterinsights_sitenote_note":"","_monsterinsights_sitenote_category":0,"footnotes":""},"class_list":["post-21946","page","type-page","status-publish","has-post-thumbnail","hentry"],"acf":[],"aioseo_notices":[],"_links":{"self":[{"href":"https:\/\/2021.allxposible.com\/tour\/wp-json\/wp\/v2\/pages\/21946","targetHints":{"allow":["GET"]}}],"collection":[{"href":"https:\/\/2021.allxposible.com\/tour\/wp-json\/wp\/v2\/pages"}],"about":[{"href":"https:\/\/2021.allxposible.com\/tour\/wp-json\/wp\/v2\/types\/page"}],"author":[{"embeddable":true,"href":"https:\/\/2021.allxposible.com\/tour\/wp-json\/wp\/v2\/users\/5374"}],"replies":[{"embeddable":true,"href":"https:\/\/2021.allxposible.com\/tour\/wp-json\/wp\/v2\/comments?post=21946"}],"version-history":[{"count":0,"href":"https:\/\/2021.allxposible.com\/tour\/wp-json\/wp\/v2\/pages\/21946\/revisions"}],"wp:featuredmedia":[{"embeddable":true,"href":"https:\/\/2021.allxposible.com\/tour\/wp-json\/wp\/v2\/media\/21947"}],"wp:attachment":[{"href":"https:\/\/2021.allxposible.com\/tour\/wp-json\/wp\/v2\/media?parent=21946"}],"curies":[{"name":"wp","href":"https:\/\/api.w.org\/{rel}","templated":true}]}}