{"id":21265,"date":"2024-04-23T10:33:56","date_gmt":"2024-04-23T15:33:56","guid":{"rendered":"https:\/\/2021.allxposible.com\/tour\/?page_id=21265"},"modified":"2024-05-22T11:22:59","modified_gmt":"2024-05-22T16:22:59","slug":"accesorios-infaltables-para-un-ciclismo-mas-seguro-y-eficiente","status":"publish","type":"page","link":"https:\/\/2021.allxposible.com\/tour\/accesorios-infaltables-para-un-ciclismo-mas-seguro-y-eficiente\/","title":{"rendered":"Accesorios infaltables para un ciclismo m\u00e1s seguro y eficiente"},"content":{"rendered":"\t\t<div data-elementor-type=\"wp-page\" data-elementor-id=\"21265\" class=\"elementor elementor-21265\" data-elementor-post-type=\"page\">\n\t\t\t\t\t\t<section data-dce-background-overlay-color=\"rgba(5, 34, 47, 0.78)\" data-dce-background-image-url=\"https:\/\/2021.allxposible.com\/tour\/wp-content\/uploads\/2024\/04\/miniatura3.png\" class=\"elementor-section elementor-top-section elementor-element elementor-element-8a6384a elementor-section-full_width elementor-section-height-default elementor-section-height-default\" data-id=\"8a6384a\" data-element_type=\"section\" data-settings=\"{&quot;background_background&quot;:&quot;classic&quot;}\">\n\t\t\t\t\t\t\t<div class=\"elementor-background-overlay\"><\/div>\n\t\t\t\t\t\t\t<div class=\"elementor-container elementor-column-gap-extended\">\n\t\t\t\t\t<div class=\"elementor-column elementor-col-100 elementor-top-column elementor-element elementor-element-9c7ba51\" data-id=\"9c7ba51\" data-element_type=\"column\">\n\t\t\t<div class=\"elementor-widget-wrap elementor-element-populated\">\n\t\t\t\t\t\t<div class=\"elementor-element elementor-element-5679f91 elementor-widget elementor-widget-zapedah-title\" data-id=\"5679f91\" data-element_type=\"widget\" data-widget_type=\"zapedah-title.default\">\n\t\t\t\t<div class=\"elementor-widget-container\">\n\t\t\t<h2 class=\"content-title\">Accesorios infaltables para un <br>\nciclismo m\u00e1s seguro y eficiente\n<\/h2>\t\t<\/div>\n\t\t\t\t<\/div>\n\t\t\t\t\t<\/div>\n\t\t<\/div>\n\t\t\t\t\t<\/div>\n\t\t<\/section>\n\t\t<div class=\"elementor-element elementor-element-98b5c81 e-flex e-con-boxed e-con e-parent\" data-id=\"98b5c81\" data-element_type=\"container\">\n\t\t\t\t\t<div class=\"e-con-inner\">\n\t\t\t\t<div class=\"elementor-element elementor-element-b7edf8c elementor-widget elementor-widget-spacer\" data-id=\"b7edf8c\" data-element_type=\"widget\" data-widget_type=\"spacer.default\">\n\t\t\t\t<div class=\"elementor-widget-container\">\n\t\t\t\t\t<div class=\"elementor-spacer\">\n\t\t\t<div class=\"elementor-spacer-inner\"><\/div>\n\t\t<\/div>\n\t\t\t\t<\/div>\n\t\t\t\t<\/div>\n\t\t\t\t<div class=\"elementor-element elementor-element-9e6d6d6 elementor-widget elementor-widget-text-editor\" data-id=\"9e6d6d6\" data-element_type=\"widget\" data-widget_type=\"text-editor.default\">\n\t\t\t\t<div class=\"elementor-widget-container\">\n\t\t\t\t\t\t\t<p><span style=\"font-weight: 400;\">\u00a1No te puedes perder los productos de los que te vamos a hablar para la bicicleta! El mundo de los accesorios va cambiando la forma en que experimentamos el ciclismo. Desde cascos inteligentes hasta sistemas de iluminaci\u00f3n de \u00faltima generaci\u00f3n, prep\u00e1rate para descubrir c\u00f3mo estos gadgets est\u00e1n llevando la pasi\u00f3n por el ciclismo a nuevos niveles de seguridad y rendimiento.<\/span><\/p><p><img fetchpriority=\"high\" decoding=\"async\" class=\" wp-image-21267 aligncenter\" src=\"https:\/\/2021.allxposible.com\/tour\/wp-content\/uploads\/2024\/04\/unnamed-3-300x200.jpg\" alt=\"\" width=\"402\" height=\"268\" srcset=\"https:\/\/2021.allxposible.com\/tour\/wp-content\/uploads\/2024\/04\/unnamed-3-300x200.jpg 300w, https:\/\/2021.allxposible.com\/tour\/wp-content\/uploads\/2024\/04\/unnamed-3.jpg 512w\" sizes=\"(max-width: 402px) 100vw, 402px\" \/><\/p><h3><strong>Casco Hovding: Protecci\u00f3n el Ciclismo Urbano<\/strong><\/h3><p><span style=\"font-weight: 400;\">\u00bfTe sientes agobiado por los cascos convencionales? \u00a1Entonces el <strong>casco Hovding<\/strong> es para ti! Este innovador gadget es b\u00e1sicamente un airbag para ciclistas urbanos. Col\u00f3calo alrededor de tu cuello y deja que monitorice tus movimientos. En caso de una ca\u00edda, se activa autom\u00e1ticamente infl\u00e1ndose para proteger tu cabeza. Ligero, discreto y extremadamente efectivo, \u00a1es una verdadera revoluci\u00f3n en seguridad!<\/span><\/p><h3><strong>Kit de luz delantera y trasera recargable USB: iluminaci\u00f3n potente y vers\u00e1til<\/strong><\/h3><p><span style=\"font-weight: 400;\"><strong>La visibilidad es clave para una conducci\u00f3n segura,<\/strong> especialmente en entornos urbanos. Este kit de luz delantera y trasera ofrece una soluci\u00f3n completa y conveniente. Con su carga r\u00e1pida USB, f\u00e1cil instalaci\u00f3n y resistencia al agua, te brinda la tranquilidad que necesitas en tus desplazamientos. La luz delantera de 200 l\u00famenes y la trasera con 14 LED garantizan una iluminaci\u00f3n brillante y visible para mantenerte seguro en todo momento.<\/span><\/p><h3><strong>Luz delantera kryptonite: potencia y autonom\u00eda para tus noches en bici<\/strong><\/h3><p><span style=\"font-weight: 400;\">Esta es otra opci\u00f3n para la iluminaci\u00f3n en tus rutas nocturnas, no busques m\u00e1s. La luz delantera de Kryptonite ofrece una potencia impresionante de 450 l\u00famenes, con seis modos de iluminaci\u00f3n y una autonom\u00eda de hasta 24 horas. Su sistema de ajuste &#8220;universal&#8221; asegura que se adapte a cualquier tipo de manillar, mientras que su durabilidad y resistencia te <strong>dan la confianza para enfrentar cualquier desaf\u00edo en la carretera.\u00a0<\/strong><\/span><\/p><h3><strong>Kit de candado en U y Cable de Kryptonite: Protege tu Bici con Estilo<\/strong><\/h3><p><span style=\"font-weight: 400;\">Por \u00faltimo, pero no menos importante, <strong>la seguridad de tu bicicleta es fundamental.<\/strong> Este kit tambi\u00e9n de Kryptonite ofrece una soluci\u00f3n completa con un candado en U resistente y un cable de m\u00e1s de un metro de largo para asegurar no solo tu bici, sino tambi\u00e9n las ruedas u otros accesorios. Con la calidad y fiabilidad que caracterizan a la marca, puedes estar seguro de que tu preciada bicicleta estar\u00e1 protegida en todo momento.\u00a0<\/span><\/p><p><span style=\"font-weight: 400;\">Estos accesorios no solo mejoran tu seguridad en la carretera, sino que tambi\u00e9n <strong>hacen que tus viajes en bicicleta sean m\u00e1s c\u00f3modos, eficientes y, sobre todo, m\u00e1s emocionantes.<\/strong> Puedes utilizarlos en las rutas de Tour Colsubsidio uni\u00e9ndote a nuestra comunidad, te esperamos con los brazos abiertos. \u00a1As\u00ed que equ\u00edpate con lo \u00faltimo en tecnolog\u00eda ciclista y prep\u00e1rate para rodar con estilo y confianza!\u00a0<\/span><\/p><p><strong>#Tour #Accesorios #Comunidad #Ciclismo #Seguro #Rutas #Carretera #Viajes<\/strong><\/p>\t\t\t\t\t\t<\/div>\n\t\t\t\t<\/div>\n\t\t\t\t\t<\/div>\n\t\t\t\t<\/div>\n\t\t\t\t<section data-dce-background-overlay-color=\"rgba(5, 34, 47, 0.78)\" data-dce-background-image-url=\"https:\/\/colsucomunidadestour.allxposible.com\/wp-content\/uploads\/2022\/08\/Fondo-firmafooternovedades-1200.jpg\" class=\"elementor-section elementor-top-section elementor-element elementor-element-6e4a9de elementor-section-content-middle elementor-section-boxed elementor-section-height-default elementor-section-height-default\" data-id=\"6e4a9de\" data-element_type=\"section\" data-settings=\"{&quot;background_background&quot;:&quot;classic&quot;}\">\n\t\t\t\t\t\t\t<div class=\"elementor-background-overlay\"><\/div>\n\t\t\t\t\t\t\t<div class=\"elementor-container elementor-column-gap-extended\">\n\t\t\t\t\t<div class=\"elementor-column elementor-col-100 elementor-top-column elementor-element elementor-element-20d363a\" data-id=\"20d363a\" data-element_type=\"column\">\n\t\t\t<div class=\"elementor-widget-wrap elementor-element-populated\">\n\t\t\t\t\t\t<div class=\"elementor-element elementor-element-f84f611 elementor-widget elementor-widget-zapedah-title\" data-id=\"f84f611\" data-element_type=\"widget\" data-widget_type=\"zapedah-title.default\">\n\t\t\t\t<div class=\"elementor-widget-container\">\n\t\t\t<h2 class=\"content-title\">\u00a1Te invitamos a  <b>unirte<\/b> a nuestra comunidad hoy!<span>.<\/span>\n\n\n<\/h2>\t\t<\/div>\n\t\t\t\t<\/div>\n\t\t\t\t<div class=\"elementor-element elementor-element-8b50bca elementor-widget elementor-widget-text-editor\" data-id=\"8b50bca\" data-element_type=\"widget\" data-widget_type=\"text-editor.default\">\n\t\t\t\t<div class=\"elementor-widget-container\">\n\t\t\t\t\t\t\t<p><span style=\"font-weight: 400;\">No te pierdas toda la informaci\u00f3n sobre la actualidad del ciclismo nacional, internacional y nuestro contenido exclusivo.<\/span><\/p>\t\t\t\t\t\t<\/div>\n\t\t\t\t<\/div>\n\t\t\t\t<div class=\"elementor-element elementor-element-65965a2 elementor-widget elementor-widget-zapedah-button\" data-id=\"65965a2\" data-element_type=\"widget\" data-widget_type=\"zapedah-button.default\">\n\t\t\t\t<div class=\"elementor-widget-container\">\n\t\t\t\t\t\r\n\t\t\t<a class=\"content-btn\" href=\"#\">\r\n\r\n\t\t\t\t\r\n\t\t\t\tReg\u00edstrate aqu\u00ed\t\t\t<\/a>\r\n\r\n\t\t\r\n\t\t\t<\/div>\n\t\t\t\t<\/div>\n\t\t\t\t\t<\/div>\n\t\t<\/div>\n\t\t\t\t\t<\/div>\n\t\t<\/section>\n\t\t\t\t<\/div>\n\t\t","protected":false},"excerpt":{"rendered":"<p>Accesorios infaltables para un ciclismo m\u00e1s seguro y eficiente \u00a1No te puedes perder los productos de los que te vamos a hablar para la bicicleta! El mundo de los accesorios va cambiando la forma en que experimentamos el ciclismo. Desde cascos inteligentes hasta sistemas de iluminaci\u00f3n de \u00faltima generaci\u00f3n, prep\u00e1rate para descubrir c\u00f3mo estos gadgets est\u00e1n llevando la pasi\u00f3n por &hellip;<\/p>\n","protected":false},"author":5359,"featured_media":0,"parent":0,"menu_order":0,"comment_status":"closed","ping_status":"closed","template":"blank-builder.php","meta":{"_acf_changed":false,"_monsterinsights_skip_tracking":false,"_monsterinsights_sitenote_active":false,"_monsterinsights_sitenote_note":"","_monsterinsights_sitenote_category":0,"footnotes":""},"class_list":["post-21265","page","type-page","status-publish","hentry"],"acf":[],"aioseo_notices":[],"_links":{"self":[{"href":"https:\/\/2021.allxposible.com\/tour\/wp-json\/wp\/v2\/pages\/21265","targetHints":{"allow":["GET"]}}],"collection":[{"href":"https:\/\/2021.allxposible.com\/tour\/wp-json\/wp\/v2\/pages"}],"about":[{"href":"https:\/\/2021.allxposible.com\/tour\/wp-json\/wp\/v2\/types\/page"}],"author":[{"embeddable":true,"href":"https:\/\/2021.allxposible.com\/tour\/wp-json\/wp\/v2\/users\/5359"}],"replies":[{"embeddable":true,"href":"https:\/\/2021.allxposible.com\/tour\/wp-json\/wp\/v2\/comments?post=21265"}],"version-history":[{"count":0,"href":"https:\/\/2021.allxposible.com\/tour\/wp-json\/wp\/v2\/pages\/21265\/revisions"}],"wp:attachment":[{"href":"https:\/\/2021.allxposible.com\/tour\/wp-json\/wp\/v2\/media?parent=21265"}],"curies":[{"name":"wp","href":"https:\/\/api.w.org\/{rel}","templated":true}]}}