{"id":21252,"date":"2024-04-23T10:23:27","date_gmt":"2024-04-23T15:23:27","guid":{"rendered":"https:\/\/2021.allxposible.com\/tour\/?page_id=21252"},"modified":"2024-05-22T11:36:51","modified_gmt":"2024-05-22T16:36:51","slug":"descubre-el-fascinante-mundo-del-ciclismo-a-traves-del-arte","status":"publish","type":"page","link":"https:\/\/2021.allxposible.com\/tour\/descubre-el-fascinante-mundo-del-ciclismo-a-traves-del-arte\/","title":{"rendered":"Descubre el Fascinante mundo del ciclismo a trav\u00e9s del arte"},"content":{"rendered":"\t\t<div data-elementor-type=\"wp-page\" data-elementor-id=\"21252\" class=\"elementor elementor-21252\" data-elementor-post-type=\"page\">\n\t\t\t\t\t\t<section data-dce-background-overlay-color=\"rgba(5, 34, 47, 0.78)\" data-dce-background-image-url=\"https:\/\/2021.allxposible.com\/tour\/wp-content\/uploads\/2024\/04\/miniatura3.png\" class=\"elementor-section elementor-top-section elementor-element elementor-element-8a6384a elementor-section-full_width elementor-section-height-default elementor-section-height-default\" data-id=\"8a6384a\" data-element_type=\"section\" data-settings=\"{&quot;background_background&quot;:&quot;classic&quot;}\">\n\t\t\t\t\t\t\t<div class=\"elementor-background-overlay\"><\/div>\n\t\t\t\t\t\t\t<div class=\"elementor-container elementor-column-gap-extended\">\n\t\t\t\t\t<div class=\"elementor-column elementor-col-100 elementor-top-column elementor-element elementor-element-9c7ba51\" data-id=\"9c7ba51\" data-element_type=\"column\">\n\t\t\t<div class=\"elementor-widget-wrap elementor-element-populated\">\n\t\t\t\t\t\t<div class=\"elementor-element elementor-element-5679f91 elementor-widget elementor-widget-zapedah-title\" data-id=\"5679f91\" data-element_type=\"widget\" data-widget_type=\"zapedah-title.default\">\n\t\t\t\t<div class=\"elementor-widget-container\">\n\t\t\t<h2 class=\"content-title\">\u00a1Descubre el Fascinante mundo del ciclismo a trav\u00e9s del arte!<\/h2>\t\t<\/div>\n\t\t\t\t<\/div>\n\t\t\t\t\t<\/div>\n\t\t<\/div>\n\t\t\t\t\t<\/div>\n\t\t<\/section>\n\t\t<div class=\"elementor-element elementor-element-98b5c81 e-flex e-con-boxed e-con e-parent\" data-id=\"98b5c81\" data-element_type=\"container\">\n\t\t\t\t\t<div class=\"e-con-inner\">\n\t\t\t\t<div class=\"elementor-element elementor-element-b7edf8c elementor-widget elementor-widget-spacer\" data-id=\"b7edf8c\" data-element_type=\"widget\" data-widget_type=\"spacer.default\">\n\t\t\t\t<div class=\"elementor-widget-container\">\n\t\t\t\t\t<div class=\"elementor-spacer\">\n\t\t\t<div class=\"elementor-spacer-inner\"><\/div>\n\t\t<\/div>\n\t\t\t\t<\/div>\n\t\t\t\t<\/div>\n\t\t\t\t<div class=\"elementor-element elementor-element-9e6d6d6 elementor-widget elementor-widget-text-editor\" data-id=\"9e6d6d6\" data-element_type=\"widget\" data-widget_type=\"text-editor.default\">\n\t\t\t\t<div class=\"elementor-widget-container\">\n\t\t\t\t\t\t\t<p><span style=\"font-weight: 400;\">Si eres <strong>amante del ciclismo y el arte<\/strong>, esto es para ti. Hoy nos adentramos en un emocionante viaje a trav\u00e9s de la historia del ciclismo, pero con un giro art\u00edstico. A lo largo de los a\u00f1os, este apasionante <strong>deporte ha inspirado a innumerables artistas y fot\u00f3grafos<\/strong> a capturar momentos \u00fanicos y emocionantes que han quedado inmortalizados en obras de arte y fotograf\u00edas. Acomp\u00e1\u00f1anos mientras aprenciamos algunas de las piezas m\u00e1s destacadas que han capturado la esencia y la emoci\u00f3n del ciclismo a lo largo de los a\u00f1os.<\/span><\/p><h3><strong>&#8220;Llegada al Tour de Francia&#8221; de Georges Becker<\/strong><\/h3><p><span style=\"font-weight: 400;\">Esta ic\u00f3nica pintura representa la llegada de los ciclistas al Tour de Francia, una de las competiciones m\u00e1s emblem\u00e1ticas del mundo del ciclismo. La obra de Georges Becker captura la emoci\u00f3n y la intensidad del momento, con los corredores llegando a la meta despu\u00e9s de haber recorrido largas distancias y superado numerosos desaf\u00edos. Esta obra nos transporta al coraz\u00f3n de la acci\u00f3n y nos hace sentir la emoci\u00f3n del ciclismo de competici\u00f3n.<\/span><\/p><h3><strong>Fotograf\u00edas de Jacques Henri Lartigue<\/strong><\/h3><p><span style=\"font-weight: 400;\">Jacques Henri Lartigue, reconocido fot\u00f3grafo franc\u00e9s, captur\u00f3 numerosas im\u00e1genes del ciclismo a lo largo de su carrera. Sus fotograf\u00edas documentan la belleza y la elegancia de este deporte, desde im\u00e1genes de corredores en plena acci\u00f3n hasta retratos \u00edntimos de ciclistas durante momentos de descanso. Sus obras nos permiten apreciar la gracia y la destreza de los ciclistas, as\u00ed como la pasi\u00f3n y la emoci\u00f3n.<\/span><\/p><h3>\u00a0<\/h3><h3><strong>&#8220;El Ciclista&#8221; de Umberto Boccioni<\/strong><\/h3><p><span style=\"font-weight: 400;\">Esta famosa pintura del artista italiano Umberto Boccioni representa a un ciclista en pleno movimiento, capturando la velocidad y la energ\u00eda din\u00e1mica del deporte. La obra, creada en 1913, es un ejemplo impresionante del futurismo italiano y refleja la fascinaci\u00f3n de los artistas de la \u00e9poca por la velocidad y la modernidad. &#8220;El Ciclista&#8221; es una celebraci\u00f3n del poder y la belleza del ciclismo, y sigue siendo una de las obras m\u00e1s emblem\u00e1ticas inspiradas en este deporte.<\/span><\/p><p><img fetchpriority=\"high\" decoding=\"async\" class=\" wp-image-21254 aligncenter\" src=\"https:\/\/2021.allxposible.com\/tour\/wp-content\/uploads\/2024\/04\/unnamed-2-300x217.jpg\" alt=\"\" width=\"296\" height=\"214\" srcset=\"https:\/\/2021.allxposible.com\/tour\/wp-content\/uploads\/2024\/04\/unnamed-2-300x217.jpg 300w, https:\/\/2021.allxposible.com\/tour\/wp-content\/uploads\/2024\/04\/unnamed-2.jpg 512w\" sizes=\"(max-width: 296px) 100vw, 296px\" \/><\/p><p><span style=\"font-weight: 400;\"><strong>A lo largo de la historia, el ciclismo ha sido una fuente constante de inspiraci\u00f3n para artistas y fot\u00f3grafos de todo el mundo.<\/strong> Te invitamos a unirte a la comunidad de Tour Colsubsidio donde te compartiremos estos incre\u00edbles datos en el mundo del ciclismo, all\u00ed podr\u00e1s encontrar personas con las que podr\u00e1s crear v\u00ednculos y comparten la misma pasi\u00f3n. As\u00ed que la pr\u00f3xima vez que te subas a tu bicicleta, recuerda que est\u00e1s participando en una tradici\u00f3n que ha inspirado a generaciones de artistas a lo largo de los a\u00f1os. \u00a1Pedalea con orgullo y sigue explorando el fascinante mundo del ciclismo! \ud83d\udeb4\ud83c\udfa8\ud83d\udcf7<\/span><\/p><p><strong>#Tour #Colsubsidio #Arte #Fotografia #Momentos #Iconicos #Inspirar #Piezas<\/strong><\/p>\t\t\t\t\t\t<\/div>\n\t\t\t\t<\/div>\n\t\t\t\t\t<\/div>\n\t\t\t\t<\/div>\n\t\t\t\t<section data-dce-background-overlay-color=\"rgba(5, 34, 47, 0.78)\" data-dce-background-image-url=\"https:\/\/colsucomunidadestour.allxposible.com\/wp-content\/uploads\/2022\/08\/Fondo-firmafooternovedades-1200.jpg\" class=\"elementor-section elementor-top-section elementor-element elementor-element-6e4a9de elementor-section-content-middle elementor-section-boxed elementor-section-height-default elementor-section-height-default\" data-id=\"6e4a9de\" data-element_type=\"section\" data-settings=\"{&quot;background_background&quot;:&quot;classic&quot;}\">\n\t\t\t\t\t\t\t<div class=\"elementor-background-overlay\"><\/div>\n\t\t\t\t\t\t\t<div class=\"elementor-container elementor-column-gap-extended\">\n\t\t\t\t\t<div class=\"elementor-column elementor-col-100 elementor-top-column elementor-element elementor-element-20d363a\" data-id=\"20d363a\" data-element_type=\"column\">\n\t\t\t<div class=\"elementor-widget-wrap elementor-element-populated\">\n\t\t\t\t\t\t<div class=\"elementor-element elementor-element-f84f611 elementor-widget elementor-widget-zapedah-title\" data-id=\"f84f611\" data-element_type=\"widget\" data-widget_type=\"zapedah-title.default\">\n\t\t\t\t<div class=\"elementor-widget-container\">\n\t\t\t<h2 class=\"content-title\">\u00a1Te invitamos a  <b>unirte<\/b> a nuestra comunidad hoy!<span>.<\/span>\n\n\n<\/h2>\t\t<\/div>\n\t\t\t\t<\/div>\n\t\t\t\t<div class=\"elementor-element elementor-element-8b50bca elementor-widget elementor-widget-text-editor\" data-id=\"8b50bca\" data-element_type=\"widget\" data-widget_type=\"text-editor.default\">\n\t\t\t\t<div class=\"elementor-widget-container\">\n\t\t\t\t\t\t\t<p><span style=\"font-weight: 400;\">No te pierdas toda la informaci\u00f3n sobre la actualidad del ciclismo nacional, internacional y nuestro contenido exclusivo.<\/span><\/p>\t\t\t\t\t\t<\/div>\n\t\t\t\t<\/div>\n\t\t\t\t<div class=\"elementor-element elementor-element-65965a2 elementor-widget elementor-widget-zapedah-button\" data-id=\"65965a2\" data-element_type=\"widget\" data-widget_type=\"zapedah-button.default\">\n\t\t\t\t<div class=\"elementor-widget-container\">\n\t\t\t\t\t\r\n\t\t\t<a class=\"content-btn\" href=\"#\">\r\n\r\n\t\t\t\t\r\n\t\t\t\tReg\u00edstrate aqu\u00ed\t\t\t<\/a>\r\n\r\n\t\t\r\n\t\t\t<\/div>\n\t\t\t\t<\/div>\n\t\t\t\t\t<\/div>\n\t\t<\/div>\n\t\t\t\t\t<\/div>\n\t\t<\/section>\n\t\t\t\t<\/div>\n\t\t","protected":false},"excerpt":{"rendered":"<p>\u00a1Descubre el Fascinante mundo del ciclismo a trav\u00e9s del arte! Si eres amante del ciclismo y el arte, esto es para ti. Hoy nos adentramos en un emocionante viaje a trav\u00e9s de la historia del ciclismo, pero con un giro art\u00edstico. A lo largo de los a\u00f1os, este apasionante deporte ha inspirado a innumerables artistas y fot\u00f3grafos a capturar momentos &hellip;<\/p>\n","protected":false},"author":5359,"featured_media":0,"parent":0,"menu_order":0,"comment_status":"closed","ping_status":"closed","template":"blank-builder.php","meta":{"_acf_changed":false,"_monsterinsights_skip_tracking":false,"_monsterinsights_sitenote_active":false,"_monsterinsights_sitenote_note":"","_monsterinsights_sitenote_category":0,"footnotes":""},"class_list":["post-21252","page","type-page","status-publish","hentry"],"acf":[],"aioseo_notices":[],"_links":{"self":[{"href":"https:\/\/2021.allxposible.com\/tour\/wp-json\/wp\/v2\/pages\/21252","targetHints":{"allow":["GET"]}}],"collection":[{"href":"https:\/\/2021.allxposible.com\/tour\/wp-json\/wp\/v2\/pages"}],"about":[{"href":"https:\/\/2021.allxposible.com\/tour\/wp-json\/wp\/v2\/types\/page"}],"author":[{"embeddable":true,"href":"https:\/\/2021.allxposible.com\/tour\/wp-json\/wp\/v2\/users\/5359"}],"replies":[{"embeddable":true,"href":"https:\/\/2021.allxposible.com\/tour\/wp-json\/wp\/v2\/comments?post=21252"}],"version-history":[{"count":0,"href":"https:\/\/2021.allxposible.com\/tour\/wp-json\/wp\/v2\/pages\/21252\/revisions"}],"wp:attachment":[{"href":"https:\/\/2021.allxposible.com\/tour\/wp-json\/wp\/v2\/media?parent=21252"}],"curies":[{"name":"wp","href":"https:\/\/api.w.org\/{rel}","templated":true}]}}