{"id":21199,"date":"2024-04-18T16:45:43","date_gmt":"2024-04-18T21:45:43","guid":{"rendered":"https:\/\/2021.allxposible.com\/tour\/?page_id=21199"},"modified":"2024-05-22T11:23:16","modified_gmt":"2024-05-22T16:23:16","slug":"alimentos-que-estan-en-pro-a-tu-vida-de-ciclista","status":"publish","type":"page","link":"https:\/\/2021.allxposible.com\/tour\/alimentos-que-estan-en-pro-a-tu-vida-de-ciclista\/","title":{"rendered":"Alimentos que est\u00e1n en pro a tu vida de ciclista"},"content":{"rendered":"\t\t<div data-elementor-type=\"wp-page\" data-elementor-id=\"21199\" class=\"elementor elementor-21199\" data-elementor-post-type=\"page\">\n\t\t\t\t\t\t<section data-dce-background-overlay-color=\"rgba(5, 34, 47, 0.78)\" data-dce-background-image-url=\"https:\/\/2021.allxposible.com\/tour\/wp-content\/uploads\/2023\/08\/nuevas-tecnologias-en-el-ciclismo-1620x1080px.png\" class=\"elementor-section elementor-top-section elementor-element elementor-element-8a6384a elementor-section-full_width elementor-section-height-default elementor-section-height-default\" data-id=\"8a6384a\" data-element_type=\"section\" data-settings=\"{&quot;background_background&quot;:&quot;classic&quot;}\">\n\t\t\t\t\t\t\t<div class=\"elementor-background-overlay\"><\/div>\n\t\t\t\t\t\t\t<div class=\"elementor-container elementor-column-gap-extended\">\n\t\t\t\t\t<div class=\"elementor-column elementor-col-100 elementor-top-column elementor-element elementor-element-9c7ba51\" data-id=\"9c7ba51\" data-element_type=\"column\">\n\t\t\t<div class=\"elementor-widget-wrap elementor-element-populated\">\n\t\t\t\t\t\t<div class=\"elementor-element elementor-element-5679f91 elementor-widget elementor-widget-zapedah-title\" data-id=\"5679f91\" data-element_type=\"widget\" data-widget_type=\"zapedah-title.default\">\n\t\t\t\t<div class=\"elementor-widget-container\">\n\t\t\t<h2 class=\"content-title\">Alimentos que est\u00e1n en pro a tu vida de ciclista<\/h2>\t\t<\/div>\n\t\t\t\t<\/div>\n\t\t\t\t\t<\/div>\n\t\t<\/div>\n\t\t\t\t\t<\/div>\n\t\t<\/section>\n\t\t<div class=\"elementor-element elementor-element-98b5c81 e-flex e-con-boxed e-con e-parent\" data-id=\"98b5c81\" data-element_type=\"container\">\n\t\t\t\t\t<div class=\"e-con-inner\">\n\t\t\t\t<div class=\"elementor-element elementor-element-b7edf8c elementor-widget elementor-widget-spacer\" data-id=\"b7edf8c\" data-element_type=\"widget\" data-widget_type=\"spacer.default\">\n\t\t\t\t<div class=\"elementor-widget-container\">\n\t\t\t\t\t<div class=\"elementor-spacer\">\n\t\t\t<div class=\"elementor-spacer-inner\"><\/div>\n\t\t<\/div>\n\t\t\t\t<\/div>\n\t\t\t\t<\/div>\n\t\t\t\t<div class=\"elementor-element elementor-element-3a6d608 elementor-widget elementor-widget-heading\" data-id=\"3a6d608\" data-element_type=\"widget\" data-widget_type=\"heading.default\">\n\t\t\t\t<div class=\"elementor-widget-container\">\n\t\t\t<h2 class=\"elementor-heading-title elementor-size-default\">\u00a1Vamos a pedalear por una vida sana! Prepara el combustible que te ayudar\u00e1.<\/h2>\t\t<\/div>\n\t\t\t\t<\/div>\n\t\t\t\t<div class=\"elementor-element elementor-element-6964a55 elementor-widget elementor-widget-text-editor\" data-id=\"6964a55\" data-element_type=\"widget\" data-widget_type=\"text-editor.default\">\n\t\t\t\t<div class=\"elementor-widget-container\">\n\t\t\t\t\t\t\t<p><span style=\"font-weight: 400;\">Amante de las dos ruedas, esto es para ti&#8230; No es un secreto que la alimentaci\u00f3n es clave para maximizar tu rendimiento y disfrutar completamente de tus rutas sobre la bicicleta. Aqu\u00ed van unos alimentos esenciales que puedes incorporar en tu rutina diaria, digamos que son esas ayudas para potenciar tus habilidades en el gran deporte del ciclismo.<\/span><\/p><p><span style=\"font-weight: 400;\">Te recomiendo consumir:\u00a0<\/span><\/p>\t\t\t\t\t\t<\/div>\n\t\t\t\t<\/div>\n\t\t\t\t<div class=\"elementor-element elementor-element-9e6d6d6 elementor-widget elementor-widget-text-editor\" data-id=\"9e6d6d6\" data-element_type=\"widget\" data-widget_type=\"text-editor.default\">\n\t\t\t\t<div class=\"elementor-widget-container\">\n\t\t\t\t\t\t\t<h3><strong>Banano<\/strong><\/h3><p><span style=\"font-weight: 400;\">Este es el snack perfecto para los ciclistas, son ricos en carbohidratos y potasio, proporcionan un impulso r\u00e1pido de energ\u00eda y tambi\u00e9n ayudan a prevenir calambres musculares. Puedes llevarlos de una manera pr\u00e1ctica dentro de tu bolso y comer cuando desees.<\/span><\/p><h3><strong>Aguacate<\/strong><\/h3><p><span style=\"font-weight: 400;\">El aguacate es una fuente rica de grasas saludables, ideal para mantener tu energ\u00eda durante las rutas largas. \u00dasalos en s\u00e1ndwiches, ensaladas o incluso como acompa\u00f1amiento. Este ingrediente tiene la ventaja de ser vers\u00e1til.\u00a0<\/span><\/p><h3><strong>Bocadillo\u00a0<\/strong><\/h3><p><span style=\"font-weight: 400;\">Este es un ingrediente Colombianisimo <\/span><span style=\"font-weight: 400;\">, b\u00e1sicamente una tradici\u00f3n en el mundo del ciclismo ac\u00e1 en Colombia porque se ha convertido en una fuente de energ\u00eda r\u00e1pida que puedes encontrar de manera local y<\/span><span style=\"font-weight: 400;\"> contiene <\/span><span style=\"font-weight: 400;\">vitamina C, ideal para los deportistas<\/span><span style=\"font-weight: 400;\">. \u00a1Un tip alimenticio que definitivamente no te puedes perder!\u00a0<\/span><\/p><h3><strong>Pollo<\/strong><\/h3><p><span style=\"font-weight: 400;\">El pollo definitivamente es clave para la reparaci\u00f3n muscular. El pollo, magro y lleno de prote\u00ednas, es una opci\u00f3n excelente. Puedes a\u00f1adirlo en tus comidas y asegurarte de obtener el combustible necesario para tus m\u00fasculos.<\/span><\/p><h3><strong>Yogur Griego\u00a0<\/strong><\/h3><p><span style=\"font-weight: 400;\">Despu\u00e9s de una intensa sesi\u00f3n de ciclismo, el yogur griego te brindar\u00e1 prote\u00ednas para la recuperaci\u00f3n muscular. Adem\u00e1s, sus probi\u00f3ticos favorecen la salud digestiva.<\/span><\/p><p><em><strong>\u00a1Con estos alimentos, tu vida de ciclista estar\u00e1 m\u00e1s completa que nunca!\u00a0<\/strong><\/em><\/p><p><span style=\"font-weight: 400;\">\u00danete a la comunidad Tour Colsubsidio, comparte y lee estos datos con nosotros. All\u00ed tambi\u00e9n encontrar\u00e1s deliciosas recetas y m\u00e1s consejos para tu vida en el mundo del ciclismo. Aseg\u00farate de disfrutar cada pedalada con la energ\u00eda que tu cuerpo merece. \u00a1Felices rutas y buen provecho!\u00a0<\/span><\/p><p><strong>#Tour #Bicicletas #Ingredientes #Comidas #Rutas #Alimentos #Esenciales #Nutritivos <\/strong><\/p>\t\t\t\t\t\t<\/div>\n\t\t\t\t<\/div>\n\t\t\t\t\t<\/div>\n\t\t\t\t<\/div>\n\t\t\t\t<section data-dce-background-overlay-color=\"rgba(5, 34, 47, 0.78)\" data-dce-background-image-url=\"https:\/\/colsucomunidadestour.allxposible.com\/wp-content\/uploads\/2022\/08\/Fondo-firmafooternovedades-1200.jpg\" class=\"elementor-section elementor-top-section elementor-element elementor-element-6e4a9de elementor-section-content-middle elementor-section-boxed elementor-section-height-default elementor-section-height-default\" data-id=\"6e4a9de\" data-element_type=\"section\" data-settings=\"{&quot;background_background&quot;:&quot;classic&quot;}\">\n\t\t\t\t\t\t\t<div class=\"elementor-background-overlay\"><\/div>\n\t\t\t\t\t\t\t<div class=\"elementor-container elementor-column-gap-extended\">\n\t\t\t\t\t<div class=\"elementor-column elementor-col-100 elementor-top-column elementor-element elementor-element-20d363a\" data-id=\"20d363a\" data-element_type=\"column\">\n\t\t\t<div class=\"elementor-widget-wrap elementor-element-populated\">\n\t\t\t\t\t\t<div class=\"elementor-element elementor-element-f84f611 elementor-widget elementor-widget-zapedah-title\" data-id=\"f84f611\" data-element_type=\"widget\" data-widget_type=\"zapedah-title.default\">\n\t\t\t\t<div class=\"elementor-widget-container\">\n\t\t\t<h2 class=\"content-title\">\u00a1Te invitamos a  <b>unirte<\/b> a nuestra comunidad hoy!<span>.<\/span>\n\n\n<\/h2>\t\t<\/div>\n\t\t\t\t<\/div>\n\t\t\t\t<div class=\"elementor-element elementor-element-8b50bca elementor-widget elementor-widget-text-editor\" data-id=\"8b50bca\" data-element_type=\"widget\" data-widget_type=\"text-editor.default\">\n\t\t\t\t<div class=\"elementor-widget-container\">\n\t\t\t\t\t\t\t<p><span style=\"font-weight: 400;\">No te pierdas toda la informaci\u00f3n sobre la actualidad del ciclismo nacional, internacional y nuestro contenido exclusivo.<\/span><\/p>\t\t\t\t\t\t<\/div>\n\t\t\t\t<\/div>\n\t\t\t\t<div class=\"elementor-element elementor-element-65965a2 elementor-widget elementor-widget-zapedah-button\" data-id=\"65965a2\" data-element_type=\"widget\" data-widget_type=\"zapedah-button.default\">\n\t\t\t\t<div class=\"elementor-widget-container\">\n\t\t\t\t\t\r\n\t\t\t<a class=\"content-btn\" href=\"#\">\r\n\r\n\t\t\t\t\r\n\t\t\t\tReg\u00edstrate aqu\u00ed\t\t\t<\/a>\r\n\r\n\t\t\r\n\t\t\t<\/div>\n\t\t\t\t<\/div>\n\t\t\t\t\t<\/div>\n\t\t<\/div>\n\t\t\t\t\t<\/div>\n\t\t<\/section>\n\t\t\t\t<\/div>\n\t\t","protected":false},"excerpt":{"rendered":"<p>Alimentos que est\u00e1n en pro a tu vida de ciclista \u00a1Vamos a pedalear por una vida sana! Prepara el combustible que te ayudar\u00e1. Amante de las dos ruedas, esto es para ti&#8230; No es un secreto que la alimentaci\u00f3n es clave para maximizar tu rendimiento y disfrutar completamente de tus rutas sobre la bicicleta. Aqu\u00ed van unos alimentos esenciales que &hellip;<\/p>\n","protected":false},"author":5359,"featured_media":0,"parent":0,"menu_order":0,"comment_status":"closed","ping_status":"closed","template":"blank-builder.php","meta":{"_acf_changed":false,"_monsterinsights_skip_tracking":false,"_monsterinsights_sitenote_active":false,"_monsterinsights_sitenote_note":"","_monsterinsights_sitenote_category":0,"footnotes":""},"class_list":["post-21199","page","type-page","status-publish","hentry"],"acf":[],"aioseo_notices":[],"_links":{"self":[{"href":"https:\/\/2021.allxposible.com\/tour\/wp-json\/wp\/v2\/pages\/21199","targetHints":{"allow":["GET"]}}],"collection":[{"href":"https:\/\/2021.allxposible.com\/tour\/wp-json\/wp\/v2\/pages"}],"about":[{"href":"https:\/\/2021.allxposible.com\/tour\/wp-json\/wp\/v2\/types\/page"}],"author":[{"embeddable":true,"href":"https:\/\/2021.allxposible.com\/tour\/wp-json\/wp\/v2\/users\/5359"}],"replies":[{"embeddable":true,"href":"https:\/\/2021.allxposible.com\/tour\/wp-json\/wp\/v2\/comments?post=21199"}],"version-history":[{"count":0,"href":"https:\/\/2021.allxposible.com\/tour\/wp-json\/wp\/v2\/pages\/21199\/revisions"}],"wp:attachment":[{"href":"https:\/\/2021.allxposible.com\/tour\/wp-json\/wp\/v2\/media?parent=21199"}],"curies":[{"name":"wp","href":"https:\/\/api.w.org\/{rel}","templated":true}]}}