{"id":21158,"date":"2024-04-16T20:43:29","date_gmt":"2024-04-17T01:43:29","guid":{"rendered":"https:\/\/2021.allxposible.com\/tour\/?page_id=21158"},"modified":"2024-05-22T11:34:48","modified_gmt":"2024-05-22T16:34:48","slug":"como-mejorar-la-respiracion-en-el-ciclismo","status":"publish","type":"page","link":"https:\/\/2021.allxposible.com\/tour\/como-mejorar-la-respiracion-en-el-ciclismo\/","title":{"rendered":"C\u00f3mo mejorar la respiraci\u00f3n en el ciclismo"},"content":{"rendered":"\t\t<div data-elementor-type=\"wp-page\" data-elementor-id=\"21158\" class=\"elementor elementor-21158\" data-elementor-post-type=\"page\">\n\t\t\t\t\t\t<section data-dce-background-overlay-color=\"rgba(5, 34, 47, 0.78)\" data-dce-background-image-url=\"https:\/\/2021.allxposible.com\/tour\/wp-content\/uploads\/2023\/08\/nuevas-tecnologias-en-el-ciclismo-1620x1080px.png\" class=\"elementor-section elementor-top-section elementor-element elementor-element-8a6384a elementor-section-full_width elementor-section-height-default elementor-section-height-default\" data-id=\"8a6384a\" data-element_type=\"section\" data-settings=\"{&quot;background_background&quot;:&quot;classic&quot;}\">\n\t\t\t\t\t\t\t<div class=\"elementor-background-overlay\"><\/div>\n\t\t\t\t\t\t\t<div class=\"elementor-container elementor-column-gap-extended\">\n\t\t\t\t\t<div class=\"elementor-column elementor-col-100 elementor-top-column elementor-element elementor-element-9c7ba51\" data-id=\"9c7ba51\" data-element_type=\"column\">\n\t\t\t<div class=\"elementor-widget-wrap elementor-element-populated\">\n\t\t\t\t\t\t<div class=\"elementor-element elementor-element-5679f91 elementor-widget elementor-widget-zapedah-title\" data-id=\"5679f91\" data-element_type=\"widget\" data-widget_type=\"zapedah-title.default\">\n\t\t\t\t<div class=\"elementor-widget-container\">\n\t\t\t<h2 class=\"content-title\">C\u00f3mo mejorar la respiraci\u00f3n en el ciclismo<\/h2>\t\t<\/div>\n\t\t\t\t<\/div>\n\t\t\t\t\t<\/div>\n\t\t<\/div>\n\t\t\t\t\t<\/div>\n\t\t<\/section>\n\t\t<div class=\"elementor-element elementor-element-98b5c81 e-flex e-con-boxed e-con e-parent\" data-id=\"98b5c81\" data-element_type=\"container\">\n\t\t\t\t\t<div class=\"e-con-inner\">\n\t\t\t\t<div class=\"elementor-element elementor-element-b7edf8c elementor-widget elementor-widget-spacer\" data-id=\"b7edf8c\" data-element_type=\"widget\" data-widget_type=\"spacer.default\">\n\t\t\t\t<div class=\"elementor-widget-container\">\n\t\t\t\t\t<div class=\"elementor-spacer\">\n\t\t\t<div class=\"elementor-spacer-inner\"><\/div>\n\t\t<\/div>\n\t\t\t\t<\/div>\n\t\t\t\t<\/div>\n\t\t\t\t<div class=\"elementor-element elementor-element-3a6d608 elementor-widget elementor-widget-heading\" data-id=\"3a6d608\" data-element_type=\"widget\" data-widget_type=\"heading.default\">\n\t\t\t\t<div class=\"elementor-widget-container\">\n\t\t\t<h2 class=\"elementor-heading-title elementor-size-default\">\u00a1Respira, pedalea y disfruta!<\/h2>\t\t<\/div>\n\t\t\t\t<\/div>\n\t\t\t\t<div class=\"elementor-element elementor-element-6964a55 elementor-widget elementor-widget-text-editor\" data-id=\"6964a55\" data-element_type=\"widget\" data-widget_type=\"text-editor.default\">\n\t\t\t\t<div class=\"elementor-widget-container\">\n\t\t\t\t\t\t\t<p><span style=\"font-weight: 400;\">\u00bfAlguna vez te has preguntado si est\u00e1s respirando correctamente mientras disfrutas de tu ruta en bicicleta? \u00bfCu\u00e1les son esas t\u00e9cnicas de respiraci\u00f3n que te ayudar\u00e1n a mejorar el rendimiento? \u00a1Hoy revelaremos los secretos de la respiraci\u00f3n eficiente para maximizar tu ritmo y disfrutar al m\u00e1ximo de cada ruta! Aqu\u00ed van algunos consejos r\u00e1pidos y pr\u00e1cticos que puedes aplicar:<\/span><\/p><ul><li style=\"font-weight: 400;\" aria-level=\"1\"><h3><strong>Respiraci\u00f3n Profunda Abdominal<\/strong><\/h3><\/li><\/ul><ol><li><span style=\"font-weight: 400;\"> Cuando est\u00e1s en la bicicleta, aseg\u00farate de realizar respiraciones profundas que llenan tus pulmones por completo.<\/span><\/li><li><span style=\"font-weight: 400;\"> En lugar de respirar solo con el pecho, lleva el aire hacia el abdomen. Esto maximiza la capacidad pulmonar.<\/span><\/li><\/ol><ul><li style=\"font-weight: 400;\" aria-level=\"1\"><h3><strong>Ritmo sincronizado con el pedaleo<\/strong><\/h3><\/li><\/ul><ol><li><span style=\"font-weight: 400;\"> Coordina tu ritmo de respiraci\u00f3n con el pedaleo.\u00a0<\/span><\/li><li><span style=\"font-weight: 400;\"> Inhala durante la fase de subida del pedal y exhala durante la fase de bajada.\u00a0<\/span><\/li><\/ol><ul><li style=\"font-weight: 400;\" aria-level=\"1\"><h3><strong>Respiraci\u00f3n r\u00edtmica:<\/strong><\/h3><\/li><\/ul><ol><li><span style=\"font-weight: 400;\"> Inhala durante tres pedaladas y exhalar durante otras tres.<\/span><\/li><li><span style=\"font-weight: 400;\"> Encuentra tu conteo ideal y \u00fasalo para mantenerte en sinton\u00eda con tu cuerpo.<\/span><\/li><\/ol><ul><li style=\"font-weight: 400;\" aria-level=\"1\"><h3><strong>Exhalaci\u00f3n Completa<\/strong><\/h3><\/li><\/ul><ol><li><span style=\"font-weight: 400;\"> Aseg\u00farate de exhalar completamente en cada respiraci\u00f3n.<\/span><\/li><li><span style=\"font-weight: 400;\"> Siempre inhala por la nariz y exhala por la boca.<\/span><\/li><li><span style=\"font-weight: 400;\"><span style=\"font-weight: 400;\"> Al exhalar, genera un sonido silbante y observa c\u00f3mo el abdomen y el pecho se mueven como olas, subiendo y bajando con un movimiento uniforme.<\/span><\/span><p>\u00a0<\/p><\/li><\/ol><p><span style=\"font-weight: 400;\">Si quieres saber estos tips y m\u00e1s <strong>\u00fanete a la comunidad de Tour Colsubsidio<\/strong>, aprovecha al m\u00e1ximo tu entorno. Comparte esta \u00fatil informaci\u00f3n con tus colegas y amigos ciclistas porque el aire fresco y puro mientras pedaleas es un regalo de la naturaleza para mejorar la calidad de tu respiraci\u00f3n.\u00a0<\/span><\/p><p><span style=\"font-weight: 400;\">\u00a1Esta dosis de parar y pensar la manera en la que est\u00e1s respirando te dejar\u00e1 cambios notorios en tu progreso como ciclista!<\/span><\/p><p><span style=\"font-weight: 400;\">\u00a1Como en la vida, las subidas y bajadas, tu respiraci\u00f3n es clave! \ud83d\udeb5\u200d\u2642\ufe0f\ud83d\udca8<\/span><\/p><p><strong>#Tour #T\u00e9cnicas #Respiraci\u00f3n #Clave #Rodadas #Bicicletas #Aire<\/strong><\/p>\t\t\t\t\t\t<\/div>\n\t\t\t\t<\/div>\n\t\t\t\t<div class=\"elementor-element elementor-element-b06043f dce_masking-none elementor-widget elementor-widget-image\" data-id=\"b06043f\" data-element_type=\"widget\" data-widget_type=\"image.default\">\n\t\t\t\t<div class=\"elementor-widget-container\">\n\t\t\t\t\t\t\t\t\t\t\t\t\t<img fetchpriority=\"high\" decoding=\"async\" width=\"480\" height=\"480\" src=\"https:\/\/2021.allxposible.com\/tour\/wp-content\/uploads\/2024\/04\/unnamed-1.gif\" class=\"attachment-large size-large wp-image-21161\" alt=\"\" \/>\t\t\t\t\t\t\t\t\t\t\t\t\t<\/div>\n\t\t\t\t<\/div>\n\t\t\t\t\t<\/div>\n\t\t\t\t<\/div>\n\t\t\t\t<section data-dce-background-overlay-color=\"rgba(5, 34, 47, 0.78)\" data-dce-background-image-url=\"https:\/\/colsucomunidadestour.allxposible.com\/wp-content\/uploads\/2022\/08\/Fondo-firmafooternovedades-1200.jpg\" class=\"elementor-section elementor-top-section elementor-element elementor-element-6e4a9de elementor-section-content-middle elementor-section-boxed elementor-section-height-default elementor-section-height-default\" data-id=\"6e4a9de\" data-element_type=\"section\" data-settings=\"{&quot;background_background&quot;:&quot;classic&quot;}\">\n\t\t\t\t\t\t\t<div class=\"elementor-background-overlay\"><\/div>\n\t\t\t\t\t\t\t<div class=\"elementor-container elementor-column-gap-extended\">\n\t\t\t\t\t<div class=\"elementor-column elementor-col-100 elementor-top-column elementor-element elementor-element-20d363a\" data-id=\"20d363a\" data-element_type=\"column\">\n\t\t\t<div class=\"elementor-widget-wrap elementor-element-populated\">\n\t\t\t\t\t\t<div class=\"elementor-element elementor-element-f84f611 elementor-widget elementor-widget-zapedah-title\" data-id=\"f84f611\" data-element_type=\"widget\" data-widget_type=\"zapedah-title.default\">\n\t\t\t\t<div class=\"elementor-widget-container\">\n\t\t\t<h2 class=\"content-title\">\u00a1Te invitamos a  <b>unirte<\/b> a nuestra comunidad hoy!<span>.<\/span>\n\n\n<\/h2>\t\t<\/div>\n\t\t\t\t<\/div>\n\t\t\t\t<div class=\"elementor-element elementor-element-8b50bca elementor-widget elementor-widget-text-editor\" data-id=\"8b50bca\" data-element_type=\"widget\" data-widget_type=\"text-editor.default\">\n\t\t\t\t<div class=\"elementor-widget-container\">\n\t\t\t\t\t\t\t<p><span style=\"font-weight: 400;\">No te pierdas toda la informaci\u00f3n sobre la actualidad del ciclismo nacional, internacional y nuestro contenido exclusivo.<\/span><\/p>\t\t\t\t\t\t<\/div>\n\t\t\t\t<\/div>\n\t\t\t\t<div class=\"elementor-element elementor-element-65965a2 elementor-widget elementor-widget-zapedah-button\" data-id=\"65965a2\" data-element_type=\"widget\" data-widget_type=\"zapedah-button.default\">\n\t\t\t\t<div class=\"elementor-widget-container\">\n\t\t\t\t\t\r\n\t\t\t<a class=\"content-btn\" href=\"#\">\r\n\r\n\t\t\t\t\r\n\t\t\t\tReg\u00edstrate aqu\u00ed\t\t\t<\/a>\r\n\r\n\t\t\r\n\t\t\t<\/div>\n\t\t\t\t<\/div>\n\t\t\t\t\t<\/div>\n\t\t<\/div>\n\t\t\t\t\t<\/div>\n\t\t<\/section>\n\t\t\t\t<\/div>\n\t\t","protected":false},"excerpt":{"rendered":"<p>C\u00f3mo mejorar la respiraci\u00f3n en el ciclismo \u00a1Respira, pedalea y disfruta! \u00bfAlguna vez te has preguntado si est\u00e1s respirando correctamente mientras disfrutas de tu ruta en bicicleta? \u00bfCu\u00e1les son esas t\u00e9cnicas de respiraci\u00f3n que te ayudar\u00e1n a mejorar el rendimiento? \u00a1Hoy revelaremos los secretos de la respiraci\u00f3n eficiente para maximizar tu ritmo y disfrutar al m\u00e1ximo de cada ruta! Aqu\u00ed &hellip;<\/p>\n","protected":false},"author":5359,"featured_media":0,"parent":0,"menu_order":0,"comment_status":"closed","ping_status":"closed","template":"blank-builder.php","meta":{"_acf_changed":false,"_monsterinsights_skip_tracking":false,"_monsterinsights_sitenote_active":false,"_monsterinsights_sitenote_note":"","_monsterinsights_sitenote_category":0,"footnotes":""},"class_list":["post-21158","page","type-page","status-publish","hentry"],"acf":[],"aioseo_notices":[],"_links":{"self":[{"href":"https:\/\/2021.allxposible.com\/tour\/wp-json\/wp\/v2\/pages\/21158","targetHints":{"allow":["GET"]}}],"collection":[{"href":"https:\/\/2021.allxposible.com\/tour\/wp-json\/wp\/v2\/pages"}],"about":[{"href":"https:\/\/2021.allxposible.com\/tour\/wp-json\/wp\/v2\/types\/page"}],"author":[{"embeddable":true,"href":"https:\/\/2021.allxposible.com\/tour\/wp-json\/wp\/v2\/users\/5359"}],"replies":[{"embeddable":true,"href":"https:\/\/2021.allxposible.com\/tour\/wp-json\/wp\/v2\/comments?post=21158"}],"version-history":[{"count":0,"href":"https:\/\/2021.allxposible.com\/tour\/wp-json\/wp\/v2\/pages\/21158\/revisions"}],"wp:attachment":[{"href":"https:\/\/2021.allxposible.com\/tour\/wp-json\/wp\/v2\/media?parent=21158"}],"curies":[{"name":"wp","href":"https:\/\/api.w.org\/{rel}","templated":true}]}}