{"id":20412,"date":"2024-03-27T14:21:26","date_gmt":"2024-03-27T19:21:26","guid":{"rendered":"https:\/\/2021.allxposible.com\/tour\/?page_id=20412"},"modified":"2024-05-22T11:21:03","modified_gmt":"2024-05-22T16:21:03","slug":"a-toda-velocidad-por-las-montanas-colombianas-resultados-de-mtb-downhill-y-maraton-en-colombia","status":"publish","type":"page","link":"https:\/\/2021.allxposible.com\/tour\/a-toda-velocidad-por-las-montanas-colombianas-resultados-de-mtb-downhill-y-maraton-en-colombia\/","title":{"rendered":"\u00a1A Toda Velocidad por las Monta\u00f1as Colombianas! Resultados de MTB Downhill y Marat\u00f3n en Colombia"},"content":{"rendered":"\t\t<div data-elementor-type=\"wp-page\" data-elementor-id=\"20412\" class=\"elementor elementor-20412\" data-elementor-post-type=\"page\">\n\t\t\t\t\t\t<section data-dce-background-overlay-color=\"rgba(5, 34, 47, 0.78)\" data-dce-background-image-url=\"https:\/\/2021.allxposible.com\/tour\/wp-content\/uploads\/2023\/08\/nuevas-tecnologias-en-el-ciclismo-1620x1080px.png\" class=\"elementor-section elementor-top-section elementor-element elementor-element-8a6384a elementor-section-full_width elementor-section-height-default elementor-section-height-default\" data-id=\"8a6384a\" data-element_type=\"section\" data-settings=\"{&quot;background_background&quot;:&quot;classic&quot;}\">\n\t\t\t\t\t\t\t<div class=\"elementor-background-overlay\"><\/div>\n\t\t\t\t\t\t\t<div class=\"elementor-container elementor-column-gap-extended\">\n\t\t\t\t\t<div class=\"elementor-column elementor-col-100 elementor-top-column elementor-element elementor-element-9c7ba51\" data-id=\"9c7ba51\" data-element_type=\"column\">\n\t\t\t<div class=\"elementor-widget-wrap elementor-element-populated\">\n\t\t\t\t\t\t<div class=\"elementor-element elementor-element-5679f91 elementor-widget elementor-widget-zapedah-title\" data-id=\"5679f91\" data-element_type=\"widget\" data-widget_type=\"zapedah-title.default\">\n\t\t\t\t<div class=\"elementor-widget-container\">\n\t\t\t<h2 class=\"content-title\">\u00a1A Toda Velocidad por las Monta\u00f1as Colombianas! Resultados de MTB Downhill y Marat\u00f3n en Colombia<\/h2>\t\t<\/div>\n\t\t\t\t<\/div>\n\t\t\t\t\t<\/div>\n\t\t<\/div>\n\t\t\t\t\t<\/div>\n\t\t<\/section>\n\t\t<div class=\"elementor-element elementor-element-98b5c81 e-flex e-con-boxed e-con e-parent\" data-id=\"98b5c81\" data-element_type=\"container\">\n\t\t\t\t\t<div class=\"e-con-inner\">\n\t\t\t\t<div class=\"elementor-element elementor-element-b7edf8c elementor-widget elementor-widget-spacer\" data-id=\"b7edf8c\" data-element_type=\"widget\" data-widget_type=\"spacer.default\">\n\t\t\t\t<div class=\"elementor-widget-container\">\n\t\t\t\t\t<div class=\"elementor-spacer\">\n\t\t\t<div class=\"elementor-spacer-inner\"><\/div>\n\t\t<\/div>\n\t\t\t\t<\/div>\n\t\t\t\t<\/div>\n\t\t\t\t<div class=\"elementor-element elementor-element-6964a55 elementor-widget elementor-widget-text-editor\" data-id=\"6964a55\" data-element_type=\"widget\" data-widget_type=\"text-editor.default\">\n\t\t\t\t<div class=\"elementor-widget-container\">\n\t\t\t\t\t\t\t<p><span style=\"font-weight: 400;\">\u00a1Ciclista de coraz\u00f3n y amante de nuevas experiencias, prep\u00e1rate para conocer acerca del espect\u00e1culo de adrenalina que sucedi\u00f3 en Colombia! Te presentamos los resultados del suceso que hubo del 7 al 10 de marzo en Ginebra, Valle el evento de MTB Downhill, descenso puro y emoci\u00f3n en las monta\u00f1as Colombianas. Estos fueron los resultados:\u00a0<\/span><\/p><p><strong>Nuevo campe\u00f3n en marat\u00f3n: Wilson Rodr\u00edguez<\/strong><\/p><p><span style=\"font-weight: 400;\">En la modalidad de Marat\u00f3n, el ciclista boyacense Wilson Rodr\u00edguez se titul\u00f3 como el nuevo campe\u00f3n, conquistando la pista de Cross Country La Floresta. Con su determinaci\u00f3n y fuerza, Rodr\u00edguez dej\u00f3 claro que el ciclo monta\u00f1ismo es su territorio.<\/span><\/p><p><strong>Resultados en Downhill<\/strong><\/p><p><span style=\"font-weight: 400;\">El evento de MTB Downhill nos llev\u00f3 a descensos vertiginosos y terrenos desafiantes. En la rama masculina, Sebasti\u00e1n Holgu\u00edn, de Valle del Cauca, se coron\u00f3 como el m\u00e1s r\u00e1pido, superando a la competencia con un tiempo de 2 minutos y 58 segundos. \u00a1Una haza\u00f1a asombrosa!\u00a0<\/span><\/p><p><span style=\"font-weight: 400;\"><strong>Diana Pinilla y Valentina Roa, Reinas del Descenso<\/strong>\u00a0<\/span><\/p><p><span style=\"font-weight: 400;\">En la categor\u00eda femenina, Diana Carolina Pinilla de Boyac\u00e1 se consagr\u00f3 como la campeona en la Marat\u00f3n, demostrando su dominio en las pistas. Por otro lado, en el Downhill, Valentina Roa de Caldas se destac\u00f3 con su destreza, llev\u00e1ndose la medalla de oro y dejando huella en las colinas colombianas.<\/span><\/p><p><span style=\"font-weight: 400;\">Hay mucho orgullo en estos eventos y m\u00e1s por la comunidad colombiana apasionada por el ciclismo. \u00a1Qu\u00e9 nivel tan alto!<\/span><\/p><p><span style=\"font-weight: 400;\">Para mantenerte al tanto de todas las emociones del ciclismo y m\u00e1s eventos, \u00fanete a la comunidad de Tour Colsubsidio. Descubre contenido incre\u00edble que te sumergir\u00e1 en el fascinante mundo de las monta\u00f1as colombianas y las competencias de ciclismo. \u00a1Vive la emoci\u00f3n y siente la velocidad en cada pedaleo!\u00a0<\/span><\/p><p><strong>#Tour #Downhill #Marat\u00f3n #Monta\u00f1as #Colombia #Valle #Nacionales #MTB #Ciclistas #Deportes\u00a0<\/strong><\/p>\t\t\t\t\t\t<\/div>\n\t\t\t\t<\/div>\n\t\t\t\t\t<\/div>\n\t\t\t\t<\/div>\n\t\t\t\t<section data-dce-background-overlay-color=\"rgba(5, 34, 47, 0.78)\" data-dce-background-image-url=\"https:\/\/colsucomunidadestour.allxposible.com\/wp-content\/uploads\/2022\/08\/Fondo-firmafooternovedades-1200.jpg\" class=\"elementor-section elementor-top-section elementor-element elementor-element-6e4a9de elementor-section-content-middle elementor-section-boxed elementor-section-height-default elementor-section-height-default\" data-id=\"6e4a9de\" data-element_type=\"section\" data-settings=\"{&quot;background_background&quot;:&quot;classic&quot;}\">\n\t\t\t\t\t\t\t<div class=\"elementor-background-overlay\"><\/div>\n\t\t\t\t\t\t\t<div class=\"elementor-container elementor-column-gap-extended\">\n\t\t\t\t\t<div class=\"elementor-column elementor-col-100 elementor-top-column elementor-element elementor-element-20d363a\" data-id=\"20d363a\" data-element_type=\"column\">\n\t\t\t<div class=\"elementor-widget-wrap elementor-element-populated\">\n\t\t\t\t\t\t<div class=\"elementor-element elementor-element-f84f611 elementor-widget elementor-widget-zapedah-title\" data-id=\"f84f611\" data-element_type=\"widget\" data-widget_type=\"zapedah-title.default\">\n\t\t\t\t<div class=\"elementor-widget-container\">\n\t\t\t<h2 class=\"content-title\">\u00a1Te invitamos a  <b>unirte<\/b> a nuestra comunidad hoy!<span>.<\/span>\n\n\n<\/h2>\t\t<\/div>\n\t\t\t\t<\/div>\n\t\t\t\t<div class=\"elementor-element elementor-element-8b50bca elementor-widget elementor-widget-text-editor\" data-id=\"8b50bca\" data-element_type=\"widget\" data-widget_type=\"text-editor.default\">\n\t\t\t\t<div class=\"elementor-widget-container\">\n\t\t\t\t\t\t\t<p><span style=\"font-weight: 400;\">No te pierdas toda la informaci\u00f3n sobre la actualidad del ciclismo nacional, internacional y nuestro contenido exclusivo.<\/span><\/p>\t\t\t\t\t\t<\/div>\n\t\t\t\t<\/div>\n\t\t\t\t<div class=\"elementor-element elementor-element-65965a2 elementor-widget elementor-widget-zapedah-button\" data-id=\"65965a2\" data-element_type=\"widget\" data-widget_type=\"zapedah-button.default\">\n\t\t\t\t<div class=\"elementor-widget-container\">\n\t\t\t\t\t\r\n\t\t\t<a class=\"content-btn\" href=\"#\">\r\n\r\n\t\t\t\t\r\n\t\t\t\tReg\u00edstrate aqu\u00ed\t\t\t<\/a>\r\n\r\n\t\t\r\n\t\t\t<\/div>\n\t\t\t\t<\/div>\n\t\t\t\t\t<\/div>\n\t\t<\/div>\n\t\t\t\t\t<\/div>\n\t\t<\/section>\n\t\t\t\t<\/div>\n\t\t","protected":false},"excerpt":{"rendered":"<p>\u00a1A Toda Velocidad por las Monta\u00f1as Colombianas! Resultados de MTB Downhill y Marat\u00f3n en Colombia \u00a1Ciclista de coraz\u00f3n y amante de nuevas experiencias, prep\u00e1rate para conocer acerca del espect\u00e1culo de adrenalina que sucedi\u00f3 en Colombia! Te presentamos los resultados del suceso que hubo del 7 al 10 de marzo en Ginebra, Valle el evento de MTB Downhill, descenso puro y &hellip;<\/p>\n","protected":false},"author":1,"featured_media":0,"parent":0,"menu_order":0,"comment_status":"closed","ping_status":"closed","template":"blank-builder.php","meta":{"_acf_changed":false,"_monsterinsights_skip_tracking":false,"_monsterinsights_sitenote_active":false,"_monsterinsights_sitenote_note":"","_monsterinsights_sitenote_category":0,"footnotes":""},"class_list":["post-20412","page","type-page","status-publish","hentry"],"acf":[],"aioseo_notices":[],"_links":{"self":[{"href":"https:\/\/2021.allxposible.com\/tour\/wp-json\/wp\/v2\/pages\/20412","targetHints":{"allow":["GET"]}}],"collection":[{"href":"https:\/\/2021.allxposible.com\/tour\/wp-json\/wp\/v2\/pages"}],"about":[{"href":"https:\/\/2021.allxposible.com\/tour\/wp-json\/wp\/v2\/types\/page"}],"author":[{"embeddable":true,"href":"https:\/\/2021.allxposible.com\/tour\/wp-json\/wp\/v2\/users\/1"}],"replies":[{"embeddable":true,"href":"https:\/\/2021.allxposible.com\/tour\/wp-json\/wp\/v2\/comments?post=20412"}],"version-history":[{"count":0,"href":"https:\/\/2021.allxposible.com\/tour\/wp-json\/wp\/v2\/pages\/20412\/revisions"}],"wp:attachment":[{"href":"https:\/\/2021.allxposible.com\/tour\/wp-json\/wp\/v2\/media?parent=20412"}],"curies":[{"name":"wp","href":"https:\/\/api.w.org\/{rel}","templated":true}]}}