{"id":10921,"date":"2023-08-17T17:55:25","date_gmt":"2023-08-17T22:55:25","guid":{"rendered":"https:\/\/2021.allxposible.com\/tour\/?page_id=10921"},"modified":"2024-06-28T11:31:08","modified_gmt":"2024-06-28T16:31:08","slug":"beneficios","status":"publish","type":"page","link":"https:\/\/2021.allxposible.com\/tour\/beneficios\/","title":{"rendered":"Beneficios"},"content":{"rendered":"\t\t<div data-elementor-type=\"wp-page\" data-elementor-id=\"10921\" class=\"elementor elementor-10921\" data-elementor-post-type=\"page\">\n\t\t\t\t\t\t<section data-dce-background-image-url=\"https:\/\/2021.allxposible.com\/tour\/wp-content\/uploads\/2024\/04\/banner-beneficios.jpg\" class=\"elementor-section elementor-top-section elementor-element elementor-element-8a6384a elementor-section-full_width elementor-section-height-default elementor-section-height-default\" data-id=\"8a6384a\" data-element_type=\"section\" data-settings=\"{&quot;background_background&quot;:&quot;classic&quot;}\">\n\t\t\t\t\t\t\t<div class=\"elementor-background-overlay\"><\/div>\n\t\t\t\t\t\t\t<div class=\"elementor-container elementor-column-gap-extended\">\n\t\t\t\t\t<div class=\"elementor-column elementor-col-100 elementor-top-column elementor-element elementor-element-9c7ba51\" data-id=\"9c7ba51\" data-element_type=\"column\">\n\t\t\t<div class=\"elementor-widget-wrap elementor-element-populated\">\n\t\t\t\t\t\t<div class=\"elementor-element elementor-element-5679f91 elementor-widget elementor-widget-zapedah-title\" data-id=\"5679f91\" data-element_type=\"widget\" data-widget_type=\"zapedah-title.default\">\n\t\t\t\t<div class=\"elementor-widget-container\">\n\t\t\t<h2 class=\"content-title\">Beneficios<\/h2>\t\t<\/div>\n\t\t\t\t<\/div>\n\t\t\t\t\t<\/div>\n\t\t<\/div>\n\t\t\t\t\t<\/div>\n\t\t<\/section>\n\t\t<div class=\"elementor-element elementor-element-370d0c4 e-flex e-con-boxed e-con e-parent\" data-id=\"370d0c4\" data-element_type=\"container\">\n\t\t\t\t\t<div class=\"e-con-inner\">\n\t\t\t\t<div class=\"elementor-element elementor-element-0444e39 elementor-widget elementor-widget-heading\" data-id=\"0444e39\" data-element_type=\"widget\" data-widget_type=\"heading.default\">\n\t\t\t\t<div class=\"elementor-widget-container\">\n\t\t\t<h1 class=\"elementor-heading-title elementor-size-default\">\u00a1Conoce aqu\u00ed los beneficios que<br> tienes con Tour Colsubsidio!<\/h1>\t\t<\/div>\n\t\t\t\t<\/div>\n\t\t\t\t<div class=\"elementor-element elementor-element-42e6207 elementor-widget elementor-widget-heading\" data-id=\"42e6207\" data-element_type=\"widget\" data-widget_type=\"heading.default\">\n\t\t\t\t<div class=\"elementor-widget-container\">\n\t\t\t<h2 class=\"elementor-heading-title elementor-size-default\">2 pr\u00e1cticas libres de nataci\u00f3n en el mes de tu cumplea\u00f1os<br> en Clubes y blocs Colsubsidio<\/h2>\t\t<\/div>\n\t\t\t\t<\/div>\n\t\t\t\t\t<\/div>\n\t\t\t\t<\/div>\n\t\t<div data-dce-background-color=\"#E6E7ED\" class=\"elementor-element elementor-element-4bc999d e-flex e-con-boxed e-con e-parent\" data-id=\"4bc999d\" data-element_type=\"container\" data-settings=\"{&quot;background_background&quot;:&quot;classic&quot;}\">\n\t\t\t\t\t<div class=\"e-con-inner\">\n\t\t<div class=\"elementor-element elementor-element-a09d4dd e-con-full e-flex e-con e-child\" data-id=\"a09d4dd\" data-element_type=\"container\">\n\t\t\t\t<div class=\"elementor-element elementor-element-fe4c95b dce_masking-none elementor-widget elementor-widget-image\" data-id=\"fe4c95b\" data-element_type=\"widget\" data-widget_type=\"image.default\">\n\t\t\t\t<div class=\"elementor-widget-container\">\n\t\t\t\t\t\t\t\t\t\t\t\t\t<img fetchpriority=\"high\" decoding=\"async\" width=\"452\" height=\"356\" src=\"https:\/\/2021.allxposible.com\/tour\/wp-content\/uploads\/2024\/04\/young-woman-enjoying-swimming-pool-1.png\" class=\"attachment-full size-full wp-image-21366\" alt=\"\" srcset=\"https:\/\/2021.allxposible.com\/tour\/wp-content\/uploads\/2024\/04\/young-woman-enjoying-swimming-pool-1.png 452w, https:\/\/2021.allxposible.com\/tour\/wp-content\/uploads\/2024\/04\/young-woman-enjoying-swimming-pool-1-300x236.png 300w\" sizes=\"(max-width: 452px) 100vw, 452px\" \/>\t\t\t\t\t\t\t\t\t\t\t\t\t<\/div>\n\t\t\t\t<\/div>\n\t\t\t\t<\/div>\n\t\t<div class=\"elementor-element elementor-element-1d2aafe e-con-full e-flex e-con e-child\" data-id=\"1d2aafe\" data-element_type=\"container\">\n\t\t\t\t<div class=\"elementor-element elementor-element-7a1e6fa elementor-widget elementor-widget-text-editor\" data-id=\"7a1e6fa\" data-element_type=\"widget\" data-widget_type=\"text-editor.default\">\n\t\t\t\t<div class=\"elementor-widget-container\">\n\t\t\t\t\t\t\t<p>\u2022 Aplica para el registrado en la comunidad y puede llevar un acompa\u00f1ante (debe estar afiliado y ser mayor a 13 a\u00f1os) <br>\u2022 El beneficio solo puede ser redimido en el mes de su cumplea\u00f1os. (1 al 30 del mes)<br>\u2022 Para acceder al beneficio debe evidenciar que est\u00e1 registrado en la comunidad, presentando digitalmente la pantalla de registro en la comunidad Tour Colsubsidio.<br>\u2022 Los beneficios se redimen en 1 sola jornada y en la sede seleccionada.<br>\u2022 La pr\u00e1ctica libre de nataci\u00f3n tiene una duraci\u00f3n de 50 minutos, inicia en horas en punto, sin reposici\u00f3n de tiempo.<br>\u2022 Acompa\u00f1antes adicionales, cancelan los servicios acordes a la categor\u00eda de afiliaci\u00f3n de cada uno. <br>\u2022 <b>No afiliado<\/b>s no pueden acceder al servicio.<br>\u2022&nbsp;<span style=\"text-align: var(--text-align);\">Para el uso de piscinas se requiere vestido de ba\u00f1o en licra, gorro, toalla y chanclas, no se permite el ingreso con otro tipo de prendas.<br><\/span>\u2022&nbsp;<span style=\"text-align: var(--text-align);\">Los horarios de atenci\u00f3n y servicios se ajustan acorde a los lineamientos de los entes territoriales que se encuentren vigentes.<\/span><\/p>\t\t\t\t\t\t<\/div>\n\t\t\t\t<\/div>\n\t\t\t\t<\/div>\n\t\t\t\t\t<\/div>\n\t\t\t\t<\/div>\n\t\t<div data-dce-background-color=\"#FFFFFF\" class=\"elementor-element elementor-element-142f4ec e-flex e-con-boxed e-con e-parent\" data-id=\"142f4ec\" data-element_type=\"container\" data-settings=\"{&quot;background_background&quot;:&quot;classic&quot;}\">\n\t\t\t\t\t<div class=\"e-con-inner\">\n\t\t\t\t<div class=\"elementor-element elementor-element-8134aaf elementor-widget elementor-widget-heading\" data-id=\"8134aaf\" data-element_type=\"widget\" data-widget_type=\"heading.default\">\n\t\t\t\t<div class=\"elementor-widget-container\">\n\t\t\t<h3 class=\"elementor-heading-title elementor-size-default\">Informaci\u00f3n importante<\/h3>\t\t<\/div>\n\t\t\t\t<\/div>\n\t\t\t\t\t<\/div>\n\t\t\t\t<\/div>\n\t\t<div data-dce-background-color=\"#FFFFFF\" class=\"elementor-element elementor-element-82a0fe1 e-flex e-con-boxed e-con e-parent\" data-id=\"82a0fe1\" data-element_type=\"container\" data-settings=\"{&quot;background_background&quot;:&quot;classic&quot;}\">\n\t\t\t\t\t<div class=\"e-con-inner\">\n\t\t<div class=\"elementor-element elementor-element-f060c63 e-con-full e-flex e-con e-child\" data-id=\"f060c63\" data-element_type=\"container\">\n\t\t\t\t<div class=\"elementor-element elementor-element-f4195b1 elementor-position-left elementor-vertical-align-middle dce_masking-none elementor-widget elementor-widget-image-box\" data-id=\"f4195b1\" data-element_type=\"widget\" data-widget_type=\"image-box.default\">\n\t\t\t\t<div class=\"elementor-widget-container\">\n\t\t\t<div class=\"elementor-image-box-wrapper\"><figure class=\"elementor-image-box-img\"><img decoding=\"async\" width=\"87\" height=\"81\" src=\"https:\/\/2021.allxposible.com\/tour\/wp-content\/uploads\/2024\/04\/icono.png\" class=\"attachment-full size-full wp-image-21367\" alt=\"\" loading=\"lazy\" \/><\/figure><div class=\"elementor-image-box-content\"><h3 class=\"elementor-image-box-title\">HORARIO DE<br> ATENCI\u00d3N CLUBES<\/h3><\/div><\/div>\t\t<\/div>\n\t\t\t\t<\/div>\n\t\t\t\t<div class=\"elementor-element elementor-element-686815c elementor-widget elementor-widget-text-editor\" data-id=\"686815c\" data-element_type=\"widget\" data-widget_type=\"text-editor.default\">\n\t\t\t\t<div class=\"elementor-widget-container\">\n\t\t\t\t\t\t\t<p><span data-contrast=\"auto\">\u202f<\/span><span data-contrast=\"auto\"><strong>SEDE\u202f:\u202f <\/strong>Club La Colina\u202f<br \/><\/span><span data-contrast=\"auto\"><strong>LUNES A VIERNES:\u202f<\/strong>\u202f10:00 a.m. a 8:00 p.m.\u202f <strong>DOMINGOS Y FESTIVOS:\u00a0<\/strong> 10:00 a.m. a 6:00 p.m.<\/span><span data-ccp-props=\"{&quot;201341983&quot;:0,&quot;335559739&quot;:0,&quot;335559740&quot;:240}\">\u00a0<\/span><\/p><p><span data-contrast=\"auto\"><strong>SEDE\u202f:\u202f <\/strong>Club Bellavista<br \/><strong>LUNES A VIERNES:\u202f<\/strong>\u202f 10:00 a.m. a 8:00 p.m.\u202f <strong>DOMINGOS Y FESTIVOS:\u00a0<\/strong> 10:00 a.m. a 6:00 p.m.<\/span><span data-ccp-props=\"{&quot;201341983&quot;:0,&quot;335559739&quot;:0,&quot;335559740&quot;:240}\">\u00a0<\/span><\/p><p><span data-contrast=\"auto\"><strong>SEDE\u202f:\u202f <\/strong>El Cubo<br \/><strong>LUNES A VIERNES:\u202f<\/strong>\u202f 10:00 a.m. a 8:00 p.m.\u202f <strong>DOMINGOS Y FESTIVOS:<\/strong>\u00a0 10:00 a.m. a 6:00 p.m.<\/span><span data-ccp-props=\"{&quot;201341983&quot;:0,&quot;335559739&quot;:0,&quot;335559740&quot;:240}\">\u00a0<\/span><\/p>\t\t\t\t\t\t<\/div>\n\t\t\t\t<\/div>\n\t\t\t\t<\/div>\n\t\t<div class=\"elementor-element elementor-element-079262e e-con-full e-flex e-con e-child\" data-id=\"079262e\" data-element_type=\"container\">\n\t\t\t\t<div class=\"elementor-element elementor-element-2280eec elementor-position-left elementor-vertical-align-middle dce_masking-none elementor-widget elementor-widget-image-box\" data-id=\"2280eec\" data-element_type=\"widget\" data-widget_type=\"image-box.default\">\n\t\t\t\t<div class=\"elementor-widget-container\">\n\t\t\t<div class=\"elementor-image-box-wrapper\"><figure class=\"elementor-image-box-img\"><img decoding=\"async\" width=\"85\" height=\"85\" src=\"https:\/\/2021.allxposible.com\/tour\/wp-content\/uploads\/2024\/04\/reloj.png\" class=\"attachment-full size-full wp-image-21368\" alt=\"\" loading=\"lazy\" \/><\/figure><div class=\"elementor-image-box-content\"><h3 class=\"elementor-image-box-title\">HORARIO DE<br> ATENCI\u00d3N BLOCS<\/h3><\/div><\/div>\t\t<\/div>\n\t\t\t\t<\/div>\n\t\t\t\t<div class=\"elementor-element elementor-element-8c86e96 elementor-widget elementor-widget-text-editor\" data-id=\"8c86e96\" data-element_type=\"widget\" data-widget_type=\"text-editor.default\">\n\t\t\t\t<div class=\"elementor-widget-container\">\n\t\t\t\t\t\t\t<p><span data-contrast=\"auto\"><strong>SEDE: <\/strong>Bloc Bosa\u202f<br \/><strong>MARTES A VIERNES\u202fY FESTIVOS\u202f:<\/strong>\u202f\u202f \u202f09:00 a.m. a 1:00 p.m.\u202f <\/span><span data-ccp-props=\"{&quot;201341983&quot;:0,&quot;335559739&quot;:0,&quot;335559740&quot;:240}\">\u00a0<\/span><\/p><p><span data-contrast=\"auto\"><strong>SEDE: <\/strong>Bloc Suba\u202f<br \/><strong>FINES DE SEMANA:<\/strong> \u202f12:00 p.m. a 1:00 p.m.\u202f<\/span><span data-ccp-props=\"{&quot;201341983&quot;:0,&quot;335559739&quot;:0,&quot;335559740&quot;:240}\">\u00a0<\/span><\/p><p><span data-contrast=\"auto\"><strong>SEDE: <\/strong>Bloc Plaza de las Am\u00e9ricas <br \/><strong>MARTES A VIERNES\u202fY FESTIVOS\u202f:<\/strong>\u202f\u202f\u202f\u202f\u202f01:00 p.m. \u202fa 5:00 p.m.<\/span><span data-ccp-props=\"{&quot;201341983&quot;:0,&quot;335559739&quot;:0,&quot;335559740&quot;:240}\">\u00a0<\/span><\/p><p><strong>*\u00daltima pr\u00e1ctica libre, una hora antes del cierre\u00a0<\/strong><\/p><p><strong>**Horarios y servicios sujetos a cambios.\u00a0<\/strong><\/p>\t\t\t\t\t\t<\/div>\n\t\t\t\t<\/div>\n\t\t\t\t<\/div>\n\t\t\t\t\t<\/div>\n\t\t\t\t<\/div>\n\t\t\t\t<section data-dce-background-overlay-color=\"#FFFFFFC7\" class=\"elementor-section elementor-top-section elementor-element elementor-element-6e4a9de elementor-section-content-middle elementor-section-boxed elementor-section-height-default elementor-section-height-default\" data-id=\"6e4a9de\" data-element_type=\"section\" data-settings=\"{&quot;background_background&quot;:&quot;classic&quot;}\">\n\t\t\t\t\t\t\t<div class=\"elementor-background-overlay\"><\/div>\n\t\t\t\t\t\t\t<div class=\"elementor-container elementor-column-gap-extended\">\n\t\t\t\t\t<div class=\"elementor-column elementor-col-33 elementor-top-column elementor-element elementor-element-20d363a\" data-id=\"20d363a\" data-element_type=\"column\">\n\t\t\t<div class=\"elementor-widget-wrap\">\n\t\t\t\t\t\t\t<\/div>\n\t\t<\/div>\n\t\t\t\t<div class=\"elementor-column elementor-col-33 elementor-top-column elementor-element elementor-element-deed5bc\" data-id=\"deed5bc\" data-element_type=\"column\">\n\t\t\t<div class=\"elementor-widget-wrap elementor-element-populated\">\n\t\t\t\t\t\t<div class=\"elementor-element elementor-element-b03b54f elementor-position-left elementor-vertical-align-middle dce_masking-none elementor-widget elementor-widget-image-box\" data-id=\"b03b54f\" data-element_type=\"widget\" data-widget_type=\"image-box.default\">\n\t\t\t\t<div class=\"elementor-widget-container\">\n\t\t\t<div class=\"elementor-image-box-wrapper\"><figure class=\"elementor-image-box-img\"><img loading=\"lazy\" decoding=\"async\" width=\"95\" height=\"104\" src=\"https:\/\/2021.allxposible.com\/tour\/wp-content\/uploads\/2024\/04\/iconoinfo.png\" class=\"attachment-full size-full wp-image-21369\" alt=\"\" \/><\/figure><div class=\"elementor-image-box-content\"><h3 class=\"elementor-image-box-title\">PARA MAYOR INFORMACI\u00d3N<br> LL\u00c1MANOS O ESCR\u00cdBENOS:<\/h3><\/div><\/div>\t\t<\/div>\n\t\t\t\t<\/div>\n\t\t\t\t\t<\/div>\n\t\t<\/div>\n\t\t\t\t<div class=\"elementor-column elementor-col-33 elementor-top-column elementor-element elementor-element-c747000\" data-id=\"c747000\" data-element_type=\"column\">\n\t\t\t<div class=\"elementor-widget-wrap\">\n\t\t\t\t\t\t\t<\/div>\n\t\t<\/div>\n\t\t\t\t\t<\/div>\n\t\t<\/section>\n\t\t<div data-dce-background-color=\"#FFFFFF\" class=\"elementor-element elementor-element-f41260e e-flex e-con-boxed e-con e-parent\" data-id=\"f41260e\" data-element_type=\"container\" data-settings=\"{&quot;background_background&quot;:&quot;classic&quot;}\">\n\t\t\t\t\t<div class=\"e-con-inner\">\n\t\t<div class=\"elementor-element elementor-element-86dbc25 e-con-full e-flex e-con e-child\" data-id=\"86dbc25\" data-element_type=\"container\">\n\t\t\t\t<div class=\"elementor-element elementor-element-4bb6e27 elementor-widget elementor-widget-text-editor\" data-id=\"4bb6e27\" data-element_type=\"widget\" data-widget_type=\"text-editor.default\">\n\t\t\t\t<div class=\"elementor-widget-container\">\n\t\t\t\t\t\t\t<p><span data-contrast=\"auto\"><strong>Club La Colina:<br \/><\/strong><\/span>\u2022 Tel\u00e9fono\u202f 7462188<br \/><span data-contrast=\"auto\">\u2022 Whatsapp\u202f 3223814291<\/span><span data-ccp-props=\"{&quot;201341983&quot;:0,&quot;335559739&quot;:0,&quot;335559740&quot;:240}\">\u00a0<\/span><\/p><p><span data-contrast=\"auto\"><strong>Club Bellavista:<br \/><\/strong><\/span>\u2022 Tel\u00e9fono\u202f 6763710<br \/>\u2022 <span data-contrast=\"auto\">Whatsapp\u202f 3112229086\u00a0<\/span><span data-ccp-props=\"{&quot;201341983&quot;:0,&quot;335559739&quot;:0,&quot;335559740&quot;:240}\">\u00a0<\/span><\/p><p><span data-contrast=\"auto\"><strong>Club El Cubo:<br \/><\/strong><\/span>\u2022 Tel\u00e9fono\u202f 7465353 Ext 3500\/3510<br \/>\u2022 <span data-contrast=\"auto\">Whatsapp\u202f 3212473493<\/span><span data-ccp-props=\"{&quot;201341983&quot;:0,&quot;335559739&quot;:0,&quot;335559740&quot;:240}\">\u00a0<\/span><\/p><p><span data-contrast=\"auto\"><strong>Bloc Bosa<br \/><\/strong><\/span>\u2022 Whatsapp\u202f 3102737852<br \/>\u2022 E<span data-contrast=\"auto\">mail: <\/span><a href=\"mailto:bloc.bosa@colsubsidio.com\"><span data-contrast=\"none\">bloc.bosa@colsubsidio.com<\/span><\/a><span data-ccp-props=\"{&quot;201341983&quot;:0,&quot;335559739&quot;:0,&quot;335559740&quot;:240}\">\u00a0<\/span><\/p><p><span data-contrast=\"auto\"><strong>Bloc Suba<br \/><\/strong><\/span>\u2022 Whatsapp\u202f 3214913832<br \/>\u2022 E<span data-contrast=\"auto\">mail: <\/span><a href=\"mailto:bloc.piscinasuba@colsubsidio.com\"><span data-contrast=\"none\">bloc.piscinasuba@colsubsidio.com<\/span><\/a><span data-ccp-props=\"{&quot;201341983&quot;:0,&quot;335559739&quot;:0,&quot;335559740&quot;:240}\">\u00a0<\/span><\/p><p><span data-contrast=\"auto\"><strong>Bloc Plaza<br \/><\/strong><\/span>\u2022 Whatsapp\u202f 3214553810<br \/>\u2022 E<span data-contrast=\"auto\">mail: <\/span><a href=\"mailto:bloc.plaza@colsubsidio.com\"><span data-contrast=\"none\">bloc.plaza@colsubsidio.com<\/span><\/a><span data-ccp-props=\"{&quot;201341983&quot;:0,&quot;335559739&quot;:0,&quot;335559740&quot;:240}\">\u00a0<\/span><\/p>\t\t\t\t\t\t<\/div>\n\t\t\t\t<\/div>\n\t\t\t\t<\/div>\n\t\t\t\t\t<\/div>\n\t\t\t\t<\/div>\n\t\t\t\t<section data-dce-background-overlay-color=\"#424445C7\" data-dce-background-image-url=\"https:\/\/colsucomunidadestour.allxposible.com\/wp-content\/uploads\/2022\/08\/Fondo-firmafooternovedades-1200.jpg\" class=\"elementor-section elementor-top-section elementor-element elementor-element-d58c86c elementor-section-content-middle elementor-section-boxed elementor-section-height-default elementor-section-height-default\" data-id=\"d58c86c\" data-element_type=\"section\" data-settings=\"{&quot;background_background&quot;:&quot;classic&quot;}\">\n\t\t\t\t\t\t\t<div class=\"elementor-background-overlay\"><\/div>\n\t\t\t\t\t\t\t<div class=\"elementor-container elementor-column-gap-extended\">\n\t\t\t\t\t<div class=\"elementor-column elementor-col-100 elementor-top-column elementor-element elementor-element-6c00efd\" data-id=\"6c00efd\" data-element_type=\"column\">\n\t\t\t<div class=\"elementor-widget-wrap elementor-element-populated\">\n\t\t\t\t\t\t<div class=\"elementor-element elementor-element-17c3255 elementor-widget elementor-widget-zapedah-title\" data-id=\"17c3255\" data-element_type=\"widget\" data-widget_type=\"zapedah-title.default\">\n\t\t\t\t<div class=\"elementor-widget-container\">\n\t\t\t<h2 class=\"content-title\">\u00a1Te invitamos a  <b>unirte<\/b> a nuestra comunidad hoy!<span>.<\/span>\n\n\n<\/h2>\t\t<\/div>\n\t\t\t\t<\/div>\n\t\t\t\t<div class=\"elementor-element elementor-element-e732af3 elementor-widget elementor-widget-text-editor\" data-id=\"e732af3\" data-element_type=\"widget\" data-widget_type=\"text-editor.default\">\n\t\t\t\t<div class=\"elementor-widget-container\">\n\t\t\t\t\t\t\t<p><span style=\"font-weight: 400;\">No te pierdas toda la informaci\u00f3n sobre la actualidad del ciclismo nacional, internacional y nuestro contenido exclusivo.<\/span><\/p>\t\t\t\t\t\t<\/div>\n\t\t\t\t<\/div>\n\t\t\t\t<div class=\"elementor-element elementor-element-f84de61 elementor-widget elementor-widget-zapedah-button\" data-id=\"f84de61\" data-element_type=\"widget\" data-widget_type=\"zapedah-button.default\">\n\t\t\t\t<div class=\"elementor-widget-container\">\n\t\t\t\t\t\r\n\t\t\t<a class=\"content-btn\" href=\"#\">\r\n\r\n\t\t\t\t\r\n\t\t\t\tReg\u00edstrate aqu\u00ed\t\t\t<\/a>\r\n\r\n\t\t\r\n\t\t\t<\/div>\n\t\t\t\t<\/div>\n\t\t\t\t\t<\/div>\n\t\t<\/div>\n\t\t\t\t\t<\/div>\n\t\t<\/section>\n\t\t\t\t<\/div>\n\t\t","protected":false},"excerpt":{"rendered":"<p>Beneficios \u00a1Conoce aqu\u00ed los beneficios que tienes con Tour Colsubsidio! 2 pr\u00e1cticas libres de nataci\u00f3n en el mes de tu cumplea\u00f1os en Clubes y blocs Colsubsidio \u2022 Aplica para el registrado en la comunidad y puede llevar un acompa\u00f1ante (debe estar afiliado y ser mayor a 13 a\u00f1os) \u2022 El beneficio solo puede ser redimido en el mes de su &hellip;<\/p>\n","protected":false},"author":1,"featured_media":0,"parent":0,"menu_order":0,"comment_status":"closed","ping_status":"closed","template":"blank-builder.php","meta":{"_acf_changed":false,"_monsterinsights_skip_tracking":false,"_monsterinsights_sitenote_active":false,"_monsterinsights_sitenote_note":"","_monsterinsights_sitenote_category":0,"footnotes":""},"class_list":["post-10921","page","type-page","status-publish","hentry"],"acf":[],"aioseo_notices":[],"_links":{"self":[{"href":"https:\/\/2021.allxposible.com\/tour\/wp-json\/wp\/v2\/pages\/10921","targetHints":{"allow":["GET"]}}],"collection":[{"href":"https:\/\/2021.allxposible.com\/tour\/wp-json\/wp\/v2\/pages"}],"about":[{"href":"https:\/\/2021.allxposible.com\/tour\/wp-json\/wp\/v2\/types\/page"}],"author":[{"embeddable":true,"href":"https:\/\/2021.allxposible.com\/tour\/wp-json\/wp\/v2\/users\/1"}],"replies":[{"embeddable":true,"href":"https:\/\/2021.allxposible.com\/tour\/wp-json\/wp\/v2\/comments?post=10921"}],"version-history":[{"count":0,"href":"https:\/\/2021.allxposible.com\/tour\/wp-json\/wp\/v2\/pages\/10921\/revisions"}],"wp:attachment":[{"href":"https:\/\/2021.allxposible.com\/tour\/wp-json\/wp\/v2\/media?parent=10921"}],"curies":[{"name":"wp","href":"https:\/\/api.w.org\/{rel}","templated":true}]}}