{"id":2151,"date":"2024-09-16T21:36:27","date_gmt":"2024-09-16T21:36:27","guid":{"rendered":"https:\/\/sanfersaludanimal.co\/?post_type=product&#038;p=2151"},"modified":"2024-12-24T16:14:55","modified_gmt":"2024-12-24T16:14:55","slug":"oral-can-aqua","status":"publish","type":"product","link":"https:\/\/2021.allxposible.com\/sanfer\/product\/oral-can-aqua\/","title":{"rendered":"Oral Can\u00ae Aqua"},"content":{"rendered":"<div style=\"display: grid; grid-template-columns: repeat(auto-fit, minmax(250px, 1fr)); gap: 20px; max-width: 1200px; margin: auto;\">\n<div>\n<h6><span style=\"color: white; background-color: #fd495c; padding: 4px 8px; border-radius: 8px;\">PRESENTACIONES<\/span><\/h6>\n<ul>\n<li><span style=\"color: #000000;\">Frasco aqua x 240 mL<\/span><\/li>\n<\/ul>\n<\/div>\n<div>\n<h6><span style=\"color: white; background-color: #fd495c; padding: 4px 8px; border-radius: 8px;\">COMPOSICI\u00d3N<\/span><\/h6>\n<ul>\n<li><span style=\"color: #000000;\">Zinc \u2026&#8230;&#8230;&#8230;&#8230;&#8230;&#8230;.47 mg<\/span><\/li>\n<\/ul>\n<\/div>\n<div>\n<h6><span style=\"color: white; background-color: #fd495c; padding: 4px 8px; border-radius: 8px;\">ADMINISTRACI\u00d3N Y DOSIS<\/span><\/h6>\n<ul>\n<li><span style=\"color: #000000;\">Suspensi\u00f3n.<\/span><\/li>\n<li><span style=\"color: #000000;\">En un bebedero limpio adicione 2 mL de Oral Can\u00ae Aqua por cada 100 mL de agua, use la mezcla como agua de bebida m\u00e1ximo dos veces al d\u00eda y renu\u00e9vala totalmente si se ensucia, usando la misma proporci\u00f3n indicada.<\/span><\/li>\n<\/ul>\n<\/div>\n<div>\n<h6><span style=\"color: white; background-color: #fd495c; padding: 4px 8px; border-radius: 8px;\">INDICACIONES<\/span><\/h6>\n<p style=\"margin-top: 24px; color: #000000;\">Oral Can es un suplemento nutricional para perros mayores de un a\u00f1o, de todas las razas.<\/p>\n<\/div>\n<\/div>\n","protected":false},"excerpt":{"rendered":"<p>Su aliado confiable para reducir el mal aliento de su mascota.<\/p>\n","protected":false},"featured_media":2773,"template":"","meta":{"_acf_changed":false},"product_brand":[],"product_cat":[170],"product_tag":[150],"class_list":{"0":"post-2151","1":"product","2":"type-product","3":"status-publish","4":"has-post-thumbnail","6":"product_cat-multivitaminicos","7":"product_tag-caninos","10":"first","11":"instock","12":"featured","13":"shipping-taxable","14":"product-type-simple"},"acf":[],"_links":{"self":[{"href":"https:\/\/2021.allxposible.com\/sanfer\/wp-json\/wp\/v2\/product\/2151","targetHints":{"allow":["GET"]}}],"collection":[{"href":"https:\/\/2021.allxposible.com\/sanfer\/wp-json\/wp\/v2\/product"}],"about":[{"href":"https:\/\/2021.allxposible.com\/sanfer\/wp-json\/wp\/v2\/types\/product"}],"version-history":[{"count":1,"href":"https:\/\/2021.allxposible.com\/sanfer\/wp-json\/wp\/v2\/product\/2151\/revisions"}],"predecessor-version":[{"id":21674,"href":"https:\/\/2021.allxposible.com\/sanfer\/wp-json\/wp\/v2\/product\/2151\/revisions\/21674"}],"wp:featuredmedia":[{"embeddable":true,"href":"https:\/\/2021.allxposible.com\/sanfer\/wp-json\/wp\/v2\/media\/2773"}],"wp:attachment":[{"href":"https:\/\/2021.allxposible.com\/sanfer\/wp-json\/wp\/v2\/media?parent=2151"}],"wp:term":[{"taxonomy":"product_brand","embeddable":true,"href":"https:\/\/2021.allxposible.com\/sanfer\/wp-json\/wp\/v2\/product_brand?post=2151"},{"taxonomy":"product_cat","embeddable":true,"href":"https:\/\/2021.allxposible.com\/sanfer\/wp-json\/wp\/v2\/product_cat?post=2151"},{"taxonomy":"product_tag","embeddable":true,"href":"https:\/\/2021.allxposible.com\/sanfer\/wp-json\/wp\/v2\/product_tag?post=2151"}],"curies":[{"name":"wp","href":"https:\/\/api.w.org\/{rel}","templated":true}]}}