{"id":2145,"date":"2024-09-16T21:32:01","date_gmt":"2024-09-16T21:32:01","guid":{"rendered":"https:\/\/sanfersaludanimal.co\/?post_type=product&#038;p=2145"},"modified":"2024-12-24T16:15:58","modified_gmt":"2024-12-24T16:15:58","slug":"mirrapel-gatos","status":"publish","type":"product","link":"https:\/\/2021.allxposible.com\/sanfer\/product\/mirrapel-gatos\/","title":{"rendered":"Mirrapel\u00ae Gatos"},"content":{"rendered":"<div style=\"display: grid; grid-template-columns: repeat(auto-fit, minmax(250px, 1fr)); gap: 20px; max-width: 1200px; margin: auto;\">\n<div>\n<h6><span style=\"color: white; background-color: #fd495c; padding: 4px 8px; border-radius: 8px;\">PRESENTACIONES<\/span><\/h6>\n<ul>\n<li><span style=\"color: #000000;\">Mirrapel Gatos x 120 mL<\/span><\/li>\n<\/ul>\n<\/div>\n<div>\n<h6><span style=\"color: white; background-color: #fd495c; padding: 4px 8px; border-radius: 8px;\">COMPOSICI\u00d3N<\/span><\/h6>\n<ul>\n<li><span style=\"color: #000000;\"><br \/>\nCada 100 mL contiene:<br \/>\n\u00c1cido Linoleico \u2026&#8230;&#8230;&#8230;&#8230;..38000 mg<br \/>\n\u00c1cido Oleico \u2026&#8230;&#8230;&#8230;&#8230;..17000 mg<br \/>\nVitamina A &#8230;&#8230;&#8230;&#8230;&#8230; 12000 U.I.<br \/>\nVitamina D3 \u2026&#8230;&#8230;&#8230;&#8230;&#8230; 1600 U.I.<br \/>\n\u00c1cido Alfa Linol\u00e9nico \u2026&#8230;&#8230;. 4500 mg<br \/>\nZinc &#8230;&#8230;&#8230;&#8230;&#8230;&#8230;&#8230;&#8230;&#8230;&#8230;. 240 mg<br \/>\nVitamina E &#8230;&#8230;&#8230;&#8230;&#8230;&#8230;&#8230; 100 U.I.<br \/>\n\u00c1cido Araquid\u00f3nico &#8230;&#8230;.. 100 mg<br \/>\nBiotina &#8230;&#8230;&#8230;&#8230;&#8230;&#8230;&#8230;&#8230;. 260 mcg<br \/>\n\u00c1cido Docosahexaenoico (DHA)&#8230;.. 700 mg<br \/>\n\u00c1cido Eicosapentaenoico (EPA)&#8230;.. 430 mg<br \/>\nD-Pantenol&#8230;&#8230;&#8230;&#8230;&#8230;&#8230;&#8230;.. 20 mg<br \/>\n\u00c1cido Docosapentaenoico (DPA)&#8230;&#8230;. 55 mg<br \/>\nPiridoxina&#8230;&#8230;&#8230;&#8230;&#8230;&#8230;. 15 mg<br \/>\n<\/span><\/li>\n<\/ul>\n<\/div>\n<div>\n<h6><span style=\"color: white; background-color: #fd495c; padding: 4px 8px; border-radius: 8px;\">ADMINISTRACI\u00d3N Y DOSIS<\/span><\/h6>\n<ul>\n<li><span style=\"color: #000000;\">Suspensi\u00f3n.<\/span><\/li>\n<li><span style=\"color: #000000;\">Gatos desde el destete hasta las 40 semanas de edad y Gatos adultos machos y hembras: 1 mL por cada 2 kg de peso.<\/span><\/li>\n<li><span style=\"color: #000000;\">Hembras en gestaci\u00f3n o lactancia: 1 mL por cada 1,5 kg de peso.<\/span><\/li>\n<li><span style=\"color: #000000;\">Las cantidades totales pueden suministrarse en una sola vez o fraccion\u00e1ndolas a lo largo del d\u00eda en dos o tres porciones y pueden ser modificadas a criterio del m\u00e9dico veterinario.<\/span><\/li>\n<li><span style=\"color: #000000;\">Suministre m\u00ednimo durante 2 a 3 meses continuos o seg\u00fan lo indique el m\u00e9dico veterinario.<\/span><\/li>\n<\/ul>\n<\/div>\n<div>\n<h6><span style=\"color: white; background-color: #fd495c; padding: 4px 8px; border-radius: 8px;\">INDICACIONES<\/span><\/h6>\n<p style=\"margin-top: 24px; color: #000000;\">Mirrapel Gatos es un suplemento nutricional a base de \u00e1cidos grasos insaturados, vitaminas y minerales para gatos.<\/p>\n<\/div>\n<\/div>\n","protected":false},"excerpt":{"rendered":"<p>La dosis diaria de salud y belleza para gatos de todas las edades y razas.<\/p>\n","protected":false},"featured_media":2771,"template":"","meta":{"_acf_changed":false},"product_brand":[],"product_cat":[170],"product_tag":[153],"class_list":{"0":"post-2145","1":"product","2":"type-product","3":"status-publish","4":"has-post-thumbnail","6":"product_cat-multivitaminicos","7":"product_tag-felinos","10":"first","11":"instock","12":"shipping-taxable","13":"product-type-simple"},"acf":[],"_links":{"self":[{"href":"https:\/\/2021.allxposible.com\/sanfer\/wp-json\/wp\/v2\/product\/2145","targetHints":{"allow":["GET"]}}],"collection":[{"href":"https:\/\/2021.allxposible.com\/sanfer\/wp-json\/wp\/v2\/product"}],"about":[{"href":"https:\/\/2021.allxposible.com\/sanfer\/wp-json\/wp\/v2\/types\/product"}],"version-history":[{"count":1,"href":"https:\/\/2021.allxposible.com\/sanfer\/wp-json\/wp\/v2\/product\/2145\/revisions"}],"predecessor-version":[{"id":21676,"href":"https:\/\/2021.allxposible.com\/sanfer\/wp-json\/wp\/v2\/product\/2145\/revisions\/21676"}],"wp:featuredmedia":[{"embeddable":true,"href":"https:\/\/2021.allxposible.com\/sanfer\/wp-json\/wp\/v2\/media\/2771"}],"wp:attachment":[{"href":"https:\/\/2021.allxposible.com\/sanfer\/wp-json\/wp\/v2\/media?parent=2145"}],"wp:term":[{"taxonomy":"product_brand","embeddable":true,"href":"https:\/\/2021.allxposible.com\/sanfer\/wp-json\/wp\/v2\/product_brand?post=2145"},{"taxonomy":"product_cat","embeddable":true,"href":"https:\/\/2021.allxposible.com\/sanfer\/wp-json\/wp\/v2\/product_cat?post=2145"},{"taxonomy":"product_tag","embeddable":true,"href":"https:\/\/2021.allxposible.com\/sanfer\/wp-json\/wp\/v2\/product_tag?post=2145"}],"curies":[{"name":"wp","href":"https:\/\/api.w.org\/{rel}","templated":true}]}}