{"id":2143,"date":"2024-09-16T21:27:52","date_gmt":"2024-09-16T21:27:52","guid":{"rendered":"https:\/\/sanfersaludanimal.co\/?post_type=product&#038;p=2143"},"modified":"2024-12-24T16:16:47","modified_gmt":"2024-12-24T16:16:47","slug":"mirrapel-equinos-advanced","status":"publish","type":"product","link":"https:\/\/2021.allxposible.com\/sanfer\/product\/mirrapel-equinos-advanced\/","title":{"rendered":"Mirrapel\u00ae Equinos advanced"},"content":{"rendered":"<div style=\"display: grid; grid-template-columns: repeat(auto-fit, minmax(250px, 1fr)); gap: 20px; max-width: 1200px; margin: auto;\">\n<div>\n<h6><span style=\"color: white; background-color: #fd495c; padding: 4px 8px; border-radius: 8px;\">PRESENTACIONES<\/span><\/h6>\n<ul>\n<li><span style=\"color: #000000;\">Mirrapel Equinos x 2 bolsas de 1 kg<\/span><\/li>\n<\/ul>\n<\/div>\n<div>\n<h6><span style=\"color: white; background-color: #fd495c; padding: 4px 8px; border-radius: 8px;\">COMPOSICI\u00d3N<\/span><\/h6>\n<ul>\n<li><span style=\"color: #000000;\"><br \/>\nCada 1 Kg contiene:<br \/>\nVitamina A \u2026&#8230;&#8230;&#8230;&#8230;&#8230;..400000 U.I.<br \/>\n\u00c1cido Linoleico \u2026&#8230;&#8230;&#8230;&#8230;..82000 mg<br \/>\n\u00c1cido Oleico \u2026&#8230;&#8230;&#8230;&#8230;&#8230;&#8230;34600 mg<br \/>\n\u00c1cido Alfa Linol\u00e9nico \u2026&#8230;.. 11000 mg<br \/>\nZinc &#8230;&#8230;&#8230;&#8230;&#8230;&#8230;&#8230;&#8230;&#8230;&#8230;. 10800 mg<br \/>\nVitamina E &#8230;&#8230;&#8230;&#8230;&#8230;&#8230;&#8230; 1900 U.I.<br \/>\nBiotina &#8230;&#8230;&#8230;&#8230;&#8230;&#8230;&#8230;&#8230;. 4500 mcg<br \/>\nAzufre &#8230;&#8230;&#8230;&#8230;&#8230;&#8230;&#8230;.. 28600 mg<br \/>\nVitamina C &#8230;&#8230;&#8230;&#8230;&#8230;&#8230;. 1800 mg<br \/>\nMetionina &#8230;&#8230;&#8230;&#8230;&#8230;&#8230;.. 50 g<br \/>\nLisina &#8230;&#8230;&#8230;&#8230;&#8230;&#8230;&#8230;&#8230;&#8230;&#8230;&#8230;.. 30 g<br \/>\nPiridoxina&#8230;&#8230;&#8230;&#8230;&#8230;&#8230;&#8230;&#8230;.. 200 mg<br \/>\n<\/span><\/li>\n<\/ul>\n<\/div>\n<div>\n<h6><span style=\"color: white; background-color: #fd495c; padding: 4px 8px; border-radius: 8px;\">ADMINISTRACI\u00d3N Y DOSIS<\/span><\/h6>\n<ul>\n<li><span style=\"color: #000000;\">Polvo.<\/span><\/li>\n<li><span style=\"color: #000000;\">Suministre m\u00ednimo durante 2 a 3 meses continuos o seg\u00fan lo indique el m\u00e9dico veterinario. En casos de intenso deterioro de la fortaleza de los cascos se recomienda una duraci\u00f3n mayor a 6 meses continuos.<\/span><\/li>\n<li><span style=\"color: #000000;\">Potros y muletos menores de un a\u00f1o; asnos hasta 200 kg de peso vivo: de 30 a 45 gramos.<\/span><\/li>\n<li><span style=\"color: #000000;\">Potros y muletos mayores de un a\u00f1o; caballos, asnos y mulas adultos hasta 450 kg de peso: de 45 a 60 gramos.<\/span><\/li>\n<li><span style=\"color: #000000;\">Ejemplares de 460 a 700 kg de peso como adultos: de 70 a 100 gramos.<\/span><\/li>\n<li><span style=\"color: #000000;\">Ejemplares de m\u00e1s de 700 kg de peso como adultos: 120 gramos.<\/span><\/li>\n<li><span style=\"color: #000000;\">Las cantidades recomendadas pueden modificarse a criterio del m\u00e9dico veterinario aument\u00e1ndola si es necesario entre dos y tres veces respecto a la cantidad b\u00e1sica recomendada para animales de mayor exigencia nutricional.<\/span><\/li>\n<\/ul>\n<\/div>\n<div>\n<h6><span style=\"color: white; background-color: #fd495c; padding: 4px 8px; border-radius: 8px;\">INDICACIONES<\/span><\/h6>\n<p style=\"margin-top: 24px; color: #000000;\">Suplemento alimenticio a base de \u00e1cidos grasos no saturados, metionina, lisina, vitaminas y minerales para caballos, mulares y asnos en todas sus edades y etapas productivas a partir de los dos meses de edad.<\/p>\n<\/div>\n<\/div>\n","protected":false},"excerpt":{"rendered":"<p>F\u00f3rmula especialmente dise\u00f1ada para mantener la salud y la belleza de pelo y cascos en equinos.<\/p>\n","protected":false},"featured_media":2770,"template":"","meta":{"_acf_changed":false},"product_brand":[],"product_cat":[170],"product_tag":[167],"class_list":{"0":"post-2143","1":"product","2":"type-product","3":"status-publish","4":"has-post-thumbnail","6":"product_cat-multivitaminicos","7":"product_tag-equinos","10":"first","11":"instock","12":"shipping-taxable","13":"product-type-simple"},"acf":[],"_links":{"self":[{"href":"https:\/\/2021.allxposible.com\/sanfer\/wp-json\/wp\/v2\/product\/2143","targetHints":{"allow":["GET"]}}],"collection":[{"href":"https:\/\/2021.allxposible.com\/sanfer\/wp-json\/wp\/v2\/product"}],"about":[{"href":"https:\/\/2021.allxposible.com\/sanfer\/wp-json\/wp\/v2\/types\/product"}],"version-history":[{"count":1,"href":"https:\/\/2021.allxposible.com\/sanfer\/wp-json\/wp\/v2\/product\/2143\/revisions"}],"predecessor-version":[{"id":21677,"href":"https:\/\/2021.allxposible.com\/sanfer\/wp-json\/wp\/v2\/product\/2143\/revisions\/21677"}],"wp:featuredmedia":[{"embeddable":true,"href":"https:\/\/2021.allxposible.com\/sanfer\/wp-json\/wp\/v2\/media\/2770"}],"wp:attachment":[{"href":"https:\/\/2021.allxposible.com\/sanfer\/wp-json\/wp\/v2\/media?parent=2143"}],"wp:term":[{"taxonomy":"product_brand","embeddable":true,"href":"https:\/\/2021.allxposible.com\/sanfer\/wp-json\/wp\/v2\/product_brand?post=2143"},{"taxonomy":"product_cat","embeddable":true,"href":"https:\/\/2021.allxposible.com\/sanfer\/wp-json\/wp\/v2\/product_cat?post=2143"},{"taxonomy":"product_tag","embeddable":true,"href":"https:\/\/2021.allxposible.com\/sanfer\/wp-json\/wp\/v2\/product_tag?post=2143"}],"curies":[{"name":"wp","href":"https:\/\/api.w.org\/{rel}","templated":true}]}}