{"id":2140,"date":"2024-09-16T21:19:58","date_gmt":"2024-09-16T21:19:58","guid":{"rendered":"https:\/\/sanfersaludanimal.co\/?post_type=product&#038;p=2140"},"modified":"2024-12-24T16:17:30","modified_gmt":"2024-12-24T16:17:30","slug":"mirrapel-senior","status":"publish","type":"product","link":"https:\/\/2021.allxposible.com\/sanfer\/product\/mirrapel-senior\/","title":{"rendered":"Mirrapel\u00ae Senior"},"content":{"rendered":"<div style=\"display: grid; grid-template-columns: repeat(auto-fit, minmax(250px, 1fr)); gap: 20px; max-width: 1200px; margin: auto;\">\n<div>\n<h6><span style=\"color: white; background-color: #fd495c; padding: 4px 8px; border-radius: 8px;\">PRESENTACIONES<\/span><\/h6>\n<ul>\n<li><span style=\"color: #000000;\">Mirrapel Senior x 120 mL<\/span><\/li>\n<li><span style=\"color: #000000;\">Mirrapel Senior x 236 mL<\/span><\/li>\n<\/ul>\n<\/div>\n<div>\n<h6><span style=\"color: white; background-color: #fd495c; padding: 4px 8px; border-radius: 8px;\">COMPOSICI\u00d3N<\/span><\/h6>\n<ul>\n<li><span style=\"color: #000000;\"><br \/>\nCada 100 mL contiene:<br \/>\nVitamina A \u2026&#8230;&#8230;&#8230;&#8230;&#8230;..30000 U.I.<br \/>\n\u00c1cido Linoleico \u2026&#8230;&#8230;&#8230;&#8230;..24500 mg<br \/>\n\u00c1cido Oleico \u2026&#8230;&#8230;&#8230;&#8230;..11000 mg<br \/>\nVitamina D3 \u2026&#8230;&#8230;&#8230;&#8230;&#8230; 1600 U.I.<br \/>\n\u00c1cido Alfa Linol\u00e9nico \u2026&#8230;&#8230;. 2900 mg<br \/>\nGlucosamina Sulfato&#8230;&#8230;&#8230; 2200 mg<br \/>\nCondroitina Sulfato &#8230;&#8230;&#8230;. 1800 mg<br \/>\nZinc &#8230;&#8230;&#8230;&#8230;&#8230;&#8230;&#8230;&#8230;&#8230;&#8230;. 400 mg<br \/>\nVitamina E &#8230;&#8230;&#8230;&#8230;&#8230;&#8230;&#8230; 400 U.I.<br \/>\n\u00c1cido Araquid\u00f3nico &#8230;&#8230;.. 55 mg<br \/>\nBiotina &#8230;&#8230;&#8230;&#8230;&#8230;&#8230;&#8230;&#8230;. 700 mcg<br \/>\n\u00c1cido Docosahexaenoico (DHA)&#8230;.. 630 mg<br \/>\n\u00c1cido Eicosapentaenoico (EPA)&#8230;.. 400 mg<br \/>\nD-Pantenol&#8230;&#8230;&#8230;&#8230;&#8230;&#8230;&#8230;.. 80 mg<br \/>\n\u00c1cido Docosapentaenoico (DPA)&#8230;&#8230;. 55 mg<br \/>\nPiridoxina&#8230;&#8230;&#8230;&#8230;&#8230;&#8230;. 9 mg<br \/>\n<\/span><\/li>\n<\/ul>\n<\/div>\n<div>\n<h6><span style=\"color: white; background-color: #fd495c; padding: 4px 8px; border-radius: 8px;\">ADMINISTRACI\u00d3N Y DOSIS<\/span><\/h6>\n<ul>\n<li><span style=\"color: #000000;\">Suspensi\u00f3n.<\/span><\/li>\n<li><span style=\"color: #000000;\">Perros: 1 mL por cada 4 kg de peso vivo.<br \/>\nHembras en gestaci\u00f3n o lactancia: 1,3 mL por cada 4 kg de peso vivo.<\/span><\/li>\n<li><span style=\"color: #000000;\">Gatos: 0,2 mL por cada 1 kg de peso vivo o 0,8 mL por cada 4 kg de peso vivo.<br \/>\nHembras en gestaci\u00f3n o lactancia: 0,25 mL por cada 1 kg de peso vivo o 1 mL por cada 4 kg de peso vivo.<\/span><\/li>\n<li><span style=\"color: #000000;\">Las cantidades totales pueden suministrarse en una sola vez o fraccion\u00e1ndolas a lo largo del d\u00eda en dos o tres porciones y pueden ser modificadas a criterio del m\u00e9dico veterinario.<\/span><\/li>\n<li><span style=\"color: #000000;\">Suministre m\u00ednimo durante 2 a 3 meses continuos o seg\u00fan lo indique el m\u00e9dico veterinario.<\/span><\/li>\n<\/ul>\n<\/div>\n<div>\n<h6><span style=\"color: white; background-color: #fd495c; padding: 4px 8px; border-radius: 8px;\">INDICACIONES<\/span><\/h6>\n<p style=\"margin-top: 24px; color: #000000;\">Mirrapel Senior es un suplemento nutricional a base de \u00e1cidos grasos insaturados, glucosamina, condroitina, vitaminas y minerales para perros y gatos.<\/p>\n<\/div>\n<\/div>\n","protected":false},"excerpt":{"rendered":"<p>F\u00f3rmula avanzada que ayuda a mantener la vitalidad diaria de tu mascota.<\/p>\n","protected":false},"featured_media":2768,"template":"","meta":{"_acf_changed":false},"product_brand":[],"product_cat":[170],"product_tag":[150,153],"class_list":{"0":"post-2140","1":"product","2":"type-product","3":"status-publish","4":"has-post-thumbnail","6":"product_cat-multivitaminicos","7":"product_tag-caninos","8":"product_tag-felinos","11":"first","12":"instock","13":"featured","14":"shipping-taxable","15":"product-type-simple"},"acf":[],"_links":{"self":[{"href":"https:\/\/2021.allxposible.com\/sanfer\/wp-json\/wp\/v2\/product\/2140","targetHints":{"allow":["GET"]}}],"collection":[{"href":"https:\/\/2021.allxposible.com\/sanfer\/wp-json\/wp\/v2\/product"}],"about":[{"href":"https:\/\/2021.allxposible.com\/sanfer\/wp-json\/wp\/v2\/types\/product"}],"version-history":[{"count":1,"href":"https:\/\/2021.allxposible.com\/sanfer\/wp-json\/wp\/v2\/product\/2140\/revisions"}],"predecessor-version":[{"id":21678,"href":"https:\/\/2021.allxposible.com\/sanfer\/wp-json\/wp\/v2\/product\/2140\/revisions\/21678"}],"wp:featuredmedia":[{"embeddable":true,"href":"https:\/\/2021.allxposible.com\/sanfer\/wp-json\/wp\/v2\/media\/2768"}],"wp:attachment":[{"href":"https:\/\/2021.allxposible.com\/sanfer\/wp-json\/wp\/v2\/media?parent=2140"}],"wp:term":[{"taxonomy":"product_brand","embeddable":true,"href":"https:\/\/2021.allxposible.com\/sanfer\/wp-json\/wp\/v2\/product_brand?post=2140"},{"taxonomy":"product_cat","embeddable":true,"href":"https:\/\/2021.allxposible.com\/sanfer\/wp-json\/wp\/v2\/product_cat?post=2140"},{"taxonomy":"product_tag","embeddable":true,"href":"https:\/\/2021.allxposible.com\/sanfer\/wp-json\/wp\/v2\/product_tag?post=2140"}],"curies":[{"name":"wp","href":"https:\/\/api.w.org\/{rel}","templated":true}]}}