{"id":2134,"date":"2024-09-16T21:16:27","date_gmt":"2024-09-16T21:16:27","guid":{"rendered":"https:\/\/sanfersaludanimal.co\/?post_type=product&#038;p=2134"},"modified":"2024-12-24T16:18:32","modified_gmt":"2024-12-24T16:18:32","slug":"mirrapel-advanced","status":"publish","type":"product","link":"https:\/\/2021.allxposible.com\/sanfer\/product\/mirrapel-advanced\/","title":{"rendered":"Mirrapel\u00ae Advanced"},"content":{"rendered":"<div style=\"display: grid; grid-template-columns: repeat(auto-fit, minmax(250px, 1fr)); gap: 20px; max-width: 1200px; margin: auto;\">\n<div>\n<h6><span style=\"color: white; background-color: #fd495c; padding: 4px 8px; border-radius: 8px;\">PRESENTACIONES<\/span><\/h6>\n<ul>\n<li><span style=\"color: #000000;\">Mirrapel Advanced x 300 gr<\/span><\/li>\n<li><span style=\"color: #000000;\">Mirrapel Advanced x 600 gr<\/span><\/li>\n<\/ul>\n<\/div>\n<div>\n<h6><span style=\"color: white; background-color: #fd495c; padding: 4px 8px; border-radius: 8px;\">COMPOSICI\u00d3N<\/span><\/h6>\n<ul>\n<li><span style=\"color: #000000;\"><br \/>\nCada 1 Kg contiene:<br \/>\nVitamina A &#8230;&#8230;&#8230;. 75400 U.I.<br \/>\n\u00c1cido Linoleico &#8230;&#8230;&#8230;. 82000 mg<br \/>\n\u00c1cido Oleico &#8230;&#8230;&#8230;. 34600 mg<br \/>\nVitamina D3 &#8230;&#8230;&#8230;. 4100 U.I.<br \/>\n\u00c1cido Alfa Linol\u00e9nico &#8230;&#8230;&#8230;. 11000 mg<br \/>\nColina &#8230;&#8230;&#8230;. 6300 mg<br \/>\nZinc &#8230;&#8230;&#8230;. 1650 mg<br \/>\nVitamina E &#8230;&#8230;&#8230;. 500 U.I.<br \/>\nBiotina &#8230;&#8230;&#8230;. 2200 mcg<br \/>\nAzufre &#8230;&#8230;&#8230;. 800 mg<br \/>\nNiacinamida &#8230;&#8230;&#8230;. 225 mg<br \/>\nVitamina C &#8230;&#8230;&#8230;. 220 mg<br \/>\nPantotenato De Calcio &#8230;&#8230;&#8230;. 200 mg<br \/>\nRiboflavina &#8230;&#8230;&#8230;. 50 mg<br \/>\nPiridoxina &#8230;&#8230;&#8230;. 22 mg<br \/>\n<\/span><\/li>\n<\/ul>\n<\/div>\n<div>\n<h6><span style=\"color: white; background-color: #fd495c; padding: 4px 8px; border-radius: 8px;\">ADMINISTRACI\u00d3N Y DOSIS<\/span><\/h6>\n<ul>\n<li><span style=\"color: #000000;\">Oral.<\/span><\/li>\n<li><span style=\"color: #000000;\">PERRO Menos de 10 kg: 5 g (1\/2 cucharada sopera)<\/span><\/li>\n<li><span style=\"color: #000000;\">PERRO Entre 11 y 15 kg: 10 g (1 cucharada sopera)<\/span><\/li>\n<li><span style=\"color: #000000;\">PERRO Entre 16 y 25 kg: 20 g (2 cucharadas soperas)<\/span><\/li>\n<li><span style=\"color: #000000;\">PERRO Superior a 25 kg: 30 a 60 g (3 a 6 cucharadas soperas)<\/span><\/li>\n<li><span style=\"color: #000000;\">GATO Menos de 5 kg: 5 g (1\/2 cucharada sopera)<\/span><\/li>\n<li><span style=\"color: #000000;\">GATO M\u00e1s de 5 kg: 10 g (1 cucharada sopera)<\/span><\/li>\n<li><span style=\"color: #000000;\">Nota: Una cucharada sopera contiene aproximadamente 10 g de producto.<\/span><\/li>\n<li><span style=\"color: #000000;\">En hembras gestantes y lactantes; perros y perras seniles o convalecientes, en entrenamiento deportivo o con actividad f\u00edsica intensa: aumentar las cantidades mencionadas entre una tercera parte y la mitad. La cantidad total diaria puede suministrarse en una sola vez o fraccion\u00e1ndola a lo largo del d\u00eda en dos o tres porciones y puede ser modificada a criterio del m\u00e9dico veterinario aument\u00e1ndola a\u00fan m\u00e1s si es necesario.<\/span><\/li>\n<li><span style=\"color: #000000;\">Suministre m\u00ednimo durante 2 a 3 meses continuos o seg\u00fan lo indique el m\u00e9dico veterinario.<\/span><\/li>\n<\/ul>\n<\/div>\n<div>\n<h6><span style=\"color: white; background-color: #fd495c; padding: 4px 8px; border-radius: 8px;\">INDICACIONES<\/span><\/h6>\n<p style=\"margin-top: 24px; color: #000000;\">Mirrapel Advanced es un suplemento alimenticio a base de \u00e1cidos grasos insaturados, vitaminas, colina y minerales indicado en las cantidades descritas para perros y gatos de todas las razas y edades a partir de los 21 d\u00edas de edad. En perros, para el alivio del dolor y la inflamaci\u00f3n asociados con la osteoartritis y para el control del dolor post-operatorio asociado con cirug\u00eda ortop\u00e9dica y de tejidos blandos.<\/p>\n<\/div>\n<\/div>\n","protected":false},"excerpt":{"rendered":"<p>Efectiva f\u00f3rmula nutricional con desodorizador natural, que ayuda a mantener la buena salud del pelo y piel de tu mascota.<\/p>\n","protected":false},"featured_media":2763,"template":"","meta":{"_acf_changed":false},"product_brand":[],"product_cat":[170],"product_tag":[150,153],"class_list":{"0":"post-2134","1":"product","2":"type-product","3":"status-publish","4":"has-post-thumbnail","6":"product_cat-multivitaminicos","7":"product_tag-caninos","8":"product_tag-felinos","11":"first","12":"instock","13":"featured","14":"shipping-taxable","15":"product-type-simple"},"acf":[],"_links":{"self":[{"href":"https:\/\/2021.allxposible.com\/sanfer\/wp-json\/wp\/v2\/product\/2134","targetHints":{"allow":["GET"]}}],"collection":[{"href":"https:\/\/2021.allxposible.com\/sanfer\/wp-json\/wp\/v2\/product"}],"about":[{"href":"https:\/\/2021.allxposible.com\/sanfer\/wp-json\/wp\/v2\/types\/product"}],"version-history":[{"count":1,"href":"https:\/\/2021.allxposible.com\/sanfer\/wp-json\/wp\/v2\/product\/2134\/revisions"}],"predecessor-version":[{"id":21680,"href":"https:\/\/2021.allxposible.com\/sanfer\/wp-json\/wp\/v2\/product\/2134\/revisions\/21680"}],"wp:featuredmedia":[{"embeddable":true,"href":"https:\/\/2021.allxposible.com\/sanfer\/wp-json\/wp\/v2\/media\/2763"}],"wp:attachment":[{"href":"https:\/\/2021.allxposible.com\/sanfer\/wp-json\/wp\/v2\/media?parent=2134"}],"wp:term":[{"taxonomy":"product_brand","embeddable":true,"href":"https:\/\/2021.allxposible.com\/sanfer\/wp-json\/wp\/v2\/product_brand?post=2134"},{"taxonomy":"product_cat","embeddable":true,"href":"https:\/\/2021.allxposible.com\/sanfer\/wp-json\/wp\/v2\/product_cat?post=2134"},{"taxonomy":"product_tag","embeddable":true,"href":"https:\/\/2021.allxposible.com\/sanfer\/wp-json\/wp\/v2\/product_tag?post=2134"}],"curies":[{"name":"wp","href":"https:\/\/api.w.org\/{rel}","templated":true}]}}