{"id":2127,"date":"2024-09-16T21:08:06","date_gmt":"2024-09-16T21:08:06","guid":{"rendered":"https:\/\/sanfersaludanimal.co\/?post_type=product&#038;p=2127"},"modified":"2024-12-24T16:20:02","modified_gmt":"2024-12-24T16:20:02","slug":"ranidin-v","status":"publish","type":"product","link":"https:\/\/2021.allxposible.com\/sanfer\/product\/ranidin-v\/","title":{"rendered":"Ranidin\u00ae V"},"content":{"rendered":"<div style=\"display: grid; grid-template-columns: repeat(auto-fit, minmax(250px, 1fr)); gap: 20px; max-width: 1200px; margin: auto;\">\n<div>\n<h6><span style=\"color: white; background-color: #e62d36; padding: 4px 8px; border-radius: 8px;\">PRESENTACIONES<\/span><\/h6>\n<ul>\n<li><span style=\"color: #000000;\">Frasco soluci\u00f3n Inyectable x 20 mL<\/span><\/li>\n<\/ul>\n<\/div>\n<div>\n<h6><span style=\"color: white; background-color: #e62d36; padding: 4px 8px; border-radius: 8px;\">COMPOSICI\u00d3N<\/span><\/h6>\n<ul>\n<li><span style=\"color: #000000;\">Cada mL de la soluci\u00f3n inyectable contiene: Ranitidina Clorhidrato (Equivalente a 25 mg de ranitidina base) &#8230;.. 27,9 mg<\/span><\/li>\n<\/ul>\n<\/div>\n<div>\n<h6><span style=\"color: white; background-color: #e62d36; padding: 4px 8px; border-radius: 8px;\">ADMINISTRACI\u00d3N Y DOSIS<\/span><\/h6>\n<ul>\n<li><span style=\"color: #000000;\">Inyectable.<\/span><\/li>\n<li><span style=\"color: #000000;\">Perros y Gatos: 1 mL por cada 12,5-25 kg. Cada 8 a 12 horas.<\/span><\/li>\n<li><span style=\"color: #000000;\">Caballos: 1 mL por cada 12,5 &#8211; 16 kg. Cada 6 a 8 horas.<\/span><\/li>\n<\/ul>\n<\/div>\n<div>\n<h6><span style=\"color: white; background-color: #e62d36; padding: 4px 8px; border-radius: 8px;\">INDICACIONES<\/span><\/h6>\n<p style=\"margin-top: 24px; color: #000000;\">Indicado en perros, caballos y gatos para el tratamiento y\/o profilaxis de \u00falceras g\u00e1stricas y duodenales, gastritis ur\u00e9mica o inducida por medicamentos, gastritis erosiva relacionada con el estr\u00e9s, esofagitis, reflujo g\u00e1strico y duodenal, reflujo esof\u00e1gico. Para tratamiento de condiciones hipersecretoras asociadas con gastrinomas y mastocitosis sist\u00e9mica. Puede utilizarse para promover el vaciado g\u00e1strico, particularmente cuando est\u00e1 asociado con enfermedad g\u00e1strica ulcerativa.<\/p>\n<\/div>\n<\/div>\n","protected":false},"excerpt":{"rendered":"<p>Es un antagonista de los receptores H2 que inhibe la secreci\u00f3n de \u00e1cido clorh\u00eddrico en las c\u00e9lulas parietales del est\u00f3mago y promueve el vaciamiento g\u00e1strico, gracias a su marcado efecto procin\u00e9tico.<\/p>\n","protected":false},"featured_media":2758,"template":"","meta":{"_acf_changed":false},"product_brand":[],"product_cat":[169],"product_tag":[150,167,153],"class_list":{"0":"post-2127","1":"product","2":"type-product","3":"status-publish","4":"has-post-thumbnail","6":"product_cat-gastroprocineticos","7":"product_tag-caninos","8":"product_tag-equinos","9":"product_tag-felinos","12":"first","13":"instock","14":"shipping-taxable","15":"product-type-simple"},"acf":[],"_links":{"self":[{"href":"https:\/\/2021.allxposible.com\/sanfer\/wp-json\/wp\/v2\/product\/2127","targetHints":{"allow":["GET"]}}],"collection":[{"href":"https:\/\/2021.allxposible.com\/sanfer\/wp-json\/wp\/v2\/product"}],"about":[{"href":"https:\/\/2021.allxposible.com\/sanfer\/wp-json\/wp\/v2\/types\/product"}],"version-history":[{"count":1,"href":"https:\/\/2021.allxposible.com\/sanfer\/wp-json\/wp\/v2\/product\/2127\/revisions"}],"predecessor-version":[{"id":21683,"href":"https:\/\/2021.allxposible.com\/sanfer\/wp-json\/wp\/v2\/product\/2127\/revisions\/21683"}],"wp:featuredmedia":[{"embeddable":true,"href":"https:\/\/2021.allxposible.com\/sanfer\/wp-json\/wp\/v2\/media\/2758"}],"wp:attachment":[{"href":"https:\/\/2021.allxposible.com\/sanfer\/wp-json\/wp\/v2\/media?parent=2127"}],"wp:term":[{"taxonomy":"product_brand","embeddable":true,"href":"https:\/\/2021.allxposible.com\/sanfer\/wp-json\/wp\/v2\/product_brand?post=2127"},{"taxonomy":"product_cat","embeddable":true,"href":"https:\/\/2021.allxposible.com\/sanfer\/wp-json\/wp\/v2\/product_cat?post=2127"},{"taxonomy":"product_tag","embeddable":true,"href":"https:\/\/2021.allxposible.com\/sanfer\/wp-json\/wp\/v2\/product_tag?post=2127"}],"curies":[{"name":"wp","href":"https:\/\/api.w.org\/{rel}","templated":true}]}}