{"id":2124,"date":"2024-09-16T21:04:36","date_gmt":"2024-09-16T21:04:36","guid":{"rendered":"https:\/\/sanfersaludanimal.co\/?post_type=product&#038;p=2124"},"modified":"2024-12-24T16:20:29","modified_gmt":"2024-12-24T16:20:29","slug":"sanix-ah","status":"publish","type":"product","link":"https:\/\/2021.allxposible.com\/sanfer\/product\/sanix-ah\/","title":{"rendered":"Sanix AH\u00ae"},"content":{"rendered":"<div style=\"display: grid; grid-template-columns: repeat(auto-fit, minmax(250px, 1fr)); gap: 20px; max-width: 1200px; margin: auto;\">\n<div>\n<h6><span style=\"color: white; background-color: #50d7dc; padding: 4px 8px; border-radius: 8px;\">PRESENTACIONES<\/span><\/h6>\n<ul>\n<li><span style=\"color: #000000;\">Envase Pl\u00e1stico x 120 mL<\/span><\/li>\n<li><span style=\"color: #000000;\">Envase Pl\u00e1stico x 5 L<\/span><\/li>\n<\/ul>\n<\/div>\n<div>\n<h6><span style=\"color: white; background-color: #50d7dc; padding: 4px 8px; border-radius: 8px;\">COMPOSICI\u00d3N<\/span><\/h6>\n<ul>\n<li><span style=\"color: #000000;\">Cada 100 mL de soluci\u00f3n contienen: \u00c1cido Hipocloroso\u2026\u2026\u2026\u2026\u2026.7.8 mg, Di\u00f3xido de Cloro\u2026\u2026\u2026\u2026\u2026\u2026..3.8 mg, Ion Hipoclorito\u2026\u2026\u2026\u2026\u2026\u2026.2.2 mg, 100 ppm Cloro Libre<\/span><\/li>\n<\/ul>\n<\/div>\n<div>\n<h6><span style=\"color: white; background-color: #50d7dc; padding: 4px 8px; border-radius: 8px;\">ADMINISTRACI\u00d3N Y DOSIS<\/span><\/h6>\n<ul>\n<li><span style=\"color: #000000;\">Soluci\u00f3n.<\/span><\/li>\n<li><span style=\"color: #000000;\">Como antis\u00e9ptico: Act\u00faa r\u00e1pidamente en forma eficaz en las superficies cut\u00e1neas y subcut\u00e1neas que presentan heridas o \u00e1reas infectadas. Para prevenir infecciones post-operatorias. Se aplica directamente sobre la herida y no causa da\u00f1o a los animales. Para obtener una \u00f3ptima efectividad, se debe exponer el \u00e1rea afectada que se desea desinfectar por un m\u00ednimo de 60 segundos y despu\u00e9s secar con una tela limpia. No es corrosivo, no irrita mucosa y piel. Este producto no sustituye la antibioterapia prescrita por el m\u00e9dico, por lo tanto no suspenda el tratamiento.<\/span><\/li>\n<li><span style=\"color: #000000;\">Como esterilizante: Lavar previamente el material, equipo m\u00e9dico y quir\u00fargico, sumergir por un periodo de 15 minutos. Listo para usarse, no t\u00f3xico, no requiere ning\u00fan activador, no da\u00f1a el medio ambiente y no necesita ning\u00fan manejo especial para su aplicaci\u00f3n.<\/span><\/li>\n<\/ul>\n<\/div>\n<div>\n<h6><span style=\"color: white; background-color: #50d7dc; padding: 4px 8px; border-radius: 8px;\">INDICACIONES<\/span><\/h6>\n<p style=\"margin-top: 24px; color: #000000;\">En perros, gatos, equinos, bovinos, porcinos, ovinos, caprinos y aves como soluci\u00f3n antis\u00e9ptica y germicida de amplio espectro eficaz contra virus (Calicivirus felino), bacterias y esporas (Escherichia coli, Klebsiella pneumoniae, Pseudomona aeruginosa, Staphylococcus aureus, Proteus mirabilis, Streptococcus agalactiae y Streptococcus pyogenes (\u03b2-hemol\u00edtico)) y hongos (Candida albicans y Trichophyton verrucosum). \u00datil en la esterilizaci\u00f3n de equipos m\u00e9dico-quir\u00fargicos.<\/p>\n<\/div>\n<\/div>\n","protected":false},"excerpt":{"rendered":"<p>Eficaz contra bacterias, virus, hongos y esporas en un 99.9%. Soluci\u00f3n antis\u00e9ptica y germicida de amplio espectro. \u00datil en la esterilizaci\u00f3n de equipos m\u00e9dicos.<\/p>\n","protected":false},"featured_media":2764,"template":"","meta":{"_acf_changed":false},"product_brand":[],"product_cat":[166],"product_tag":[165,155,150,157,167,153,159,161],"class_list":{"0":"post-2124","1":"product","2":"type-product","3":"status-publish","4":"has-post-thumbnail","6":"product_cat-desinfectantes","7":"product_tag-aves","8":"product_tag-bovinos","9":"product_tag-caninos","10":"product_tag-caprinos","11":"product_tag-equinos","12":"product_tag-felinos","13":"product_tag-ovinos","14":"product_tag-porcinos","17":"first","18":"instock","19":"featured","20":"shipping-taxable","21":"product-type-simple"},"acf":[],"_links":{"self":[{"href":"https:\/\/2021.allxposible.com\/sanfer\/wp-json\/wp\/v2\/product\/2124","targetHints":{"allow":["GET"]}}],"collection":[{"href":"https:\/\/2021.allxposible.com\/sanfer\/wp-json\/wp\/v2\/product"}],"about":[{"href":"https:\/\/2021.allxposible.com\/sanfer\/wp-json\/wp\/v2\/types\/product"}],"version-history":[{"count":1,"href":"https:\/\/2021.allxposible.com\/sanfer\/wp-json\/wp\/v2\/product\/2124\/revisions"}],"predecessor-version":[{"id":21684,"href":"https:\/\/2021.allxposible.com\/sanfer\/wp-json\/wp\/v2\/product\/2124\/revisions\/21684"}],"wp:featuredmedia":[{"embeddable":true,"href":"https:\/\/2021.allxposible.com\/sanfer\/wp-json\/wp\/v2\/media\/2764"}],"wp:attachment":[{"href":"https:\/\/2021.allxposible.com\/sanfer\/wp-json\/wp\/v2\/media?parent=2124"}],"wp:term":[{"taxonomy":"product_brand","embeddable":true,"href":"https:\/\/2021.allxposible.com\/sanfer\/wp-json\/wp\/v2\/product_brand?post=2124"},{"taxonomy":"product_cat","embeddable":true,"href":"https:\/\/2021.allxposible.com\/sanfer\/wp-json\/wp\/v2\/product_cat?post=2124"},{"taxonomy":"product_tag","embeddable":true,"href":"https:\/\/2021.allxposible.com\/sanfer\/wp-json\/wp\/v2\/product_tag?post=2124"}],"curies":[{"name":"wp","href":"https:\/\/api.w.org\/{rel}","templated":true}]}}