{"id":1979,"date":"2024-09-13T19:53:08","date_gmt":"2024-09-13T19:53:08","guid":{"rendered":"https:\/\/sanfersaludanimal.co\/?post_type=product&#038;p=1979"},"modified":"2024-12-24T16:25:44","modified_gmt":"2024-12-24T16:25:44","slug":"azimelox","status":"publish","type":"product","link":"https:\/\/2021.allxposible.com\/sanfer\/product\/azimelox\/","title":{"rendered":"Azimelox\u00ae"},"content":{"rendered":"<div style=\"display: grid; grid-template-columns: repeat(auto-fit, minmax(250px, 1fr)); gap: 20px; max-width: 1200px; margin: auto;\">\n<div>\n<h6><span style=\"color: white; background-color: #0082ca; padding: 4px 8px; border-radius: 8px;\">PRESENTACIONES<\/span><\/h6>\n<ul>\n<li><span style=\"color: #000000;\">Caja x 6 tabletas de 200 mg<\/span><\/li>\n<li><span style=\"color: #000000;\">Caja x 90 tabletas de 200 mg<\/span><\/li>\n<li><span style=\"color: #000000;\">Caja x 90 tabletas de 50 mg<\/span><\/li>\n<\/ul>\n<\/div>\n<div>\n<h6><span style=\"color: white; background-color: #0082ca; padding: 4px 8px; border-radius: 8px;\">COMPOSICI\u00d3N<\/span><\/h6>\n<ul>\n<li><span style=\"color: #000000;\">Azitromicina Base 200 mg, Meloxicam 2.00mg<\/span><\/li>\n<li><span style=\"color: #000000;\">Azitromicina Base 50 mg, Meloxicam 0.50mg<\/span><\/li>\n<\/ul>\n<\/div>\n<div>\n<h6><span style=\"color: white; background-color: #0082ca; padding: 4px 8px; border-radius: 8px;\">ADMINISTRACI\u00d3N Y DOSIS<\/span><\/h6>\n<ul>\n<li><span style=\"color: #000000;\">Oral.<\/span><\/li>\n<li><span style=\"color: #000000;\">1 tableta de Azimelox 200 mg para 20 kg de peso vivo.<\/span><\/li>\n<li><span style=\"color: #000000;\">1 tableta de Azimelox 50 mg para 5 kg de peso vivo.<\/span><\/li>\n<\/ul>\n<\/div>\n<div>\n<h6><span style=\"color: white; background-color: #0082ca; padding: 4px 8px; border-radius: 8px;\">INDICACIONES<\/span><\/h6>\n<p style=\"margin-top: 24px; color: #000000;\">Indicado en perros y gatos para el tratamiento de enfermedades causadas por agentes susceptibles asociados con: Infecciones dermatol\u00f3gicas (Staphylococcus intermedius, Arcanobacterium pyogenes, Streptococcus sp.). Infecciones del tracto respiratorio (Mannheimia haemolytica y P. multocida). Infecciones urogenitales (Chlamydia sp.) Otitis media (Staphylococcus sp.). Tratamiento de lesiones, heridas abiertas y dolor post-operatorio, previniendo la inflamaci\u00f3n, el dolor y la infecci\u00f3n.<\/p>\n<\/div>\n<\/div>\n","protected":false},"excerpt":{"rendered":"<p>Antibi\u00f3tico az\u00e1lido de amplio espectro + Analg\u00e9sico selectivo COX &#8211; 2.<\/p>\n","protected":false},"featured_media":2731,"template":"","meta":{"_acf_changed":false},"product_brand":[],"product_cat":[152],"product_tag":[150,153],"class_list":{"0":"post-1979","1":"product","2":"type-product","3":"status-publish","4":"has-post-thumbnail","6":"product_cat-antimicrobianos","7":"product_tag-caninos","8":"product_tag-felinos","11":"first","12":"instock","13":"shipping-taxable","14":"product-type-simple"},"acf":[],"_links":{"self":[{"href":"https:\/\/2021.allxposible.com\/sanfer\/wp-json\/wp\/v2\/product\/1979","targetHints":{"allow":["GET"]}}],"collection":[{"href":"https:\/\/2021.allxposible.com\/sanfer\/wp-json\/wp\/v2\/product"}],"about":[{"href":"https:\/\/2021.allxposible.com\/sanfer\/wp-json\/wp\/v2\/types\/product"}],"version-history":[{"count":1,"href":"https:\/\/2021.allxposible.com\/sanfer\/wp-json\/wp\/v2\/product\/1979\/revisions"}],"predecessor-version":[{"id":21694,"href":"https:\/\/2021.allxposible.com\/sanfer\/wp-json\/wp\/v2\/product\/1979\/revisions\/21694"}],"wp:featuredmedia":[{"embeddable":true,"href":"https:\/\/2021.allxposible.com\/sanfer\/wp-json\/wp\/v2\/media\/2731"}],"wp:attachment":[{"href":"https:\/\/2021.allxposible.com\/sanfer\/wp-json\/wp\/v2\/media?parent=1979"}],"wp:term":[{"taxonomy":"product_brand","embeddable":true,"href":"https:\/\/2021.allxposible.com\/sanfer\/wp-json\/wp\/v2\/product_brand?post=1979"},{"taxonomy":"product_cat","embeddable":true,"href":"https:\/\/2021.allxposible.com\/sanfer\/wp-json\/wp\/v2\/product_cat?post=1979"},{"taxonomy":"product_tag","embeddable":true,"href":"https:\/\/2021.allxposible.com\/sanfer\/wp-json\/wp\/v2\/product_tag?post=1979"}],"curies":[{"name":"wp","href":"https:\/\/api.w.org\/{rel}","templated":true}]}}