{"id":1943,"date":"2024-09-13T14:53:06","date_gmt":"2024-09-13T14:53:06","guid":{"rendered":"https:\/\/sanfersaludanimal.co\/?post_type=product&#038;p=1943"},"modified":"2024-12-24T22:11:21","modified_gmt":"2024-12-24T22:11:21","slug":"unidol","status":"publish","type":"product","link":"https:\/\/2021.allxposible.com\/sanfer\/product\/unidol\/","title":{"rendered":"Unidol\u00ae"},"content":{"rendered":"<div style=\"display: grid; grid-template-columns: repeat(auto-fit, minmax(250px, 1fr)); gap: 20px; max-width: 1200px; margin: auto;\">\n<div>\n<h6><span style=\"color: white; background-color: #54c0e8; padding: 4px 8px; border-radius: 8px;\">PRESENTACIONES<\/span><\/h6>\n<ul>\n<li><span style=\"color: #000000;\">Frasco x 30 tabletas de 50 mg<\/span><\/li>\n<li><span style=\"color: #000000;\">Frasco x 60 tabletas de 50 mg<\/span><\/li>\n<li><span style=\"color: #000000;\">Frasco x 30 tabletas de 100 mg<\/span><\/li>\n<li><span style=\"color: #000000;\">Frasco x 60 tabletas de 100 mg<\/span><\/li>\n<\/ul>\n<\/div>\n<div>\n<h6><span style=\"color: white; background-color: #54c0e8; padding: 4px 8px; border-radius: 8px;\">COMPOSICI\u00d3N<\/span><\/h6>\n<ul>\n<li><span style=\"color: #000000;\">Cada tableta de 50 mg contiene: Carprofeno \u2026\u2026 50 mg<\/span><\/li>\n<li><span style=\"color: #000000;\">Cada tableta de 100 mg contiene: Carprofeno \u2026\u2026 100 mg<\/span><\/li>\n<\/ul>\n<\/div>\n<div>\n<h6><span style=\"color: white; background-color: #54c0e8; padding: 4px 8px; border-radius: 8px;\">ADMINISTRACI\u00d3N Y DOSIS<\/span><\/h6>\n<ul>\n<li><span style=\"color: #000000;\">Oral.<\/span><\/li>\n<li><span style=\"color: #000000;\">1 Tableta de Unidol 50 para 12,5 kg de peso vivo.<\/span><\/li>\n<li><span style=\"color: #000000;\">1 Tableta de Unidol 100 para 25 kg de peso vivo.<\/span><\/li>\n<\/ul>\n<\/div>\n<div>\n<h6><span style=\"color: white; background-color: #54c0e8; padding: 4px 8px; border-radius: 8px;\">INDICACIONES<\/span><\/h6>\n<p style=\"margin-top: 24px; color: #000000;\">En perros, para el alivio del dolor y la inflamaci\u00f3n asociados con la osteoartritis y para el control del dolor post-operatorio asociado con cirug\u00eda ortop\u00e9dica y de tejidos blandos.<\/p>\n<\/div>\n<\/div>\n","protected":false},"excerpt":{"rendered":"<p>Analg\u00e9sico antiinflamatorio y antipir\u00e9tico con acci\u00f3n selectiva COX-2 para uso en Perros.<\/p>\n","protected":false},"featured_media":2727,"template":"","meta":{"_acf_changed":false},"product_brand":[],"product_cat":[149],"product_tag":[150],"class_list":{"0":"post-1943","1":"product","2":"type-product","3":"status-publish","4":"has-post-thumbnail","6":"product_cat-antiinflamatorios","7":"product_tag-caninos","10":"first","11":"instock","12":"shipping-taxable","13":"product-type-simple"},"acf":[],"_links":{"self":[{"href":"https:\/\/2021.allxposible.com\/sanfer\/wp-json\/wp\/v2\/product\/1943","targetHints":{"allow":["GET"]}}],"collection":[{"href":"https:\/\/2021.allxposible.com\/sanfer\/wp-json\/wp\/v2\/product"}],"about":[{"href":"https:\/\/2021.allxposible.com\/sanfer\/wp-json\/wp\/v2\/types\/product"}],"version-history":[{"count":2,"href":"https:\/\/2021.allxposible.com\/sanfer\/wp-json\/wp\/v2\/product\/1943\/revisions"}],"predecessor-version":[{"id":21881,"href":"https:\/\/2021.allxposible.com\/sanfer\/wp-json\/wp\/v2\/product\/1943\/revisions\/21881"}],"wp:featuredmedia":[{"embeddable":true,"href":"https:\/\/2021.allxposible.com\/sanfer\/wp-json\/wp\/v2\/media\/2727"}],"wp:attachment":[{"href":"https:\/\/2021.allxposible.com\/sanfer\/wp-json\/wp\/v2\/media?parent=1943"}],"wp:term":[{"taxonomy":"product_brand","embeddable":true,"href":"https:\/\/2021.allxposible.com\/sanfer\/wp-json\/wp\/v2\/product_brand?post=1943"},{"taxonomy":"product_cat","embeddable":true,"href":"https:\/\/2021.allxposible.com\/sanfer\/wp-json\/wp\/v2\/product_cat?post=1943"},{"taxonomy":"product_tag","embeddable":true,"href":"https:\/\/2021.allxposible.com\/sanfer\/wp-json\/wp\/v2\/product_tag?post=1943"}],"curies":[{"name":"wp","href":"https:\/\/api.w.org\/{rel}","templated":true}]}}