{"id":182,"date":"2025-06-05T11:20:42","date_gmt":"2025-06-05T16:20:42","guid":{"rendered":"https:\/\/2021.allxposible.com\/sanfer-v2\/?post_type=product&#038;p=182"},"modified":"2025-07-29T15:09:37","modified_gmt":"2025-07-29T20:09:37","slug":"sanix-ah","status":"publish","type":"product","link":"https:\/\/2021.allxposible.com\/sanfer-v2\/productos\/sanix-ah\/","title":{"rendered":"Sanix AH\u00ae"},"content":{"rendered":"","protected":false},"excerpt":{"rendered":"<p><span data-olk-copy-source=\"MessageBody\">Antis\u00e9ptico y germicida de amplio espectro que elimina el 99.9999%. <\/span>Eficaz contra bacterias, virus, hongos y esporas en un 99.9%. Soluci\u00f3n antis\u00e9ptica y germicida de amplio espectro. \u00datil en la esterilizaci\u00f3n de equipos m\u00e9dicos.<\/p>\n","protected":false},"featured_media":595,"comment_status":"closed","ping_status":"closed","template":"","meta":[],"product_brand":[],"product_cat":[20],"product_tag":[31,27,24,28,32,26,29,30],"product_dist":[45,46,47,48,49,50,51,52,53,54,55,56],"class_list":{"0":"post-182","1":"product","2":"type-product","3":"status-publish","4":"has-post-thumbnail","6":"product_cat-desinfectantes","7":"product_tag-aves","8":"product_tag-bovinos","9":"product_tag-caninos","10":"product_tag-caprinos","11":"product_tag-equinos","12":"product_tag-felinos","13":"product_tag-ovinos","14":"product_tag-porcinos","15":"product_dist-laika","16":"product_dist-agrocampo","17":"product_dist-agroventas","18":"product_dist-animals","19":"product_dist-ivanagro","20":"product_dist-redagro","21":"product_dist-biovets","22":"product_dist-casagro","23":"product_dist-central-pecuaria","24":"product_dist-insuagro","25":"product_dist-jotagro","26":"product_dist-pet-suplet","28":"first","29":"instock","30":"featured","31":"shipping-taxable","32":"product-type-variable"},"acf":[],"_links":{"self":[{"href":"https:\/\/2021.allxposible.com\/sanfer-v2\/wp-json\/wp\/v2\/product\/182","targetHints":{"allow":["GET"]}}],"collection":[{"href":"https:\/\/2021.allxposible.com\/sanfer-v2\/wp-json\/wp\/v2\/product"}],"about":[{"href":"https:\/\/2021.allxposible.com\/sanfer-v2\/wp-json\/wp\/v2\/types\/product"}],"replies":[{"embeddable":true,"href":"https:\/\/2021.allxposible.com\/sanfer-v2\/wp-json\/wp\/v2\/comments?post=182"}],"wp:featuredmedia":[{"embeddable":true,"href":"https:\/\/2021.allxposible.com\/sanfer-v2\/wp-json\/wp\/v2\/media\/595"}],"wp:attachment":[{"href":"https:\/\/2021.allxposible.com\/sanfer-v2\/wp-json\/wp\/v2\/media?parent=182"}],"wp:term":[{"taxonomy":"product_brand","embeddable":true,"href":"https:\/\/2021.allxposible.com\/sanfer-v2\/wp-json\/wp\/v2\/product_brand?post=182"},{"taxonomy":"product_cat","embeddable":true,"href":"https:\/\/2021.allxposible.com\/sanfer-v2\/wp-json\/wp\/v2\/product_cat?post=182"},{"taxonomy":"product_tag","embeddable":true,"href":"https:\/\/2021.allxposible.com\/sanfer-v2\/wp-json\/wp\/v2\/product_tag?post=182"},{"taxonomy":"product_dist","embeddable":true,"href":"https:\/\/2021.allxposible.com\/sanfer-v2\/wp-json\/wp\/v2\/product_dist?post=182"}],"curies":[{"name":"wp","href":"https:\/\/api.w.org\/{rel}","templated":true}]}}