{"id":173,"date":"2025-06-05T11:20:41","date_gmt":"2025-06-05T16:20:41","guid":{"rendered":"https:\/\/2021.allxposible.com\/sanfer-v2\/?post_type=product&#038;p=173"},"modified":"2025-07-29T15:06:39","modified_gmt":"2025-07-29T20:06:39","slug":"azimelox","status":"publish","type":"product","link":"https:\/\/2021.allxposible.com\/sanfer-v2\/productos\/azimelox\/","title":{"rendered":"Azimelox\u00ae"},"content":{"rendered":"","protected":false},"excerpt":{"rendered":"<p>Antibi\u00f3tico az\u00e1lido de amplio espectro + Analg\u00e9sico selectivo COX &#8211; 2.<\/p>\n","protected":false},"featured_media":563,"comment_status":"closed","ping_status":"closed","template":"","meta":[],"product_brand":[],"product_cat":[25],"product_tag":[24,26],"product_dist":[45,46,47,48,49,50,51,52,53,54,55,56],"class_list":{"0":"post-173","1":"product","2":"type-product","3":"status-publish","4":"has-post-thumbnail","6":"product_cat-antimicrobianos","7":"product_tag-caninos","8":"product_tag-felinos","9":"product_dist-laika","10":"product_dist-agrocampo","11":"product_dist-agroventas","12":"product_dist-animals","13":"product_dist-ivanagro","14":"product_dist-redagro","15":"product_dist-biovets","16":"product_dist-casagro","17":"product_dist-central-pecuaria","18":"product_dist-insuagro","19":"product_dist-jotagro","20":"product_dist-pet-suplet","22":"first","23":"instock","24":"shipping-taxable","25":"product-type-variable"},"acf":[],"_links":{"self":[{"href":"https:\/\/2021.allxposible.com\/sanfer-v2\/wp-json\/wp\/v2\/product\/173","targetHints":{"allow":["GET"]}}],"collection":[{"href":"https:\/\/2021.allxposible.com\/sanfer-v2\/wp-json\/wp\/v2\/product"}],"about":[{"href":"https:\/\/2021.allxposible.com\/sanfer-v2\/wp-json\/wp\/v2\/types\/product"}],"replies":[{"embeddable":true,"href":"https:\/\/2021.allxposible.com\/sanfer-v2\/wp-json\/wp\/v2\/comments?post=173"}],"wp:featuredmedia":[{"embeddable":true,"href":"https:\/\/2021.allxposible.com\/sanfer-v2\/wp-json\/wp\/v2\/media\/563"}],"wp:attachment":[{"href":"https:\/\/2021.allxposible.com\/sanfer-v2\/wp-json\/wp\/v2\/media?parent=173"}],"wp:term":[{"taxonomy":"product_brand","embeddable":true,"href":"https:\/\/2021.allxposible.com\/sanfer-v2\/wp-json\/wp\/v2\/product_brand?post=173"},{"taxonomy":"product_cat","embeddable":true,"href":"https:\/\/2021.allxposible.com\/sanfer-v2\/wp-json\/wp\/v2\/product_cat?post=173"},{"taxonomy":"product_tag","embeddable":true,"href":"https:\/\/2021.allxposible.com\/sanfer-v2\/wp-json\/wp\/v2\/product_tag?post=173"},{"taxonomy":"product_dist","embeddable":true,"href":"https:\/\/2021.allxposible.com\/sanfer-v2\/wp-json\/wp\/v2\/product_dist?post=173"}],"curies":[{"name":"wp","href":"https:\/\/api.w.org\/{rel}","templated":true}]}}