{"id":938,"date":"2023-03-28T13:43:25","date_gmt":"2023-03-28T13:43:25","guid":{"rendered":"https:\/\/www.lacardio.org\/?page_id=938"},"modified":"2023-03-28T13:43:25","modified_gmt":"2023-03-28T13:43:25","slug":"hospital-universitario","status":"publish","type":"page","link":"https:\/\/2021.allxposible.com\/lacardiocrea\/educacion-medica\/hospital-universitario\/","title":{"rendered":"Hospital Universitario"},"content":{"rendered":"<div class=\"wp-block-image\">\n<figure class=\"aligncenter size-large\"><img decoding=\"async\" src=\"https:\/\/www.lacardio.org\/wp-content\/uploads\/2023\/08\/4-1024x213.jpg\" alt=\"\" class=\"wp-image-5626\"\/><\/figure>\n<\/div>\n\n\n<p>LaCardio se encuentra acreditada como Hospital Universitario desde el a\u00f1o 2015. Esta acreditaci\u00f3n es emitida por la comisi\u00f3n intersectorial de talento humano en salud, y refleja la dimensi\u00f3n e importancia tienen la docencia y la investigaci\u00f3n en la instituci\u00f3n.&nbsp;<\/p>\n\n\n\n<p>Desde su fundaci\u00f3n, LaCardio se ha construido como un hospital docente y esta intenci\u00f3n a\u00fan se mantiene, dentro de los principios institucionales se encuentran la docencia y la investigaci\u00f3n, de esta manera la instituci\u00f3n ha crecido en los m\u00e1s de 40 a\u00f1os, la docencia lo ha realizado de igual manera.&nbsp;<\/p>\n\n\n\n<p>El departamento de educaci\u00f3n fue creado en 1996, ha tenido un desarrollo y crecimiento durante los a\u00f1os,&nbsp; actualmente cuenta con tres \u00e1reas que incluyen: Relacionamiento universitario, hospital simulado \u00a8Camilo Cabrera\u00a8, educaci\u00f3n continua y eventos acad\u00e9micos.&nbsp;<\/p>\n\n\n\n<figure class=\"wp-block-image size-large\"><img decoding=\"async\" src=\"https:\/\/www.lacardio.org\/wp-content\/uploads\/2023\/08\/WhatsApp-Image-2023-08-29-at-2.36.34-PM-1024x682.jpeg\" alt=\"\" class=\"wp-image-6082\"\/><\/figure>\n\n\n\n<div class=\"ncausa--pestanas__btns mw-100\">\n            <ul>\n\n                <li>\n                    <a href=\"#hospital-universitario\"> Hospital universitario <\/a>\n                <\/li>\n                <li>\n                    <a href=\"#\"> Programas base especialidad m\u00e9dico quirurgicas\u200b<\/a>\n                <\/li>\n                <li>\n                    <a href=\"https:\/\/www.lacardio.org\/educacion-medica\/hospital-simulado\/\"> Hospital simulado Camilo Cabrera <\/a>\n                <\/li>\n                <li>\n                    <a href=\"https:\/\/www.lacardio.org\/educacion-continua-eventos\/\">Educaci\u00f3n medica continua  <\/a>\n                <\/li>\n            <\/ul>\n        <\/div>\n\n\n\n<h2 class=\"wp-block-heading\">Excelencia cl\u00ednica<\/h2>\n\n\n\n<p>La Fundaci\u00f3n Cardioinfantil es catalogada como el mejor hospital de Colombia seg\u00fan Merco Talento 2021 y tercero mejor de Latinoam\u00e9rica, seg\u00fan el ranking 2020 de la revista Am\u00e9ricaEconom\u00eda en el que figuran 63 hospitales de 12 pa\u00edses, adem\u00e1s, es una de las pocas instituciones colombianas acreditadas internacionalmente por la Joint Commission International, reconocimiento recibido por primera vez en el 2014.<\/p>\n\n\n\n<p>En estos 48 a\u00f1os de historia la Instituci\u00f3n ha sumado grandes avances que impactan positivamente al sector salud y al bienestar de los pacientes:<\/p>\n\n\n\n<p>En 1984 se cre\u00f3 el Instituto de Cardiolog\u00eda para la atenci\u00f3n de pacientes adultos con patolog\u00edas cardiovasculares. Cinco a\u00f1os despu\u00e9s, en este Instituto, el equipo m\u00e9dico especializado har\u00eda el primer implante de marcapasos de la Fundaci\u00f3n. En el a\u00f1o 2005 un hito abrir\u00eda las puertas a la internacionalizaci\u00f3n de nuestros servicios, con la atenci\u00f3n del primer paciente internacional.<\/p>\n\n\n\n<p>Todo esto soportado por un permanente desarrollo en infraestructura y tecnolog\u00eda, que permite continuar brindando una atenci\u00f3n segura, humanizada y de calidad. Es as\u00ed como en el 2010 la Instituci\u00f3n inaugur\u00f3 la Torre Cardiovascular \u201cReinaldo Cabrera Polan\u00eda\u201d \u00fanica en Latinoam\u00e9rica, en la que sus habitaciones pueden transformarse en Unidad de Cuidado Intensivo y permiten el monitoreo del paciente durante las 24 horas del d\u00eda. M\u00e1s recientemente, en el a\u00f1o 2015, se inaugur\u00f3 la Torre de Especialistas, un complejo hospitalario de 12 pisos, ganador del premio de ORO Leed, de liderazgo en energ\u00eda y dise\u00f1o ambiental.<\/p>\n\n\n\n<h1 class=\"wp-block-heading\" id=\"hospital-universitario\">Hospital Universitario<\/h1>\n\n\n\n<p>Hace m\u00e1s de 20 a\u00f1os, en 1996, los doctores Mario Su\u00e1rez Melo, Rector de la Universidad del Rosario; Alfonso Trib\u00edn Ferro, Decano de la Facultad de Medicina de esa universidad y el Doctor Reinaldo Cabrera Polan\u00eda, entonces Director de la Fundaci\u00f3n Cardioinfantil, decidieron rotar a los estudiantes de postgrado de la Facultad de Medicina de la Universidad El Rosario a la Fundaci\u00f3n Cardioinfantil. Fue un momento de crisis en temas de pr\u00e1ctica hospitalaria con el infortunado cierre del Hospital Pedi\u00e1trico Lorencita Villegas de Santos, entre otros.<\/p>\n\n\n\n<p>En el 2015 la Instituci\u00f3n recibi\u00f3 la acreditaci\u00f3n como Hospital Universitario por parte de los Ministerios de Educaci\u00f3n y Salud y Protecci\u00f3n Social, mediante el Acuerdo 00240, con una vigencia de 7 a\u00f1os. Esta distinci\u00f3n, que \u00fanicamente la ten\u00edan en ese momento 7 hospitales en el pa\u00eds, fue otorgada despu\u00e9s de demostrar que cumplimos con todos los requisitos necesarios para merecer una de las certificaciones nacionales m\u00e1s importantes en el sector, la cual incluye, entre otros factores, exigencias en el \u00e1mbito organizacional y misional, eficacia en la atenci\u00f3n, tecnolog\u00eda y personal id\u00f3neo, capital humano, cumplimiento de indicadores de procesos, convenios de docencia y programas de educaci\u00f3n continuada de la Instituci\u00f3n.<\/p>\n\n\n\n<p>A la fecha contamos con 19 convenios dedocencia y servicio (12 con universidades de Bogot\u00e1 y 7 con otras universidades de distintas regiones del pa\u00eds), 19 programas de postgrado en Medicina con la Universidad del Rosario, 5 programas de postgrado en Medicina y Enfermer\u00eda con la Universidad de La Sabana, 3 programas de postgrado en Medicina con la Universidad El Bosque y un acuerdo de exclusividad con la Universidad del Rosario para programas de pregrado del \u00e1rea de la salud.<\/p>\n\n\n\n<p>Mantenemos vigentes los convenios que tenemos con hospitales internacionales como:<\/p>\n\n\n\n<p>Cleveland Clinic<br>Children\u2019s Hospital Pittsburgh<br>Texas Cardiac Arrhythmia<br>Children\u2019s Hospital Boston<\/p>\n\n\n\n<h2 class=\"wp-block-heading\"><strong>Equipo Relacionamiento Universitario<\/strong><\/h2>\n\n\n\n<p>Actualmente contamos con 18 convenios de docencia \u2013 servicio&nbsp; con instituciones de educaci\u00f3n superior acreditadas en alta calidad, por lo que podemos&nbsp; formar con excelencia talento humano en salud en pregrado y postgrado, en medicina, enfermer\u00eda, psicolog\u00eda y otras \u00e1reas. Nuestra capacidad instalada nos permite recibir en promedio 450 personas en formaci\u00f3n por mes.&nbsp;<\/p>\n\n\n\n<p>Dentro de los convenios, contamos con un acuerdo de exclusividad en pregrado con la Universidad Del Rosario y&nbsp; somos hospital base de 24 programa s de especialidad m\u00e9dico quir\u00fargica y dos programas de especialidad en enfermer\u00eda.&nbsp;<\/p>\n\n\n\n<p>Contamos con m\u00e1s de 300 docentes cl\u00ednicos, del m\u00e1s alto nivel cient\u00edfico y calidad humana, adem\u00e1s de&nbsp; formaci\u00f3n en docencia en diferentes niveles, incluyendo maestr\u00eda y doctorado.&nbsp;<\/p>\n\n\n\n<p>Nuestros egresados est\u00e1n cerca de ser&nbsp; 1000 de especialidades m\u00e9dico quir\u00fargicas, 1000 de internado base, 500 de especialidad de cuidado cr\u00edtico enfermer\u00eda, muchos de ellos vinculados a LaCardio como parte del relevo generacional, crecimiento institucional y una fortaleza m\u00e1s de los procesos de docencia.&nbsp;<\/p>\n\n\n\n<h2 class=\"wp-block-heading\"><strong><strong>Hitos o Logros:\u00a0<\/strong><\/strong><\/h2>\n\n\n\n<p>Estamos acreditados como hospital universitario desde el a\u00f1o 2015.&nbsp;&nbsp;<\/p>\n\n\n\n<p>Contamos con cinco programas de especialidad m\u00e9dico quir\u00fargicas acreditados en alta calidad (Pediatr\u00eda, medicina interna, cardiolog\u00eda, cuidado intensivo pedi\u00e1trico, nefrolog\u00eda).&nbsp;&nbsp;<\/p>\n\n\n\n<p>Hemos desarrollado del frente de Educaci\u00f3n Continua virtual de LaCardio, realizando en el 2020, 107 eventos de actualizaci\u00f3n con m\u00e1s de 15.000 participantes y 152 eventos en 2021 con m\u00e1s de 29.000 participantes.&nbsp;El Hospital Simulado Camilo Cabrera es un centro reconocido por <em>American Heart Association,<\/em> es el cuarto en Latinoam\u00e9rica en n\u00famero de personas entrenadas, con m\u00e1s de 1200 por a\u00f1o.&nbsp;<\/p>\n\n\n\n<h2 class=\"wp-block-heading\"><strong><strong><strong>Rotante internacional:\u00a0<\/strong><\/strong><\/strong><\/h2>\n\n\n\n<p>Para nosotros es muy importante recibir a diferentes profesionales de la salud en las \u00e1reas de mayor valor de la instituci\u00f3n. Es necesario aclarar, que la posibilidad de realizar rotaciones solamente se ofrece bajo la figura de observador, acontinuaci\u00f3n indicamos cuales son los documentos y requisitos necesarios para la aprobaci\u00f3n de la solicitud:&nbsp;<\/p>\n\n\n\n<ul class=\"wp-block-list\">\n<li>Hoja de vida<\/li>\n\n\n\n<li>Solicitud Oficial del Hospital o universidad que lo respalde, indicando nombre del profesional, \u00e1rea de rotaci\u00f3n y fecha propuesta (las rotaciones en LaCardio inician el primer d\u00eda h\u00e1bil de cada mes)<\/li>\n\n\n\n<li>Fotocopia de Pasaporte completo (Incluyendo Sellos de viaje, para sistema SIRE Migraci\u00f3n Colombia)<\/li>\n\n\n\n<li>Fotocopia de Acta de Grado y Diploma Universitario de M\u00e9dico General<\/li>\n\n\n\n<li>Fotocopia de Acta de Grado y Diploma Universitario de Especializaci\u00f3n<\/li>\n\n\n\n<li>Fotocopia de Acta de Grado y Diploma Universitario de Sub-Especializaci\u00f3n<\/li>\n\n\n\n<li>Carn\u00e9 de Curso BLS o ACLS o PALS VIGENTE. &nbsp;(Valido certificaci\u00f3n AHA)<\/li>\n\n\n\n<li>Estado Inmunol\u00f3gico post vacunaci\u00f3n hepatitis B (Nivel de anticuerpos post vac\u00fanales y ant\u00edgeno de superficie contra el virus de la Hepatitis B)<\/li>\n\n\n\n<li>Estado inmunol\u00f3gico Tdap (Toxoide)&nbsp;<\/li>\n\n\n\n<li>Estado Inmunol\u00f3gico Tripe Viral<\/li>\n\n\n\n<li>Estado inmunol\u00f3gico Varicela<\/li>\n\n\n\n<li>Vacunaci\u00f3n COVID con al menos dos dosis.&nbsp;<\/li>\n\n\n\n<li>Debe tener en cuenta que, por ser extranjeros, no est\u00e1n cubiertos por nuestro sistema educativo ni de salud, por lo tanto, se les exige en caso de ser aprobados seguro internacional de cubrimiento en salud (diferente al de las tarjetas de cr\u00e9dito)<\/li>\n<\/ul>\n\n\n\n<p>Una vez usted nos envi\u00e9 la documentaci\u00f3n mencionada, su solicitud ser\u00e1 presentada en el comit\u00e9 de educaci\u00f3n, donde se realizar\u00e1 la aprobaci\u00f3n oficial.&nbsp;&nbsp;<\/p>\n\n\n\n<p>Esperamos logre realizar su rotaci\u00f3n en la instituci\u00f3n, ante cualquier duda cont\u00e1ctenos. &nbsp;<\/p>\n\n\n\n<p><a href=\"mailto:edumedicafci@lacardio.org\">edumedicafci@lacardio.org<\/a><\/p>\n","protected":false},"excerpt":{"rendered":"<p>LaCardio se encuentra acreditada como Hospital Universitario desde el a\u00f1o 2015. Esta acreditaci\u00f3n es emitida por la comisi\u00f3n intersectorial de talento humano en salud, y refleja la dimensi\u00f3n e importancia tienen la docencia y la investigaci\u00f3n en la instituci\u00f3n.&nbsp; Desde su fundaci\u00f3n, LaCardio se ha construido como un hospital docente y esta intenci\u00f3n a\u00fan se [&hellip;]<\/p>\n","protected":false},"author":3,"featured_media":0,"parent":931,"menu_order":0,"comment_status":"closed","ping_status":"closed","template":"page-templates\/page-hospital-universitario.php","meta":{"_acf_changed":false,"footnotes":""},"class_list":["post-938","page","type-page","status-publish","hentry"],"acf":[],"_links":{"self":[{"href":"https:\/\/2021.allxposible.com\/lacardiocrea\/wp-json\/wp\/v2\/pages\/938","targetHints":{"allow":["GET"]}}],"collection":[{"href":"https:\/\/2021.allxposible.com\/lacardiocrea\/wp-json\/wp\/v2\/pages"}],"about":[{"href":"https:\/\/2021.allxposible.com\/lacardiocrea\/wp-json\/wp\/v2\/types\/page"}],"author":[{"embeddable":true,"href":"https:\/\/2021.allxposible.com\/lacardiocrea\/wp-json\/wp\/v2\/users\/3"}],"replies":[{"embeddable":true,"href":"https:\/\/2021.allxposible.com\/lacardiocrea\/wp-json\/wp\/v2\/comments?post=938"}],"version-history":[{"count":0,"href":"https:\/\/2021.allxposible.com\/lacardiocrea\/wp-json\/wp\/v2\/pages\/938\/revisions"}],"up":[{"embeddable":true,"href":"https:\/\/2021.allxposible.com\/lacardiocrea\/wp-json\/wp\/v2\/pages\/931"}],"wp:attachment":[{"href":"https:\/\/2021.allxposible.com\/lacardiocrea\/wp-json\/wp\/v2\/media?parent=938"}],"curies":[{"name":"wp","href":"https:\/\/api.w.org\/{rel}","templated":true}]}}