{"id":4936,"date":"2023-06-23T21:52:46","date_gmt":"2023-06-23T21:52:46","guid":{"rendered":"https:\/\/www.lacardio.org\/?page_id=4936"},"modified":"2023-06-23T21:52:46","modified_gmt":"2023-06-23T21:52:46","slug":"curso-pals","status":"publish","type":"page","link":"https:\/\/2021.allxposible.com\/lacardiocrea\/educacion-medica\/hospital-simulado\/curso-pals\/","title":{"rendered":"CURSO PALS"},"content":{"rendered":"\n<h2 class=\"wp-block-heading\">Soporte Vital Avanzado Pedi\u00e1trico (SVAP-PALS)&nbsp;<\/h2>\n\n\n\n<h4 class=\"wp-block-heading\">Objetivo General<\/h4>\n\n\n\n<p>Mejorar&nbsp;&nbsp;el curso cl\u00ednico y los desenlaces&nbsp;de&nbsp;pacientes pedi\u00e1tricos,&nbsp;que presenten emergencias vitales.<\/p>\n\n\n\n<p>Se prepara a los profesionales de la salud para que reconozcan e intervengan de forma eficaz a pacientes con urgencias respiratorias, choque, y paro cardiorrespiratorio mediante el aprendizaje de habilidades y desarrollo de din\u00e1mica de equipo eficaz.<\/p>\n\n\n\n<h4 class=\"wp-block-heading\">Dirigido a<\/h4>\n\n\n\n<p>Profesionales de la salud.<\/p>\n\n\n\n<h4 class=\"wp-block-heading\">Detalles del curso<\/h4>\n\n\n\n<h6 class=\"wp-block-heading\"><strong>Modalidad:<\/strong><\/h6>\n\n\n\n<p>Presencial<\/p>\n\n\n\n<h6 class=\"wp-block-heading\"><strong>Horario:<\/strong>&nbsp;<\/h6>\n\n\n\n<p>8:00am a &nbsp;12:00pm&nbsp; y &nbsp;de 1:00pm a 5:00pm<\/p>\n\n\n\n<h6 class=\"wp-block-heading\"><strong>Lugar:<\/strong><\/h6>\n\n\n\n<p>Hospital Simulado \u201cCamilo Cabrera\u201d<\/p>\n\n\n\n<p>LaCardio<br><a href=\"http:\/\/cardioinfantil.org\/quienes-somos\/conocenos\/ubicacion-de-instalaciones\/?seccion=torre-f\">Torre F (anexo entre Torre F y Torre E)<\/a><br>Calle 163A # 13B \u2013 60<br>Bogot\u00e1, Colombia<\/p>\n\n\n\n<h6 class=\"wp-block-heading\"><strong>Contacto:<\/strong><\/h6>\n\n\n\n<h6 class=\"wp-block-heading\">(+571)&nbsp;<a href=\"tel:+5716672727\">6672727<\/a>&nbsp;Ext. 51301-51302<\/h6>\n\n\n\n<h6 class=\"wp-block-heading\">Correo:&nbsp;<a href=\"mailto:centrosimulacion@cardioinfantil.org\">centrosimulacion@lacardio.org<\/a><\/h6>\n\n\n\n<h6 class=\"wp-block-heading\"><strong>Valor:<\/strong><\/h6>\n\n\n\n<p>$946.000<\/p>\n\n\n\n<h6 class=\"wp-block-heading\"><strong>Certificado:<\/strong><\/h6>\n\n\n\n<p>Se emitir\u00e1 certificado con la asistencia y cumplimiento del 100% de las sesiones seg\u00fan los lineamientos de la American Heart Association (AHA) y se entregan los&nbsp; libros originales en espa\u00f1ol.<\/p>\n\n\n\n<h6 class=\"wp-block-heading\">Pr\u00f3ximas Fechas<\/h6>\n\n\n\n<h6 class=\"wp-block-heading\">Certificado:<\/h6>\n\n\n\n<p>Se emitir\u00e1 certificado con la asistencia y cumplimiento del 100% de las sesiones seg\u00fan los lineamientos de la American Heart Association (AHA) y se entregan los&nbsp; libros originales en espa\u00f1ol.<\/p>\n\n\n\n<p>Pr\u00f3ximas Fechas<\/p>\n\n\n\n<h6 class=\"wp-block-heading\"><strong>Mayo:<\/strong><\/h6>\n\n\n\n<h6 class=\"wp-block-heading\"><strong>Mayo<\/strong>&nbsp;27<br><strong>Horarios:<\/strong>&nbsp;7:30 a.m. a 6:00 p.m. \/ 7:30 a.m. a 1:00 p.m.<\/h6>\n\n\n\n<h6 class=\"wp-block-heading\">&nbsp;Junio&nbsp;<strong>17<\/strong><br><strong>Horarios:<\/strong>&nbsp;7:30 a.m. a 6:00 p.m. \/ 7:30 a.m. a 1:00 p.m.<\/h6>\n\n\n\n<h6 class=\"wp-block-heading\">&nbsp;<strong>Julio&nbsp;<\/strong>22<br><strong>Horarios:<\/strong>&nbsp;7:30 a.m. a 6:00 p.m. \/ 7:30 a.m. a 1:00 p.m.<\/h6>\n\n\n\n<h6 class=\"wp-block-heading\"><strong>Agosto<\/strong><strong>&nbsp;26<\/strong><br><strong>Horarios:<\/strong>&nbsp;7:30 a.m. a 6:00 p.m. \/ 7:30 a.m. a 1:00 p.m<\/h6>\n\n\n\n<p>Acreditado por<\/p>\n\n\n\n<figure class=\"wp-block-image size-full\"><img decoding=\"async\" src=\"https:\/\/www.lacardio.org\/wp-content\/uploads\/2023\/06\/Spanish-TC-Seal-Logo-rw-295x300-1.png\" alt=\"\" class=\"wp-image-4883\"\/><\/figure>\n","protected":false},"excerpt":{"rendered":"<p>Soporte Vital Avanzado Pedi\u00e1trico (SVAP-PALS)&nbsp; Objetivo General Mejorar&nbsp;&nbsp;el curso cl\u00ednico y los desenlaces&nbsp;de&nbsp;pacientes pedi\u00e1tricos,&nbsp;que presenten emergencias vitales. Se prepara a los profesionales de la salud para que reconozcan e intervengan de forma eficaz a pacientes con urgencias respiratorias, choque, y paro cardiorrespiratorio mediante el aprendizaje de habilidades y desarrollo de din\u00e1mica de equipo eficaz. Dirigido [&hellip;]<\/p>\n","protected":false},"author":3,"featured_media":0,"parent":4866,"menu_order":0,"comment_status":"closed","ping_status":"closed","template":"page-templates\/page-cursos.php","meta":{"_acf_changed":false,"footnotes":""},"class_list":["post-4936","page","type-page","status-publish","hentry"],"acf":[],"_links":{"self":[{"href":"https:\/\/2021.allxposible.com\/lacardiocrea\/wp-json\/wp\/v2\/pages\/4936","targetHints":{"allow":["GET"]}}],"collection":[{"href":"https:\/\/2021.allxposible.com\/lacardiocrea\/wp-json\/wp\/v2\/pages"}],"about":[{"href":"https:\/\/2021.allxposible.com\/lacardiocrea\/wp-json\/wp\/v2\/types\/page"}],"author":[{"embeddable":true,"href":"https:\/\/2021.allxposible.com\/lacardiocrea\/wp-json\/wp\/v2\/users\/3"}],"replies":[{"embeddable":true,"href":"https:\/\/2021.allxposible.com\/lacardiocrea\/wp-json\/wp\/v2\/comments?post=4936"}],"version-history":[{"count":0,"href":"https:\/\/2021.allxposible.com\/lacardiocrea\/wp-json\/wp\/v2\/pages\/4936\/revisions"}],"up":[{"embeddable":true,"href":"https:\/\/2021.allxposible.com\/lacardiocrea\/wp-json\/wp\/v2\/pages\/4866"}],"wp:attachment":[{"href":"https:\/\/2021.allxposible.com\/lacardiocrea\/wp-json\/wp\/v2\/media?parent=4936"}],"curies":[{"name":"wp","href":"https:\/\/api.w.org\/{rel}","templated":true}]}}