{"id":4932,"date":"2023-06-23T21:35:43","date_gmt":"2023-06-23T21:35:43","guid":{"rendered":"https:\/\/www.lacardio.org\/?page_id=4932"},"modified":"2023-06-23T21:35:43","modified_gmt":"2023-06-23T21:35:43","slug":"curso-bls-acls","status":"publish","type":"page","link":"https:\/\/2021.allxposible.com\/lacardiocrea\/educacion-medica\/hospital-simulado\/curso-bls-acls\/","title":{"rendered":"CURSO BLS\/ACLS"},"content":{"rendered":"\n<h3 class=\"wp-block-heading\">Objetivo General<\/h3>\n\n\n\n<p>Mejorar el curso cl\u00ednico y el desenlace &nbsp;de adultos que han sufrido un paro cardiorrespiratorio y otras enfermedades graves que amenazan su vida mediante el reconocimiento y la intervenci\u00f3n&nbsp; tempranas.<\/p>\n\n\n\n<p>Con la ayuda de explicaciones did\u00e1cticas y la participaci\u00f3n activa en casos simulados, los proveedores mejorar\u00e1n sus habilidades en el diagn\u00f3stico y tratamiento del paro cardiorrespiratorio, la arritmia aguda, el accidente cerebrovascular y s\u00edndrome coronario agudo.<\/p>\n\n\n\n<h4 class=\"wp-block-heading\">Dirigido a<\/h4>\n\n\n\n<p>Profesionales de la salud.<\/p>\n\n\n\n<h4 class=\"wp-block-heading\">Detalles del curso<\/h4>\n\n\n\n<h6 class=\"wp-block-heading\"><strong>Modalidad:<\/strong><\/h6>\n\n\n\n<p>Presencial<\/p>\n\n\n\n<h6 class=\"wp-block-heading\"><strong>Horario:<\/strong>&nbsp;<\/h6>\n\n\n\n<p>El curso se desarrolla en dos d\u00edas.<\/p>\n\n\n\n<h6 class=\"wp-block-heading\"><strong>Lugar:<\/strong><\/h6>\n\n\n\n<p>Hospital Simulado \u201cCamilo Cabrera\u201d<\/p>\n\n\n\n<p>LaCardio<br><a href=\"http:\/\/cardioinfantil.org\/quienes-somos\/conocenos\/ubicacion-de-instalaciones\/?seccion=torre-f\">Torre F (anexo entre Torre F y Torre E)<\/a><br>Calle 163A # 13B \u2013 60<br>Bogot\u00e1, Colombia<\/p>\n\n\n\n<h6 class=\"wp-block-heading\"><strong>Contacto:<\/strong><\/h6>\n\n\n\n<h6 class=\"wp-block-heading\">(+571)&nbsp;<a href=\"tel:+5716672727\">6672727<\/a>&nbsp;Ext. 51301-51302<\/h6>\n\n\n\n<h6 class=\"wp-block-heading\">Correo:&nbsp;<a href=\"mailto:centrosimulacion@cardioinfantil.org\">centrosimulacion@lacardio.org<\/a><\/h6>\n\n\n\n<h6 class=\"wp-block-heading\"><strong>Valor:<\/strong><\/h6>\n\n\n\n<p>$1,290.000<\/p>\n\n\n\n<h6 class=\"wp-block-heading\"><strong>Certificado:<\/strong><\/h6>\n\n\n\n<p>Se emitir\u00e1 certificado con la asistencia y cumplimiento del 100% de las sesiones seg\u00fan los lineamientos de la American Heart Association (AHA) y se entregan los&nbsp; libros originales en espa\u00f1ol.<\/p>\n\n\n\n<h6 class=\"wp-block-heading\">Pr\u00f3ximas Fechas<\/h6>\n\n\n\n<h3 class=\"wp-block-heading\"><strong>Mayo<\/strong><\/h3>\n\n\n\n<h3 class=\"wp-block-heading\"><strong>D\u00edas: 16-17-25-31<\/strong><\/h3>\n\n\n\n<h3 class=\"wp-block-heading\"><strong>Horarios:<\/strong>&nbsp;7:30 a.m. a 6:00 p.m. \/ 7:30 a.m. a 6:00 p.m.<\/h3>\n\n\n\n<h3 class=\"wp-block-heading\"><strong>Junio<\/strong><\/h3>\n\n\n\n<h3 class=\"wp-block-heading\"><strong>D\u00edas: 2-6-8-14-16-22-28-29<\/strong><\/h3>\n\n\n\n<h3 class=\"wp-block-heading\"><strong>Horarios:<\/strong>&nbsp;7:30 a.m. a 6:00 p.m. \/ 7:30 a.m. a 6:00 p.m.<\/h3>\n\n\n\n<h3 class=\"wp-block-heading\"><strong>Julio<\/strong><\/h3>\n\n\n\n<h3 class=\"wp-block-heading\"><strong>D\u00edas: 5-7-11-13-19-25-27-29<\/strong><\/h3>\n\n\n\n<h3 class=\"wp-block-heading\"><strong>Horarios:<\/strong>&nbsp;7:30 a.m. a 6:00 p.m. \/ 7:30 a.m. a 6:00 p.m.<\/h3>\n\n\n\n<h3 class=\"wp-block-heading\"><strong>Agosto<\/strong><\/h3>\n\n\n\n<h3 class=\"wp-block-heading\"><strong>D\u00edas: 2-4-8-10-12-18-23-25-30<\/strong><\/h3>\n\n\n\n<h3 class=\"wp-block-heading\"><strong>Horarios:<\/strong>&nbsp;7:30 a.m. a 6:00 p.m. \/ 7:30 a.m. a 6:00 p.m.<\/h3>\n\n\n\n<h6 class=\"wp-block-heading\">Certificado por:<\/h6>\n\n\n\n<figure class=\"wp-block-image size-full\"><img decoding=\"async\" src=\"https:\/\/www.lacardio.org\/wp-content\/uploads\/2023\/06\/Spanish-TC-Seal-Logo-rw-295x300-1.png\" alt=\"\" class=\"wp-image-4883\"\/><\/figure>\n","protected":false},"excerpt":{"rendered":"<p>Objetivo General Mejorar el curso cl\u00ednico y el desenlace &nbsp;de adultos que han sufrido un paro cardiorrespiratorio y otras enfermedades graves que amenazan su vida mediante el reconocimiento y la intervenci\u00f3n&nbsp; tempranas. Con la ayuda de explicaciones did\u00e1cticas y la participaci\u00f3n activa en casos simulados, los proveedores mejorar\u00e1n sus habilidades en el diagn\u00f3stico y tratamiento [&hellip;]<\/p>\n","protected":false},"author":3,"featured_media":0,"parent":4866,"menu_order":0,"comment_status":"closed","ping_status":"closed","template":"page-templates\/page-cursos.php","meta":{"_acf_changed":false,"footnotes":""},"class_list":["post-4932","page","type-page","status-publish","hentry"],"acf":[],"_links":{"self":[{"href":"https:\/\/2021.allxposible.com\/lacardiocrea\/wp-json\/wp\/v2\/pages\/4932","targetHints":{"allow":["GET"]}}],"collection":[{"href":"https:\/\/2021.allxposible.com\/lacardiocrea\/wp-json\/wp\/v2\/pages"}],"about":[{"href":"https:\/\/2021.allxposible.com\/lacardiocrea\/wp-json\/wp\/v2\/types\/page"}],"author":[{"embeddable":true,"href":"https:\/\/2021.allxposible.com\/lacardiocrea\/wp-json\/wp\/v2\/users\/3"}],"replies":[{"embeddable":true,"href":"https:\/\/2021.allxposible.com\/lacardiocrea\/wp-json\/wp\/v2\/comments?post=4932"}],"version-history":[{"count":0,"href":"https:\/\/2021.allxposible.com\/lacardiocrea\/wp-json\/wp\/v2\/pages\/4932\/revisions"}],"up":[{"embeddable":true,"href":"https:\/\/2021.allxposible.com\/lacardiocrea\/wp-json\/wp\/v2\/pages\/4866"}],"wp:attachment":[{"href":"https:\/\/2021.allxposible.com\/lacardiocrea\/wp-json\/wp\/v2\/media?parent=4932"}],"curies":[{"name":"wp","href":"https:\/\/api.w.org\/{rel}","templated":true}]}}