{"id":4891,"date":"2023-06-22T21:12:58","date_gmt":"2023-06-22T21:12:58","guid":{"rendered":"https:\/\/www.lacardio.org\/?page_id=4891"},"modified":"2023-06-22T21:12:58","modified_gmt":"2023-06-22T21:12:58","slug":"curso-bls","status":"publish","type":"page","link":"https:\/\/2021.allxposible.com\/lacardiocrea\/educacion-medica\/hospital-simulado\/curso-bls\/","title":{"rendered":"CURSO BLS"},"content":{"rendered":"\n<h4 class=\"wp-block-heading\">Objetivo General<\/h4>\n\n\n\n<p>Ofrecer a los asistentes herramientas que le permitan adquirir habilidades y conocimientos fundamentales para responder frente a urgencias vitales como: tratar la obstrucci\u00f3n de la v\u00eda \u00e1erea, el paro card\u00edaco s\u00fabito y otras situaciones que requieran una atenci\u00f3n inicial que salve vidas, mientras se espera la llegada del personal m\u00e9dico que contin\u00fae la atenci\u00f3n de la v\u00edctima.<\/p>\n\n\n\n<p><\/p>\n\n\n\n<h4 class=\"wp-block-heading\">Dirigido a<\/h4>\n\n\n\n<p>Profesionales de la salud.<\/p>\n\n\n\n<h4 class=\"wp-block-heading\">Detalles del curso<\/h4>\n\n\n\n<h6 class=\"wp-block-heading\"><strong>Modalidad:<\/strong><\/h6>\n\n\n\n<p>Presencial<\/p>\n\n\n\n<h6 class=\"wp-block-heading\"><strong>Horario:<\/strong>&nbsp;<\/h6>\n\n\n\n<p>8:00am a &nbsp;12:00pm&nbsp; y &nbsp;de 1:00pm a 5:00pm<\/p>\n\n\n\n<h6 class=\"wp-block-heading\"><strong>Lugar:<\/strong><\/h6>\n\n\n\n<p>Hospital Simulado \u201cCamilo Cabrera\u201d<\/p>\n\n\n\n<p>LaCardio<br><a href=\"http:\/\/cardioinfantil.org\/quienes-somos\/conocenos\/ubicacion-de-instalaciones\/?seccion=torre-f\">Torre F (anexo entre Torre F y Torre E)<\/a><br>Calle 163A # 13B \u2013 60<br>Bogot\u00e1, Colombia<\/p>\n\n\n\n<h6 class=\"wp-block-heading\"><strong>Contacto:<\/strong><\/h6>\n\n\n\n<h6 class=\"wp-block-heading\">(+571)&nbsp;<a href=\"tel:+5716672727\">6672727<\/a>&nbsp;Ext. 51301-51302<\/h6>\n\n\n\n<h6 class=\"wp-block-heading\">Correo:&nbsp;<a href=\"mailto:centrosimulacion@cardioinfantil.org\">centrosimulacion@lacardio.org<\/a><\/h6>\n\n\n\n<h6 class=\"wp-block-heading\"><strong>Valor:<\/strong><\/h6>\n\n\n\n<p>$480.000<\/p>\n\n\n\n<h6 class=\"wp-block-heading\"><strong>Certificado:<\/strong><\/h6>\n\n\n\n<p>Se emitir\u00e1 certificado con la asistencia y cumplimiento del 100% de las sesiones seg\u00fan los lineamientos de la American Heart Association (AHA) y se entregan los&nbsp; libros originales en espa\u00f1ol.<\/p>\n\n\n\n<h6 class=\"wp-block-heading\">Pr\u00f3ximas Fechas<\/h6>\n\n\n\n<h6 class=\"wp-block-heading\">Certificado por<\/h6>\n\n\n\n<h6 class=\"wp-block-heading\"><strong>Mayo<\/strong><\/h6>\n\n\n\n<h6 class=\"wp-block-heading\">D\u00edas: 16 \u2013 17- 25 \u2013 31<br><br><strong>Horarios:<\/strong>&nbsp;8:00a.m. a 12:00m. o 1:00p.m. a 5:00pm<\/h6>\n\n\n\n<h6 class=\"wp-block-heading\"><strong>Junio<\/strong><\/h6>\n\n\n\n<h6 class=\"wp-block-heading\"><strong>D\u00edas: 2- 6 \u2013 8 \u2013 14 \u2013 16 \u2013 22 \u2013 28 \u2013 29<br><\/strong><br><strong>Horarios:<\/strong>&nbsp;8:00a.m. a 12:00m. o 1:00 p.m. a 5:00 p.m.<\/h6>\n\n\n\n<h4 class=\"wp-block-heading\">&nbsp;<\/h4>\n\n\n\n<h6 class=\"wp-block-heading\"><strong>Julio<\/strong><\/h6>\n\n\n\n<h6 class=\"wp-block-heading\"><strong>D\u00edas: 5 \u2013 7 \u2013 11 \u2013 13 \u2013 19 \u2013 25 \u2013 27 \u2013 29<br><\/strong><br><strong>Horarios:<\/strong>&nbsp;8:00a.m. a 12:00m. o 1:00 p.m. a 5:00 p.m.<\/h6>\n\n\n\n<h6 class=\"wp-block-heading\"><strong>Agosto<\/strong><\/h6>\n\n\n\n<h6 class=\"wp-block-heading\"><strong>D\u00edas: 2 \u2013 4 \u2013 8 \u2013 10 \u2013 12 \u2013 18 \u2013 23 \u2013 25 \u2013 30<br><\/strong><br><strong>Horarios:<\/strong>&nbsp;8:00a.m. a 12:00m. o 1:00 p.m. a 5:00 p.m.<\/h6>\n\n\n\n<p>Acreditado por<\/p>\n\n\n\n<figure class=\"wp-block-image size-full\"><img decoding=\"async\" src=\"https:\/\/www.lacardio.org\/wp-content\/uploads\/2023\/06\/Spanish-TC-Seal-Logo-rw-295x300-1.png\" alt=\"\" class=\"wp-image-4883\"\/><\/figure>\n","protected":false},"excerpt":{"rendered":"<p>Objetivo General Ofrecer a los asistentes herramientas que le permitan adquirir habilidades y conocimientos fundamentales para responder frente a urgencias vitales como: tratar la obstrucci\u00f3n de la v\u00eda \u00e1erea, el paro card\u00edaco s\u00fabito y otras situaciones que requieran una atenci\u00f3n inicial que salve vidas, mientras se espera la llegada del personal m\u00e9dico que contin\u00fae la [&hellip;]<\/p>\n","protected":false},"author":3,"featured_media":0,"parent":4866,"menu_order":0,"comment_status":"closed","ping_status":"closed","template":"page-templates\/page-cursos.php","meta":{"_acf_changed":false,"footnotes":""},"class_list":["post-4891","page","type-page","status-publish","hentry"],"acf":[],"_links":{"self":[{"href":"https:\/\/2021.allxposible.com\/lacardiocrea\/wp-json\/wp\/v2\/pages\/4891","targetHints":{"allow":["GET"]}}],"collection":[{"href":"https:\/\/2021.allxposible.com\/lacardiocrea\/wp-json\/wp\/v2\/pages"}],"about":[{"href":"https:\/\/2021.allxposible.com\/lacardiocrea\/wp-json\/wp\/v2\/types\/page"}],"author":[{"embeddable":true,"href":"https:\/\/2021.allxposible.com\/lacardiocrea\/wp-json\/wp\/v2\/users\/3"}],"replies":[{"embeddable":true,"href":"https:\/\/2021.allxposible.com\/lacardiocrea\/wp-json\/wp\/v2\/comments?post=4891"}],"version-history":[{"count":0,"href":"https:\/\/2021.allxposible.com\/lacardiocrea\/wp-json\/wp\/v2\/pages\/4891\/revisions"}],"up":[{"embeddable":true,"href":"https:\/\/2021.allxposible.com\/lacardiocrea\/wp-json\/wp\/v2\/pages\/4866"}],"wp:attachment":[{"href":"https:\/\/2021.allxposible.com\/lacardiocrea\/wp-json\/wp\/v2\/media?parent=4891"}],"curies":[{"name":"wp","href":"https:\/\/api.w.org\/{rel}","templated":true}]}}