{"id":137,"date":"2023-06-08T22:21:17","date_gmt":"2023-06-08T22:21:17","guid":{"rendered":"https:\/\/2021.allxposible.com\/dparche\/?page_id=137"},"modified":"2023-06-28T09:21:07","modified_gmt":"2023-06-28T14:21:07","slug":"beneficios","status":"publish","type":"page","link":"https:\/\/2021.allxposible.com\/dparche\/beneficios","title":{"rendered":"Beneficios"},"content":{"rendered":"<p>Recuerda que para disfrutar de estos y m\u00e1s beneficios que hemos preparados para ti debes presentar tu carnet, si a\u00fan no lo tienes, aqu\u00ed puedes crearlo.<\/p>\n","protected":false},"excerpt":{"rendered":"<p>Recuerda que para disfrutar de estos y m\u00e1s [&hellip;]<\/p>\n","protected":false},"author":1,"featured_media":0,"parent":0,"menu_order":0,"comment_status":"closed","ping_status":"closed","template":"","meta":{"_acf_changed":false,"footnotes":""},"class_list":["post-137","page","type-page","status-publish","hentry"],"acf":[],"yoast_head":"<!-- This site is optimized with the Yoast SEO plugin v23.0 - https:\/\/yoast.com\/wordpress\/plugins\/seo\/ -->\n<title>Beneficios - Dparche<\/title>\n<meta name=\"robots\" content=\"index, follow, max-snippet:-1, max-image-preview:large, max-video-preview:-1\" \/>\n<link rel=\"canonical\" href=\"https:\/\/2021.allxposible.com\/dparche\/beneficios\" \/>\n<meta property=\"og:locale\" content=\"es_ES\" \/>\n<meta property=\"og:type\" content=\"article\" \/>\n<meta property=\"og:title\" content=\"Beneficios - Dparche\" \/>\n<meta property=\"og:description\" content=\"Recuerda que para disfrutar de estos y m\u00e1s [&hellip;]\" \/>\n<meta property=\"og:url\" content=\"https:\/\/2021.allxposible.com\/dparche\/beneficios\" \/>\n<meta property=\"og:site_name\" content=\"Dparche\" \/>\n<meta property=\"article:modified_time\" content=\"2023-06-28T14:21:07+00:00\" \/>\n<meta name=\"twitter:card\" content=\"summary_large_image\" \/>\n<script type=\"application\/ld+json\" class=\"yoast-schema-graph\">{\"@context\":\"https:\/\/schema.org\",\"@graph\":[{\"@type\":\"WebPage\",\"@id\":\"https:\/\/2021.allxposible.com\/dparche\/beneficios\",\"url\":\"https:\/\/2021.allxposible.com\/dparche\/beneficios\",\"name\":\"Beneficios - Dparche\",\"isPartOf\":{\"@id\":\"https:\/\/2021.allxposible.com\/dparche\/#website\"},\"datePublished\":\"2023-06-08T22:21:17+00:00\",\"dateModified\":\"2023-06-28T14:21:07+00:00\",\"breadcrumb\":{\"@id\":\"https:\/\/2021.allxposible.com\/dparche\/beneficios#breadcrumb\"},\"inLanguage\":\"es\",\"potentialAction\":[{\"@type\":\"ReadAction\",\"target\":[\"https:\/\/2021.allxposible.com\/dparche\/beneficios\"]}]},{\"@type\":\"BreadcrumbList\",\"@id\":\"https:\/\/2021.allxposible.com\/dparche\/beneficios#breadcrumb\",\"itemListElement\":[{\"@type\":\"ListItem\",\"position\":1,\"name\":\"Portada\",\"item\":\"https:\/\/2021.allxposible.com\/dparche\/\"},{\"@type\":\"ListItem\",\"position\":2,\"name\":\"Beneficios\"}]},{\"@type\":\"WebSite\",\"@id\":\"https:\/\/2021.allxposible.com\/dparche\/#website\",\"url\":\"https:\/\/2021.allxposible.com\/dparche\/\",\"name\":\"Dparche\",\"description\":\"\",\"potentialAction\":[{\"@type\":\"SearchAction\",\"target\":{\"@type\":\"EntryPoint\",\"urlTemplate\":\"https:\/\/2021.allxposible.com\/dparche\/?s={search_term_string}\"},\"query-input\":\"required name=search_term_string\"}],\"inLanguage\":\"es\"}]}<\/script>\n<!-- \/ Yoast SEO plugin. -->","yoast_head_json":{"title":"Beneficios - Dparche","robots":{"index":"index","follow":"follow","max-snippet":"max-snippet:-1","max-image-preview":"max-image-preview:large","max-video-preview":"max-video-preview:-1"},"canonical":"https:\/\/2021.allxposible.com\/dparche\/beneficios","og_locale":"es_ES","og_type":"article","og_title":"Beneficios - Dparche","og_description":"Recuerda que para disfrutar de estos y m\u00e1s [&hellip;]","og_url":"https:\/\/2021.allxposible.com\/dparche\/beneficios","og_site_name":"Dparche","article_modified_time":"2023-06-28T14:21:07+00:00","twitter_card":"summary_large_image","schema":{"@context":"https:\/\/schema.org","@graph":[{"@type":"WebPage","@id":"https:\/\/2021.allxposible.com\/dparche\/beneficios","url":"https:\/\/2021.allxposible.com\/dparche\/beneficios","name":"Beneficios - Dparche","isPartOf":{"@id":"https:\/\/2021.allxposible.com\/dparche\/#website"},"datePublished":"2023-06-08T22:21:17+00:00","dateModified":"2023-06-28T14:21:07+00:00","breadcrumb":{"@id":"https:\/\/2021.allxposible.com\/dparche\/beneficios#breadcrumb"},"inLanguage":"es","potentialAction":[{"@type":"ReadAction","target":["https:\/\/2021.allxposible.com\/dparche\/beneficios"]}]},{"@type":"BreadcrumbList","@id":"https:\/\/2021.allxposible.com\/dparche\/beneficios#breadcrumb","itemListElement":[{"@type":"ListItem","position":1,"name":"Portada","item":"https:\/\/2021.allxposible.com\/dparche\/"},{"@type":"ListItem","position":2,"name":"Beneficios"}]},{"@type":"WebSite","@id":"https:\/\/2021.allxposible.com\/dparche\/#website","url":"https:\/\/2021.allxposible.com\/dparche\/","name":"Dparche","description":"","potentialAction":[{"@type":"SearchAction","target":{"@type":"EntryPoint","urlTemplate":"https:\/\/2021.allxposible.com\/dparche\/?s={search_term_string}"},"query-input":"required name=search_term_string"}],"inLanguage":"es"}]}},"_links":{"self":[{"href":"https:\/\/2021.allxposible.com\/dparche\/wp-json\/wp\/v2\/pages\/137","targetHints":{"allow":["GET"]}}],"collection":[{"href":"https:\/\/2021.allxposible.com\/dparche\/wp-json\/wp\/v2\/pages"}],"about":[{"href":"https:\/\/2021.allxposible.com\/dparche\/wp-json\/wp\/v2\/types\/page"}],"author":[{"embeddable":true,"href":"https:\/\/2021.allxposible.com\/dparche\/wp-json\/wp\/v2\/users\/1"}],"replies":[{"embeddable":true,"href":"https:\/\/2021.allxposible.com\/dparche\/wp-json\/wp\/v2\/comments?post=137"}],"version-history":[{"count":0,"href":"https:\/\/2021.allxposible.com\/dparche\/wp-json\/wp\/v2\/pages\/137\/revisions"}],"wp:attachment":[{"href":"https:\/\/2021.allxposible.com\/dparche\/wp-json\/wp\/v2\/media?parent=137"}],"curies":[{"name":"wp","href":"https:\/\/api.w.org\/{rel}","templated":true}]}}