{"id":2113,"date":"2024-11-21T16:20:46","date_gmt":"2024-11-21T21:20:46","guid":{"rendered":"https:\/\/2021.allxposible.com\/cfmotocolombia\/?page_id=2113"},"modified":"2025-05-06T09:46:55","modified_gmt":"2025-05-06T14:46:55","slug":"campanas-de-seguridad-en-vehiculos","status":"publish","type":"page","link":"https:\/\/2021.allxposible.com\/cfmotocolombia\/campanas-de-seguridad-en-vehiculos\/","title":{"rendered":"Campa\u00f1as de Seguridad en Veh\u00edculos"},"content":{"rendered":"<strong>En CFMOTO, nos importa garantizar el \u00f3ptimo funcionamiento de nuestros productos. Por eso, hemos creado este espacio pensando en ti.<\/strong><\/p>\n<p>Para verificar si tu CFMOTO tiene alguna campa\u00f1a t\u00e9cnica pendiente, ingresa los \u00faltimos siete d\u00edgitos del n\u00famero de chasis (por ejemplo: LCFDPS2023M123456) junto con los datos requeridos en el formulario. Recibir\u00e1s un correo electr\u00f3nico con la respuesta a tu consulta de manera r\u00e1pida y precisa.\n","protected":false},"excerpt":{"rendered":"<p>En CFMOTO, nos importa garantizar el \u00f3ptimo funcionamiento de nuestros productos. Por eso, hemos creado este espacio pensando en ti. Para verificar si tu CFMOTO tiene alguna campa\u00f1a t\u00e9cnica pendiente, ingresa los \u00faltimos siete d\u00edgitos del n\u00famero de chasis (por ejemplo: LCFDPS2023M123456) junto con los datos requeridos en el formulario. Recibir\u00e1s un correo electr\u00f3nico con [&hellip;]<\/p>\n","protected":false},"author":7,"featured_media":0,"parent":0,"menu_order":0,"comment_status":"closed","ping_status":"closed","template":"template-campanias-seguridad.php","meta":{"_acf_changed":false,"footnotes":""},"class_list":["post-2113","page","type-page","status-publish","hentry"],"acf":[],"yoast_head":"<!-- This site is optimized with the Yoast SEO plugin v24.9 - https:\/\/yoast.com\/wordpress\/plugins\/seo\/ -->\n<title>Campa\u00f1as de Seguridad en Veh\u00edculos - CFMOTO<\/title>\n<meta name=\"robots\" content=\"index, follow, max-snippet:-1, max-image-preview:large, max-video-preview:-1\" \/>\n<link rel=\"canonical\" href=\"https:\/\/2021.allxposible.com\/cfmotocolombia\/campanas-de-seguridad-en-vehiculos\/\" \/>\n<meta property=\"og:locale\" content=\"es_ES\" \/>\n<meta property=\"og:type\" content=\"article\" \/>\n<meta property=\"og:title\" content=\"Campa\u00f1as de Seguridad en Veh\u00edculos - CFMOTO\" \/>\n<meta property=\"og:description\" content=\"En CFMOTO, nos importa garantizar el \u00f3ptimo funcionamiento de nuestros productos. Por eso, hemos creado este espacio pensando en ti. Para verificar si tu CFMOTO tiene alguna campa\u00f1a t\u00e9cnica pendiente, ingresa los \u00faltimos siete d\u00edgitos del n\u00famero de chasis (por ejemplo: LCFDPS2023M123456) junto con los datos requeridos en el formulario. Recibir\u00e1s un correo electr\u00f3nico con [&hellip;]\" \/>\n<meta property=\"og:url\" content=\"https:\/\/2021.allxposible.com\/cfmotocolombia\/campanas-de-seguridad-en-vehiculos\/\" \/>\n<meta property=\"og:site_name\" content=\"CFMOTO\" \/>\n<meta property=\"article:publisher\" content=\"https:\/\/www.facebook.com\/cfmotocolombiaof\" \/>\n<meta property=\"article:modified_time\" content=\"2025-05-06T14:46:55+00:00\" \/>\n<meta name=\"twitter:card\" content=\"summary_large_image\" \/>\n<meta name=\"twitter:label1\" content=\"Tiempo de lectura\" \/>\n\t<meta name=\"twitter:data1\" content=\"1 minuto\" \/>\n<script type=\"application\/ld+json\" class=\"yoast-schema-graph\">{\"@context\":\"https:\/\/schema.org\",\"@graph\":[{\"@type\":\"WebPage\",\"@id\":\"https:\/\/2021.allxposible.com\/cfmotocolombia\/campanas-de-seguridad-en-vehiculos\/\",\"url\":\"https:\/\/2021.allxposible.com\/cfmotocolombia\/campanas-de-seguridad-en-vehiculos\/\",\"name\":\"Campa\u00f1as de Seguridad en Veh\u00edculos - CFMOTO\",\"isPartOf\":{\"@id\":\"https:\/\/2021.allxposible.com\/cfmotocolombia\/#website\"},\"datePublished\":\"2024-11-21T21:20:46+00:00\",\"dateModified\":\"2025-05-06T14:46:55+00:00\",\"breadcrumb\":{\"@id\":\"https:\/\/2021.allxposible.com\/cfmotocolombia\/campanas-de-seguridad-en-vehiculos\/#breadcrumb\"},\"inLanguage\":\"es\",\"potentialAction\":[{\"@type\":\"ReadAction\",\"target\":[\"https:\/\/2021.allxposible.com\/cfmotocolombia\/campanas-de-seguridad-en-vehiculos\/\"]}]},{\"@type\":\"BreadcrumbList\",\"@id\":\"https:\/\/2021.allxposible.com\/cfmotocolombia\/campanas-de-seguridad-en-vehiculos\/#breadcrumb\",\"itemListElement\":[{\"@type\":\"ListItem\",\"position\":1,\"name\":\"Home\",\"item\":\"https:\/\/2021.allxposible.com\/cfmotocolombia\/\"},{\"@type\":\"ListItem\",\"position\":2,\"name\":\"Campa\u00f1as de Seguridad en Veh\u00edculos\"}]},{\"@type\":\"WebSite\",\"@id\":\"https:\/\/2021.allxposible.com\/cfmotocolombia\/#website\",\"url\":\"https:\/\/2021.allxposible.com\/cfmotocolombia\/\",\"name\":\"CFMOTO\",\"description\":\"Tecnolog\u00eda impulsada por la innovaci\u00f3n\",\"publisher\":{\"@id\":\"https:\/\/2021.allxposible.com\/cfmotocolombia\/#organization\"},\"potentialAction\":[{\"@type\":\"SearchAction\",\"target\":{\"@type\":\"EntryPoint\",\"urlTemplate\":\"https:\/\/2021.allxposible.com\/cfmotocolombia\/?s={search_term_string}\"},\"query-input\":{\"@type\":\"PropertyValueSpecification\",\"valueRequired\":true,\"valueName\":\"search_term_string\"}}],\"inLanguage\":\"es\"},{\"@type\":\"Organization\",\"@id\":\"https:\/\/2021.allxposible.com\/cfmotocolombia\/#organization\",\"name\":\"CFMOTO\",\"url\":\"https:\/\/2021.allxposible.com\/cfmotocolombia\/\",\"logo\":{\"@type\":\"ImageObject\",\"inLanguage\":\"es\",\"@id\":\"https:\/\/2021.allxposible.com\/cfmotocolombia\/#\/schema\/logo\/image\/\",\"url\":\"https:\/\/2021.allxposible.com\/cfmotocolombia\/wp-content\/uploads\/2023\/04\/logoCFMOTOS.png\",\"contentUrl\":\"https:\/\/2021.allxposible.com\/cfmotocolombia\/wp-content\/uploads\/2023\/04\/logoCFMOTOS.png\",\"width\":239,\"height\":51,\"caption\":\"CFMOTO\"},\"image\":{\"@id\":\"https:\/\/2021.allxposible.com\/cfmotocolombia\/#\/schema\/logo\/image\/\"},\"sameAs\":[\"https:\/\/www.facebook.com\/cfmotocolombiaof\",\"https:\/\/instagram.com\/cfmoto_co\",\"https:\/\/www.tiktok.com\/@cfmotocolombia\",\"https:\/\/www.youtube.com\/@cfmoto-colombia9261\"]}]}<\/script>\n<!-- \/ Yoast SEO plugin. -->","yoast_head_json":{"title":"Campa\u00f1as de Seguridad en Veh\u00edculos - CFMOTO","robots":{"index":"index","follow":"follow","max-snippet":"max-snippet:-1","max-image-preview":"max-image-preview:large","max-video-preview":"max-video-preview:-1"},"canonical":"https:\/\/2021.allxposible.com\/cfmotocolombia\/campanas-de-seguridad-en-vehiculos\/","og_locale":"es_ES","og_type":"article","og_title":"Campa\u00f1as de Seguridad en Veh\u00edculos - CFMOTO","og_description":"En CFMOTO, nos importa garantizar el \u00f3ptimo funcionamiento de nuestros productos. Por eso, hemos creado este espacio pensando en ti. Para verificar si tu CFMOTO tiene alguna campa\u00f1a t\u00e9cnica pendiente, ingresa los \u00faltimos siete d\u00edgitos del n\u00famero de chasis (por ejemplo: LCFDPS2023M123456) junto con los datos requeridos en el formulario. Recibir\u00e1s un correo electr\u00f3nico con [&hellip;]","og_url":"https:\/\/2021.allxposible.com\/cfmotocolombia\/campanas-de-seguridad-en-vehiculos\/","og_site_name":"CFMOTO","article_publisher":"https:\/\/www.facebook.com\/cfmotocolombiaof","article_modified_time":"2025-05-06T14:46:55+00:00","twitter_card":"summary_large_image","twitter_misc":{"Tiempo de lectura":"1 minuto"},"schema":{"@context":"https:\/\/schema.org","@graph":[{"@type":"WebPage","@id":"https:\/\/2021.allxposible.com\/cfmotocolombia\/campanas-de-seguridad-en-vehiculos\/","url":"https:\/\/2021.allxposible.com\/cfmotocolombia\/campanas-de-seguridad-en-vehiculos\/","name":"Campa\u00f1as de Seguridad en Veh\u00edculos - CFMOTO","isPartOf":{"@id":"https:\/\/2021.allxposible.com\/cfmotocolombia\/#website"},"datePublished":"2024-11-21T21:20:46+00:00","dateModified":"2025-05-06T14:46:55+00:00","breadcrumb":{"@id":"https:\/\/2021.allxposible.com\/cfmotocolombia\/campanas-de-seguridad-en-vehiculos\/#breadcrumb"},"inLanguage":"es","potentialAction":[{"@type":"ReadAction","target":["https:\/\/2021.allxposible.com\/cfmotocolombia\/campanas-de-seguridad-en-vehiculos\/"]}]},{"@type":"BreadcrumbList","@id":"https:\/\/2021.allxposible.com\/cfmotocolombia\/campanas-de-seguridad-en-vehiculos\/#breadcrumb","itemListElement":[{"@type":"ListItem","position":1,"name":"Home","item":"https:\/\/2021.allxposible.com\/cfmotocolombia\/"},{"@type":"ListItem","position":2,"name":"Campa\u00f1as de Seguridad en Veh\u00edculos"}]},{"@type":"WebSite","@id":"https:\/\/2021.allxposible.com\/cfmotocolombia\/#website","url":"https:\/\/2021.allxposible.com\/cfmotocolombia\/","name":"CFMOTO","description":"Tecnolog\u00eda impulsada por la innovaci\u00f3n","publisher":{"@id":"https:\/\/2021.allxposible.com\/cfmotocolombia\/#organization"},"potentialAction":[{"@type":"SearchAction","target":{"@type":"EntryPoint","urlTemplate":"https:\/\/2021.allxposible.com\/cfmotocolombia\/?s={search_term_string}"},"query-input":{"@type":"PropertyValueSpecification","valueRequired":true,"valueName":"search_term_string"}}],"inLanguage":"es"},{"@type":"Organization","@id":"https:\/\/2021.allxposible.com\/cfmotocolombia\/#organization","name":"CFMOTO","url":"https:\/\/2021.allxposible.com\/cfmotocolombia\/","logo":{"@type":"ImageObject","inLanguage":"es","@id":"https:\/\/2021.allxposible.com\/cfmotocolombia\/#\/schema\/logo\/image\/","url":"https:\/\/2021.allxposible.com\/cfmotocolombia\/wp-content\/uploads\/2023\/04\/logoCFMOTOS.png","contentUrl":"https:\/\/2021.allxposible.com\/cfmotocolombia\/wp-content\/uploads\/2023\/04\/logoCFMOTOS.png","width":239,"height":51,"caption":"CFMOTO"},"image":{"@id":"https:\/\/2021.allxposible.com\/cfmotocolombia\/#\/schema\/logo\/image\/"},"sameAs":["https:\/\/www.facebook.com\/cfmotocolombiaof","https:\/\/instagram.com\/cfmoto_co","https:\/\/www.tiktok.com\/@cfmotocolombia","https:\/\/www.youtube.com\/@cfmoto-colombia9261"]}]}},"_links":{"self":[{"href":"https:\/\/2021.allxposible.com\/cfmotocolombia\/wp-json\/wp\/v2\/pages\/2113","targetHints":{"allow":["GET"]}}],"collection":[{"href":"https:\/\/2021.allxposible.com\/cfmotocolombia\/wp-json\/wp\/v2\/pages"}],"about":[{"href":"https:\/\/2021.allxposible.com\/cfmotocolombia\/wp-json\/wp\/v2\/types\/page"}],"author":[{"embeddable":true,"href":"https:\/\/2021.allxposible.com\/cfmotocolombia\/wp-json\/wp\/v2\/users\/7"}],"replies":[{"embeddable":true,"href":"https:\/\/2021.allxposible.com\/cfmotocolombia\/wp-json\/wp\/v2\/comments?post=2113"}],"version-history":[{"count":14,"href":"https:\/\/2021.allxposible.com\/cfmotocolombia\/wp-json\/wp\/v2\/pages\/2113\/revisions"}],"predecessor-version":[{"id":2662,"href":"https:\/\/2021.allxposible.com\/cfmotocolombia\/wp-json\/wp\/v2\/pages\/2113\/revisions\/2662"}],"wp:attachment":[{"href":"https:\/\/2021.allxposible.com\/cfmotocolombia\/wp-json\/wp\/v2\/media?parent=2113"}],"curies":[{"name":"wp","href":"https:\/\/api.w.org\/{rel}","templated":true}]}}