{"id":13,"date":"2023-08-28T16:23:36","date_gmt":"2023-08-28T21:23:36","guid":{"rendered":"https:\/\/www.biod.allxposible.com\/?page_id=13"},"modified":"2025-08-19T15:10:09","modified_gmt":"2025-08-19T20:10:09","slug":"quienes-somos","status":"publish","type":"page","link":"https:\/\/2021.allxposible.com\/biod\/quienes-somos\/","title":{"rendered":"Qui\u00e9nes Somos"},"content":{"rendered":"","protected":false},"excerpt":{"rendered":"","protected":false},"author":1,"featured_media":1165,"parent":0,"menu_order":0,"comment_status":"closed","ping_status":"closed","template":"plantilla-quienes-somos.php","meta":{"footnotes":""},"class_list":["post-13","page","type-page","status-publish","has-post-thumbnail","hentry"],"acf":[],"yoast_head":"<!-- This site is optimized with the Yoast SEO plugin v24.6 - https:\/\/yoast.com\/wordpress\/plugins\/seo\/ -->\n<title>BioD - Qui\u00e9nes Somos<\/title>\n<meta name=\"description\" content=\"Somos una compa\u00f1\u00eda agroindustrial colombiana de origen palmero con una trayectoria de m\u00e1s de 15 a\u00f1os en el mercado\" \/>\n<meta name=\"robots\" content=\"index, follow, max-snippet:-1, max-image-preview:large, max-video-preview:-1\" \/>\n<link rel=\"canonical\" href=\"https:\/\/2021.allxposible.com\/biod\/quienes-somos\/\" \/>\n<meta property=\"og:locale\" content=\"es_ES\" \/>\n<meta property=\"og:type\" content=\"article\" \/>\n<meta property=\"og:title\" content=\"BioD - Qui\u00e9nes Somos\" \/>\n<meta property=\"og:description\" content=\"Somos una compa\u00f1\u00eda agroindustrial colombiana de origen palmero con una trayectoria de m\u00e1s de 15 a\u00f1os en el mercado\" \/>\n<meta property=\"og:url\" content=\"https:\/\/2021.allxposible.com\/biod\/quienes-somos\/\" \/>\n<meta property=\"og:site_name\" content=\"BioD\" \/>\n<meta property=\"article:publisher\" content=\"https:\/\/www.facebook.com\/BioDColombia\" \/>\n<meta property=\"article:modified_time\" content=\"2025-08-19T20:10:09+00:00\" \/>\n<meta property=\"og:image\" content=\"https:\/\/2021.allxposible.com\/biod\/wp-content\/uploads\/2023\/10\/OG_Quienes_Somos.jpg\" \/>\n\t<meta property=\"og:image:width\" content=\"1200\" \/>\n\t<meta property=\"og:image:height\" content=\"626\" \/>\n\t<meta property=\"og:image:type\" content=\"image\/jpeg\" \/>\n<meta name=\"twitter:card\" content=\"summary_large_image\" \/>\n<meta name=\"twitter:site\" content=\"@BioD_SA\" \/>\n<meta name=\"twitter:label1\" content=\"Tiempo de lectura\" \/>\n\t<meta name=\"twitter:data1\" content=\"1 minuto\" \/>\n<script type=\"application\/ld+json\" class=\"yoast-schema-graph\">{\"@context\":\"https:\/\/schema.org\",\"@graph\":[{\"@type\":\"WebPage\",\"@id\":\"https:\/\/2021.allxposible.com\/biod\/quienes-somos\/\",\"url\":\"https:\/\/2021.allxposible.com\/biod\/quienes-somos\/\",\"name\":\"BioD - Qui\u00e9nes Somos\",\"isPartOf\":{\"@id\":\"https:\/\/2021.allxposible.com\/biod\/#website\"},\"primaryImageOfPage\":{\"@id\":\"https:\/\/2021.allxposible.com\/biod\/quienes-somos\/#primaryimage\"},\"image\":{\"@id\":\"https:\/\/2021.allxposible.com\/biod\/quienes-somos\/#primaryimage\"},\"thumbnailUrl\":\"https:\/\/2021.allxposible.com\/biod\/wp-content\/uploads\/2023\/10\/OG_Quienes_Somos.jpg\",\"datePublished\":\"2023-08-28T21:23:36+00:00\",\"dateModified\":\"2025-08-19T20:10:09+00:00\",\"description\":\"Somos una compa\u00f1\u00eda agroindustrial colombiana de origen palmero con una trayectoria de m\u00e1s de 15 a\u00f1os en el mercado\",\"breadcrumb\":{\"@id\":\"https:\/\/2021.allxposible.com\/biod\/quienes-somos\/#breadcrumb\"},\"inLanguage\":\"es\",\"potentialAction\":[{\"@type\":\"ReadAction\",\"target\":[\"https:\/\/2021.allxposible.com\/biod\/quienes-somos\/\"]}]},{\"@type\":\"ImageObject\",\"inLanguage\":\"es\",\"@id\":\"https:\/\/2021.allxposible.com\/biod\/quienes-somos\/#primaryimage\",\"url\":\"https:\/\/2021.allxposible.com\/biod\/wp-content\/uploads\/2023\/10\/OG_Quienes_Somos.jpg\",\"contentUrl\":\"https:\/\/2021.allxposible.com\/biod\/wp-content\/uploads\/2023\/10\/OG_Quienes_Somos.jpg\",\"width\":1200,\"height\":626},{\"@type\":\"BreadcrumbList\",\"@id\":\"https:\/\/2021.allxposible.com\/biod\/quienes-somos\/#breadcrumb\",\"itemListElement\":[{\"@type\":\"ListItem\",\"position\":1,\"name\":\"Portada\",\"item\":\"https:\/\/2021.allxposible.com\/biod\/\"},{\"@type\":\"ListItem\",\"position\":2,\"name\":\"Qui\u00e9nes Somos\"}]},{\"@type\":\"WebSite\",\"@id\":\"https:\/\/2021.allxposible.com\/biod\/#website\",\"url\":\"https:\/\/2021.allxposible.com\/biod\/\",\"name\":\"BioD\",\"description\":\"Evolucionando hacia una vida mejor\",\"publisher\":{\"@id\":\"https:\/\/2021.allxposible.com\/biod\/#organization\"},\"alternateName\":\"BioD - Evolucionando hacia una vida mejor\",\"potentialAction\":[{\"@type\":\"SearchAction\",\"target\":{\"@type\":\"EntryPoint\",\"urlTemplate\":\"https:\/\/2021.allxposible.com\/biod\/?s={search_term_string}\"},\"query-input\":{\"@type\":\"PropertyValueSpecification\",\"valueRequired\":true,\"valueName\":\"search_term_string\"}}],\"inLanguage\":\"es\"},{\"@type\":\"Organization\",\"@id\":\"https:\/\/2021.allxposible.com\/biod\/#organization\",\"name\":\"BioD\",\"url\":\"https:\/\/2021.allxposible.com\/biod\/\",\"logo\":{\"@type\":\"ImageObject\",\"inLanguage\":\"es\",\"@id\":\"https:\/\/2021.allxposible.com\/biod\/#\/schema\/logo\/image\/\",\"url\":\"https:\/\/2021.allxposible.com\/biod\/wp-content\/uploads\/2025\/09\/logo_bio_energias.svg\",\"contentUrl\":\"https:\/\/2021.allxposible.com\/biod\/wp-content\/uploads\/2025\/09\/logo_bio_energias.svg\",\"width\":157,\"height\":38,\"caption\":\"BioD\"},\"image\":{\"@id\":\"https:\/\/2021.allxposible.com\/biod\/#\/schema\/logo\/image\/\"},\"sameAs\":[\"https:\/\/www.facebook.com\/BioDColombia\",\"https:\/\/x.com\/BioD_SA\",\"https:\/\/www.linkedin.com\/company\/bio-d-s-a\/\",\"https:\/\/www.instagram.com\/bio_d_sa\/\",\"https:\/\/www.youtube.com\/@biodbiodieseldepalma3413\"]}]}<\/script>\n<!-- \/ Yoast SEO plugin. -->","yoast_head_json":{"title":"BioD - Qui\u00e9nes Somos","description":"Somos una compa\u00f1\u00eda agroindustrial colombiana de origen palmero con una trayectoria de m\u00e1s de 15 a\u00f1os en el mercado","robots":{"index":"index","follow":"follow","max-snippet":"max-snippet:-1","max-image-preview":"max-image-preview:large","max-video-preview":"max-video-preview:-1"},"canonical":"https:\/\/2021.allxposible.com\/biod\/quienes-somos\/","og_locale":"es_ES","og_type":"article","og_title":"BioD - Qui\u00e9nes Somos","og_description":"Somos una compa\u00f1\u00eda agroindustrial colombiana de origen palmero con una trayectoria de m\u00e1s de 15 a\u00f1os en el mercado","og_url":"https:\/\/2021.allxposible.com\/biod\/quienes-somos\/","og_site_name":"BioD","article_publisher":"https:\/\/www.facebook.com\/BioDColombia","article_modified_time":"2025-08-19T20:10:09+00:00","og_image":[{"width":1200,"height":626,"url":"https:\/\/2021.allxposible.com\/biod\/wp-content\/uploads\/2023\/10\/OG_Quienes_Somos.jpg","type":"image\/jpeg"}],"twitter_card":"summary_large_image","twitter_site":"@BioD_SA","twitter_misc":{"Tiempo de lectura":"1 minuto"},"schema":{"@context":"https:\/\/schema.org","@graph":[{"@type":"WebPage","@id":"https:\/\/2021.allxposible.com\/biod\/quienes-somos\/","url":"https:\/\/2021.allxposible.com\/biod\/quienes-somos\/","name":"BioD - Qui\u00e9nes Somos","isPartOf":{"@id":"https:\/\/2021.allxposible.com\/biod\/#website"},"primaryImageOfPage":{"@id":"https:\/\/2021.allxposible.com\/biod\/quienes-somos\/#primaryimage"},"image":{"@id":"https:\/\/2021.allxposible.com\/biod\/quienes-somos\/#primaryimage"},"thumbnailUrl":"https:\/\/2021.allxposible.com\/biod\/wp-content\/uploads\/2023\/10\/OG_Quienes_Somos.jpg","datePublished":"2023-08-28T21:23:36+00:00","dateModified":"2025-08-19T20:10:09+00:00","description":"Somos una compa\u00f1\u00eda agroindustrial colombiana de origen palmero con una trayectoria de m\u00e1s de 15 a\u00f1os en el mercado","breadcrumb":{"@id":"https:\/\/2021.allxposible.com\/biod\/quienes-somos\/#breadcrumb"},"inLanguage":"es","potentialAction":[{"@type":"ReadAction","target":["https:\/\/2021.allxposible.com\/biod\/quienes-somos\/"]}]},{"@type":"ImageObject","inLanguage":"es","@id":"https:\/\/2021.allxposible.com\/biod\/quienes-somos\/#primaryimage","url":"https:\/\/2021.allxposible.com\/biod\/wp-content\/uploads\/2023\/10\/OG_Quienes_Somos.jpg","contentUrl":"https:\/\/2021.allxposible.com\/biod\/wp-content\/uploads\/2023\/10\/OG_Quienes_Somos.jpg","width":1200,"height":626},{"@type":"BreadcrumbList","@id":"https:\/\/2021.allxposible.com\/biod\/quienes-somos\/#breadcrumb","itemListElement":[{"@type":"ListItem","position":1,"name":"Portada","item":"https:\/\/2021.allxposible.com\/biod\/"},{"@type":"ListItem","position":2,"name":"Qui\u00e9nes Somos"}]},{"@type":"WebSite","@id":"https:\/\/2021.allxposible.com\/biod\/#website","url":"https:\/\/2021.allxposible.com\/biod\/","name":"BioD","description":"Evolucionando hacia una vida mejor","publisher":{"@id":"https:\/\/2021.allxposible.com\/biod\/#organization"},"alternateName":"BioD - Evolucionando hacia una vida mejor","potentialAction":[{"@type":"SearchAction","target":{"@type":"EntryPoint","urlTemplate":"https:\/\/2021.allxposible.com\/biod\/?s={search_term_string}"},"query-input":{"@type":"PropertyValueSpecification","valueRequired":true,"valueName":"search_term_string"}}],"inLanguage":"es"},{"@type":"Organization","@id":"https:\/\/2021.allxposible.com\/biod\/#organization","name":"BioD","url":"https:\/\/2021.allxposible.com\/biod\/","logo":{"@type":"ImageObject","inLanguage":"es","@id":"https:\/\/2021.allxposible.com\/biod\/#\/schema\/logo\/image\/","url":"https:\/\/2021.allxposible.com\/biod\/wp-content\/uploads\/2025\/09\/logo_bio_energias.svg","contentUrl":"https:\/\/2021.allxposible.com\/biod\/wp-content\/uploads\/2025\/09\/logo_bio_energias.svg","width":157,"height":38,"caption":"BioD"},"image":{"@id":"https:\/\/2021.allxposible.com\/biod\/#\/schema\/logo\/image\/"},"sameAs":["https:\/\/www.facebook.com\/BioDColombia","https:\/\/x.com\/BioD_SA","https:\/\/www.linkedin.com\/company\/bio-d-s-a\/","https:\/\/www.instagram.com\/bio_d_sa\/","https:\/\/www.youtube.com\/@biodbiodieseldepalma3413"]}]}},"_links":{"self":[{"href":"https:\/\/2021.allxposible.com\/biod\/wp-json\/wp\/v2\/pages\/13","targetHints":{"allow":["GET"]}}],"collection":[{"href":"https:\/\/2021.allxposible.com\/biod\/wp-json\/wp\/v2\/pages"}],"about":[{"href":"https:\/\/2021.allxposible.com\/biod\/wp-json\/wp\/v2\/types\/page"}],"author":[{"embeddable":true,"href":"https:\/\/2021.allxposible.com\/biod\/wp-json\/wp\/v2\/users\/1"}],"replies":[{"embeddable":true,"href":"https:\/\/2021.allxposible.com\/biod\/wp-json\/wp\/v2\/comments?post=13"}],"version-history":[{"count":138,"href":"https:\/\/2021.allxposible.com\/biod\/wp-json\/wp\/v2\/pages\/13\/revisions"}],"predecessor-version":[{"id":2394,"href":"https:\/\/2021.allxposible.com\/biod\/wp-json\/wp\/v2\/pages\/13\/revisions\/2394"}],"wp:featuredmedia":[{"embeddable":true,"href":"https:\/\/2021.allxposible.com\/biod\/wp-json\/wp\/v2\/media\/1165"}],"wp:attachment":[{"href":"https:\/\/2021.allxposible.com\/biod\/wp-json\/wp\/v2\/media?parent=13"}],"curies":[{"name":"wp","href":"https:\/\/api.w.org\/{rel}","templated":true}]}}